{"id":50665,"date":"2023-11-01T09:21:35","date_gmt":"2023-11-01T08:21:35","guid":{"rendered":"https:\/\/figueras.com\/?post_type=product&#038;p=50665"},"modified":"2026-04-22T13:42:19","modified_gmt":"2026-04-22T11:42:19","slug":"kairos","status":"publish","type":"product","link":"https:\/\/figueras.com\/fr\/siege\/kairos\/","title":{"rendered":"Kairos"},"content":{"rendered":"<p style=\"text-align: justify;\"><strong>Kairos est un si\u00e8ge pour stades et ar\u00e8nes con\u00e7u pour des projets de grande envergure, o\u00f9 l\u2019efficacit\u00e9, la durabilit\u00e9 et le confort sont essentiels.<br \/>\nSon design associe robustesse structurelle, facilit\u00e9 d\u2019installation et ergonomie, garantissant une fiabilit\u00e9 op\u00e9rationnelle dans les installations sportives de grande capacit\u00e9.<br \/>\nSp\u00e9cialement d\u00e9velopp\u00e9 pour les zones d\u2019acc\u00e8s g\u00e9n\u00e9ral, il convient \u00e9galement aux espaces premium et presse, gr\u00e2ce \u00e0 un design qui valorise la qualit\u00e9 et l\u2019image globale du lieu.<\/strong><\/p>\n<p style=\"text-align: justify;\"><strong>KAIROS<\/strong> est un si\u00e8ge rabattable con\u00e7u pour les stades, ar\u00e8nes et grands \u00e9quipements sportifs \u00e0 usage intensif, n\u00e9cessitant des solutions efficaces, robustes et durables.<\/p>\n<p style=\"text-align: justify;\">Compos\u00e9 de deux \u00e9l\u00e9ments en thermoplastique moul\u00e9 par soufflage, avec une structure \u00e0 double paroi et une chambre d\u2019air, il associe l\u00e9g\u00e8ret\u00e9 et haute r\u00e9sistance m\u00e9canique, garantissant des performances fiables dans les installations sportives de grande capacit\u00e9.<\/p>\n<p style=\"text-align: justify;\">Le syst\u00e8me rabattable peut int\u00e9grer, en option, un m\u00e9canisme de retour doux et silencieux (soft system), am\u00e9liorant le confort d\u2019utilisation et r\u00e9duisant l\u2019impact acoustique dans les zones \u00e0 forte densit\u00e9.<\/p>\n<p style=\"text-align: justify;\">D\u00e9velopp\u00e9 selon les principes d\u2019\u00e9co-conception conformes \u00e0 la norme ISO 14006, KAIROS int\u00e8gre des mat\u00e9riaux recyclables et des composants contenant des mati\u00e8res recycl\u00e9es, optimisant la durabilit\u00e9, la maintenance et l\u2019impact environnemental.<\/p>\n<p style=\"text-align: justify;\">Son syst\u00e8me de fixation sur poutre, au moyen de deux vis M8, permet une installation rapide et pr\u00e9cise avec un r\u00e9glage de l\u2019entraxe des si\u00e8ges. KAIROS est compatible avec des configurations fixes et des syst\u00e8mes de gradins r\u00e9tractables, s\u2019adaptant \u00e0 diff\u00e9rents types de tribunes.<\/p>\n<p style=\"text-align: justify;\">KAIROS propose une large gamme d\u2019options et d\u2019accessoires \u2014 num\u00e9rotation antivandale des si\u00e8ges et des rangs, accoudoirs avec porte-gobelet int\u00e9gr\u00e9, porte-gobelet arri\u00e8re, tablette d\u2019\u00e9criture et garniture clip-on interchangeable \u2014 permettant de personnaliser la solution sans complexifier le projet.<\/p>\n<p style=\"text-align: justify;\">Il constitue une solution particuli\u00e8rement adapt\u00e9e aux stades et \u00e9quipements sportifs o\u00f9 le contr\u00f4le des co\u00fbts, la fiabilit\u00e9 op\u00e9rationnelle et l\u2019exp\u00e9rience spectateur doivent \u00eatre maintenus \u00e0 grande \u00e9chelle.<\/p>\n","protected":false},"excerpt":{"rendered":"<p>Kairos est un si\u00e8ge pour stades et ar\u00e8nes con\u00e7u pour des projets de grande envergure, o\u00f9 l\u2019efficacit\u00e9, la durabilit\u00e9 et le confort sont essentiels. Son design associe robustesse structurelle, facilit\u00e9 d\u2019installation et ergonomie, garantissant une fiabilit\u00e9 op\u00e9rationnelle dans les installations sportives de grande capacit\u00e9. Sp\u00e9cialement d\u00e9velopp\u00e9 pour les zones d\u2019acc\u00e8s g\u00e9n\u00e9ral, il convient \u00e9galement aux [&hellip;]<\/p>\n","protected":false},"featured_media":50667,"template":"","meta":{"_acf_changed":false,"content-type":""},"designer_tag":[332],"system_rel_tag":[447],"product_cat":[221,222,894],"product_tag":[505],"class_list":{"0":"post-50665","1":"product","2":"type-product","3":"status-publish","4":"has-post-thumbnail","6":"designer_tag-design-center-fr","7":"system_rel_tag-retractable-seating-system-fr","8":"product_cat-seats-for-stadiums-and-arenas-fr","9":"product_cat-sports-fr","10":"product_cat-kairos","11":"product_tag-sports-fr","13":"first","14":"instock","15":"shipping-taxable","16":"product-type-simple"},"acf":[],"_links":{"self":[{"href":"https:\/\/figueras.com\/fr\/wp-json\/wp\/v2\/product\/50665","targetHints":{"allow":["GET"]}}],"collection":[{"href":"https:\/\/figueras.com\/fr\/wp-json\/wp\/v2\/product"}],"about":[{"href":"https:\/\/figueras.com\/fr\/wp-json\/wp\/v2\/types\/product"}],"version-history":[{"count":7,"href":"https:\/\/figueras.com\/fr\/wp-json\/wp\/v2\/product\/50665\/revisions"}],"predecessor-version":[{"id":50830,"href":"https:\/\/figueras.com\/fr\/wp-json\/wp\/v2\/product\/50665\/revisions\/50830"}],"wp:featuredmedia":[{"embeddable":true,"href":"https:\/\/figueras.com\/fr\/wp-json\/wp\/v2\/media\/50667"}],"wp:attachment":[{"href":"https:\/\/figueras.com\/fr\/wp-json\/wp\/v2\/media?parent=50665"}],"wp:term":[{"taxonomy":"designer_tag","embeddable":true,"href":"https:\/\/figueras.com\/fr\/wp-json\/wp\/v2\/designer_tag?post=50665"},{"taxonomy":"system_rel_tag","embeddable":true,"href":"https:\/\/figueras.com\/fr\/wp-json\/wp\/v2\/system_rel_tag?post=50665"},{"taxonomy":"product_cat","embeddable":true,"href":"https:\/\/figueras.com\/fr\/wp-json\/wp\/v2\/product_cat?post=50665"},{"taxonomy":"product_tag","embeddable":true,"href":"https:\/\/figueras.com\/fr\/wp-json\/wp\/v2\/product_tag?post=50665"}],"curies":[{"name":"wp","href":"https:\/\/api.w.org\/{rel}","templated":true}]}}