{"id":48888,"date":"2023-11-01T09:17:34","date_gmt":"2023-11-01T08:17:34","guid":{"rendered":"https:\/\/figueras.com\/seating\/onik-plus\/"},"modified":"2025-12-12T14:03:38","modified_gmt":"2025-12-12T13:03:38","slug":"onik-plus","status":"publish","type":"product","link":"https:\/\/figueras.com\/fr\/siege\/onik-plus\/","title":{"rendered":"Onik+"},"content":{"rendered":"<p style=\"text-align: justify;\"><strong>ONIK+ \u00e9l\u00e8ve l\u2019exp\u00e9rience des spectateurs dans les stades et ar\u00e9nas gr\u00e2ce \u00e0 un design moderne, \u00e9l\u00e9gant et pens\u00e9 pour le confort. Son esth\u00e9tique soign\u00e9e et sa polyvalence en font une solution id\u00e9ale pour cr\u00e9er des espaces plus accueillants, fonctionnels et m\u00e9morables dans tout type d\u2019enceinte sportive ou polyvalente.<\/strong><\/p>\n<p style=\"text-align: justify;\">ONIK+ est un si\u00e8ge rabattable haute performance con\u00e7u pour les stades, ar\u00e9nas et espaces polyvalents n\u00e9cessitant des solutions robustes, s\u00fbres et adapt\u00e9es \u00e0 un usage intensif. Son syst\u00e8me de relevage automatique et silencieux, bas\u00e9 sur des ressorts de torsion, assure une compaction efficace de l\u2019assise et du dossier, optimisant la circulation des spectateurs et am\u00e9liorant la gestion de l\u2019espace dans les installations sportives.<\/p>\n<p style=\"text-align: justify;\">L\u2019ensemble est compos\u00e9 de coussins en mousse moul\u00e9e \u00e0 froid avec une tapisserie facilement rempla\u00e7able, ainsi que de coques en copolym\u00e8re de polypropyl\u00e8ne renforc\u00e9 de fibre de verre, offrant un \u00e9quilibre optimal entre r\u00e9sistance aux impacts, ergonomie et confort prolong\u00e9.<\/p>\n<p style=\"text-align: justify;\">Gr\u00e2ce \u00e0 ses mat\u00e9riaux haute durabilit\u00e9, ONIK+ convient aussi bien aux applications int\u00e9rieures qu\u2019ext\u00e9rieures, ce qui en fait une solution fiable pour les projets soumis \u00e0 un usage intensif et prolong\u00e9.<\/p>\n<p style=\"text-align: justify;\">ONIK+ permet l\u2019int\u00e9gration d\u2019accessoires tels que des accoudoirs rabattables ou fixes, des versions avec porte-gobelet int\u00e9gr\u00e9, la num\u00e9rotation des si\u00e8ges et des rang\u00e9es, la personnalisation du dossier, ainsi que des modules de connectivit\u00e9 \u00e9lectrique et data pour les zones premium ou VIP.<\/p>\n<p style=\"text-align: justify;\">Son installation flexible permet une fixation au sol, sur contremarche ou sur les syst\u00e8mes mobiles Figueras. Le montage sur barre permet un positionnement ajustable des si\u00e8ges.<\/p>\n","protected":false},"excerpt":{"rendered":"<p>ONIK+ \u00e9l\u00e8ve l\u2019exp\u00e9rience des spectateurs dans les stades et ar\u00e9nas gr\u00e2ce \u00e0 un design moderne, \u00e9l\u00e9gant et pens\u00e9 pour le confort. Son esth\u00e9tique soign\u00e9e et sa polyvalence en font une solution id\u00e9ale pour cr\u00e9er des espaces plus accueillants, fonctionnels et m\u00e9morables dans tout type d\u2019enceinte sportive ou polyvalente. ONIK+ est un si\u00e8ge rabattable haute performance [&hellip;]<\/p>\n","protected":false},"featured_media":46473,"template":"","meta":{"_acf_changed":false,"content-type":""},"designer_tag":[332],"system_rel_tag":[],"product_brand":[],"product_cat":[221,222,885],"product_tag":[505],"class_list":{"0":"post-48888","1":"product","2":"type-product","3":"status-publish","4":"has-post-thumbnail","6":"designer_tag-design-center-fr","7":"product_cat-seats-for-stadiums-and-arenas-fr","8":"product_cat-sports-fr","9":"product_cat-onik","10":"product_tag-sports-fr","12":"first","13":"instock","14":"shipping-taxable","15":"product-type-simple"},"acf":[],"yoast_head":"<!-- This site is optimized with the Yoast SEO plugin v27.3 - https:\/\/yoast.com\/product\/yoast-seo-wordpress\/ -->\n<title>Onik+ - Figueras Seating<\/title>\n<meta name=\"robots\" content=\"index, follow, max-snippet:-1, max-image-preview:large, max-video-preview:-1\" \/>\n<link rel=\"canonical\" href=\"https:\/\/figueras.com\/fr\/siege\/onik-plus\/\" \/>\n<meta property=\"og:locale\" content=\"fr_FR\" \/>\n<meta property=\"og:type\" content=\"article\" \/>\n<meta property=\"og:title\" content=\"Onik+ - Figueras Seating\" \/>\n<meta property=\"og:description\" content=\"ONIK+ \u00e9l\u00e8ve l\u2019exp\u00e9rience des spectateurs dans les stades et ar\u00e9nas gr\u00e2ce \u00e0 un design moderne, \u00e9l\u00e9gant et pens\u00e9 pour le confort. Son esth\u00e9tique soign\u00e9e et sa polyvalence en font une solution id\u00e9ale pour cr\u00e9er des espaces plus accueillants, fonctionnels et m\u00e9morables dans tout type d\u2019enceinte sportive ou polyvalente. ONIK+ est un si\u00e8ge rabattable haute performance [&hellip;]\" \/>\n<meta property=\"og:url\" content=\"https:\/\/figueras.com\/fr\/siege\/onik-plus\/\" \/>\n<meta property=\"og:site_name\" content=\"Figueras Seating\" \/>\n<meta property=\"article:modified_time\" content=\"2025-12-12T13:03:38+00:00\" \/>\n<meta property=\"og:image\" content=\"https:\/\/figueras.com\/wp-content\/uploads\/2025\/06\/Onik-VIP_w00.webp\" \/>\n\t<meta property=\"og:image:width\" content=\"610\" \/>\n\t<meta property=\"og:image:height\" content=\"810\" \/>\n\t<meta property=\"og:image:type\" content=\"image\/webp\" \/>\n<meta name=\"twitter:card\" content=\"summary_large_image\" \/>\n<meta name=\"twitter:label1\" content=\"Dur\u00e9e de lecture estim\u00e9e\" \/>\n\t<meta name=\"twitter:data1\" content=\"2 minutes\" \/>\n<script type=\"application\/ld+json\" class=\"yoast-schema-graph\">{\"@context\":\"https:\\\/\\\/schema.org\",\"@graph\":[{\"@type\":\"WebPage\",\"@id\":\"https:\\\/\\\/figueras.com\\\/fr\\\/siege\\\/onik-plus\\\/\",\"url\":\"https:\\\/\\\/figueras.com\\\/fr\\\/siege\\\/onik-plus\\\/\",\"name\":\"Onik+ - Figueras Seating\",\"isPartOf\":{\"@id\":\"https:\\\/\\\/figueras.com\\\/fr\\\/#website\"},\"primaryImageOfPage\":{\"@id\":\"https:\\\/\\\/figueras.com\\\/fr\\\/siege\\\/onik-plus\\\/#primaryimage\"},\"image\":{\"@id\":\"https:\\\/\\\/figueras.com\\\/fr\\\/siege\\\/onik-plus\\\/#primaryimage\"},\"thumbnailUrl\":\"https:\\\/\\\/figueras.com\\\/wp-content\\\/uploads\\\/2025\\\/06\\\/Onik-VIP_w00.webp\",\"datePublished\":\"2023-11-01T08:17:34+00:00\",\"dateModified\":\"2025-12-12T13:03:38+00:00\",\"breadcrumb\":{\"@id\":\"https:\\\/\\\/figueras.com\\\/fr\\\/siege\\\/onik-plus\\\/#breadcrumb\"},\"inLanguage\":\"fr-FR\",\"potentialAction\":[{\"@type\":\"ReadAction\",\"target\":[\"https:\\\/\\\/figueras.com\\\/fr\\\/siege\\\/onik-plus\\\/\"]}]},{\"@type\":\"ImageObject\",\"inLanguage\":\"fr-FR\",\"@id\":\"https:\\\/\\\/figueras.com\\\/fr\\\/siege\\\/onik-plus\\\/#primaryimage\",\"url\":\"https:\\\/\\\/figueras.com\\\/wp-content\\\/uploads\\\/2025\\\/06\\\/Onik-VIP_w00.webp\",\"contentUrl\":\"https:\\\/\\\/figueras.com\\\/wp-content\\\/uploads\\\/2025\\\/06\\\/Onik-VIP_w00.webp\",\"width\":610,\"height\":810,\"caption\":\"Onik VIP\"},{\"@type\":\"BreadcrumbList\",\"@id\":\"https:\\\/\\\/figueras.com\\\/fr\\\/siege\\\/onik-plus\\\/#breadcrumb\",\"itemListElement\":[{\"@type\":\"ListItem\",\"position\":1,\"name\":\"Home\",\"item\":\"https:\\\/\\\/figueras.com\\\/fr\\\/\"},{\"@type\":\"ListItem\",\"position\":2,\"name\":\"Produits\",\"item\":\"https:\\\/\\\/figueras.com\\\/fr\\\/shop\\\/\"},{\"@type\":\"ListItem\",\"position\":3,\"name\":\"Onik+\"}]},{\"@type\":\"WebSite\",\"@id\":\"https:\\\/\\\/figueras.com\\\/fr\\\/#website\",\"url\":\"https:\\\/\\\/figueras.com\\\/fr\\\/\",\"name\":\"Figueras Seating\",\"description\":\"\",\"publisher\":{\"@id\":\"https:\\\/\\\/figueras.com\\\/fr\\\/#organization\"},\"potentialAction\":[{\"@type\":\"SearchAction\",\"target\":{\"@type\":\"EntryPoint\",\"urlTemplate\":\"https:\\\/\\\/figueras.com\\\/fr\\\/?s={search_term_string}\"},\"query-input\":{\"@type\":\"PropertyValueSpecification\",\"valueRequired\":true,\"valueName\":\"search_term_string\"}}],\"inLanguage\":\"fr-FR\"},{\"@type\":\"Organization\",\"@id\":\"https:\\\/\\\/figueras.com\\\/fr\\\/#organization\",\"name\":\"Figueras International Seating, S.L.U.\",\"alternateName\":\"Figueras Seating\",\"url\":\"https:\\\/\\\/figueras.com\\\/fr\\\/\",\"logo\":{\"@type\":\"ImageObject\",\"inLanguage\":\"fr-FR\",\"@id\":\"https:\\\/\\\/figueras.com\\\/fr\\\/#\\\/schema\\\/logo\\\/image\\\/\",\"url\":\"https:\\\/\\\/figueras.com\\\/wp-content\\\/uploads\\\/2023\\\/04\\\/figueraslogoheader.png\",\"contentUrl\":\"https:\\\/\\\/figueras.com\\\/wp-content\\\/uploads\\\/2023\\\/04\\\/figueraslogoheader.png\",\"width\":739,\"height\":127,\"caption\":\"Figueras International Seating, S.L.U.\"},\"image\":{\"@id\":\"https:\\\/\\\/figueras.com\\\/fr\\\/#\\\/schema\\\/logo\\\/image\\\/\"},\"sameAs\":[\"https:\\\/\\\/www.linkedin.com\\\/company\\\/figuerasseating\\\/\",\"https:\\\/\\\/www.instagram.com\\\/figueras.seating\\\/\",\"https:\\\/\\\/vimeo.com\\\/figuerasseating\",\"https:\\\/\\\/es.pinterest.com\\\/figuerasint\\\/\"]}]}<\/script>\n<!-- \/ Yoast SEO plugin. -->","yoast_head_json":{"title":"Onik+ - Figueras Seating","robots":{"index":"index","follow":"follow","max-snippet":"max-snippet:-1","max-image-preview":"max-image-preview:large","max-video-preview":"max-video-preview:-1"},"canonical":"https:\/\/figueras.com\/fr\/siege\/onik-plus\/","og_locale":"fr_FR","og_type":"article","og_title":"Onik+ - Figueras Seating","og_description":"ONIK+ \u00e9l\u00e8ve l\u2019exp\u00e9rience des spectateurs dans les stades et ar\u00e9nas gr\u00e2ce \u00e0 un design moderne, \u00e9l\u00e9gant et pens\u00e9 pour le confort. Son esth\u00e9tique soign\u00e9e et sa polyvalence en font une solution id\u00e9ale pour cr\u00e9er des espaces plus accueillants, fonctionnels et m\u00e9morables dans tout type d\u2019enceinte sportive ou polyvalente. ONIK+ est un si\u00e8ge rabattable haute performance [&hellip;]","og_url":"https:\/\/figueras.com\/fr\/siege\/onik-plus\/","og_site_name":"Figueras Seating","article_modified_time":"2025-12-12T13:03:38+00:00","og_image":[{"width":610,"height":810,"url":"https:\/\/figueras.com\/wp-content\/uploads\/2025\/06\/Onik-VIP_w00.webp","type":"image\/webp"}],"twitter_card":"summary_large_image","twitter_misc":{"Dur\u00e9e de lecture estim\u00e9e":"2 minutes"},"schema":{"@context":"https:\/\/schema.org","@graph":[{"@type":"WebPage","@id":"https:\/\/figueras.com\/fr\/siege\/onik-plus\/","url":"https:\/\/figueras.com\/fr\/siege\/onik-plus\/","name":"Onik+ - Figueras Seating","isPartOf":{"@id":"https:\/\/figueras.com\/fr\/#website"},"primaryImageOfPage":{"@id":"https:\/\/figueras.com\/fr\/siege\/onik-plus\/#primaryimage"},"image":{"@id":"https:\/\/figueras.com\/fr\/siege\/onik-plus\/#primaryimage"},"thumbnailUrl":"https:\/\/figueras.com\/wp-content\/uploads\/2025\/06\/Onik-VIP_w00.webp","datePublished":"2023-11-01T08:17:34+00:00","dateModified":"2025-12-12T13:03:38+00:00","breadcrumb":{"@id":"https:\/\/figueras.com\/fr\/siege\/onik-plus\/#breadcrumb"},"inLanguage":"fr-FR","potentialAction":[{"@type":"ReadAction","target":["https:\/\/figueras.com\/fr\/siege\/onik-plus\/"]}]},{"@type":"ImageObject","inLanguage":"fr-FR","@id":"https:\/\/figueras.com\/fr\/siege\/onik-plus\/#primaryimage","url":"https:\/\/figueras.com\/wp-content\/uploads\/2025\/06\/Onik-VIP_w00.webp","contentUrl":"https:\/\/figueras.com\/wp-content\/uploads\/2025\/06\/Onik-VIP_w00.webp","width":610,"height":810,"caption":"Onik VIP"},{"@type":"BreadcrumbList","@id":"https:\/\/figueras.com\/fr\/siege\/onik-plus\/#breadcrumb","itemListElement":[{"@type":"ListItem","position":1,"name":"Home","item":"https:\/\/figueras.com\/fr\/"},{"@type":"ListItem","position":2,"name":"Produits","item":"https:\/\/figueras.com\/fr\/shop\/"},{"@type":"ListItem","position":3,"name":"Onik+"}]},{"@type":"WebSite","@id":"https:\/\/figueras.com\/fr\/#website","url":"https:\/\/figueras.com\/fr\/","name":"Figueras Seating","description":"","publisher":{"@id":"https:\/\/figueras.com\/fr\/#organization"},"potentialAction":[{"@type":"SearchAction","target":{"@type":"EntryPoint","urlTemplate":"https:\/\/figueras.com\/fr\/?s={search_term_string}"},"query-input":{"@type":"PropertyValueSpecification","valueRequired":true,"valueName":"search_term_string"}}],"inLanguage":"fr-FR"},{"@type":"Organization","@id":"https:\/\/figueras.com\/fr\/#organization","name":"Figueras International Seating, S.L.U.","alternateName":"Figueras Seating","url":"https:\/\/figueras.com\/fr\/","logo":{"@type":"ImageObject","inLanguage":"fr-FR","@id":"https:\/\/figueras.com\/fr\/#\/schema\/logo\/image\/","url":"https:\/\/figueras.com\/wp-content\/uploads\/2023\/04\/figueraslogoheader.png","contentUrl":"https:\/\/figueras.com\/wp-content\/uploads\/2023\/04\/figueraslogoheader.png","width":739,"height":127,"caption":"Figueras International Seating, S.L.U."},"image":{"@id":"https:\/\/figueras.com\/fr\/#\/schema\/logo\/image\/"},"sameAs":["https:\/\/www.linkedin.com\/company\/figuerasseating\/","https:\/\/www.instagram.com\/figueras.seating\/","https:\/\/vimeo.com\/figuerasseating","https:\/\/es.pinterest.com\/figuerasint\/"]}]}},"_links":{"self":[{"href":"https:\/\/figueras.com\/fr\/wp-json\/wp\/v2\/product\/48888","targetHints":{"allow":["GET"]}}],"collection":[{"href":"https:\/\/figueras.com\/fr\/wp-json\/wp\/v2\/product"}],"about":[{"href":"https:\/\/figueras.com\/fr\/wp-json\/wp\/v2\/types\/product"}],"version-history":[{"count":0,"href":"https:\/\/figueras.com\/fr\/wp-json\/wp\/v2\/product\/48888\/revisions"}],"wp:featuredmedia":[{"embeddable":true,"href":"https:\/\/figueras.com\/fr\/wp-json\/wp\/v2\/media\/46473"}],"wp:attachment":[{"href":"https:\/\/figueras.com\/fr\/wp-json\/wp\/v2\/media?parent=48888"}],"wp:term":[{"taxonomy":"designer_tag","embeddable":true,"href":"https:\/\/figueras.com\/fr\/wp-json\/wp\/v2\/designer_tag?post=48888"},{"taxonomy":"system_rel_tag","embeddable":true,"href":"https:\/\/figueras.com\/fr\/wp-json\/wp\/v2\/system_rel_tag?post=48888"},{"taxonomy":"product_brand","embeddable":true,"href":"https:\/\/figueras.com\/fr\/wp-json\/wp\/v2\/product_brand?post=48888"},{"taxonomy":"product_cat","embeddable":true,"href":"https:\/\/figueras.com\/fr\/wp-json\/wp\/v2\/product_cat?post=48888"},{"taxonomy":"product_tag","embeddable":true,"href":"https:\/\/figueras.com\/fr\/wp-json\/wp\/v2\/product_tag?post=48888"}],"curies":[{"name":"wp","href":"https:\/\/api.w.org\/{rel}","templated":true}]}}