{"id":48859,"date":"2023-11-01T09:18:10","date_gmt":"2023-11-01T08:18:10","guid":{"rendered":"https:\/\/figueras.com\/seating\/onik\/"},"modified":"2026-04-10T12:26:14","modified_gmt":"2026-04-10T10:26:14","slug":"onik","status":"publish","type":"product","link":"https:\/\/figueras.com\/fr\/siege\/onik\/","title":{"rendered":"Onik"},"content":{"rendered":"<p style=\"text-align: justify;\"><strong>ONIK est un si\u00e8ge rabattable pour stades et ar\u00e9nas qui offre durabilit\u00e9, ergonomie et optimisation de l\u2019espace. Son syst\u00e8me tip-up automatique et sa structure mont\u00e9e sur barre en font une solution robuste, adapt\u00e9e aux installations sportives et polyvalentes, notamment dans les zones grand public ou premium.<\/p>\n<p>Produit finaliste des prix Delta 2026<\/strong><\/p>\n<p style=\"text-align: justify;\">ONIK est un fauteuil rabattable haute performance con\u00e7u pour les stades, ar\u00e9nas et espaces polyvalents n\u00e9cessitant des solutions d\u2019assise robustes, s\u00fbres et pr\u00e9par\u00e9es pour un usage intensif.<\/p>\n<p style=\"text-align: justify;\">Son syst\u00e8me tip-up automatique et silencieux, bas\u00e9 sur des ressorts de torsion, garantit un rabattement efficace de l\u2019assise et du dossier, optimisant le flux des spectateurs et am\u00e9liorant la gestion de l\u2019espace dans les installations sportives.<\/p>\n<p style=\"text-align: justify;\">L\u2019ensemble est constitu\u00e9 de coussins en mousse moul\u00e9e \u00e0 froid avec une tapisserie facilement rempla\u00e7able, et de coques en polypropyl\u00e8ne copolym\u00e8re renforc\u00e9 de fibre de verre, offrant un \u00e9quilibre optimal entre r\u00e9sistance aux impacts, ergonomie et confort prolong\u00e9.<\/p>\n<p style=\"text-align: justify;\">Son installation flexible permet une fixation au sol, \u00e0 la contremarche ou sur les syst\u00e8mes mobiles Figueras. La structure sur barre facilite un positionnement ajustable et un entretien rapide.<\/p>\n<p style=\"text-align: justify;\">ONIK propose de nombreux accessoires optionnels : accoudoirs rabattables ou fixes, versions avec porte-gobelet int\u00e9gr\u00e9, num\u00e9rotation de si\u00e8ge et de rang\u00e9e, personnalisation du dossier et modules de connectivit\u00e9 pour les zones premium ou VIP.<\/p>\n<p style=\"text-align: justify;\">Cette polyvalence fait d\u2019ONIK une solution d\u2019assise adaptable \u00e0 tout type de public, des gradins g\u00e9n\u00e9raux aux espaces d\u2019hospitalit\u00e9.<\/p>\n","protected":false},"excerpt":{"rendered":"<p>ONIK est un si\u00e8ge rabattable pour stades et ar\u00e9nas qui offre durabilit\u00e9, ergonomie et optimisation de l\u2019espace. Son syst\u00e8me tip-up automatique et sa structure mont\u00e9e sur barre en font une solution robuste, adapt\u00e9e aux installations sportives et polyvalentes, notamment dans les zones grand public ou premium. Produit finaliste des prix Delta 2026 ONIK est un [&hellip;]<\/p>\n","protected":false},"featured_media":50428,"template":"","meta":{"_acf_changed":false,"content-type":""},"designer_tag":[332],"system_rel_tag":[],"product_cat":[221,222,885],"product_tag":[505],"class_list":{"0":"post-48859","1":"product","2":"type-product","3":"status-publish","4":"has-post-thumbnail","6":"designer_tag-design-center-fr","7":"product_cat-seats-for-stadiums-and-arenas-fr","8":"product_cat-sports-fr","9":"product_cat-onik","10":"product_tag-sports-fr","12":"first","13":"instock","14":"shipping-taxable","15":"product-type-simple"},"acf":[],"yoast_head":"<!-- This site is optimized with the Yoast SEO plugin v27.4 - https:\/\/yoast.com\/product\/yoast-seo-wordpress\/ -->\n<title>Onik - Figueras Seating<\/title>\n<meta name=\"description\" content=\"Onik folding arena seat with CRT: compact, low-maintenance comfort for sports venues\u2014indoor\/outdoor\u2014flexible floor, riser or beam mounting.\" \/>\n<meta name=\"robots\" content=\"index, follow, max-snippet:-1, max-image-preview:large, max-video-preview:-1\" \/>\n<link rel=\"canonical\" href=\"https:\/\/figueras.com\/fr\/siege\/onik\/\" \/>\n<meta property=\"og:locale\" content=\"fr_FR\" \/>\n<meta property=\"og:type\" content=\"article\" \/>\n<meta property=\"og:title\" content=\"Onik - Figueras Seating\" \/>\n<meta property=\"og:description\" content=\"Onik folding arena seat with CRT: compact, low-maintenance comfort for sports venues\u2014indoor\/outdoor\u2014flexible floor, riser or beam mounting.\" \/>\n<meta property=\"og:url\" content=\"https:\/\/figueras.com\/fr\/siege\/onik\/\" \/>\n<meta property=\"og:site_name\" content=\"Figueras Seating\" \/>\n<meta property=\"article:modified_time\" content=\"2026-04-10T10:26:14+00:00\" \/>\n<meta property=\"og:image\" content=\"https:\/\/figueras.com\/wp-content\/uploads\/2026\/04\/Onik_w01_Delta.webp\" \/>\n\t<meta property=\"og:image:width\" content=\"610\" \/>\n\t<meta property=\"og:image:height\" content=\"810\" \/>\n\t<meta property=\"og:image:type\" content=\"image\/webp\" \/>\n<meta name=\"twitter:card\" content=\"summary_large_image\" \/>\n<meta name=\"twitter:label1\" content=\"Dur\u00e9e de lecture estim\u00e9e\" \/>\n\t<meta name=\"twitter:data1\" content=\"2 minutes\" \/>\n<script type=\"application\/ld+json\" class=\"yoast-schema-graph\">{\"@context\":\"https:\\\/\\\/schema.org\",\"@graph\":[{\"@type\":\"WebPage\",\"@id\":\"https:\\\/\\\/figueras.com\\\/fr\\\/siege\\\/onik\\\/\",\"url\":\"https:\\\/\\\/figueras.com\\\/fr\\\/siege\\\/onik\\\/\",\"name\":\"Onik - Figueras Seating\",\"isPartOf\":{\"@id\":\"https:\\\/\\\/figueras.com\\\/fr\\\/#website\"},\"primaryImageOfPage\":{\"@id\":\"https:\\\/\\\/figueras.com\\\/fr\\\/siege\\\/onik\\\/#primaryimage\"},\"image\":{\"@id\":\"https:\\\/\\\/figueras.com\\\/fr\\\/siege\\\/onik\\\/#primaryimage\"},\"thumbnailUrl\":\"https:\\\/\\\/figueras.com\\\/wp-content\\\/uploads\\\/2026\\\/04\\\/Onik_w01_Delta.webp\",\"datePublished\":\"2023-11-01T08:18:10+00:00\",\"dateModified\":\"2026-04-10T10:26:14+00:00\",\"description\":\"Onik folding arena seat with CRT: compact, low-maintenance comfort for sports venues\u2014indoor\\\/outdoor\u2014flexible floor, riser or beam mounting.\",\"breadcrumb\":{\"@id\":\"https:\\\/\\\/figueras.com\\\/fr\\\/siege\\\/onik\\\/#breadcrumb\"},\"inLanguage\":\"fr-FR\",\"potentialAction\":[{\"@type\":\"ReadAction\",\"target\":[\"https:\\\/\\\/figueras.com\\\/fr\\\/siege\\\/onik\\\/\"]}]},{\"@type\":\"ImageObject\",\"inLanguage\":\"fr-FR\",\"@id\":\"https:\\\/\\\/figueras.com\\\/fr\\\/siege\\\/onik\\\/#primaryimage\",\"url\":\"https:\\\/\\\/figueras.com\\\/wp-content\\\/uploads\\\/2026\\\/04\\\/Onik_w01_Delta.webp\",\"contentUrl\":\"https:\\\/\\\/figueras.com\\\/wp-content\\\/uploads\\\/2026\\\/04\\\/Onik_w01_Delta.webp\",\"width\":610,\"height\":810},{\"@type\":\"BreadcrumbList\",\"@id\":\"https:\\\/\\\/figueras.com\\\/fr\\\/siege\\\/onik\\\/#breadcrumb\",\"itemListElement\":[{\"@type\":\"ListItem\",\"position\":1,\"name\":\"Home\",\"item\":\"https:\\\/\\\/figueras.com\\\/fr\\\/\"},{\"@type\":\"ListItem\",\"position\":2,\"name\":\"Produits\",\"item\":\"https:\\\/\\\/figueras.com\\\/fr\\\/shop\\\/\"},{\"@type\":\"ListItem\",\"position\":3,\"name\":\"Onik\"}]},{\"@type\":\"WebSite\",\"@id\":\"https:\\\/\\\/figueras.com\\\/fr\\\/#website\",\"url\":\"https:\\\/\\\/figueras.com\\\/fr\\\/\",\"name\":\"Figueras Seating\",\"description\":\"\",\"publisher\":{\"@id\":\"https:\\\/\\\/figueras.com\\\/fr\\\/#organization\"},\"potentialAction\":[{\"@type\":\"SearchAction\",\"target\":{\"@type\":\"EntryPoint\",\"urlTemplate\":\"https:\\\/\\\/figueras.com\\\/fr\\\/?s={search_term_string}\"},\"query-input\":{\"@type\":\"PropertyValueSpecification\",\"valueRequired\":true,\"valueName\":\"search_term_string\"}}],\"inLanguage\":\"fr-FR\"},{\"@type\":\"Organization\",\"@id\":\"https:\\\/\\\/figueras.com\\\/fr\\\/#organization\",\"name\":\"Figueras International Seating, S.L.U.\",\"alternateName\":\"Figueras Seating\",\"url\":\"https:\\\/\\\/figueras.com\\\/fr\\\/\",\"logo\":{\"@type\":\"ImageObject\",\"inLanguage\":\"fr-FR\",\"@id\":\"https:\\\/\\\/figueras.com\\\/fr\\\/#\\\/schema\\\/logo\\\/image\\\/\",\"url\":\"https:\\\/\\\/figueras.com\\\/wp-content\\\/uploads\\\/2023\\\/04\\\/figueraslogoheader.png\",\"contentUrl\":\"https:\\\/\\\/figueras.com\\\/wp-content\\\/uploads\\\/2023\\\/04\\\/figueraslogoheader.png\",\"width\":739,\"height\":127,\"caption\":\"Figueras International Seating, S.L.U.\"},\"image\":{\"@id\":\"https:\\\/\\\/figueras.com\\\/fr\\\/#\\\/schema\\\/logo\\\/image\\\/\"},\"sameAs\":[\"https:\\\/\\\/www.linkedin.com\\\/company\\\/figuerasseating\\\/\",\"https:\\\/\\\/www.instagram.com\\\/figueras.seating\\\/\",\"https:\\\/\\\/vimeo.com\\\/figuerasseating\",\"https:\\\/\\\/es.pinterest.com\\\/figuerasint\\\/\"]}]}<\/script>\n<!-- \/ Yoast SEO plugin. -->","yoast_head_json":{"title":"Onik - Figueras Seating","description":"Onik folding arena seat with CRT: compact, low-maintenance comfort for sports venues\u2014indoor\/outdoor\u2014flexible floor, riser or beam mounting.","robots":{"index":"index","follow":"follow","max-snippet":"max-snippet:-1","max-image-preview":"max-image-preview:large","max-video-preview":"max-video-preview:-1"},"canonical":"https:\/\/figueras.com\/fr\/siege\/onik\/","og_locale":"fr_FR","og_type":"article","og_title":"Onik - Figueras Seating","og_description":"Onik folding arena seat with CRT: compact, low-maintenance comfort for sports venues\u2014indoor\/outdoor\u2014flexible floor, riser or beam mounting.","og_url":"https:\/\/figueras.com\/fr\/siege\/onik\/","og_site_name":"Figueras Seating","article_modified_time":"2026-04-10T10:26:14+00:00","og_image":[{"width":610,"height":810,"url":"https:\/\/figueras.com\/wp-content\/uploads\/2026\/04\/Onik_w01_Delta.webp","type":"image\/webp"}],"twitter_card":"summary_large_image","twitter_misc":{"Dur\u00e9e de lecture estim\u00e9e":"2 minutes"},"schema":{"@context":"https:\/\/schema.org","@graph":[{"@type":"WebPage","@id":"https:\/\/figueras.com\/fr\/siege\/onik\/","url":"https:\/\/figueras.com\/fr\/siege\/onik\/","name":"Onik - Figueras Seating","isPartOf":{"@id":"https:\/\/figueras.com\/fr\/#website"},"primaryImageOfPage":{"@id":"https:\/\/figueras.com\/fr\/siege\/onik\/#primaryimage"},"image":{"@id":"https:\/\/figueras.com\/fr\/siege\/onik\/#primaryimage"},"thumbnailUrl":"https:\/\/figueras.com\/wp-content\/uploads\/2026\/04\/Onik_w01_Delta.webp","datePublished":"2023-11-01T08:18:10+00:00","dateModified":"2026-04-10T10:26:14+00:00","description":"Onik folding arena seat with CRT: compact, low-maintenance comfort for sports venues\u2014indoor\/outdoor\u2014flexible floor, riser or beam mounting.","breadcrumb":{"@id":"https:\/\/figueras.com\/fr\/siege\/onik\/#breadcrumb"},"inLanguage":"fr-FR","potentialAction":[{"@type":"ReadAction","target":["https:\/\/figueras.com\/fr\/siege\/onik\/"]}]},{"@type":"ImageObject","inLanguage":"fr-FR","@id":"https:\/\/figueras.com\/fr\/siege\/onik\/#primaryimage","url":"https:\/\/figueras.com\/wp-content\/uploads\/2026\/04\/Onik_w01_Delta.webp","contentUrl":"https:\/\/figueras.com\/wp-content\/uploads\/2026\/04\/Onik_w01_Delta.webp","width":610,"height":810},{"@type":"BreadcrumbList","@id":"https:\/\/figueras.com\/fr\/siege\/onik\/#breadcrumb","itemListElement":[{"@type":"ListItem","position":1,"name":"Home","item":"https:\/\/figueras.com\/fr\/"},{"@type":"ListItem","position":2,"name":"Produits","item":"https:\/\/figueras.com\/fr\/shop\/"},{"@type":"ListItem","position":3,"name":"Onik"}]},{"@type":"WebSite","@id":"https:\/\/figueras.com\/fr\/#website","url":"https:\/\/figueras.com\/fr\/","name":"Figueras Seating","description":"","publisher":{"@id":"https:\/\/figueras.com\/fr\/#organization"},"potentialAction":[{"@type":"SearchAction","target":{"@type":"EntryPoint","urlTemplate":"https:\/\/figueras.com\/fr\/?s={search_term_string}"},"query-input":{"@type":"PropertyValueSpecification","valueRequired":true,"valueName":"search_term_string"}}],"inLanguage":"fr-FR"},{"@type":"Organization","@id":"https:\/\/figueras.com\/fr\/#organization","name":"Figueras International Seating, S.L.U.","alternateName":"Figueras Seating","url":"https:\/\/figueras.com\/fr\/","logo":{"@type":"ImageObject","inLanguage":"fr-FR","@id":"https:\/\/figueras.com\/fr\/#\/schema\/logo\/image\/","url":"https:\/\/figueras.com\/wp-content\/uploads\/2023\/04\/figueraslogoheader.png","contentUrl":"https:\/\/figueras.com\/wp-content\/uploads\/2023\/04\/figueraslogoheader.png","width":739,"height":127,"caption":"Figueras International Seating, S.L.U."},"image":{"@id":"https:\/\/figueras.com\/fr\/#\/schema\/logo\/image\/"},"sameAs":["https:\/\/www.linkedin.com\/company\/figuerasseating\/","https:\/\/www.instagram.com\/figueras.seating\/","https:\/\/vimeo.com\/figuerasseating","https:\/\/es.pinterest.com\/figuerasint\/"]}]}},"_links":{"self":[{"href":"https:\/\/figueras.com\/fr\/wp-json\/wp\/v2\/product\/48859","targetHints":{"allow":["GET"]}}],"collection":[{"href":"https:\/\/figueras.com\/fr\/wp-json\/wp\/v2\/product"}],"about":[{"href":"https:\/\/figueras.com\/fr\/wp-json\/wp\/v2\/types\/product"}],"version-history":[{"count":0,"href":"https:\/\/figueras.com\/fr\/wp-json\/wp\/v2\/product\/48859\/revisions"}],"wp:featuredmedia":[{"embeddable":true,"href":"https:\/\/figueras.com\/fr\/wp-json\/wp\/v2\/media\/50428"}],"wp:attachment":[{"href":"https:\/\/figueras.com\/fr\/wp-json\/wp\/v2\/media?parent=48859"}],"wp:term":[{"taxonomy":"designer_tag","embeddable":true,"href":"https:\/\/figueras.com\/fr\/wp-json\/wp\/v2\/designer_tag?post=48859"},{"taxonomy":"system_rel_tag","embeddable":true,"href":"https:\/\/figueras.com\/fr\/wp-json\/wp\/v2\/system_rel_tag?post=48859"},{"taxonomy":"product_cat","embeddable":true,"href":"https:\/\/figueras.com\/fr\/wp-json\/wp\/v2\/product_cat?post=48859"},{"taxonomy":"product_tag","embeddable":true,"href":"https:\/\/figueras.com\/fr\/wp-json\/wp\/v2\/product_tag?post=48859"}],"curies":[{"name":"wp","href":"https:\/\/api.w.org\/{rel}","templated":true}]}}