{"id":48829,"date":"2023-11-01T09:19:22","date_gmt":"2023-11-01T08:19:22","guid":{"rendered":"https:\/\/figueras.com\/seating\/chronos\/"},"modified":"2026-04-10T12:28:18","modified_gmt":"2026-04-10T10:28:18","slug":"chronos","status":"publish","type":"product","link":"https:\/\/figueras.com\/fr\/siege\/chronos\/","title":{"rendered":"Chronos"},"content":{"rendered":"<p style=\"text-align: justify;\"><strong>Chronos allie minimalisme et ergonomie, avec un design \u00e9pur\u00e9 et des lignes l\u00e9g\u00e8rement sinueuses et d\u00e9licates. Avec son profil ultra-fin, ce si\u00e8ge rabattable offre confort et fonctionnalit\u00e9, id\u00e9al pour les espaces \u00e0 forte affluence tels que les stades sportifs et les ar\u00e8nes, o\u00f9 se vivent des \u00e9motions intenses et passionn\u00e9es.<\/p>\n<p>Produit finaliste des prix Delta 2026.<\/strong><\/p>\n<p style=\"text-align: justify;\">Chronos a \u00e9t\u00e9 con\u00e7u comme un syst\u00e8me flexible : plusieurs accessoires sont disponibles pour adapter le si\u00e8ge \u00e0 tout type d\u2019espace. Chronos est parfait pour \u00e9quiper les stades sportifs et les ar\u00e8nes, des zones g\u00e9n\u00e9rales aux loges VIP, et est \u00e9galement une excellente option pour int\u00e9grer nos syst\u00e8mes mobiles.<\/p>\n<p style=\"text-align: justify;\">Le si\u00e8ge est rabattable, en plastique avec contrepoids, garantissant une grande durabilit\u00e9 et une polyvalence optimale. Le si\u00e8ge se replie automatiquement par gravit\u00e9, sans m\u00e9canismes suppl\u00e9mentaires.<\/p>\n<p style=\"text-align: justify;\">Le dossier est fix\u00e9 \u00e0 une inclinaison de 12\u00b0 pour un confort accru de l\u2019utilisateur.<\/p>\n<p style=\"text-align: justify;\">Fabriqu\u00e9 en copolym\u00e8re de polypropyl\u00e8ne (PP) moul\u00e9 par injection avec une texture antiacide, il est r\u00e9sistant aux rayures et emp\u00eache l&rsquo;accumulation de salet\u00e9. La couleur est prot\u00e9g\u00e9e contre les UV, assurant une grande durabilit\u00e9 en ext\u00e9rieur.<\/p>\n<p style=\"text-align: justify;\">Diverses options de rembourrage sont disponibles, adapt\u00e9es uniquement aux espaces int\u00e9rieurs et semi-ext\u00e9rieurs prot\u00e9g\u00e9s de la pluie. Ce rembourrage utilise du plastique 100 % recycl\u00e9 (HDPE) et de la mousse moul\u00e9e pour un confort accru.<\/p>\n<p style=\"text-align: justify;\">Les si\u00e8ges sont faciles et rapides \u00e0 d\u00e9monter, permettant d\u2019ajuster la capacit\u00e9 et l\u2019espacement de mani\u00e8re simple pour s\u2019adapter aux besoins de l\u2019espace.<\/p>\n<p style=\"text-align: justify;\">Chronos peut \u00eatre fix\u00e9 au sol, sur contremarche, ou int\u00e9gr\u00e9 dans les syst\u00e8mes mobiles de Figueras.<\/p>\n<p style=\"text-align: justify;\">La technologie d\u2019\u00e9tiquetage dans le moule (IML) permet d\u2019int\u00e9grer des logos ou blasons directement dans la surface du si\u00e8ge ou du dossier, id\u00e9al pour des si\u00e8ges modulaires et un usage intensif lors d\u2019\u00e9v\u00e9nements sportifs.<\/p>\n<p style=\"text-align: justify;\">Con\u00e7u conform\u00e9ment \u00e0 la norme UNE-EN ISO 14006 d&rsquo;\u00e9co-conception.<\/p>\n<p style=\"text-align: justify;\">R\u00e9pond aux exigences recommand\u00e9es pour les si\u00e8ges sportifs par la FIFA et d\u2019autres f\u00e9d\u00e9rations sportives internationales.<\/p>\n<p style=\"text-align: justify;\">Sans entretien.<\/p>\n","protected":false},"excerpt":{"rendered":"<p>Chronos allie minimalisme et ergonomie, avec un design \u00e9pur\u00e9 et des lignes l\u00e9g\u00e8rement sinueuses et d\u00e9licates. Avec son profil ultra-fin, ce si\u00e8ge rabattable offre confort et fonctionnalit\u00e9, id\u00e9al pour les espaces \u00e0 forte affluence tels que les stades sportifs et les ar\u00e8nes, o\u00f9 se vivent des \u00e9motions intenses et passionn\u00e9es. Produit finaliste des prix Delta [&hellip;]<\/p>\n","protected":false},"featured_media":50430,"template":"","meta":{"_acf_changed":false,"content-type":""},"designer_tag":[485,332],"system_rel_tag":[],"product_brand":[],"product_cat":[221,222,882],"product_tag":[505],"class_list":{"0":"post-48829","1":"product","2":"type-product","3":"status-publish","4":"has-post-thumbnail","6":"designer_tag-llusca-design-fr","7":"designer_tag-design-center-fr","8":"product_cat-seats-for-stadiums-and-arenas-fr","9":"product_cat-sports-fr","10":"product_cat-chronos","11":"product_tag-sports-fr","13":"first","14":"instock","15":"shipping-taxable","16":"product-type-simple"},"acf":[],"yoast_head":"<!-- This site is optimized with the Yoast SEO plugin v27.3 - https:\/\/yoast.com\/product\/yoast-seo-wordpress\/ -->\n<title>Chronos - Figueras Seating<\/title>\n<meta name=\"robots\" content=\"index, follow, max-snippet:-1, max-image-preview:large, max-video-preview:-1\" \/>\n<link rel=\"canonical\" href=\"https:\/\/figueras.com\/fr\/siege\/chronos\/\" \/>\n<meta property=\"og:locale\" content=\"fr_FR\" \/>\n<meta property=\"og:type\" content=\"article\" \/>\n<meta property=\"og:title\" content=\"Chronos - Figueras Seating\" \/>\n<meta property=\"og:description\" content=\"Chronos allie minimalisme et ergonomie, avec un design \u00e9pur\u00e9 et des lignes l\u00e9g\u00e8rement sinueuses et d\u00e9licates. Avec son profil ultra-fin, ce si\u00e8ge rabattable offre confort et fonctionnalit\u00e9, id\u00e9al pour les espaces \u00e0 forte affluence tels que les stades sportifs et les ar\u00e8nes, o\u00f9 se vivent des \u00e9motions intenses et passionn\u00e9es. Produit finaliste des prix Delta [&hellip;]\" \/>\n<meta property=\"og:url\" content=\"https:\/\/figueras.com\/fr\/siege\/chronos\/\" \/>\n<meta property=\"og:site_name\" content=\"Figueras Seating\" \/>\n<meta property=\"article:modified_time\" content=\"2026-04-10T10:28:18+00:00\" \/>\n<meta property=\"og:image\" content=\"https:\/\/figueras.com\/wp-content\/uploads\/2026\/04\/Chronos_w00_Delta.webp\" \/>\n\t<meta property=\"og:image:width\" content=\"610\" \/>\n\t<meta property=\"og:image:height\" content=\"810\" \/>\n\t<meta property=\"og:image:type\" content=\"image\/webp\" \/>\n<meta name=\"twitter:card\" content=\"summary_large_image\" \/>\n<meta name=\"twitter:label1\" content=\"Dur\u00e9e de lecture estim\u00e9e\" \/>\n\t<meta name=\"twitter:data1\" content=\"2 minutes\" \/>\n<script type=\"application\/ld+json\" class=\"yoast-schema-graph\">{\"@context\":\"https:\\\/\\\/schema.org\",\"@graph\":[{\"@type\":\"WebPage\",\"@id\":\"https:\\\/\\\/figueras.com\\\/fr\\\/siege\\\/chronos\\\/\",\"url\":\"https:\\\/\\\/figueras.com\\\/fr\\\/siege\\\/chronos\\\/\",\"name\":\"Chronos - Figueras Seating\",\"isPartOf\":{\"@id\":\"https:\\\/\\\/figueras.com\\\/fr\\\/#website\"},\"primaryImageOfPage\":{\"@id\":\"https:\\\/\\\/figueras.com\\\/fr\\\/siege\\\/chronos\\\/#primaryimage\"},\"image\":{\"@id\":\"https:\\\/\\\/figueras.com\\\/fr\\\/siege\\\/chronos\\\/#primaryimage\"},\"thumbnailUrl\":\"https:\\\/\\\/figueras.com\\\/wp-content\\\/uploads\\\/2026\\\/04\\\/Chronos_w00_Delta.webp\",\"datePublished\":\"2023-11-01T08:19:22+00:00\",\"dateModified\":\"2026-04-10T10:28:18+00:00\",\"breadcrumb\":{\"@id\":\"https:\\\/\\\/figueras.com\\\/fr\\\/siege\\\/chronos\\\/#breadcrumb\"},\"inLanguage\":\"fr-FR\",\"potentialAction\":[{\"@type\":\"ReadAction\",\"target\":[\"https:\\\/\\\/figueras.com\\\/fr\\\/siege\\\/chronos\\\/\"]}]},{\"@type\":\"ImageObject\",\"inLanguage\":\"fr-FR\",\"@id\":\"https:\\\/\\\/figueras.com\\\/fr\\\/siege\\\/chronos\\\/#primaryimage\",\"url\":\"https:\\\/\\\/figueras.com\\\/wp-content\\\/uploads\\\/2026\\\/04\\\/Chronos_w00_Delta.webp\",\"contentUrl\":\"https:\\\/\\\/figueras.com\\\/wp-content\\\/uploads\\\/2026\\\/04\\\/Chronos_w00_Delta.webp\",\"width\":610,\"height\":810},{\"@type\":\"BreadcrumbList\",\"@id\":\"https:\\\/\\\/figueras.com\\\/fr\\\/siege\\\/chronos\\\/#breadcrumb\",\"itemListElement\":[{\"@type\":\"ListItem\",\"position\":1,\"name\":\"Home\",\"item\":\"https:\\\/\\\/figueras.com\\\/fr\\\/\"},{\"@type\":\"ListItem\",\"position\":2,\"name\":\"Produits\",\"item\":\"https:\\\/\\\/figueras.com\\\/fr\\\/shop\\\/\"},{\"@type\":\"ListItem\",\"position\":3,\"name\":\"Chronos\"}]},{\"@type\":\"WebSite\",\"@id\":\"https:\\\/\\\/figueras.com\\\/fr\\\/#website\",\"url\":\"https:\\\/\\\/figueras.com\\\/fr\\\/\",\"name\":\"Figueras Seating\",\"description\":\"\",\"publisher\":{\"@id\":\"https:\\\/\\\/figueras.com\\\/fr\\\/#organization\"},\"potentialAction\":[{\"@type\":\"SearchAction\",\"target\":{\"@type\":\"EntryPoint\",\"urlTemplate\":\"https:\\\/\\\/figueras.com\\\/fr\\\/?s={search_term_string}\"},\"query-input\":{\"@type\":\"PropertyValueSpecification\",\"valueRequired\":true,\"valueName\":\"search_term_string\"}}],\"inLanguage\":\"fr-FR\"},{\"@type\":\"Organization\",\"@id\":\"https:\\\/\\\/figueras.com\\\/fr\\\/#organization\",\"name\":\"Figueras International Seating, S.L.U.\",\"alternateName\":\"Figueras Seating\",\"url\":\"https:\\\/\\\/figueras.com\\\/fr\\\/\",\"logo\":{\"@type\":\"ImageObject\",\"inLanguage\":\"fr-FR\",\"@id\":\"https:\\\/\\\/figueras.com\\\/fr\\\/#\\\/schema\\\/logo\\\/image\\\/\",\"url\":\"https:\\\/\\\/figueras.com\\\/wp-content\\\/uploads\\\/2023\\\/04\\\/figueraslogoheader.png\",\"contentUrl\":\"https:\\\/\\\/figueras.com\\\/wp-content\\\/uploads\\\/2023\\\/04\\\/figueraslogoheader.png\",\"width\":739,\"height\":127,\"caption\":\"Figueras International Seating, S.L.U.\"},\"image\":{\"@id\":\"https:\\\/\\\/figueras.com\\\/fr\\\/#\\\/schema\\\/logo\\\/image\\\/\"},\"sameAs\":[\"https:\\\/\\\/www.linkedin.com\\\/company\\\/figuerasseating\\\/\",\"https:\\\/\\\/www.instagram.com\\\/figueras.seating\\\/\",\"https:\\\/\\\/vimeo.com\\\/figuerasseating\",\"https:\\\/\\\/es.pinterest.com\\\/figuerasint\\\/\"]}]}<\/script>\n<!-- \/ Yoast SEO plugin. -->","yoast_head_json":{"title":"Chronos - Figueras Seating","robots":{"index":"index","follow":"follow","max-snippet":"max-snippet:-1","max-image-preview":"max-image-preview:large","max-video-preview":"max-video-preview:-1"},"canonical":"https:\/\/figueras.com\/fr\/siege\/chronos\/","og_locale":"fr_FR","og_type":"article","og_title":"Chronos - Figueras Seating","og_description":"Chronos allie minimalisme et ergonomie, avec un design \u00e9pur\u00e9 et des lignes l\u00e9g\u00e8rement sinueuses et d\u00e9licates. Avec son profil ultra-fin, ce si\u00e8ge rabattable offre confort et fonctionnalit\u00e9, id\u00e9al pour les espaces \u00e0 forte affluence tels que les stades sportifs et les ar\u00e8nes, o\u00f9 se vivent des \u00e9motions intenses et passionn\u00e9es. Produit finaliste des prix Delta [&hellip;]","og_url":"https:\/\/figueras.com\/fr\/siege\/chronos\/","og_site_name":"Figueras Seating","article_modified_time":"2026-04-10T10:28:18+00:00","og_image":[{"width":610,"height":810,"url":"https:\/\/figueras.com\/wp-content\/uploads\/2026\/04\/Chronos_w00_Delta.webp","type":"image\/webp"}],"twitter_card":"summary_large_image","twitter_misc":{"Dur\u00e9e de lecture estim\u00e9e":"2 minutes"},"schema":{"@context":"https:\/\/schema.org","@graph":[{"@type":"WebPage","@id":"https:\/\/figueras.com\/fr\/siege\/chronos\/","url":"https:\/\/figueras.com\/fr\/siege\/chronos\/","name":"Chronos - Figueras Seating","isPartOf":{"@id":"https:\/\/figueras.com\/fr\/#website"},"primaryImageOfPage":{"@id":"https:\/\/figueras.com\/fr\/siege\/chronos\/#primaryimage"},"image":{"@id":"https:\/\/figueras.com\/fr\/siege\/chronos\/#primaryimage"},"thumbnailUrl":"https:\/\/figueras.com\/wp-content\/uploads\/2026\/04\/Chronos_w00_Delta.webp","datePublished":"2023-11-01T08:19:22+00:00","dateModified":"2026-04-10T10:28:18+00:00","breadcrumb":{"@id":"https:\/\/figueras.com\/fr\/siege\/chronos\/#breadcrumb"},"inLanguage":"fr-FR","potentialAction":[{"@type":"ReadAction","target":["https:\/\/figueras.com\/fr\/siege\/chronos\/"]}]},{"@type":"ImageObject","inLanguage":"fr-FR","@id":"https:\/\/figueras.com\/fr\/siege\/chronos\/#primaryimage","url":"https:\/\/figueras.com\/wp-content\/uploads\/2026\/04\/Chronos_w00_Delta.webp","contentUrl":"https:\/\/figueras.com\/wp-content\/uploads\/2026\/04\/Chronos_w00_Delta.webp","width":610,"height":810},{"@type":"BreadcrumbList","@id":"https:\/\/figueras.com\/fr\/siege\/chronos\/#breadcrumb","itemListElement":[{"@type":"ListItem","position":1,"name":"Home","item":"https:\/\/figueras.com\/fr\/"},{"@type":"ListItem","position":2,"name":"Produits","item":"https:\/\/figueras.com\/fr\/shop\/"},{"@type":"ListItem","position":3,"name":"Chronos"}]},{"@type":"WebSite","@id":"https:\/\/figueras.com\/fr\/#website","url":"https:\/\/figueras.com\/fr\/","name":"Figueras Seating","description":"","publisher":{"@id":"https:\/\/figueras.com\/fr\/#organization"},"potentialAction":[{"@type":"SearchAction","target":{"@type":"EntryPoint","urlTemplate":"https:\/\/figueras.com\/fr\/?s={search_term_string}"},"query-input":{"@type":"PropertyValueSpecification","valueRequired":true,"valueName":"search_term_string"}}],"inLanguage":"fr-FR"},{"@type":"Organization","@id":"https:\/\/figueras.com\/fr\/#organization","name":"Figueras International Seating, S.L.U.","alternateName":"Figueras Seating","url":"https:\/\/figueras.com\/fr\/","logo":{"@type":"ImageObject","inLanguage":"fr-FR","@id":"https:\/\/figueras.com\/fr\/#\/schema\/logo\/image\/","url":"https:\/\/figueras.com\/wp-content\/uploads\/2023\/04\/figueraslogoheader.png","contentUrl":"https:\/\/figueras.com\/wp-content\/uploads\/2023\/04\/figueraslogoheader.png","width":739,"height":127,"caption":"Figueras International Seating, S.L.U."},"image":{"@id":"https:\/\/figueras.com\/fr\/#\/schema\/logo\/image\/"},"sameAs":["https:\/\/www.linkedin.com\/company\/figuerasseating\/","https:\/\/www.instagram.com\/figueras.seating\/","https:\/\/vimeo.com\/figuerasseating","https:\/\/es.pinterest.com\/figuerasint\/"]}]}},"_links":{"self":[{"href":"https:\/\/figueras.com\/fr\/wp-json\/wp\/v2\/product\/48829","targetHints":{"allow":["GET"]}}],"collection":[{"href":"https:\/\/figueras.com\/fr\/wp-json\/wp\/v2\/product"}],"about":[{"href":"https:\/\/figueras.com\/fr\/wp-json\/wp\/v2\/types\/product"}],"version-history":[{"count":5,"href":"https:\/\/figueras.com\/fr\/wp-json\/wp\/v2\/product\/48829\/revisions"}],"predecessor-version":[{"id":50443,"href":"https:\/\/figueras.com\/fr\/wp-json\/wp\/v2\/product\/48829\/revisions\/50443"}],"wp:featuredmedia":[{"embeddable":true,"href":"https:\/\/figueras.com\/fr\/wp-json\/wp\/v2\/media\/50430"}],"wp:attachment":[{"href":"https:\/\/figueras.com\/fr\/wp-json\/wp\/v2\/media?parent=48829"}],"wp:term":[{"taxonomy":"designer_tag","embeddable":true,"href":"https:\/\/figueras.com\/fr\/wp-json\/wp\/v2\/designer_tag?post=48829"},{"taxonomy":"system_rel_tag","embeddable":true,"href":"https:\/\/figueras.com\/fr\/wp-json\/wp\/v2\/system_rel_tag?post=48829"},{"taxonomy":"product_brand","embeddable":true,"href":"https:\/\/figueras.com\/fr\/wp-json\/wp\/v2\/product_brand?post=48829"},{"taxonomy":"product_cat","embeddable":true,"href":"https:\/\/figueras.com\/fr\/wp-json\/wp\/v2\/product_cat?post=48829"},{"taxonomy":"product_tag","embeddable":true,"href":"https:\/\/figueras.com\/fr\/wp-json\/wp\/v2\/product_tag?post=48829"}],"curies":[{"name":"wp","href":"https:\/\/api.w.org\/{rel}","templated":true}]}}