{"id":33605,"date":"2023-11-01T09:37:19","date_gmt":"2023-11-01T08:37:19","guid":{"rendered":"https:\/\/figueras.com\/seating\/megaseat-9106\/"},"modified":"2025-09-12T03:18:53","modified_gmt":"2025-09-12T01:18:53","slug":"megaseat-9106","status":"publish","type":"product","link":"https:\/\/figueras.com\/fr\/siege\/megaseat-9106\/","title":{"rendered":"Megaseat 9106"},"content":{"rendered":"<p><strong>Le 9106 Megaseat est un si\u00e8ge modulaire compos\u00e9 de pi\u00e8ces enti\u00e8rement interchangeables, sp\u00e9cialement con\u00e7u pour les cin\u00e9mas.<\/strong><\/p>\n<p>L&rsquo;assise et le dossier sont compos\u00e9s de deux blocs de mousse de polyur\u00e9thane moul\u00e9e avec une structure m\u00e9tallique interne. Le rembourrage peut \u00eatre int\u00e9gr\u00e9 dans la mousse \u00e0 l&rsquo;aide du syst\u00e8me de rembourrage Integral Form, sans coutures ni piq\u00fbres.<\/p>\n<p>Le rembourrage de l&rsquo;assise est d\u00e9pourvu de toute rainure afin d&rsquo;\u00e9viter l&rsquo;accumulation de salet\u00e9s. Le rembourrage du dossier est anatomique pour garantir le confort de l&rsquo;utilisateur. En option, un appui-t\u00eate peut \u00eatre incorpor\u00e9.<\/p>\n<p>L&rsquo;assise, le dossier et l&rsquo;appui-t\u00eate sont dot\u00e9s de coques arri\u00e8re en polypropyl\u00e8ne compl\u00e8tement lavables, ce qui \u00e9vite l&rsquo;apparition de rayures et de salissures sur le rev\u00eatement arri\u00e8re. En option, les coques peuvent \u00eatre rembourr\u00e9es.<\/p>\n<p>Le si\u00e8ge se replie automatiquement gr\u00e2ce \u00e0 un syst\u00e8me \u00e0 double ressort extr\u00eamement silencieux situ\u00e9 \u00e0 l&rsquo;int\u00e9rieur de la base du si\u00e8ge, ce qui permet de garder l&rsquo;espace toujours propre et d&rsquo;assurer un environnement silencieux lorsque l&rsquo;utilisateur quitte le si\u00e8ge.<\/p>\n<p>Le si\u00e8ge est mont\u00e9 sur un pi\u00e9destal central et soutenu par un pont rigide qui assure la stabilit\u00e9 des rang\u00e9es.<\/p>\n<p>Les accoudoirs sont en mousse de polyur\u00e9thane semi-rigide avec une structure m\u00e9tallique interne et un porte-gobelet int\u00e9gr\u00e9.<\/p>\n<p>&nbsp;<\/p>\n","protected":false},"excerpt":{"rendered":"<p>[wpdm_package id=&rsquo;33394&prime;]<\/p>\n<p>[wpdm_package id=&rsquo;33400&prime;]<\/p>\n","protected":false},"featured_media":33367,"template":"","meta":{"_acf_changed":false,"content-type":""},"designer_tag":[332],"system_rel_tag":[],"product_brand":[],"product_cat":[242],"product_tag":[499],"class_list":{"0":"post-33605","1":"product","2":"type-product","3":"status-publish","4":"has-post-thumbnail","6":"designer_tag-design-center-fr","7":"product_cat-megaseat-fr","8":"product_tag-cinema-fr","10":"first","11":"instock","12":"downloadable","13":"virtual","14":"product-type-simple"},"acf":[],"yoast_head":"<!-- This site is optimized with the Yoast SEO plugin v27.3 - https:\/\/yoast.com\/product\/yoast-seo-wordpress\/ -->\n<title>Megaseat 9106 - Figueras Seating (FR)<\/title>\n<meta name=\"description\" content=\"Le Megaseat 9106 de Figueras combine r\u00e9sistance, ergonomie et design contemporain \u2013 une solution parfaite pour auditoriums et lieux culturels.\" \/>\n<meta name=\"robots\" content=\"index, follow, max-snippet:-1, max-image-preview:large, max-video-preview:-1\" \/>\n<link rel=\"canonical\" href=\"https:\/\/figueras.com\/fr\/siege\/megaseat-9106\/\" \/>\n<meta property=\"og:locale\" content=\"fr_FR\" \/>\n<meta property=\"og:type\" content=\"article\" \/>\n<meta property=\"og:title\" content=\"Megaseat 9106 - Figueras Seating (FR)\" \/>\n<meta property=\"og:description\" content=\"Le Megaseat 9106 de Figueras combine r\u00e9sistance, ergonomie et design contemporain \u2013 une solution parfaite pour auditoriums et lieux culturels.\" \/>\n<meta property=\"og:url\" content=\"https:\/\/figueras.com\/fr\/siege\/megaseat-9106\/\" \/>\n<meta property=\"og:site_name\" content=\"Figueras Seating\" \/>\n<meta property=\"article:modified_time\" content=\"2025-09-12T01:18:53+00:00\" \/>\n<meta property=\"og:image\" content=\"https:\/\/figueras.com\/wp-content\/uploads\/2024\/06\/Megaseat-9106_K02_p00.png\" \/>\n\t<meta property=\"og:image:width\" content=\"1000\" \/>\n\t<meta property=\"og:image:height\" content=\"1200\" \/>\n\t<meta property=\"og:image:type\" content=\"image\/png\" \/>\n<meta name=\"twitter:card\" content=\"summary_large_image\" \/>\n<meta name=\"twitter:label1\" content=\"Dur\u00e9e de lecture estim\u00e9e\" \/>\n\t<meta name=\"twitter:data1\" content=\"2 minutes\" \/>\n<script type=\"application\/ld+json\" class=\"yoast-schema-graph\">{\"@context\":\"https:\\\/\\\/schema.org\",\"@graph\":[{\"@type\":\"WebPage\",\"@id\":\"https:\\\/\\\/figueras.com\\\/fr\\\/siege\\\/megaseat-9106\\\/\",\"url\":\"https:\\\/\\\/figueras.com\\\/fr\\\/siege\\\/megaseat-9106\\\/\",\"name\":\"Megaseat 9106 - Figueras Seating (FR)\",\"isPartOf\":{\"@id\":\"https:\\\/\\\/figueras.com\\\/fr\\\/#website\"},\"primaryImageOfPage\":{\"@id\":\"https:\\\/\\\/figueras.com\\\/fr\\\/siege\\\/megaseat-9106\\\/#primaryimage\"},\"image\":{\"@id\":\"https:\\\/\\\/figueras.com\\\/fr\\\/siege\\\/megaseat-9106\\\/#primaryimage\"},\"thumbnailUrl\":\"https:\\\/\\\/figueras.com\\\/wp-content\\\/uploads\\\/2024\\\/06\\\/Megaseat-9106_K02_p00.png\",\"datePublished\":\"2023-11-01T08:37:19+00:00\",\"dateModified\":\"2025-09-12T01:18:53+00:00\",\"description\":\"Le Megaseat 9106 de Figueras combine r\u00e9sistance, ergonomie et design contemporain \u2013 une solution parfaite pour auditoriums et lieux culturels.\",\"breadcrumb\":{\"@id\":\"https:\\\/\\\/figueras.com\\\/fr\\\/siege\\\/megaseat-9106\\\/#breadcrumb\"},\"inLanguage\":\"fr-FR\",\"potentialAction\":[{\"@type\":\"ReadAction\",\"target\":[\"https:\\\/\\\/figueras.com\\\/fr\\\/siege\\\/megaseat-9106\\\/\"]}]},{\"@type\":\"ImageObject\",\"inLanguage\":\"fr-FR\",\"@id\":\"https:\\\/\\\/figueras.com\\\/fr\\\/siege\\\/megaseat-9106\\\/#primaryimage\",\"url\":\"https:\\\/\\\/figueras.com\\\/wp-content\\\/uploads\\\/2024\\\/06\\\/Megaseat-9106_K02_p00.png\",\"contentUrl\":\"https:\\\/\\\/figueras.com\\\/wp-content\\\/uploads\\\/2024\\\/06\\\/Megaseat-9106_K02_p00.png\",\"width\":1000,\"height\":1200,\"caption\":\"Megaseat 9106\"},{\"@type\":\"BreadcrumbList\",\"@id\":\"https:\\\/\\\/figueras.com\\\/fr\\\/siege\\\/megaseat-9106\\\/#breadcrumb\",\"itemListElement\":[{\"@type\":\"ListItem\",\"position\":1,\"name\":\"Home\",\"item\":\"https:\\\/\\\/figueras.com\\\/fr\\\/\"},{\"@type\":\"ListItem\",\"position\":2,\"name\":\"Produits\",\"item\":\"https:\\\/\\\/figueras.com\\\/fr\\\/shop\\\/\"},{\"@type\":\"ListItem\",\"position\":3,\"name\":\"Megaseat 9106\"}]},{\"@type\":\"WebSite\",\"@id\":\"https:\\\/\\\/figueras.com\\\/fr\\\/#website\",\"url\":\"https:\\\/\\\/figueras.com\\\/fr\\\/\",\"name\":\"Figueras Seating\",\"description\":\"\",\"publisher\":{\"@id\":\"https:\\\/\\\/figueras.com\\\/fr\\\/#organization\"},\"potentialAction\":[{\"@type\":\"SearchAction\",\"target\":{\"@type\":\"EntryPoint\",\"urlTemplate\":\"https:\\\/\\\/figueras.com\\\/fr\\\/?s={search_term_string}\"},\"query-input\":{\"@type\":\"PropertyValueSpecification\",\"valueRequired\":true,\"valueName\":\"search_term_string\"}}],\"inLanguage\":\"fr-FR\"},{\"@type\":\"Organization\",\"@id\":\"https:\\\/\\\/figueras.com\\\/fr\\\/#organization\",\"name\":\"Figueras International Seating, S.L.U.\",\"alternateName\":\"Figueras Seating\",\"url\":\"https:\\\/\\\/figueras.com\\\/fr\\\/\",\"logo\":{\"@type\":\"ImageObject\",\"inLanguage\":\"fr-FR\",\"@id\":\"https:\\\/\\\/figueras.com\\\/fr\\\/#\\\/schema\\\/logo\\\/image\\\/\",\"url\":\"https:\\\/\\\/figueras.com\\\/wp-content\\\/uploads\\\/2023\\\/04\\\/figueraslogoheader.png\",\"contentUrl\":\"https:\\\/\\\/figueras.com\\\/wp-content\\\/uploads\\\/2023\\\/04\\\/figueraslogoheader.png\",\"width\":739,\"height\":127,\"caption\":\"Figueras International Seating, S.L.U.\"},\"image\":{\"@id\":\"https:\\\/\\\/figueras.com\\\/fr\\\/#\\\/schema\\\/logo\\\/image\\\/\"},\"sameAs\":[\"https:\\\/\\\/www.linkedin.com\\\/company\\\/figuerasseating\\\/\",\"https:\\\/\\\/www.instagram.com\\\/figueras.seating\\\/\",\"https:\\\/\\\/vimeo.com\\\/figuerasseating\",\"https:\\\/\\\/es.pinterest.com\\\/figuerasint\\\/\"]}]}<\/script>\n<!-- \/ Yoast SEO plugin. -->","yoast_head_json":{"title":"Megaseat 9106 - Figueras Seating (FR)","description":"Le Megaseat 9106 de Figueras combine r\u00e9sistance, ergonomie et design contemporain \u2013 une solution parfaite pour auditoriums et lieux culturels.","robots":{"index":"index","follow":"follow","max-snippet":"max-snippet:-1","max-image-preview":"max-image-preview:large","max-video-preview":"max-video-preview:-1"},"canonical":"https:\/\/figueras.com\/fr\/siege\/megaseat-9106\/","og_locale":"fr_FR","og_type":"article","og_title":"Megaseat 9106 - Figueras Seating (FR)","og_description":"Le Megaseat 9106 de Figueras combine r\u00e9sistance, ergonomie et design contemporain \u2013 une solution parfaite pour auditoriums et lieux culturels.","og_url":"https:\/\/figueras.com\/fr\/siege\/megaseat-9106\/","og_site_name":"Figueras Seating","article_modified_time":"2025-09-12T01:18:53+00:00","og_image":[{"width":1000,"height":1200,"url":"https:\/\/figueras.com\/wp-content\/uploads\/2024\/06\/Megaseat-9106_K02_p00.png","type":"image\/png"}],"twitter_card":"summary_large_image","twitter_misc":{"Dur\u00e9e de lecture estim\u00e9e":"2 minutes"},"schema":{"@context":"https:\/\/schema.org","@graph":[{"@type":"WebPage","@id":"https:\/\/figueras.com\/fr\/siege\/megaseat-9106\/","url":"https:\/\/figueras.com\/fr\/siege\/megaseat-9106\/","name":"Megaseat 9106 - Figueras Seating (FR)","isPartOf":{"@id":"https:\/\/figueras.com\/fr\/#website"},"primaryImageOfPage":{"@id":"https:\/\/figueras.com\/fr\/siege\/megaseat-9106\/#primaryimage"},"image":{"@id":"https:\/\/figueras.com\/fr\/siege\/megaseat-9106\/#primaryimage"},"thumbnailUrl":"https:\/\/figueras.com\/wp-content\/uploads\/2024\/06\/Megaseat-9106_K02_p00.png","datePublished":"2023-11-01T08:37:19+00:00","dateModified":"2025-09-12T01:18:53+00:00","description":"Le Megaseat 9106 de Figueras combine r\u00e9sistance, ergonomie et design contemporain \u2013 une solution parfaite pour auditoriums et lieux culturels.","breadcrumb":{"@id":"https:\/\/figueras.com\/fr\/siege\/megaseat-9106\/#breadcrumb"},"inLanguage":"fr-FR","potentialAction":[{"@type":"ReadAction","target":["https:\/\/figueras.com\/fr\/siege\/megaseat-9106\/"]}]},{"@type":"ImageObject","inLanguage":"fr-FR","@id":"https:\/\/figueras.com\/fr\/siege\/megaseat-9106\/#primaryimage","url":"https:\/\/figueras.com\/wp-content\/uploads\/2024\/06\/Megaseat-9106_K02_p00.png","contentUrl":"https:\/\/figueras.com\/wp-content\/uploads\/2024\/06\/Megaseat-9106_K02_p00.png","width":1000,"height":1200,"caption":"Megaseat 9106"},{"@type":"BreadcrumbList","@id":"https:\/\/figueras.com\/fr\/siege\/megaseat-9106\/#breadcrumb","itemListElement":[{"@type":"ListItem","position":1,"name":"Home","item":"https:\/\/figueras.com\/fr\/"},{"@type":"ListItem","position":2,"name":"Produits","item":"https:\/\/figueras.com\/fr\/shop\/"},{"@type":"ListItem","position":3,"name":"Megaseat 9106"}]},{"@type":"WebSite","@id":"https:\/\/figueras.com\/fr\/#website","url":"https:\/\/figueras.com\/fr\/","name":"Figueras Seating","description":"","publisher":{"@id":"https:\/\/figueras.com\/fr\/#organization"},"potentialAction":[{"@type":"SearchAction","target":{"@type":"EntryPoint","urlTemplate":"https:\/\/figueras.com\/fr\/?s={search_term_string}"},"query-input":{"@type":"PropertyValueSpecification","valueRequired":true,"valueName":"search_term_string"}}],"inLanguage":"fr-FR"},{"@type":"Organization","@id":"https:\/\/figueras.com\/fr\/#organization","name":"Figueras International Seating, S.L.U.","alternateName":"Figueras Seating","url":"https:\/\/figueras.com\/fr\/","logo":{"@type":"ImageObject","inLanguage":"fr-FR","@id":"https:\/\/figueras.com\/fr\/#\/schema\/logo\/image\/","url":"https:\/\/figueras.com\/wp-content\/uploads\/2023\/04\/figueraslogoheader.png","contentUrl":"https:\/\/figueras.com\/wp-content\/uploads\/2023\/04\/figueraslogoheader.png","width":739,"height":127,"caption":"Figueras International Seating, S.L.U."},"image":{"@id":"https:\/\/figueras.com\/fr\/#\/schema\/logo\/image\/"},"sameAs":["https:\/\/www.linkedin.com\/company\/figuerasseating\/","https:\/\/www.instagram.com\/figueras.seating\/","https:\/\/vimeo.com\/figuerasseating","https:\/\/es.pinterest.com\/figuerasint\/"]}]}},"_links":{"self":[{"href":"https:\/\/figueras.com\/fr\/wp-json\/wp\/v2\/product\/33605","targetHints":{"allow":["GET"]}}],"collection":[{"href":"https:\/\/figueras.com\/fr\/wp-json\/wp\/v2\/product"}],"about":[{"href":"https:\/\/figueras.com\/fr\/wp-json\/wp\/v2\/types\/product"}],"version-history":[{"count":0,"href":"https:\/\/figueras.com\/fr\/wp-json\/wp\/v2\/product\/33605\/revisions"}],"wp:featuredmedia":[{"embeddable":true,"href":"https:\/\/figueras.com\/fr\/wp-json\/wp\/v2\/media\/33367"}],"wp:attachment":[{"href":"https:\/\/figueras.com\/fr\/wp-json\/wp\/v2\/media?parent=33605"}],"wp:term":[{"taxonomy":"designer_tag","embeddable":true,"href":"https:\/\/figueras.com\/fr\/wp-json\/wp\/v2\/designer_tag?post=33605"},{"taxonomy":"system_rel_tag","embeddable":true,"href":"https:\/\/figueras.com\/fr\/wp-json\/wp\/v2\/system_rel_tag?post=33605"},{"taxonomy":"product_brand","embeddable":true,"href":"https:\/\/figueras.com\/fr\/wp-json\/wp\/v2\/product_brand?post=33605"},{"taxonomy":"product_cat","embeddable":true,"href":"https:\/\/figueras.com\/fr\/wp-json\/wp\/v2\/product_cat?post=33605"},{"taxonomy":"product_tag","embeddable":true,"href":"https:\/\/figueras.com\/fr\/wp-json\/wp\/v2\/product_tag?post=33605"}],"curies":[{"name":"wp","href":"https:\/\/api.w.org\/{rel}","templated":true}]}}