{"id":23879,"date":"2023-01-01T13:01:51","date_gmt":"2023-01-01T12:01:51","guid":{"rendered":"http:\/\/figueras.com\/seating\/f1000\/"},"modified":"2024-12-16T14:15:48","modified_gmt":"2024-12-16T13:15:48","slug":"f1000","status":"publish","type":"product","link":"https:\/\/figueras.com\/fr\/siege\/f1000\/","title":{"rendered":"F1000"},"content":{"rendered":"<p style=\"text-align: justify;\"><strong>La table F1000 de Figueras est l&rsquo;accessoire parfait pour transformer n&rsquo;importe quel si\u00e8ge en un authentique espace de travail. Cette table est sp\u00e9cialement con\u00e7ue pour son usage dans les auditoriums, les centres de conf\u00e9rence, les salles de presse, les parlements ou les centres \u00e9ducatifs. <\/strong><\/p>\n<p style=\"text-align: justify;\">La F1000 est une table \u00e0 utilisation individuel, totalement ind\u00e9pendante de la zone des si\u00e8ges. Son ind\u00e9pendance du si\u00e8ge lui assure une stabilit\u00e9 totale et n&rsquo;est jamais affect\u00e9e par le mouvement ou les vibrations provoqu\u00e9s lorsque le si\u00e8ge pr\u00e9c\u00e9dent est occup\u00e9.<\/p>\n<p style=\"text-align: justify;\">Gr\u00e2ce \u00e0 son syst\u00e8me de pliage anti-panique, la table se met en position repli\u00e9e avec le mouvement de l&rsquo;utilisateur qui sort du si\u00e8ge. Gr\u00e2ce \u00e0 ce syst\u00e8me de pliage, la salle peut \u00eatre rapidement \u00e9vacu\u00e9e et les all\u00e9es sont toujours d\u00e9gag\u00e9es.<\/p>\n<p style=\"text-align: justify;\">La table se range dans un tiroir compos\u00e9 de profil\u00e9s lat\u00e9raux en aluminium et de panneaux en finition tapiss\u00e9e.<\/p>\n<p style=\"text-align: justify;\">Le syst\u00e8me de guidage et de chariot est situ\u00e9 \u00e0 l&rsquo;int\u00e9rieur avec un syst\u00e8me de roulements \u00e0 billes antifriction.<\/p>\n","protected":false},"excerpt":{"rendered":"<p>[wpdm_package id=&rsquo;23304&prime;]<\/p>\n<p>[wpdm_package id=&rsquo;6962&prime;]<\/p>\n<p>[wpdm_package id=&rsquo;6963&prime;]<\/p>\n","protected":false},"featured_media":13279,"template":"","meta":{"_acf_changed":false,"content-type":""},"designer_tag":[332],"system_rel_tag":[],"product_brand":[],"product_cat":[261,264,178,180,181,182,183,186,189,221,222],"product_tag":[502,505,511],"class_list":{"0":"post-23879","1":"product","2":"type-product","3":"status-publish","4":"has-post-thumbnail","6":"designer_tag-design-center-fr","7":"product_cat-tables-fr","8":"product_cat-f1000-fr","9":"product_cat-education-fr","10":"product_cat-publicum-fr","11":"product_cat-seats-for-auditorium-and-conference-rooms-fr","12":"product_cat-seats-for-congress-centres-fr","13":"product_cat-seats-for-corporate-rooms-fr","14":"product_cat-seats-for-parliaments-fr","15":"product_cat-seats-for-universities-and-schools-fr","16":"product_cat-seats-for-stadiums-and-arenas-fr","17":"product_cat-sports-fr","18":"product_tag-education-fr","19":"product_tag-sports-fr","20":"product_tag-publicum-fr","22":"first","23":"instock","24":"downloadable","25":"virtual","26":"product-type-simple"},"acf":[],"yoast_head":"<!-- This site is optimized with the Yoast SEO plugin v27.3 - https:\/\/yoast.com\/product\/yoast-seo-wordpress\/ -->\n<title>F1000 | Si\u00e8ges Ergonomiques et Polyvalents<\/title>\n<meta name=\"robots\" content=\"index, follow, max-snippet:-1, max-image-preview:large, max-video-preview:-1\" \/>\n<link rel=\"canonical\" href=\"https:\/\/figueras.com\/fr\/siege\/f1000\/\" \/>\n<meta property=\"og:locale\" content=\"fr_FR\" \/>\n<meta property=\"og:type\" content=\"article\" \/>\n<meta property=\"og:title\" content=\"F1000 | Si\u00e8ges Ergonomiques et Polyvalents\" \/>\n<meta property=\"og:description\" content=\"[wpdm_package id=&#039;23304&#039;]  [wpdm_package id=&#039;6962&#039;]  [wpdm_package id=&#039;6963&#039;]\" \/>\n<meta property=\"og:url\" content=\"https:\/\/figueras.com\/fr\/siege\/f1000\/\" \/>\n<meta property=\"og:site_name\" content=\"Figueras Seating\" \/>\n<meta property=\"article:modified_time\" content=\"2024-12-16T13:15:48+00:00\" \/>\n<meta property=\"og:image\" content=\"https:\/\/figueras.com\/wp-content\/uploads\/2023\/06\/F1000-1.jpg\" \/>\n\t<meta property=\"og:image:width\" content=\"610\" \/>\n\t<meta property=\"og:image:height\" content=\"810\" \/>\n\t<meta property=\"og:image:type\" content=\"image\/jpeg\" \/>\n<meta name=\"twitter:card\" content=\"summary_large_image\" \/>\n<meta name=\"twitter:label1\" content=\"Dur\u00e9e de lecture estim\u00e9e\" \/>\n\t<meta name=\"twitter:data1\" content=\"1 minute\" \/>\n<script type=\"application\/ld+json\" class=\"yoast-schema-graph\">{\"@context\":\"https:\\\/\\\/schema.org\",\"@graph\":[{\"@type\":\"WebPage\",\"@id\":\"https:\\\/\\\/figueras.com\\\/fr\\\/siege\\\/f1000\\\/\",\"url\":\"https:\\\/\\\/figueras.com\\\/fr\\\/siege\\\/f1000\\\/\",\"name\":\"F1000 | Si\u00e8ges Ergonomiques et Polyvalents\",\"isPartOf\":{\"@id\":\"https:\\\/\\\/figueras.com\\\/fr\\\/#website\"},\"primaryImageOfPage\":{\"@id\":\"https:\\\/\\\/figueras.com\\\/fr\\\/siege\\\/f1000\\\/#primaryimage\"},\"image\":{\"@id\":\"https:\\\/\\\/figueras.com\\\/fr\\\/siege\\\/f1000\\\/#primaryimage\"},\"thumbnailUrl\":\"https:\\\/\\\/figueras.com\\\/wp-content\\\/uploads\\\/2023\\\/06\\\/F1000-1.jpg\",\"datePublished\":\"2023-01-01T12:01:51+00:00\",\"dateModified\":\"2024-12-16T13:15:48+00:00\",\"breadcrumb\":{\"@id\":\"https:\\\/\\\/figueras.com\\\/fr\\\/siege\\\/f1000\\\/#breadcrumb\"},\"inLanguage\":\"fr-FR\",\"potentialAction\":[{\"@type\":\"ReadAction\",\"target\":[\"https:\\\/\\\/figueras.com\\\/fr\\\/siege\\\/f1000\\\/\"]}]},{\"@type\":\"ImageObject\",\"inLanguage\":\"fr-FR\",\"@id\":\"https:\\\/\\\/figueras.com\\\/fr\\\/siege\\\/f1000\\\/#primaryimage\",\"url\":\"https:\\\/\\\/figueras.com\\\/wp-content\\\/uploads\\\/2023\\\/06\\\/F1000-1.jpg\",\"contentUrl\":\"https:\\\/\\\/figueras.com\\\/wp-content\\\/uploads\\\/2023\\\/06\\\/F1000-1.jpg\",\"width\":610,\"height\":810,\"caption\":\"F1000 1\"},{\"@type\":\"BreadcrumbList\",\"@id\":\"https:\\\/\\\/figueras.com\\\/fr\\\/siege\\\/f1000\\\/#breadcrumb\",\"itemListElement\":[{\"@type\":\"ListItem\",\"position\":1,\"name\":\"Home\",\"item\":\"https:\\\/\\\/figueras.com\\\/fr\\\/\"},{\"@type\":\"ListItem\",\"position\":2,\"name\":\"Produits\",\"item\":\"https:\\\/\\\/figueras.com\\\/fr\\\/shop\\\/\"},{\"@type\":\"ListItem\",\"position\":3,\"name\":\"F1000\"}]},{\"@type\":\"WebSite\",\"@id\":\"https:\\\/\\\/figueras.com\\\/fr\\\/#website\",\"url\":\"https:\\\/\\\/figueras.com\\\/fr\\\/\",\"name\":\"Figueras Seating\",\"description\":\"\",\"publisher\":{\"@id\":\"https:\\\/\\\/figueras.com\\\/fr\\\/#organization\"},\"potentialAction\":[{\"@type\":\"SearchAction\",\"target\":{\"@type\":\"EntryPoint\",\"urlTemplate\":\"https:\\\/\\\/figueras.com\\\/fr\\\/?s={search_term_string}\"},\"query-input\":{\"@type\":\"PropertyValueSpecification\",\"valueRequired\":true,\"valueName\":\"search_term_string\"}}],\"inLanguage\":\"fr-FR\"},{\"@type\":\"Organization\",\"@id\":\"https:\\\/\\\/figueras.com\\\/fr\\\/#organization\",\"name\":\"Figueras International Seating, S.L.U.\",\"alternateName\":\"Figueras Seating\",\"url\":\"https:\\\/\\\/figueras.com\\\/fr\\\/\",\"logo\":{\"@type\":\"ImageObject\",\"inLanguage\":\"fr-FR\",\"@id\":\"https:\\\/\\\/figueras.com\\\/fr\\\/#\\\/schema\\\/logo\\\/image\\\/\",\"url\":\"https:\\\/\\\/figueras.com\\\/wp-content\\\/uploads\\\/2023\\\/04\\\/figueraslogoheader.png\",\"contentUrl\":\"https:\\\/\\\/figueras.com\\\/wp-content\\\/uploads\\\/2023\\\/04\\\/figueraslogoheader.png\",\"width\":739,\"height\":127,\"caption\":\"Figueras International Seating, S.L.U.\"},\"image\":{\"@id\":\"https:\\\/\\\/figueras.com\\\/fr\\\/#\\\/schema\\\/logo\\\/image\\\/\"},\"sameAs\":[\"https:\\\/\\\/www.linkedin.com\\\/company\\\/figuerasseating\\\/\",\"https:\\\/\\\/www.instagram.com\\\/figueras.seating\\\/\",\"https:\\\/\\\/vimeo.com\\\/figuerasseating\",\"https:\\\/\\\/es.pinterest.com\\\/figuerasint\\\/\"]}]}<\/script>\n<!-- \/ Yoast SEO plugin. -->","yoast_head_json":{"title":"F1000 | Si\u00e8ges Ergonomiques et Polyvalents","robots":{"index":"index","follow":"follow","max-snippet":"max-snippet:-1","max-image-preview":"max-image-preview:large","max-video-preview":"max-video-preview:-1"},"canonical":"https:\/\/figueras.com\/fr\/siege\/f1000\/","og_locale":"fr_FR","og_type":"article","og_title":"F1000 | Si\u00e8ges Ergonomiques et Polyvalents","og_description":"[wpdm_package id='23304']  [wpdm_package id='6962']  [wpdm_package id='6963']","og_url":"https:\/\/figueras.com\/fr\/siege\/f1000\/","og_site_name":"Figueras Seating","article_modified_time":"2024-12-16T13:15:48+00:00","og_image":[{"width":610,"height":810,"url":"https:\/\/figueras.com\/wp-content\/uploads\/2023\/06\/F1000-1.jpg","type":"image\/jpeg"}],"twitter_card":"summary_large_image","twitter_misc":{"Dur\u00e9e de lecture estim\u00e9e":"1 minute"},"schema":{"@context":"https:\/\/schema.org","@graph":[{"@type":"WebPage","@id":"https:\/\/figueras.com\/fr\/siege\/f1000\/","url":"https:\/\/figueras.com\/fr\/siege\/f1000\/","name":"F1000 | Si\u00e8ges Ergonomiques et Polyvalents","isPartOf":{"@id":"https:\/\/figueras.com\/fr\/#website"},"primaryImageOfPage":{"@id":"https:\/\/figueras.com\/fr\/siege\/f1000\/#primaryimage"},"image":{"@id":"https:\/\/figueras.com\/fr\/siege\/f1000\/#primaryimage"},"thumbnailUrl":"https:\/\/figueras.com\/wp-content\/uploads\/2023\/06\/F1000-1.jpg","datePublished":"2023-01-01T12:01:51+00:00","dateModified":"2024-12-16T13:15:48+00:00","breadcrumb":{"@id":"https:\/\/figueras.com\/fr\/siege\/f1000\/#breadcrumb"},"inLanguage":"fr-FR","potentialAction":[{"@type":"ReadAction","target":["https:\/\/figueras.com\/fr\/siege\/f1000\/"]}]},{"@type":"ImageObject","inLanguage":"fr-FR","@id":"https:\/\/figueras.com\/fr\/siege\/f1000\/#primaryimage","url":"https:\/\/figueras.com\/wp-content\/uploads\/2023\/06\/F1000-1.jpg","contentUrl":"https:\/\/figueras.com\/wp-content\/uploads\/2023\/06\/F1000-1.jpg","width":610,"height":810,"caption":"F1000 1"},{"@type":"BreadcrumbList","@id":"https:\/\/figueras.com\/fr\/siege\/f1000\/#breadcrumb","itemListElement":[{"@type":"ListItem","position":1,"name":"Home","item":"https:\/\/figueras.com\/fr\/"},{"@type":"ListItem","position":2,"name":"Produits","item":"https:\/\/figueras.com\/fr\/shop\/"},{"@type":"ListItem","position":3,"name":"F1000"}]},{"@type":"WebSite","@id":"https:\/\/figueras.com\/fr\/#website","url":"https:\/\/figueras.com\/fr\/","name":"Figueras Seating","description":"","publisher":{"@id":"https:\/\/figueras.com\/fr\/#organization"},"potentialAction":[{"@type":"SearchAction","target":{"@type":"EntryPoint","urlTemplate":"https:\/\/figueras.com\/fr\/?s={search_term_string}"},"query-input":{"@type":"PropertyValueSpecification","valueRequired":true,"valueName":"search_term_string"}}],"inLanguage":"fr-FR"},{"@type":"Organization","@id":"https:\/\/figueras.com\/fr\/#organization","name":"Figueras International Seating, S.L.U.","alternateName":"Figueras Seating","url":"https:\/\/figueras.com\/fr\/","logo":{"@type":"ImageObject","inLanguage":"fr-FR","@id":"https:\/\/figueras.com\/fr\/#\/schema\/logo\/image\/","url":"https:\/\/figueras.com\/wp-content\/uploads\/2023\/04\/figueraslogoheader.png","contentUrl":"https:\/\/figueras.com\/wp-content\/uploads\/2023\/04\/figueraslogoheader.png","width":739,"height":127,"caption":"Figueras International Seating, S.L.U."},"image":{"@id":"https:\/\/figueras.com\/fr\/#\/schema\/logo\/image\/"},"sameAs":["https:\/\/www.linkedin.com\/company\/figuerasseating\/","https:\/\/www.instagram.com\/figueras.seating\/","https:\/\/vimeo.com\/figuerasseating","https:\/\/es.pinterest.com\/figuerasint\/"]}]}},"_links":{"self":[{"href":"https:\/\/figueras.com\/fr\/wp-json\/wp\/v2\/product\/23879","targetHints":{"allow":["GET"]}}],"collection":[{"href":"https:\/\/figueras.com\/fr\/wp-json\/wp\/v2\/product"}],"about":[{"href":"https:\/\/figueras.com\/fr\/wp-json\/wp\/v2\/types\/product"}],"version-history":[{"count":0,"href":"https:\/\/figueras.com\/fr\/wp-json\/wp\/v2\/product\/23879\/revisions"}],"wp:featuredmedia":[{"embeddable":true,"href":"https:\/\/figueras.com\/fr\/wp-json\/wp\/v2\/media\/13279"}],"wp:attachment":[{"href":"https:\/\/figueras.com\/fr\/wp-json\/wp\/v2\/media?parent=23879"}],"wp:term":[{"taxonomy":"designer_tag","embeddable":true,"href":"https:\/\/figueras.com\/fr\/wp-json\/wp\/v2\/designer_tag?post=23879"},{"taxonomy":"system_rel_tag","embeddable":true,"href":"https:\/\/figueras.com\/fr\/wp-json\/wp\/v2\/system_rel_tag?post=23879"},{"taxonomy":"product_brand","embeddable":true,"href":"https:\/\/figueras.com\/fr\/wp-json\/wp\/v2\/product_brand?post=23879"},{"taxonomy":"product_cat","embeddable":true,"href":"https:\/\/figueras.com\/fr\/wp-json\/wp\/v2\/product_cat?post=23879"},{"taxonomy":"product_tag","embeddable":true,"href":"https:\/\/figueras.com\/fr\/wp-json\/wp\/v2\/product_tag?post=23879"}],"curies":[{"name":"wp","href":"https:\/\/api.w.org\/{rel}","templated":true}]}}