{"id":23877,"date":"2023-01-01T13:02:51","date_gmt":"2023-01-01T12:02:51","guid":{"rendered":"http:\/\/figueras.com\/seating\/f48\/"},"modified":"2025-09-11T17:42:37","modified_gmt":"2025-09-11T15:42:37","slug":"f48","status":"publish","type":"product","link":"https:\/\/figueras.com\/fr\/siege\/f48\/","title":{"rendered":"F48"},"content":{"rendered":"<p style=\"text-align: justify;\"><strong>La table F48 est un concept unique, l&rsquo;accessoire parfait pour transformer n&rsquo;importe quel si\u00e8ge en un authentique espace de travail. Cette grande table pliante \u00e0 usage individuel est une solution optimale pour les auditoriums, les salles de presse, les centres \u00e9ducatifs, les parlements et les espaces polyvalents.<\/strong><\/p>\n<p style=\"text-align: justify;\">Cette table individuelle de dimensions g\u00e9n\u00e9reuses (45&#215;35 cm) est fix\u00e9e au sol et, par cons\u00e9quent, totalement ind\u00e9pendante du si\u00e8ge en assurant une stabilit\u00e9 totale et jamais affect\u00e9e par le mouvement ou les vibrations provoqu\u00e9s lorsque le si\u00e8ge pr\u00e9c\u00e9dent est occup\u00e9.<\/p>\n<p style=\"text-align: justify;\">La table s&rsquo;ouvre par un simple mouvement intuitif de levage et de torsion. Gr\u00e2ce \u00e0 son syst\u00e8me de pliage anti-panique, la table se met en position repli\u00e9e avec le mouvement de l&rsquo;utilisateur qui sort du si\u00e8ge. Gr\u00e2ce \u00e0 ce syst\u00e8me de pliage, la salle peut \u00eatre rapidement \u00e9vacu\u00e9e et les all\u00e9es sont toujours d\u00e9gag\u00e9es. Son syst\u00e8me interne d&rsquo;absorption des chocs permet \u00e0 la table de revenir \u00e0 sa position initiale lente et silencieusement.<\/p>\n<p style=\"text-align: justify;\">La table est fix\u00e9e \u00e0 une colonne en aluminium extrud\u00e9. Les guides de d\u00e9placement lin\u00e9aire sont inclus dans la colonne et ne n\u00e9cessitent aucun entretien gr\u00e2ce \u00e0 l&rsquo;absence de ressorts.<\/p>\n<p style=\"text-align: justify;\">En option, elle peut incorporer une unit\u00e9 de communication (avec microphone, syst\u00e8me de vote, traducteur, syst\u00e8me de prise de courant et connexion de donn\u00e9es&#8230;) fabriqu\u00e9e en aluminium et fix\u00e9e dans la colonne centrale.<\/p>\n","protected":false},"excerpt":{"rendered":"<p>[wpdm_package id=&rsquo;23314&prime;]<\/p>\n<p>[wpdm_package id=&rsquo;6965&prime;]<\/p>\n<p>[wpdm_package id=&rsquo;6966&prime;]<\/p>\n","protected":false},"featured_media":13276,"template":"","meta":{"_acf_changed":false,"content-type":""},"designer_tag":[332],"system_rel_tag":[],"product_cat":[181,182,183,185,186,189,221,260,261],"product_tag":[502,505,511],"class_list":{"0":"post-23877","1":"product","2":"type-product","3":"status-publish","4":"has-post-thumbnail","6":"designer_tag-design-center-fr","7":"product_cat-seats-for-auditorium-and-conference-rooms-fr","8":"product_cat-seats-for-congress-centres-fr","9":"product_cat-seats-for-corporate-rooms-fr","10":"product_cat-seats-for-multi-purpose-spaces-fr","11":"product_cat-seats-for-parliaments-fr","12":"product_cat-seats-for-universities-and-schools-fr","13":"product_cat-seats-for-stadiums-and-arenas-fr","14":"product_cat-f48-fr","15":"product_cat-tables-fr","16":"product_tag-education-fr","17":"product_tag-sports-fr","18":"product_tag-publicum-fr","20":"first","21":"instock","22":"downloadable","23":"virtual","24":"product-type-simple"},"acf":[],"_links":{"self":[{"href":"https:\/\/figueras.com\/fr\/wp-json\/wp\/v2\/product\/23877","targetHints":{"allow":["GET"]}}],"collection":[{"href":"https:\/\/figueras.com\/fr\/wp-json\/wp\/v2\/product"}],"about":[{"href":"https:\/\/figueras.com\/fr\/wp-json\/wp\/v2\/types\/product"}],"version-history":[{"count":0,"href":"https:\/\/figueras.com\/fr\/wp-json\/wp\/v2\/product\/23877\/revisions"}],"wp:featuredmedia":[{"embeddable":true,"href":"https:\/\/figueras.com\/fr\/wp-json\/wp\/v2\/media\/13276"}],"wp:attachment":[{"href":"https:\/\/figueras.com\/fr\/wp-json\/wp\/v2\/media?parent=23877"}],"wp:term":[{"taxonomy":"designer_tag","embeddable":true,"href":"https:\/\/figueras.com\/fr\/wp-json\/wp\/v2\/designer_tag?post=23877"},{"taxonomy":"system_rel_tag","embeddable":true,"href":"https:\/\/figueras.com\/fr\/wp-json\/wp\/v2\/system_rel_tag?post=23877"},{"taxonomy":"product_cat","embeddable":true,"href":"https:\/\/figueras.com\/fr\/wp-json\/wp\/v2\/product_cat?post=23877"},{"taxonomy":"product_tag","embeddable":true,"href":"https:\/\/figueras.com\/fr\/wp-json\/wp\/v2\/product_tag?post=23877"}],"curies":[{"name":"wp","href":"https:\/\/api.w.org\/{rel}","templated":true}]}}