{"id":23875,"date":"2023-11-01T08:29:57","date_gmt":"2023-11-01T07:29:57","guid":{"rendered":"http:\/\/figueras.com\/seating\/tulipa-630\/"},"modified":"2025-09-11T16:28:10","modified_gmt":"2025-09-11T14:28:10","slug":"tulipa-630","status":"publish","type":"product","link":"https:\/\/figueras.com\/fr\/siege\/tulipa-630\/","title":{"rendered":"Tulipa 630"},"content":{"rendered":"<p style=\"text-align: justify;\"><strong>Le Tulipa 630 est une chaise basculante automatique con\u00e7ue pour les salles de conf\u00e9rence et les salles de r\u00e9union, qui facilite l&rsquo;optimisation de l&rsquo;espace.<\/strong><\/p>\n<p style=\"text-align: justify;\">Ce fauteuil \u00e9l\u00e9gant, avec ses accoudoirs et ses grandes dimensions, offre \u00e0 l&rsquo;utilisateur un niveau de confort \u00e9lev\u00e9. Gr\u00e2ce \u00e0 la conception particuli\u00e8re de son dossier, lorsque les chaises sont dispos\u00e9es en rang\u00e9es, nous obtenons une image de continuit\u00e9 qui rehausse l&rsquo;apparence du lieu.<\/p>\n<p style=\"text-align: justify;\">La caract\u00e9ristique principale de cette chaise est son syst\u00e8me d&rsquo;assise basculante qui garantit que le si\u00e8ge reste en position rabattue lorsqu&rsquo;il n&rsquo;est pas utilis\u00e9, ce qui rend le mouvement des utilisateurs entre les rang\u00e9es confortable et s\u00fbr. Gr\u00e2ce \u00e0 cette caract\u00e9ristique, la capacit\u00e9 de la salle peut \u00eatre augment\u00e9e jusqu&rsquo;\u00e0 15%.<\/p>\n<p style=\"text-align: justify;\">L&rsquo;assise et le dossier sont des pi\u00e8ces s\u00e9par\u00e9es, fabriqu\u00e9es en polypropyl\u00e8ne inject\u00e9. Toutes les structures sont en aluminium peint, ce qui les rend tr\u00e8s l\u00e9g\u00e8res et faciles \u00e0 manipuler. Diff\u00e9rentes finitions de tissu sont disponibles, telles que les tissus, le cuir ou le vinyle.\u00a0 La base du si\u00e8ge peut \u00eatre fix\u00e9e en position rabattue, ce qui en fait le si\u00e8ge id\u00e9al aussi pour les salons \u00e0 manger, les salles de r\u00e9union et de nombreux autres \u00e9v\u00e9nements.<\/p>\n<p style=\"text-align: justify;\">Il s&rsquo;agit d&rsquo;une chaise empilable, utilisant un minimum d&rsquo;espace de rangement. Chaque chaise est dot\u00e9e d&rsquo;un syst\u00e8me de liaison qui permet de construire des rang\u00e9es s\u00e9curis\u00e9es, facilitant ainsi la configuration du lieu en fonction de l&rsquo;\u00e9v\u00e9nement.<\/p>\n<p style=\"text-align: justify;\">Un syst\u00e8me de num\u00e9ration des rang\u00e9es et des si\u00e8ges est disponible.<\/p>\n","protected":false},"excerpt":{"rendered":"<p>[wpdm_package id=&rsquo;24601&prime;]<\/p>\n<p>[wpdm_package id=&rsquo;7274&prime;]<\/p>\n<p>[wpdm_package id=&rsquo;7275&prime;]<\/p>\n","protected":false},"featured_media":14098,"template":"","meta":{"_acf_changed":false,"content-type":""},"designer_tag":[],"system_rel_tag":[],"product_cat":[178,180,181,183,189,190,258],"product_tag":[502,511],"class_list":{"0":"post-23875","1":"product","2":"type-product","3":"status-publish","4":"has-post-thumbnail","6":"product_cat-education-fr","7":"product_cat-publicum-fr","8":"product_cat-seats-for-auditorium-and-conference-rooms-fr","9":"product_cat-seats-for-corporate-rooms-fr","10":"product_cat-seats-for-universities-and-schools-fr","11":"product_cat-seats-for-worship-and-religious-centres-fr","12":"product_cat-tulipa-fr","13":"product_tag-education-fr","14":"product_tag-publicum-fr","16":"first","17":"instock","18":"downloadable","19":"virtual","20":"product-type-simple"},"acf":[],"yoast_head":"<!-- This site is optimized with the Yoast SEO plugin v27.4 - https:\/\/yoast.com\/product\/yoast-seo-wordpress\/ -->\n<title>Tulipa 630 | Si\u00e8ges Iconiques et Design \u00c9l\u00e9gant<\/title>\n<meta name=\"description\" content=\"Tulipa 630 de Figueras : si\u00e8ge \u00e9l\u00e9gant pour auditoriums et th\u00e9\u00e2tres, ergonomie soign\u00e9e, mat\u00e9riaux durables et options personnalisables haut de gamme.\" \/>\n<meta name=\"robots\" content=\"index, follow, max-snippet:-1, max-image-preview:large, max-video-preview:-1\" \/>\n<link rel=\"canonical\" href=\"https:\/\/figueras.com\/fr\/siege\/tulipa-630\/\" \/>\n<meta property=\"og:locale\" content=\"fr_FR\" \/>\n<meta property=\"og:type\" content=\"article\" \/>\n<meta property=\"og:title\" content=\"Tulipa 630 | Si\u00e8ges Iconiques et Design \u00c9l\u00e9gant\" \/>\n<meta property=\"og:description\" content=\"Tulipa 630 de Figueras : si\u00e8ge \u00e9l\u00e9gant pour auditoriums et th\u00e9\u00e2tres, ergonomie soign\u00e9e, mat\u00e9riaux durables et options personnalisables haut de gamme.\" \/>\n<meta property=\"og:url\" content=\"https:\/\/figueras.com\/fr\/siege\/tulipa-630\/\" \/>\n<meta property=\"og:site_name\" content=\"Figueras Seating\" \/>\n<meta property=\"article:modified_time\" content=\"2025-09-11T14:28:10+00:00\" \/>\n<meta property=\"og:image\" content=\"https:\/\/figueras.com\/wp-content\/uploads\/2023\/07\/HR_630_Tulipa_Silver_03.jpg\" \/>\n\t<meta property=\"og:image:width\" content=\"610\" \/>\n\t<meta property=\"og:image:height\" content=\"810\" \/>\n\t<meta property=\"og:image:type\" content=\"image\/jpeg\" \/>\n<meta name=\"twitter:card\" content=\"summary_large_image\" \/>\n<meta name=\"twitter:label1\" content=\"Dur\u00e9e de lecture estim\u00e9e\" \/>\n\t<meta name=\"twitter:data1\" content=\"2 minutes\" \/>\n<script type=\"application\/ld+json\" class=\"yoast-schema-graph\">{\"@context\":\"https:\\\/\\\/schema.org\",\"@graph\":[{\"@type\":\"WebPage\",\"@id\":\"https:\\\/\\\/figueras.com\\\/fr\\\/siege\\\/tulipa-630\\\/\",\"url\":\"https:\\\/\\\/figueras.com\\\/fr\\\/siege\\\/tulipa-630\\\/\",\"name\":\"Tulipa 630 | Si\u00e8ges Iconiques et Design \u00c9l\u00e9gant\",\"isPartOf\":{\"@id\":\"https:\\\/\\\/figueras.com\\\/fr\\\/#website\"},\"primaryImageOfPage\":{\"@id\":\"https:\\\/\\\/figueras.com\\\/fr\\\/siege\\\/tulipa-630\\\/#primaryimage\"},\"image\":{\"@id\":\"https:\\\/\\\/figueras.com\\\/fr\\\/siege\\\/tulipa-630\\\/#primaryimage\"},\"thumbnailUrl\":\"https:\\\/\\\/figueras.com\\\/wp-content\\\/uploads\\\/2023\\\/07\\\/HR_630_Tulipa_Silver_03.jpg\",\"datePublished\":\"2023-11-01T07:29:57+00:00\",\"dateModified\":\"2025-09-11T14:28:10+00:00\",\"description\":\"Tulipa 630 de Figueras : si\u00e8ge \u00e9l\u00e9gant pour auditoriums et th\u00e9\u00e2tres, ergonomie soign\u00e9e, mat\u00e9riaux durables et options personnalisables haut de gamme.\",\"breadcrumb\":{\"@id\":\"https:\\\/\\\/figueras.com\\\/fr\\\/siege\\\/tulipa-630\\\/#breadcrumb\"},\"inLanguage\":\"fr-FR\",\"potentialAction\":[{\"@type\":\"ReadAction\",\"target\":[\"https:\\\/\\\/figueras.com\\\/fr\\\/siege\\\/tulipa-630\\\/\"]}]},{\"@type\":\"ImageObject\",\"inLanguage\":\"fr-FR\",\"@id\":\"https:\\\/\\\/figueras.com\\\/fr\\\/siege\\\/tulipa-630\\\/#primaryimage\",\"url\":\"https:\\\/\\\/figueras.com\\\/wp-content\\\/uploads\\\/2023\\\/07\\\/HR_630_Tulipa_Silver_03.jpg\",\"contentUrl\":\"https:\\\/\\\/figueras.com\\\/wp-content\\\/uploads\\\/2023\\\/07\\\/HR_630_Tulipa_Silver_03.jpg\",\"width\":610,\"height\":810,\"caption\":\"HR 630 Tulipa Silver 03\"},{\"@type\":\"BreadcrumbList\",\"@id\":\"https:\\\/\\\/figueras.com\\\/fr\\\/siege\\\/tulipa-630\\\/#breadcrumb\",\"itemListElement\":[{\"@type\":\"ListItem\",\"position\":1,\"name\":\"Home\",\"item\":\"https:\\\/\\\/figueras.com\\\/fr\\\/\"},{\"@type\":\"ListItem\",\"position\":2,\"name\":\"Produits\",\"item\":\"https:\\\/\\\/figueras.com\\\/fr\\\/shop\\\/\"},{\"@type\":\"ListItem\",\"position\":3,\"name\":\"Tulipa 630\"}]},{\"@type\":\"WebSite\",\"@id\":\"https:\\\/\\\/figueras.com\\\/fr\\\/#website\",\"url\":\"https:\\\/\\\/figueras.com\\\/fr\\\/\",\"name\":\"Figueras Seating\",\"description\":\"\",\"publisher\":{\"@id\":\"https:\\\/\\\/figueras.com\\\/fr\\\/#organization\"},\"potentialAction\":[{\"@type\":\"SearchAction\",\"target\":{\"@type\":\"EntryPoint\",\"urlTemplate\":\"https:\\\/\\\/figueras.com\\\/fr\\\/?s={search_term_string}\"},\"query-input\":{\"@type\":\"PropertyValueSpecification\",\"valueRequired\":true,\"valueName\":\"search_term_string\"}}],\"inLanguage\":\"fr-FR\"},{\"@type\":\"Organization\",\"@id\":\"https:\\\/\\\/figueras.com\\\/fr\\\/#organization\",\"name\":\"Figueras International Seating, S.L.U.\",\"alternateName\":\"Figueras Seating\",\"url\":\"https:\\\/\\\/figueras.com\\\/fr\\\/\",\"logo\":{\"@type\":\"ImageObject\",\"inLanguage\":\"fr-FR\",\"@id\":\"https:\\\/\\\/figueras.com\\\/fr\\\/#\\\/schema\\\/logo\\\/image\\\/\",\"url\":\"https:\\\/\\\/figueras.com\\\/wp-content\\\/uploads\\\/2023\\\/04\\\/figueraslogoheader.png\",\"contentUrl\":\"https:\\\/\\\/figueras.com\\\/wp-content\\\/uploads\\\/2023\\\/04\\\/figueraslogoheader.png\",\"width\":739,\"height\":127,\"caption\":\"Figueras International Seating, S.L.U.\"},\"image\":{\"@id\":\"https:\\\/\\\/figueras.com\\\/fr\\\/#\\\/schema\\\/logo\\\/image\\\/\"},\"sameAs\":[\"https:\\\/\\\/www.linkedin.com\\\/company\\\/figuerasseating\\\/\",\"https:\\\/\\\/www.instagram.com\\\/figueras.seating\\\/\",\"https:\\\/\\\/vimeo.com\\\/figuerasseating\",\"https:\\\/\\\/es.pinterest.com\\\/figuerasint\\\/\"]}]}<\/script>\n<!-- \/ Yoast SEO plugin. -->","yoast_head_json":{"title":"Tulipa 630 | Si\u00e8ges Iconiques et Design \u00c9l\u00e9gant","description":"Tulipa 630 de Figueras : si\u00e8ge \u00e9l\u00e9gant pour auditoriums et th\u00e9\u00e2tres, ergonomie soign\u00e9e, mat\u00e9riaux durables et options personnalisables haut de gamme.","robots":{"index":"index","follow":"follow","max-snippet":"max-snippet:-1","max-image-preview":"max-image-preview:large","max-video-preview":"max-video-preview:-1"},"canonical":"https:\/\/figueras.com\/fr\/siege\/tulipa-630\/","og_locale":"fr_FR","og_type":"article","og_title":"Tulipa 630 | Si\u00e8ges Iconiques et Design \u00c9l\u00e9gant","og_description":"Tulipa 630 de Figueras : si\u00e8ge \u00e9l\u00e9gant pour auditoriums et th\u00e9\u00e2tres, ergonomie soign\u00e9e, mat\u00e9riaux durables et options personnalisables haut de gamme.","og_url":"https:\/\/figueras.com\/fr\/siege\/tulipa-630\/","og_site_name":"Figueras Seating","article_modified_time":"2025-09-11T14:28:10+00:00","og_image":[{"width":610,"height":810,"url":"https:\/\/figueras.com\/wp-content\/uploads\/2023\/07\/HR_630_Tulipa_Silver_03.jpg","type":"image\/jpeg"}],"twitter_card":"summary_large_image","twitter_misc":{"Dur\u00e9e de lecture estim\u00e9e":"2 minutes"},"schema":{"@context":"https:\/\/schema.org","@graph":[{"@type":"WebPage","@id":"https:\/\/figueras.com\/fr\/siege\/tulipa-630\/","url":"https:\/\/figueras.com\/fr\/siege\/tulipa-630\/","name":"Tulipa 630 | Si\u00e8ges Iconiques et Design \u00c9l\u00e9gant","isPartOf":{"@id":"https:\/\/figueras.com\/fr\/#website"},"primaryImageOfPage":{"@id":"https:\/\/figueras.com\/fr\/siege\/tulipa-630\/#primaryimage"},"image":{"@id":"https:\/\/figueras.com\/fr\/siege\/tulipa-630\/#primaryimage"},"thumbnailUrl":"https:\/\/figueras.com\/wp-content\/uploads\/2023\/07\/HR_630_Tulipa_Silver_03.jpg","datePublished":"2023-11-01T07:29:57+00:00","dateModified":"2025-09-11T14:28:10+00:00","description":"Tulipa 630 de Figueras : si\u00e8ge \u00e9l\u00e9gant pour auditoriums et th\u00e9\u00e2tres, ergonomie soign\u00e9e, mat\u00e9riaux durables et options personnalisables haut de gamme.","breadcrumb":{"@id":"https:\/\/figueras.com\/fr\/siege\/tulipa-630\/#breadcrumb"},"inLanguage":"fr-FR","potentialAction":[{"@type":"ReadAction","target":["https:\/\/figueras.com\/fr\/siege\/tulipa-630\/"]}]},{"@type":"ImageObject","inLanguage":"fr-FR","@id":"https:\/\/figueras.com\/fr\/siege\/tulipa-630\/#primaryimage","url":"https:\/\/figueras.com\/wp-content\/uploads\/2023\/07\/HR_630_Tulipa_Silver_03.jpg","contentUrl":"https:\/\/figueras.com\/wp-content\/uploads\/2023\/07\/HR_630_Tulipa_Silver_03.jpg","width":610,"height":810,"caption":"HR 630 Tulipa Silver 03"},{"@type":"BreadcrumbList","@id":"https:\/\/figueras.com\/fr\/siege\/tulipa-630\/#breadcrumb","itemListElement":[{"@type":"ListItem","position":1,"name":"Home","item":"https:\/\/figueras.com\/fr\/"},{"@type":"ListItem","position":2,"name":"Produits","item":"https:\/\/figueras.com\/fr\/shop\/"},{"@type":"ListItem","position":3,"name":"Tulipa 630"}]},{"@type":"WebSite","@id":"https:\/\/figueras.com\/fr\/#website","url":"https:\/\/figueras.com\/fr\/","name":"Figueras Seating","description":"","publisher":{"@id":"https:\/\/figueras.com\/fr\/#organization"},"potentialAction":[{"@type":"SearchAction","target":{"@type":"EntryPoint","urlTemplate":"https:\/\/figueras.com\/fr\/?s={search_term_string}"},"query-input":{"@type":"PropertyValueSpecification","valueRequired":true,"valueName":"search_term_string"}}],"inLanguage":"fr-FR"},{"@type":"Organization","@id":"https:\/\/figueras.com\/fr\/#organization","name":"Figueras International Seating, S.L.U.","alternateName":"Figueras Seating","url":"https:\/\/figueras.com\/fr\/","logo":{"@type":"ImageObject","inLanguage":"fr-FR","@id":"https:\/\/figueras.com\/fr\/#\/schema\/logo\/image\/","url":"https:\/\/figueras.com\/wp-content\/uploads\/2023\/04\/figueraslogoheader.png","contentUrl":"https:\/\/figueras.com\/wp-content\/uploads\/2023\/04\/figueraslogoheader.png","width":739,"height":127,"caption":"Figueras International Seating, S.L.U."},"image":{"@id":"https:\/\/figueras.com\/fr\/#\/schema\/logo\/image\/"},"sameAs":["https:\/\/www.linkedin.com\/company\/figuerasseating\/","https:\/\/www.instagram.com\/figueras.seating\/","https:\/\/vimeo.com\/figuerasseating","https:\/\/es.pinterest.com\/figuerasint\/"]}]}},"_links":{"self":[{"href":"https:\/\/figueras.com\/fr\/wp-json\/wp\/v2\/product\/23875","targetHints":{"allow":["GET"]}}],"collection":[{"href":"https:\/\/figueras.com\/fr\/wp-json\/wp\/v2\/product"}],"about":[{"href":"https:\/\/figueras.com\/fr\/wp-json\/wp\/v2\/types\/product"}],"version-history":[{"count":0,"href":"https:\/\/figueras.com\/fr\/wp-json\/wp\/v2\/product\/23875\/revisions"}],"wp:featuredmedia":[{"embeddable":true,"href":"https:\/\/figueras.com\/fr\/wp-json\/wp\/v2\/media\/14098"}],"wp:attachment":[{"href":"https:\/\/figueras.com\/fr\/wp-json\/wp\/v2\/media?parent=23875"}],"wp:term":[{"taxonomy":"designer_tag","embeddable":true,"href":"https:\/\/figueras.com\/fr\/wp-json\/wp\/v2\/designer_tag?post=23875"},{"taxonomy":"system_rel_tag","embeddable":true,"href":"https:\/\/figueras.com\/fr\/wp-json\/wp\/v2\/system_rel_tag?post=23875"},{"taxonomy":"product_cat","embeddable":true,"href":"https:\/\/figueras.com\/fr\/wp-json\/wp\/v2\/product_cat?post=23875"},{"taxonomy":"product_tag","embeddable":true,"href":"https:\/\/figueras.com\/fr\/wp-json\/wp\/v2\/product_tag?post=23875"}],"curies":[{"name":"wp","href":"https:\/\/api.w.org\/{rel}","templated":true}]}}