{"id":23873,"date":"2023-11-01T08:37:51","date_gmt":"2023-11-01T07:37:51","guid":{"rendered":"http:\/\/figueras.com\/seating\/delta-433\/"},"modified":"2024-12-16T14:30:50","modified_gmt":"2024-12-16T13:30:50","slug":"delta-433","status":"publish","type":"product","link":"https:\/\/figueras.com\/fr\/siege\/delta-433\/","title":{"rendered":"Delta 433"},"content":{"rendered":"<p style=\"text-align: justify;\"><strong>Le Delta 433 est un banc d&rsquo;accueil avec des si\u00e8ges individuels qui r\u00e9pondent aux besoins sp\u00e9cifiques d&rsquo;\u00e9quipement des salles d&rsquo;attente.<\/strong><\/p>\n<p style=\"text-align: justify;\">Cette banquette modulaire, mont\u00e9e sur barre, se distingue par son confort, car l&rsquo;assise et le dossier sont en deux parties distinctes, ce qui permet une posture optimale du corps \u00e0 tout moment, \u00e9tant parfait m\u00eame pour de longues p\u00e9riodes d&rsquo;assise.<\/p>\n<p style=\"text-align: justify;\">La caract\u00e9ristique principale de la Delta 433 est le syst\u00e8me de si\u00e8ge basculant.\u00a0 Ce m\u00e9canisme, qui est une caract\u00e9ristique standard de ce mod\u00e8le, garantit que le si\u00e8ge reste repli\u00e9 lorsqu&rsquo;il n&rsquo;est pas utilis\u00e9. Les utilisateurs pourront se d\u00e9placer librement d&rsquo;une rang\u00e9e \u00e0 l&rsquo;autre, avec le confort et la s\u00e9curit\u00e9 accrus que cela implique. Si vous le souhaitez, la base du si\u00e8ge peut \u00eatre fix\u00e9e en position rabattue.<\/p>\n<p style=\"text-align: justify;\">Cette banquette avec accoudoirs est le parfait m\u00e9lange de fonctionnalit\u00e9, de confort \u00e9lev\u00e9 et de design. L&rsquo;assise et le dossier sont en polypropyl\u00e8ne inject\u00e9 textur\u00e9 de diff\u00e9rentes couleurs ou peuvent \u00eatre rembourr\u00e9s en tissu, en cuir naturel ou en vinyle. La structure est en acier tubulaire, ce qui en fait une solution d&rsquo;assise robuste et stable, parfaite pour les salles \u00e0 forte fr\u00e9quentation, o\u00f9 les utilisateurs vont et viennent continuellement. C&rsquo;est \u00e9galement une excellente solution pour les salles de conf\u00e9rence, car nous pouvons trouver des bancs de 3, 4 ou 5 places, r\u00e9glables en fonction de la configuration de la salle.\u00a0 En option, un pupitre peut \u00eatre incorpor\u00e9.<\/p>\n<p style=\"text-align: justify;\">Ce banc peut \u00e9galement \u00eatre install\u00e9 sans ancrage fixe au sol. Le <strong>Delta 433 L<\/strong> est la meilleure solution pour ceux qui pr\u00e9f\u00e8rent un banc non fixe. Ce mod\u00e8le se distingue par une option plus flexible qui permet de cr\u00e9er diff\u00e9rentes configurations de l&rsquo;espace, r\u00e9pondant facilement aux besoins de tout type d&rsquo;\u00e9v\u00e9nement ou d&rsquo;activit\u00e9. Le si\u00e8ge de ce mod\u00e8le est toujours en position ouverte.<\/p>\n","protected":false},"excerpt":{"rendered":"<p>[wpdm_package id=&rsquo;23290&prime;]<\/p>\n<p>[wpdm_package id=&rsquo;6956&prime;]<\/p>\n<p>[wpdm_package id=&rsquo;23294&prime;]<\/p>\n<p>[wpdm_package id=&rsquo;6957&prime;]<\/p>\n","protected":false},"featured_media":21177,"template":"","meta":{"_acf_changed":false,"content-type":""},"designer_tag":[485],"system_rel_tag":[],"product_cat":[178,180,181,189,216,256],"product_tag":[502,511],"class_list":{"0":"post-23873","1":"product","2":"type-product","3":"status-publish","4":"has-post-thumbnail","6":"designer_tag-llusca-design-fr","7":"product_cat-education-fr","8":"product_cat-publicum-fr","9":"product_cat-seats-for-auditorium-and-conference-rooms-fr","10":"product_cat-seats-for-universities-and-schools-fr","11":"product_cat-seats-for-waiting-areas-fr","12":"product_cat-delta-fr","13":"product_tag-education-fr","14":"product_tag-publicum-fr","16":"first","17":"instock","18":"downloadable","19":"virtual","20":"product-type-simple"},"acf":[],"yoast_head":"<!-- This site is optimized with the Yoast SEO plugin v27.4 - https:\/\/yoast.com\/product\/yoast-seo-wordpress\/ -->\n<title>Delta 433 - Figueras Seating (FR)<\/title>\n<meta name=\"robots\" content=\"index, follow, max-snippet:-1, max-image-preview:large, max-video-preview:-1\" \/>\n<link rel=\"canonical\" href=\"https:\/\/figueras.com\/fr\/siege\/delta-433\/\" \/>\n<meta property=\"og:locale\" content=\"fr_FR\" \/>\n<meta property=\"og:type\" content=\"article\" \/>\n<meta property=\"og:title\" content=\"Delta 433 - Figueras Seating (FR)\" \/>\n<meta property=\"og:description\" content=\"[wpdm_package id=&#039;23290&#039;]  [wpdm_package id=&#039;6956&#039;]  [wpdm_package id=&#039;23294&#039;]  [wpdm_package id=&#039;6957&#039;]\" \/>\n<meta property=\"og:url\" content=\"https:\/\/figueras.com\/fr\/siege\/delta-433\/\" \/>\n<meta property=\"og:site_name\" content=\"Figueras Seating\" \/>\n<meta property=\"article:modified_time\" content=\"2024-12-16T13:30:50+00:00\" \/>\n<meta property=\"og:image\" content=\"https:\/\/figueras.com\/wp-content\/uploads\/2023\/07\/Delta-433_Josep-Llusca-1.png\" \/>\n\t<meta property=\"og:image:width\" content=\"1134\" \/>\n\t<meta property=\"og:image:height\" content=\"1600\" \/>\n\t<meta property=\"og:image:type\" content=\"image\/png\" \/>\n<meta name=\"twitter:card\" content=\"summary_large_image\" \/>\n<meta name=\"twitter:label1\" content=\"Dur\u00e9e de lecture estim\u00e9e\" \/>\n\t<meta name=\"twitter:data1\" content=\"2 minutes\" \/>\n<script type=\"application\/ld+json\" class=\"yoast-schema-graph\">{\"@context\":\"https:\\\/\\\/schema.org\",\"@graph\":[{\"@type\":\"WebPage\",\"@id\":\"https:\\\/\\\/figueras.com\\\/fr\\\/siege\\\/delta-433\\\/\",\"url\":\"https:\\\/\\\/figueras.com\\\/fr\\\/siege\\\/delta-433\\\/\",\"name\":\"Delta 433 - Figueras Seating (FR)\",\"isPartOf\":{\"@id\":\"https:\\\/\\\/figueras.com\\\/fr\\\/#website\"},\"primaryImageOfPage\":{\"@id\":\"https:\\\/\\\/figueras.com\\\/fr\\\/siege\\\/delta-433\\\/#primaryimage\"},\"image\":{\"@id\":\"https:\\\/\\\/figueras.com\\\/fr\\\/siege\\\/delta-433\\\/#primaryimage\"},\"thumbnailUrl\":\"https:\\\/\\\/figueras.com\\\/wp-content\\\/uploads\\\/2023\\\/07\\\/Delta-433_Josep-Llusca-1.png\",\"datePublished\":\"2023-11-01T07:37:51+00:00\",\"dateModified\":\"2024-12-16T13:30:50+00:00\",\"breadcrumb\":{\"@id\":\"https:\\\/\\\/figueras.com\\\/fr\\\/siege\\\/delta-433\\\/#breadcrumb\"},\"inLanguage\":\"fr-FR\",\"potentialAction\":[{\"@type\":\"ReadAction\",\"target\":[\"https:\\\/\\\/figueras.com\\\/fr\\\/siege\\\/delta-433\\\/\"]}]},{\"@type\":\"ImageObject\",\"inLanguage\":\"fr-FR\",\"@id\":\"https:\\\/\\\/figueras.com\\\/fr\\\/siege\\\/delta-433\\\/#primaryimage\",\"url\":\"https:\\\/\\\/figueras.com\\\/wp-content\\\/uploads\\\/2023\\\/07\\\/Delta-433_Josep-Llusca-1.png\",\"contentUrl\":\"https:\\\/\\\/figueras.com\\\/wp-content\\\/uploads\\\/2023\\\/07\\\/Delta-433_Josep-Llusca-1.png\",\"width\":1134,\"height\":1600,\"caption\":\"Delta 433 Josep Llusca 1\"},{\"@type\":\"BreadcrumbList\",\"@id\":\"https:\\\/\\\/figueras.com\\\/fr\\\/siege\\\/delta-433\\\/#breadcrumb\",\"itemListElement\":[{\"@type\":\"ListItem\",\"position\":1,\"name\":\"Home\",\"item\":\"https:\\\/\\\/figueras.com\\\/fr\\\/\"},{\"@type\":\"ListItem\",\"position\":2,\"name\":\"Produits\",\"item\":\"https:\\\/\\\/figueras.com\\\/fr\\\/shop\\\/\"},{\"@type\":\"ListItem\",\"position\":3,\"name\":\"Delta 433\"}]},{\"@type\":\"WebSite\",\"@id\":\"https:\\\/\\\/figueras.com\\\/fr\\\/#website\",\"url\":\"https:\\\/\\\/figueras.com\\\/fr\\\/\",\"name\":\"Figueras Seating\",\"description\":\"\",\"publisher\":{\"@id\":\"https:\\\/\\\/figueras.com\\\/fr\\\/#organization\"},\"potentialAction\":[{\"@type\":\"SearchAction\",\"target\":{\"@type\":\"EntryPoint\",\"urlTemplate\":\"https:\\\/\\\/figueras.com\\\/fr\\\/?s={search_term_string}\"},\"query-input\":{\"@type\":\"PropertyValueSpecification\",\"valueRequired\":true,\"valueName\":\"search_term_string\"}}],\"inLanguage\":\"fr-FR\"},{\"@type\":\"Organization\",\"@id\":\"https:\\\/\\\/figueras.com\\\/fr\\\/#organization\",\"name\":\"Figueras International Seating, S.L.U.\",\"alternateName\":\"Figueras Seating\",\"url\":\"https:\\\/\\\/figueras.com\\\/fr\\\/\",\"logo\":{\"@type\":\"ImageObject\",\"inLanguage\":\"fr-FR\",\"@id\":\"https:\\\/\\\/figueras.com\\\/fr\\\/#\\\/schema\\\/logo\\\/image\\\/\",\"url\":\"https:\\\/\\\/figueras.com\\\/wp-content\\\/uploads\\\/2023\\\/04\\\/figueraslogoheader.png\",\"contentUrl\":\"https:\\\/\\\/figueras.com\\\/wp-content\\\/uploads\\\/2023\\\/04\\\/figueraslogoheader.png\",\"width\":739,\"height\":127,\"caption\":\"Figueras International Seating, S.L.U.\"},\"image\":{\"@id\":\"https:\\\/\\\/figueras.com\\\/fr\\\/#\\\/schema\\\/logo\\\/image\\\/\"},\"sameAs\":[\"https:\\\/\\\/www.linkedin.com\\\/company\\\/figuerasseating\\\/\",\"https:\\\/\\\/www.instagram.com\\\/figueras.seating\\\/\",\"https:\\\/\\\/vimeo.com\\\/figuerasseating\",\"https:\\\/\\\/es.pinterest.com\\\/figuerasint\\\/\"]}]}<\/script>\n<!-- \/ Yoast SEO plugin. -->","yoast_head_json":{"title":"Delta 433 - Figueras Seating (FR)","robots":{"index":"index","follow":"follow","max-snippet":"max-snippet:-1","max-image-preview":"max-image-preview:large","max-video-preview":"max-video-preview:-1"},"canonical":"https:\/\/figueras.com\/fr\/siege\/delta-433\/","og_locale":"fr_FR","og_type":"article","og_title":"Delta 433 - Figueras Seating (FR)","og_description":"[wpdm_package id='23290']  [wpdm_package id='6956']  [wpdm_package id='23294']  [wpdm_package id='6957']","og_url":"https:\/\/figueras.com\/fr\/siege\/delta-433\/","og_site_name":"Figueras Seating","article_modified_time":"2024-12-16T13:30:50+00:00","og_image":[{"width":1134,"height":1600,"url":"https:\/\/figueras.com\/wp-content\/uploads\/2023\/07\/Delta-433_Josep-Llusca-1.png","type":"image\/png"}],"twitter_card":"summary_large_image","twitter_misc":{"Dur\u00e9e de lecture estim\u00e9e":"2 minutes"},"schema":{"@context":"https:\/\/schema.org","@graph":[{"@type":"WebPage","@id":"https:\/\/figueras.com\/fr\/siege\/delta-433\/","url":"https:\/\/figueras.com\/fr\/siege\/delta-433\/","name":"Delta 433 - Figueras Seating (FR)","isPartOf":{"@id":"https:\/\/figueras.com\/fr\/#website"},"primaryImageOfPage":{"@id":"https:\/\/figueras.com\/fr\/siege\/delta-433\/#primaryimage"},"image":{"@id":"https:\/\/figueras.com\/fr\/siege\/delta-433\/#primaryimage"},"thumbnailUrl":"https:\/\/figueras.com\/wp-content\/uploads\/2023\/07\/Delta-433_Josep-Llusca-1.png","datePublished":"2023-11-01T07:37:51+00:00","dateModified":"2024-12-16T13:30:50+00:00","breadcrumb":{"@id":"https:\/\/figueras.com\/fr\/siege\/delta-433\/#breadcrumb"},"inLanguage":"fr-FR","potentialAction":[{"@type":"ReadAction","target":["https:\/\/figueras.com\/fr\/siege\/delta-433\/"]}]},{"@type":"ImageObject","inLanguage":"fr-FR","@id":"https:\/\/figueras.com\/fr\/siege\/delta-433\/#primaryimage","url":"https:\/\/figueras.com\/wp-content\/uploads\/2023\/07\/Delta-433_Josep-Llusca-1.png","contentUrl":"https:\/\/figueras.com\/wp-content\/uploads\/2023\/07\/Delta-433_Josep-Llusca-1.png","width":1134,"height":1600,"caption":"Delta 433 Josep Llusca 1"},{"@type":"BreadcrumbList","@id":"https:\/\/figueras.com\/fr\/siege\/delta-433\/#breadcrumb","itemListElement":[{"@type":"ListItem","position":1,"name":"Home","item":"https:\/\/figueras.com\/fr\/"},{"@type":"ListItem","position":2,"name":"Produits","item":"https:\/\/figueras.com\/fr\/shop\/"},{"@type":"ListItem","position":3,"name":"Delta 433"}]},{"@type":"WebSite","@id":"https:\/\/figueras.com\/fr\/#website","url":"https:\/\/figueras.com\/fr\/","name":"Figueras Seating","description":"","publisher":{"@id":"https:\/\/figueras.com\/fr\/#organization"},"potentialAction":[{"@type":"SearchAction","target":{"@type":"EntryPoint","urlTemplate":"https:\/\/figueras.com\/fr\/?s={search_term_string}"},"query-input":{"@type":"PropertyValueSpecification","valueRequired":true,"valueName":"search_term_string"}}],"inLanguage":"fr-FR"},{"@type":"Organization","@id":"https:\/\/figueras.com\/fr\/#organization","name":"Figueras International Seating, S.L.U.","alternateName":"Figueras Seating","url":"https:\/\/figueras.com\/fr\/","logo":{"@type":"ImageObject","inLanguage":"fr-FR","@id":"https:\/\/figueras.com\/fr\/#\/schema\/logo\/image\/","url":"https:\/\/figueras.com\/wp-content\/uploads\/2023\/04\/figueraslogoheader.png","contentUrl":"https:\/\/figueras.com\/wp-content\/uploads\/2023\/04\/figueraslogoheader.png","width":739,"height":127,"caption":"Figueras International Seating, S.L.U."},"image":{"@id":"https:\/\/figueras.com\/fr\/#\/schema\/logo\/image\/"},"sameAs":["https:\/\/www.linkedin.com\/company\/figuerasseating\/","https:\/\/www.instagram.com\/figueras.seating\/","https:\/\/vimeo.com\/figuerasseating","https:\/\/es.pinterest.com\/figuerasint\/"]}]}},"_links":{"self":[{"href":"https:\/\/figueras.com\/fr\/wp-json\/wp\/v2\/product\/23873","targetHints":{"allow":["GET"]}}],"collection":[{"href":"https:\/\/figueras.com\/fr\/wp-json\/wp\/v2\/product"}],"about":[{"href":"https:\/\/figueras.com\/fr\/wp-json\/wp\/v2\/types\/product"}],"version-history":[{"count":0,"href":"https:\/\/figueras.com\/fr\/wp-json\/wp\/v2\/product\/23873\/revisions"}],"wp:featuredmedia":[{"embeddable":true,"href":"https:\/\/figueras.com\/fr\/wp-json\/wp\/v2\/media\/21177"}],"wp:attachment":[{"href":"https:\/\/figueras.com\/fr\/wp-json\/wp\/v2\/media?parent=23873"}],"wp:term":[{"taxonomy":"designer_tag","embeddable":true,"href":"https:\/\/figueras.com\/fr\/wp-json\/wp\/v2\/designer_tag?post=23873"},{"taxonomy":"system_rel_tag","embeddable":true,"href":"https:\/\/figueras.com\/fr\/wp-json\/wp\/v2\/system_rel_tag?post=23873"},{"taxonomy":"product_cat","embeddable":true,"href":"https:\/\/figueras.com\/fr\/wp-json\/wp\/v2\/product_cat?post=23873"},{"taxonomy":"product_tag","embeddable":true,"href":"https:\/\/figueras.com\/fr\/wp-json\/wp\/v2\/product_tag?post=23873"}],"curies":[{"name":"wp","href":"https:\/\/api.w.org\/{rel}","templated":true}]}}