{"id":23871,"date":"2023-11-01T08:38:51","date_gmt":"2023-11-01T07:38:51","guid":{"rendered":"http:\/\/figueras.com\/seating\/delta-plus-430\/"},"modified":"2025-07-18T18:25:51","modified_gmt":"2025-07-18T16:25:51","slug":"delta-plus-430","status":"publish","type":"product","link":"https:\/\/figueras.com\/fr\/siege\/delta-plus-430\/","title":{"rendered":"Delta Plus 430"},"content":{"rendered":"<p style=\"text-align: justify;\"><strong>Le Delta Plus 430 est une chaise de grandes dimensions avec un si\u00e8ge pliant automatique qui s&rsquo;adapte parfaitement aux salles de conf\u00e9rence gr\u00e2ce \u00e0 sa polyvalence et \u00e0 son design intemporel.<\/strong><\/p>\n<p style=\"text-align: justify;\">Il s&rsquo;agit d&rsquo;une chaise sp\u00e9cialement con\u00e7ue pour les salles polyvalentes qui apporte une r\u00e9ponse extraordinaire aux besoins particuliers des salles de conf\u00e9rence, en offrant un grand confort pour les p\u00e9riodes d&rsquo;assise courtes et longues.<\/p>\n<p style=\"text-align: justify;\">Les principales caract\u00e9ristiques de cette chaise sont ses grandes dimensions et son si\u00e8ge pliable automatique, ce qui assure que le si\u00e8ge reste repli\u00e9 lorsqu&rsquo;il n&rsquo;est pas utilis\u00e9 et permet aux utilisateurs de se d\u00e9placer librement entre les rang\u00e9es tout en augmentant le confort et la s\u00e9curit\u00e9. Si vous le souhaitez, la base du si\u00e8ge peut \u00eatre fix\u00e9e en position repli\u00e9e, ce qui rend cette chaise parfaite pour de nombreux lieux diff\u00e9rents tels que les salles \u00e0 manger ou les salles de r\u00e9union.<\/p>\n<p style=\"text-align: justify;\">Cette chaise avec accoudoirs allie parfaitement fonctionnalit\u00e9, confort et design. L&rsquo;assise et le dossier se composent de deux parties distinctes, en polypropyl\u00e8ne inject\u00e9 qui peut \u00eatre textur\u00e9 en diff\u00e9rentes couleurs ou peut \u00eatre recouvert de tissus, de cuir naturel ou de vinyle. Sa structure, en tube d&rsquo;acier, en fait un si\u00e8ge robuste et stable.<\/p>\n<p style=\"text-align: justify;\">Il s&rsquo;agit d&rsquo;une chaise empilable qui peut \u00eatre stock\u00e9e en occupant un minimum d&rsquo;espace. Chaque chaise est dot\u00e9e d&rsquo;un syst\u00e8me de liaison permettant de former des rang\u00e9es s\u00e9curis\u00e9es, facilitant ainsi diff\u00e9rentes configurations en fonction de l&rsquo;\u00e9v\u00e9nement.<\/p>\n","protected":false},"excerpt":{"rendered":"<p>[wpdm_package id=&rsquo;23286&prime;]<\/p>\n<p>[wpdm_package id=&rsquo;6960&prime;]<\/p>\n","protected":false},"featured_media":21174,"template":"","meta":{"_acf_changed":false,"content-type":""},"designer_tag":[485],"system_rel_tag":[],"product_cat":[178,180,181,183,189,190,256],"product_tag":[511,502],"class_list":{"0":"post-23871","1":"product","2":"type-product","3":"status-publish","4":"has-post-thumbnail","6":"designer_tag-llusca-design-fr","7":"product_cat-education-fr","8":"product_cat-publicum-fr","9":"product_cat-seats-for-auditorium-and-conference-rooms-fr","10":"product_cat-seats-for-corporate-rooms-fr","11":"product_cat-seats-for-universities-and-schools-fr","12":"product_cat-seats-for-worship-and-religious-centres-fr","13":"product_cat-delta-fr","14":"product_tag-publicum-fr","15":"product_tag-education-fr","17":"first","18":"instock","19":"downloadable","20":"virtual","21":"product-type-simple"},"acf":[],"_links":{"self":[{"href":"https:\/\/figueras.com\/fr\/wp-json\/wp\/v2\/product\/23871","targetHints":{"allow":["GET"]}}],"collection":[{"href":"https:\/\/figueras.com\/fr\/wp-json\/wp\/v2\/product"}],"about":[{"href":"https:\/\/figueras.com\/fr\/wp-json\/wp\/v2\/types\/product"}],"version-history":[{"count":0,"href":"https:\/\/figueras.com\/fr\/wp-json\/wp\/v2\/product\/23871\/revisions"}],"wp:featuredmedia":[{"embeddable":true,"href":"https:\/\/figueras.com\/fr\/wp-json\/wp\/v2\/media\/21174"}],"wp:attachment":[{"href":"https:\/\/figueras.com\/fr\/wp-json\/wp\/v2\/media?parent=23871"}],"wp:term":[{"taxonomy":"designer_tag","embeddable":true,"href":"https:\/\/figueras.com\/fr\/wp-json\/wp\/v2\/designer_tag?post=23871"},{"taxonomy":"system_rel_tag","embeddable":true,"href":"https:\/\/figueras.com\/fr\/wp-json\/wp\/v2\/system_rel_tag?post=23871"},{"taxonomy":"product_cat","embeddable":true,"href":"https:\/\/figueras.com\/fr\/wp-json\/wp\/v2\/product_cat?post=23871"},{"taxonomy":"product_tag","embeddable":true,"href":"https:\/\/figueras.com\/fr\/wp-json\/wp\/v2\/product_tag?post=23871"}],"curies":[{"name":"wp","href":"https:\/\/api.w.org\/{rel}","templated":true}]}}