{"id":23869,"date":"2023-11-01T08:39:19","date_gmt":"2023-11-01T07:39:19","guid":{"rendered":"http:\/\/figueras.com\/seating\/delta-430\/"},"modified":"2024-12-16T14:34:02","modified_gmt":"2024-12-16T13:34:02","slug":"delta-430","status":"publish","type":"product","link":"https:\/\/figueras.com\/fr\/siege\/delta-430\/","title":{"rendered":"Delta 430"},"content":{"rendered":"<p style=\"text-align: justify;\"><strong>Le Delta 430 est une chaise avec assis rabattable automatique parfait pour les salles de conf\u00e9rence gr\u00e2ce \u00e0 sa polyvalence et \u00e0 son design intemporel.<\/strong><\/p>\n<p style=\"text-align: justify;\">La caract\u00e9ristique principale de cette chaise est son syst\u00e8me d&rsquo;assise basculante. Ce m\u00e9canisme, qui est une caract\u00e9ristique standard de ce mod\u00e8le, garantit que le si\u00e8ge reste repli\u00e9 lorsqu&rsquo;il n&rsquo;est pas utilis\u00e9. Les utilisateurs pourront se d\u00e9placer librement d&rsquo;une rang\u00e9e \u00e0 l&rsquo;autre, avec le confort et la s\u00e9curit\u00e9 accrus que cela implique. Gr\u00e2ce \u00e0 cette caract\u00e9ristique, la capacit\u00e9 de la salle peut \u00eatre augment\u00e9e jusqu&rsquo;\u00e0 15%, sans r\u00e9duire la s\u00e9curit\u00e9 ou le confort des utilisateurs.<\/p>\n<p style=\"text-align: justify;\">Si vous le souhaitez, la base du si\u00e8ge peut \u00eatre fix\u00e9e en position rabattue, ce qui permet d&rsquo;utiliser le fauteuil \u00e0 de nombreuses autres fins, comme dans les salles \u00e0 manger ou les salles de r\u00e9union, ce qui le rend parfait pour les salles polyvalentes.<\/p>\n<p style=\"text-align: justify;\">Cette chaise avec accoudoirs est un m\u00e9lange parfait de fonctionnalit\u00e9, de confort et de design, id\u00e9al pour les p\u00e9riodes d&rsquo;assise longues ou courtes. L&rsquo;assise et le dossier sont des pi\u00e8ces s\u00e9par\u00e9es, fabriqu\u00e9es en polypropyl\u00e8ne inject\u00e9 textur\u00e9 de diff\u00e9rentes couleurs ou peuvent \u00eatre rembourr\u00e9s en tissu, en cuir naturel ou en vinyle. Sa structure, en tube d&rsquo;acier, en fait un si\u00e8ge robuste et stable.<\/p>\n<p style=\"text-align: justify;\">La possibilit\u00e9 d&#8217;empilage permet de le ranger en occupant un minimum d&rsquo;espace. Chaque chaise est dot\u00e9e d&rsquo;un syst\u00e8me de liaison, incorpor\u00e9 en standard, permettant de former des rang\u00e9es s\u00e9curis\u00e9es, facilitant ainsi la configuration des diff\u00e9rentes installations.<\/p>\n<p style=\"text-align: justify;\">Un chariot de transport et un syst\u00e8me de num\u00e9ration des rang\u00e9es et des si\u00e8ges sont disponibles.<\/p>\n","protected":false},"excerpt":{"rendered":"<p>[wpdm_package id=&rsquo;23282&prime;]<\/p>\n<p>[wpdm_package id=&rsquo;6958&prime;]<\/p>\n","protected":false},"featured_media":15034,"template":"","meta":{"_acf_changed":false,"content-type":""},"designer_tag":[],"system_rel_tag":[],"product_cat":[178,180,181,183,189,190,256],"product_tag":[502,511],"class_list":{"0":"post-23869","1":"product","2":"type-product","3":"status-publish","4":"has-post-thumbnail","6":"product_cat-education-fr","7":"product_cat-publicum-fr","8":"product_cat-seats-for-auditorium-and-conference-rooms-fr","9":"product_cat-seats-for-corporate-rooms-fr","10":"product_cat-seats-for-universities-and-schools-fr","11":"product_cat-seats-for-worship-and-religious-centres-fr","12":"product_cat-delta-fr","13":"product_tag-education-fr","14":"product_tag-publicum-fr","16":"first","17":"instock","18":"downloadable","19":"virtual","20":"product-type-simple"},"acf":[],"_links":{"self":[{"href":"https:\/\/figueras.com\/fr\/wp-json\/wp\/v2\/product\/23869","targetHints":{"allow":["GET"]}}],"collection":[{"href":"https:\/\/figueras.com\/fr\/wp-json\/wp\/v2\/product"}],"about":[{"href":"https:\/\/figueras.com\/fr\/wp-json\/wp\/v2\/types\/product"}],"version-history":[{"count":0,"href":"https:\/\/figueras.com\/fr\/wp-json\/wp\/v2\/product\/23869\/revisions"}],"wp:featuredmedia":[{"embeddable":true,"href":"https:\/\/figueras.com\/fr\/wp-json\/wp\/v2\/media\/15034"}],"wp:attachment":[{"href":"https:\/\/figueras.com\/fr\/wp-json\/wp\/v2\/media?parent=23869"}],"wp:term":[{"taxonomy":"designer_tag","embeddable":true,"href":"https:\/\/figueras.com\/fr\/wp-json\/wp\/v2\/designer_tag?post=23869"},{"taxonomy":"system_rel_tag","embeddable":true,"href":"https:\/\/figueras.com\/fr\/wp-json\/wp\/v2\/system_rel_tag?post=23869"},{"taxonomy":"product_cat","embeddable":true,"href":"https:\/\/figueras.com\/fr\/wp-json\/wp\/v2\/product_cat?post=23869"},{"taxonomy":"product_tag","embeddable":true,"href":"https:\/\/figueras.com\/fr\/wp-json\/wp\/v2\/product_tag?post=23869"}],"curies":[{"name":"wp","href":"https:\/\/api.w.org\/{rel}","templated":true}]}}