{"id":23867,"date":"2023-11-01T08:49:51","date_gmt":"2023-11-01T07:49:51","guid":{"rendered":"http:\/\/figueras.com\/seating\/landscape-8200\/"},"modified":"2025-09-16T19:01:26","modified_gmt":"2025-09-16T17:01:26","slug":"landscape-8200","status":"publish","type":"product","link":"https:\/\/figueras.com\/fr\/siege\/landscape-8200\/","title":{"rendered":"Landscape 8200"},"content":{"rendered":"<p style=\"text-align: justify;\"><strong>Le Landscape 8200 est un syst\u00e8me modulaire de si\u00e8ges con\u00e7u par le studio Emiliana Design pour les salles d&rsquo;attente. Cette modularit\u00e9 permet de mettre en place un large \u00e9ventail de configurations et de combinaisons de finitions et d&rsquo;accessoires.<\/strong><\/p>\n<p style=\"text-align: justify;\">La structure de base est form\u00e9e par une double ligne de profils en aluminium et soutenue par des pieds en aluminium inject\u00e9. Les pieds sont \u00e9quip\u00e9s de r\u00e9gulateurs discrets qui peuvent \u00eatre utilis\u00e9s pour compenser toute l\u00e9g\u00e8re in\u00e9galit\u00e9 du sol.<\/p>\n<p style=\"text-align: justify;\">Les diff\u00e9rents modules et accessoires que ce mod\u00e8le peut comporter sont plac\u00e9s sur sa structure horizontale et comprennent des si\u00e8ges, des si\u00e8ges avec dossier, des tables, des plantes, des panneaux d&rsquo;information, des prises de courant et des poubelles \u00e0 papier.<\/p>\n<p style=\"text-align: justify;\">Les modules de si\u00e8ges sont constitu\u00e9s d&rsquo;une structure en acier avec des coussins en mousse de polyur\u00e9thane moul\u00e9e. L&rsquo;ensemble est recouvert de housses de rembourrage facilement interchangeables.<\/p>\n<p style=\"text-align: justify;\">En option, des accoudoirs peuvent \u00eatre fix\u00e9s au contreplaqu\u00e9. L&rsquo;accoudoir se compose d&rsquo;un support en aluminium moul\u00e9 sous pression avec un \u00e9l\u00e9ment sup\u00e9rieur qui peut \u00eatre en bois ou rembourr\u00e9.<\/p>\n<p style=\"text-align: justify;\">La longueur peut \u00eatre adapt\u00e9e \u00e0 toute forme de r\u00e9partition de l&rsquo;espace, car un nombre illimit\u00e9 de modules peuvent \u00eatre assembl\u00e9s.<\/p>\n<p style=\"text-align: justify;\">Ce produit a re\u00e7u le prix <a href=\"https:\/\/www.adifad.org\/premis\/?arxiu=landscape\" target=\"_blank\" rel=\"noopener\">Delta Opinion 2018<\/a>.<\/p>\n","protected":false},"excerpt":{"rendered":"<p>[wpdm_package id=&rsquo;23372&prime;]<\/p>\n<p>[wpdm_package id=&rsquo;6992&prime;]<\/p>\n<p>[wpdm_package id=&rsquo;6993&prime;]<\/p>\n","protected":false},"featured_media":21171,"template":"","meta":{"_acf_changed":false,"content-type":""},"designer_tag":[483],"system_rel_tag":[],"product_brand":[],"product_cat":[180,216,254],"product_tag":[511],"class_list":{"0":"post-23867","1":"product","2":"type-product","3":"status-publish","4":"has-post-thumbnail","6":"designer_tag-emiliana-design-fr","7":"product_cat-publicum-fr","8":"product_cat-seats-for-waiting-areas-fr","9":"product_cat-landscape-fr","10":"product_tag-publicum-fr","12":"first","13":"instock","14":"downloadable","15":"virtual","16":"product-type-simple"},"acf":[],"yoast_head":"<!-- This site is optimized with the Yoast SEO plugin v27.3 - https:\/\/yoast.com\/product\/yoast-seo-wordpress\/ -->\n<title>Landscape 8200 - Figueras Seating (FR)<\/title>\n<meta name=\"description\" content=\"Landscape 8200 par Figueras : syst\u00e8me de si\u00e8ges modulaires offrant confort, robustesse et style contemporain pour halls, auditoriums et espaces polyvalents.\" \/>\n<meta name=\"robots\" content=\"index, follow, max-snippet:-1, max-image-preview:large, max-video-preview:-1\" \/>\n<link rel=\"canonical\" href=\"https:\/\/figueras.com\/fr\/siege\/landscape-8200\/\" \/>\n<meta property=\"og:locale\" content=\"fr_FR\" \/>\n<meta property=\"og:type\" content=\"article\" \/>\n<meta property=\"og:title\" content=\"Landscape 8200 - Figueras Seating (FR)\" \/>\n<meta property=\"og:description\" content=\"Landscape 8200 par Figueras : syst\u00e8me de si\u00e8ges modulaires offrant confort, robustesse et style contemporain pour halls, auditoriums et espaces polyvalents.\" \/>\n<meta property=\"og:url\" content=\"https:\/\/figueras.com\/fr\/siege\/landscape-8200\/\" \/>\n<meta property=\"og:site_name\" content=\"Figueras Seating\" \/>\n<meta property=\"article:modified_time\" content=\"2025-09-16T17:01:26+00:00\" \/>\n<meta property=\"og:image\" content=\"https:\/\/figueras.com\/wp-content\/uploads\/2023\/07\/Landscape_Emiliana-Design-1.png\" \/>\n\t<meta property=\"og:image:width\" content=\"1134\" \/>\n\t<meta property=\"og:image:height\" content=\"1600\" \/>\n\t<meta property=\"og:image:type\" content=\"image\/png\" \/>\n<meta name=\"twitter:card\" content=\"summary_large_image\" \/>\n<meta name=\"twitter:label1\" content=\"Dur\u00e9e de lecture estim\u00e9e\" \/>\n\t<meta name=\"twitter:data1\" content=\"2 minutes\" \/>\n<script type=\"application\/ld+json\" class=\"yoast-schema-graph\">{\"@context\":\"https:\\\/\\\/schema.org\",\"@graph\":[{\"@type\":\"WebPage\",\"@id\":\"https:\\\/\\\/figueras.com\\\/fr\\\/siege\\\/landscape-8200\\\/\",\"url\":\"https:\\\/\\\/figueras.com\\\/fr\\\/siege\\\/landscape-8200\\\/\",\"name\":\"Landscape 8200 - Figueras Seating (FR)\",\"isPartOf\":{\"@id\":\"https:\\\/\\\/figueras.com\\\/fr\\\/#website\"},\"primaryImageOfPage\":{\"@id\":\"https:\\\/\\\/figueras.com\\\/fr\\\/siege\\\/landscape-8200\\\/#primaryimage\"},\"image\":{\"@id\":\"https:\\\/\\\/figueras.com\\\/fr\\\/siege\\\/landscape-8200\\\/#primaryimage\"},\"thumbnailUrl\":\"https:\\\/\\\/figueras.com\\\/wp-content\\\/uploads\\\/2023\\\/07\\\/Landscape_Emiliana-Design-1.png\",\"datePublished\":\"2023-11-01T07:49:51+00:00\",\"dateModified\":\"2025-09-16T17:01:26+00:00\",\"description\":\"Landscape 8200 par Figueras : syst\u00e8me de si\u00e8ges modulaires offrant confort, robustesse et style contemporain pour halls, auditoriums et espaces polyvalents.\",\"breadcrumb\":{\"@id\":\"https:\\\/\\\/figueras.com\\\/fr\\\/siege\\\/landscape-8200\\\/#breadcrumb\"},\"inLanguage\":\"fr-FR\",\"potentialAction\":[{\"@type\":\"ReadAction\",\"target\":[\"https:\\\/\\\/figueras.com\\\/fr\\\/siege\\\/landscape-8200\\\/\"]}]},{\"@type\":\"ImageObject\",\"inLanguage\":\"fr-FR\",\"@id\":\"https:\\\/\\\/figueras.com\\\/fr\\\/siege\\\/landscape-8200\\\/#primaryimage\",\"url\":\"https:\\\/\\\/figueras.com\\\/wp-content\\\/uploads\\\/2023\\\/07\\\/Landscape_Emiliana-Design-1.png\",\"contentUrl\":\"https:\\\/\\\/figueras.com\\\/wp-content\\\/uploads\\\/2023\\\/07\\\/Landscape_Emiliana-Design-1.png\",\"width\":1134,\"height\":1600,\"caption\":\"Landscape Emiliana Design 1\"},{\"@type\":\"BreadcrumbList\",\"@id\":\"https:\\\/\\\/figueras.com\\\/fr\\\/siege\\\/landscape-8200\\\/#breadcrumb\",\"itemListElement\":[{\"@type\":\"ListItem\",\"position\":1,\"name\":\"Home\",\"item\":\"https:\\\/\\\/figueras.com\\\/fr\\\/\"},{\"@type\":\"ListItem\",\"position\":2,\"name\":\"Produits\",\"item\":\"https:\\\/\\\/figueras.com\\\/fr\\\/shop\\\/\"},{\"@type\":\"ListItem\",\"position\":3,\"name\":\"Landscape 8200\"}]},{\"@type\":\"WebSite\",\"@id\":\"https:\\\/\\\/figueras.com\\\/fr\\\/#website\",\"url\":\"https:\\\/\\\/figueras.com\\\/fr\\\/\",\"name\":\"Figueras Seating\",\"description\":\"\",\"publisher\":{\"@id\":\"https:\\\/\\\/figueras.com\\\/fr\\\/#organization\"},\"potentialAction\":[{\"@type\":\"SearchAction\",\"target\":{\"@type\":\"EntryPoint\",\"urlTemplate\":\"https:\\\/\\\/figueras.com\\\/fr\\\/?s={search_term_string}\"},\"query-input\":{\"@type\":\"PropertyValueSpecification\",\"valueRequired\":true,\"valueName\":\"search_term_string\"}}],\"inLanguage\":\"fr-FR\"},{\"@type\":\"Organization\",\"@id\":\"https:\\\/\\\/figueras.com\\\/fr\\\/#organization\",\"name\":\"Figueras International Seating, S.L.U.\",\"alternateName\":\"Figueras Seating\",\"url\":\"https:\\\/\\\/figueras.com\\\/fr\\\/\",\"logo\":{\"@type\":\"ImageObject\",\"inLanguage\":\"fr-FR\",\"@id\":\"https:\\\/\\\/figueras.com\\\/fr\\\/#\\\/schema\\\/logo\\\/image\\\/\",\"url\":\"https:\\\/\\\/figueras.com\\\/wp-content\\\/uploads\\\/2023\\\/04\\\/figueraslogoheader.png\",\"contentUrl\":\"https:\\\/\\\/figueras.com\\\/wp-content\\\/uploads\\\/2023\\\/04\\\/figueraslogoheader.png\",\"width\":739,\"height\":127,\"caption\":\"Figueras International Seating, S.L.U.\"},\"image\":{\"@id\":\"https:\\\/\\\/figueras.com\\\/fr\\\/#\\\/schema\\\/logo\\\/image\\\/\"},\"sameAs\":[\"https:\\\/\\\/www.linkedin.com\\\/company\\\/figuerasseating\\\/\",\"https:\\\/\\\/www.instagram.com\\\/figueras.seating\\\/\",\"https:\\\/\\\/vimeo.com\\\/figuerasseating\",\"https:\\\/\\\/es.pinterest.com\\\/figuerasint\\\/\"]}]}<\/script>\n<!-- \/ Yoast SEO plugin. -->","yoast_head_json":{"title":"Landscape 8200 - Figueras Seating (FR)","description":"Landscape 8200 par Figueras : syst\u00e8me de si\u00e8ges modulaires offrant confort, robustesse et style contemporain pour halls, auditoriums et espaces polyvalents.","robots":{"index":"index","follow":"follow","max-snippet":"max-snippet:-1","max-image-preview":"max-image-preview:large","max-video-preview":"max-video-preview:-1"},"canonical":"https:\/\/figueras.com\/fr\/siege\/landscape-8200\/","og_locale":"fr_FR","og_type":"article","og_title":"Landscape 8200 - Figueras Seating (FR)","og_description":"Landscape 8200 par Figueras : syst\u00e8me de si\u00e8ges modulaires offrant confort, robustesse et style contemporain pour halls, auditoriums et espaces polyvalents.","og_url":"https:\/\/figueras.com\/fr\/siege\/landscape-8200\/","og_site_name":"Figueras Seating","article_modified_time":"2025-09-16T17:01:26+00:00","og_image":[{"width":1134,"height":1600,"url":"https:\/\/figueras.com\/wp-content\/uploads\/2023\/07\/Landscape_Emiliana-Design-1.png","type":"image\/png"}],"twitter_card":"summary_large_image","twitter_misc":{"Dur\u00e9e de lecture estim\u00e9e":"2 minutes"},"schema":{"@context":"https:\/\/schema.org","@graph":[{"@type":"WebPage","@id":"https:\/\/figueras.com\/fr\/siege\/landscape-8200\/","url":"https:\/\/figueras.com\/fr\/siege\/landscape-8200\/","name":"Landscape 8200 - Figueras Seating (FR)","isPartOf":{"@id":"https:\/\/figueras.com\/fr\/#website"},"primaryImageOfPage":{"@id":"https:\/\/figueras.com\/fr\/siege\/landscape-8200\/#primaryimage"},"image":{"@id":"https:\/\/figueras.com\/fr\/siege\/landscape-8200\/#primaryimage"},"thumbnailUrl":"https:\/\/figueras.com\/wp-content\/uploads\/2023\/07\/Landscape_Emiliana-Design-1.png","datePublished":"2023-11-01T07:49:51+00:00","dateModified":"2025-09-16T17:01:26+00:00","description":"Landscape 8200 par Figueras : syst\u00e8me de si\u00e8ges modulaires offrant confort, robustesse et style contemporain pour halls, auditoriums et espaces polyvalents.","breadcrumb":{"@id":"https:\/\/figueras.com\/fr\/siege\/landscape-8200\/#breadcrumb"},"inLanguage":"fr-FR","potentialAction":[{"@type":"ReadAction","target":["https:\/\/figueras.com\/fr\/siege\/landscape-8200\/"]}]},{"@type":"ImageObject","inLanguage":"fr-FR","@id":"https:\/\/figueras.com\/fr\/siege\/landscape-8200\/#primaryimage","url":"https:\/\/figueras.com\/wp-content\/uploads\/2023\/07\/Landscape_Emiliana-Design-1.png","contentUrl":"https:\/\/figueras.com\/wp-content\/uploads\/2023\/07\/Landscape_Emiliana-Design-1.png","width":1134,"height":1600,"caption":"Landscape Emiliana Design 1"},{"@type":"BreadcrumbList","@id":"https:\/\/figueras.com\/fr\/siege\/landscape-8200\/#breadcrumb","itemListElement":[{"@type":"ListItem","position":1,"name":"Home","item":"https:\/\/figueras.com\/fr\/"},{"@type":"ListItem","position":2,"name":"Produits","item":"https:\/\/figueras.com\/fr\/shop\/"},{"@type":"ListItem","position":3,"name":"Landscape 8200"}]},{"@type":"WebSite","@id":"https:\/\/figueras.com\/fr\/#website","url":"https:\/\/figueras.com\/fr\/","name":"Figueras Seating","description":"","publisher":{"@id":"https:\/\/figueras.com\/fr\/#organization"},"potentialAction":[{"@type":"SearchAction","target":{"@type":"EntryPoint","urlTemplate":"https:\/\/figueras.com\/fr\/?s={search_term_string}"},"query-input":{"@type":"PropertyValueSpecification","valueRequired":true,"valueName":"search_term_string"}}],"inLanguage":"fr-FR"},{"@type":"Organization","@id":"https:\/\/figueras.com\/fr\/#organization","name":"Figueras International Seating, S.L.U.","alternateName":"Figueras Seating","url":"https:\/\/figueras.com\/fr\/","logo":{"@type":"ImageObject","inLanguage":"fr-FR","@id":"https:\/\/figueras.com\/fr\/#\/schema\/logo\/image\/","url":"https:\/\/figueras.com\/wp-content\/uploads\/2023\/04\/figueraslogoheader.png","contentUrl":"https:\/\/figueras.com\/wp-content\/uploads\/2023\/04\/figueraslogoheader.png","width":739,"height":127,"caption":"Figueras International Seating, S.L.U."},"image":{"@id":"https:\/\/figueras.com\/fr\/#\/schema\/logo\/image\/"},"sameAs":["https:\/\/www.linkedin.com\/company\/figuerasseating\/","https:\/\/www.instagram.com\/figueras.seating\/","https:\/\/vimeo.com\/figuerasseating","https:\/\/es.pinterest.com\/figuerasint\/"]}]}},"_links":{"self":[{"href":"https:\/\/figueras.com\/fr\/wp-json\/wp\/v2\/product\/23867","targetHints":{"allow":["GET"]}}],"collection":[{"href":"https:\/\/figueras.com\/fr\/wp-json\/wp\/v2\/product"}],"about":[{"href":"https:\/\/figueras.com\/fr\/wp-json\/wp\/v2\/types\/product"}],"version-history":[{"count":1,"href":"https:\/\/figueras.com\/fr\/wp-json\/wp\/v2\/product\/23867\/revisions"}],"predecessor-version":[{"id":48151,"href":"https:\/\/figueras.com\/fr\/wp-json\/wp\/v2\/product\/23867\/revisions\/48151"}],"wp:featuredmedia":[{"embeddable":true,"href":"https:\/\/figueras.com\/fr\/wp-json\/wp\/v2\/media\/21171"}],"wp:attachment":[{"href":"https:\/\/figueras.com\/fr\/wp-json\/wp\/v2\/media?parent=23867"}],"wp:term":[{"taxonomy":"designer_tag","embeddable":true,"href":"https:\/\/figueras.com\/fr\/wp-json\/wp\/v2\/designer_tag?post=23867"},{"taxonomy":"system_rel_tag","embeddable":true,"href":"https:\/\/figueras.com\/fr\/wp-json\/wp\/v2\/system_rel_tag?post=23867"},{"taxonomy":"product_brand","embeddable":true,"href":"https:\/\/figueras.com\/fr\/wp-json\/wp\/v2\/product_brand?post=23867"},{"taxonomy":"product_cat","embeddable":true,"href":"https:\/\/figueras.com\/fr\/wp-json\/wp\/v2\/product_cat?post=23867"},{"taxonomy":"product_tag","embeddable":true,"href":"https:\/\/figueras.com\/fr\/wp-json\/wp\/v2\/product_tag?post=23867"}],"curies":[{"name":"wp","href":"https:\/\/api.w.org\/{rel}","templated":true}]}}