{"id":23865,"date":"2023-11-01T08:59:57","date_gmt":"2023-11-01T07:59:57","guid":{"rendered":"http:\/\/figueras.com\/seating\/stadium-204-209\/"},"modified":"2025-07-18T18:58:41","modified_gmt":"2025-07-18T16:58:41","slug":"stadium-204-209","status":"publish","type":"product","link":"https:\/\/figueras.com\/fr\/siege\/stadium-204-209\/","title":{"rendered":"Stadium 204-209"},"content":{"rendered":"<p style=\"text-align: justify;\"><strong>Le Stadium est un si\u00e8ge multifonctionnel \u00e0 haute performance avec un syst\u00e8me de pliage automatique par gravit\u00e9. Cette coque en polypropyl\u00e8ne copolym\u00e8re inject\u00e9 a \u00e9t\u00e9 sp\u00e9cialement con\u00e7ue pour les ar\u00e8nes, les stades polyvalents et les installations sportives.<\/strong><\/p>\n<p style=\"text-align: justify;\">Ne mesurant que 26 cm une fois repli\u00e9e, le syst\u00e8me de basculement permet une grande libert\u00e9 de mouvement entre les rang\u00e9es sans sacrifier le confort de l&rsquo;utilisateur. Il emp\u00eache \u00e9galement l&rsquo;accumulation de salet\u00e9s sur le si\u00e8ge, r\u00e9duisant ainsi le besoin d&rsquo;entretien.<\/p>\n<p style=\"text-align: justify;\">Le si\u00e8ge pivote sur deux axes sans entretien, ce qui le rend tr\u00e8s durable. Le contrepoids m\u00e9tallique est situ\u00e9 sous le si\u00e8ge pour un retour automatique, enti\u00e8rement prot\u00e9g\u00e9 des agents ext\u00e9rieurs.<\/p>\n<p style=\"text-align: justify;\">L&rsquo;assise et le dossier sont form\u00e9s de deux \u00e9l\u00e9ments s\u00e9par\u00e9s en copolym\u00e8re de polypropyl\u00e8ne inject\u00e9 sous haute pression. Tous deux sont fix\u00e9s \u00e0 des structures m\u00e9talliques adapt\u00e9es aux caract\u00e9ristiques particuli\u00e8res des \u00e9tages.<\/p>\n<p style=\"text-align: justify;\">Les structures lat\u00e9rales sont compos\u00e9es d&rsquo;un tube ovale en acier inoxydable et peuvent servir d&rsquo;accoudoir, avec l&rsquo;option d&rsquo;une finition en polyur\u00e9thane sur la partie sup\u00e9rieure. Le si\u00e8ge peut \u00eatre fix\u00e9 \u00e0 la partie sup\u00e9rieure de l&rsquo;\u00e9tage ou mont\u00e9 au sol.<\/p>\n","protected":false},"excerpt":{"rendered":"<p>[wpdm_package id=&rsquo;24563&prime;]<\/p>\n<p>[wpdm_package id=&rsquo;7251&prime;]<\/p>\n","protected":false},"featured_media":45865,"template":"","meta":{"_acf_changed":false,"content-type":""},"designer_tag":[],"system_rel_tag":[],"product_cat":[221,222,252],"product_tag":[505],"class_list":{"0":"post-23865","1":"product","2":"type-product","3":"status-publish","4":"has-post-thumbnail","6":"product_cat-seats-for-stadiums-and-arenas-fr","7":"product_cat-sports-fr","8":"product_cat-stadium-fr","9":"product_tag-sports-fr","11":"first","12":"instock","13":"downloadable","14":"virtual","15":"product-type-simple"},"acf":[],"_links":{"self":[{"href":"https:\/\/figueras.com\/fr\/wp-json\/wp\/v2\/product\/23865","targetHints":{"allow":["GET"]}}],"collection":[{"href":"https:\/\/figueras.com\/fr\/wp-json\/wp\/v2\/product"}],"about":[{"href":"https:\/\/figueras.com\/fr\/wp-json\/wp\/v2\/types\/product"}],"version-history":[{"count":0,"href":"https:\/\/figueras.com\/fr\/wp-json\/wp\/v2\/product\/23865\/revisions"}],"wp:featuredmedia":[{"embeddable":true,"href":"https:\/\/figueras.com\/fr\/wp-json\/wp\/v2\/media\/45865"}],"wp:attachment":[{"href":"https:\/\/figueras.com\/fr\/wp-json\/wp\/v2\/media?parent=23865"}],"wp:term":[{"taxonomy":"designer_tag","embeddable":true,"href":"https:\/\/figueras.com\/fr\/wp-json\/wp\/v2\/designer_tag?post=23865"},{"taxonomy":"system_rel_tag","embeddable":true,"href":"https:\/\/figueras.com\/fr\/wp-json\/wp\/v2\/system_rel_tag?post=23865"},{"taxonomy":"product_cat","embeddable":true,"href":"https:\/\/figueras.com\/fr\/wp-json\/wp\/v2\/product_cat?post=23865"},{"taxonomy":"product_tag","embeddable":true,"href":"https:\/\/figueras.com\/fr\/wp-json\/wp\/v2\/product_tag?post=23865"}],"curies":[{"name":"wp","href":"https:\/\/api.w.org\/{rel}","templated":true}]}}