{"id":23863,"date":"2023-11-01T09:09:57","date_gmt":"2023-11-01T08:09:57","guid":{"rendered":"http:\/\/figueras.com\/seating\/amik-310-312-313\/"},"modified":"2024-07-04T21:27:59","modified_gmt":"2024-07-04T19:27:59","slug":"amik-310-312-313","status":"publish","type":"product","link":"https:\/\/figueras.com\/fr\/siege\/amik-310-312-313\/","title":{"rendered":"Amik 310-312-313"},"content":{"rendered":"<p style=\"text-align: justify;\"><strong>Le si\u00e8ge Amik, con\u00e7u par <a href=\"https:\/\/www.llusca.com\/en\/home\/\" target=\"_blank\" rel=\"noopener\">Llusca Design<\/a>, est un si\u00e8ge polyvalent de haute performance sp\u00e9cialement con\u00e7u pour les stades, les ar\u00e8nes et les installations sportives, r\u00e9pondant aux exigences de la FIFA et d&rsquo;autres f\u00e9d\u00e9rations sportives internationales.<\/strong><\/p>\n<p style=\"text-align: justify;\">Bien que son design soit plus fin que la plupart des si\u00e8ges similaires sur le march\u00e9, Amik offre une conception tr\u00e8s robuste et un confort accru.\u00a0Fabriqu\u00e9 en copolym\u00e8re moul\u00e9 par injection, il est trait\u00e9 pour \u00e9viter les rayures et l&rsquo;accumulation de salet\u00e9s, ce qui en fait un si\u00e8ge pratiquement sans entretien.\u00a0Son design convient aussi bien \u00e0 l&rsquo;int\u00e9rieur qu&rsquo;\u00e0 l&rsquo;ext\u00e9rieur. La version ext\u00e9rieure est trait\u00e9e avec des additifs pour la protection contre les UV et la stabilisation des couleurs, ce qui garantit un produit durable.<\/p>\n<p style=\"text-align: justify;\">La num\u00e9rotation peut \u00eatre ajout\u00e9e au sommet du dossier au moyen d&rsquo;une plaque qui peut \u00eatre plac\u00e9e soit \u00e0 l&rsquo;arri\u00e8re, soit \u00e0 l&rsquo;avant pour une meilleure visibilit\u00e9. En option, l&rsquo;\u00e9cusson du club ou de l&rsquo;entit\u00e9 peut \u00eatre incorpor\u00e9 pendant le processus de fabrication pour un r\u00e9sultat permanent.<\/p>\n<p>La coque peut \u00eatre fix\u00e9e directement sur le gradin, fix\u00e9 \u00e0 la contramarche ou sur une barre avec un pied au sol, en fonction des caract\u00e9ristiques de la salle.<\/p>\n","protected":false},"excerpt":{"rendered":"<p>[wpdm_package id=&rsquo;23250&prime;]<\/p>\n<p>[wpdm_package id=&rsquo;6914&prime;]<\/p>\n","protected":false},"featured_media":45781,"template":"","meta":{"_acf_changed":false,"content-type":""},"designer_tag":[485],"system_rel_tag":[],"product_brand":[],"product_cat":[221,222,250],"product_tag":[505],"class_list":{"0":"post-23863","1":"product","2":"type-product","3":"status-publish","4":"has-post-thumbnail","6":"designer_tag-llusca-design-fr","7":"product_cat-seats-for-stadiums-and-arenas-fr","8":"product_cat-sports-fr","9":"product_cat-amik-fr","10":"product_tag-sports-fr","12":"first","13":"instock","14":"downloadable","15":"virtual","16":"product-type-simple"},"acf":[],"yoast_head":"<!-- This site is optimized with the Yoast SEO plugin v27.3 - https:\/\/yoast.com\/product\/yoast-seo-wordpress\/ -->\n<title>Amik 310-312-313 - Figueras Seating<\/title>\n<meta name=\"description\" content=\"Si\u00e8ge polyvalent haute performance, sp\u00e9cialement con\u00e7u pour les stades, les ar\u00e8nes et les installations sportives, r\u00e9pondant aux exigences de la FIFA\" \/>\n<meta name=\"robots\" content=\"index, follow, max-snippet:-1, max-image-preview:large, max-video-preview:-1\" \/>\n<link rel=\"canonical\" href=\"https:\/\/figueras.com\/fr\/siege\/amik-310-312-313\/\" \/>\n<meta property=\"og:locale\" content=\"fr_FR\" \/>\n<meta property=\"og:type\" content=\"article\" \/>\n<meta property=\"og:title\" content=\"Amik 310-312-313 - Figueras Seating\" \/>\n<meta property=\"og:description\" content=\"Si\u00e8ge polyvalent haute performance, sp\u00e9cialement con\u00e7u pour les stades, les ar\u00e8nes et les installations sportives, r\u00e9pondant aux exigences de la FIFA\" \/>\n<meta property=\"og:url\" content=\"https:\/\/figueras.com\/fr\/siege\/amik-310-312-313\/\" \/>\n<meta property=\"og:site_name\" content=\"Figueras Seating\" \/>\n<meta property=\"article:modified_time\" content=\"2024-07-04T19:27:59+00:00\" \/>\n<meta property=\"og:image\" content=\"https:\/\/figueras.com\/wp-content\/uploads\/2023\/11\/Amik-310-312-313_w00.webp\" \/>\n\t<meta property=\"og:image:width\" content=\"610\" \/>\n\t<meta property=\"og:image:height\" content=\"810\" \/>\n\t<meta property=\"og:image:type\" content=\"image\/webp\" \/>\n<meta name=\"twitter:card\" content=\"summary_large_image\" \/>\n<meta name=\"twitter:label1\" content=\"Dur\u00e9e de lecture estim\u00e9e\" \/>\n\t<meta name=\"twitter:data1\" content=\"2 minutes\" \/>\n<script type=\"application\/ld+json\" class=\"yoast-schema-graph\">{\"@context\":\"https:\\\/\\\/schema.org\",\"@graph\":[{\"@type\":\"WebPage\",\"@id\":\"https:\\\/\\\/figueras.com\\\/fr\\\/siege\\\/amik-310-312-313\\\/\",\"url\":\"https:\\\/\\\/figueras.com\\\/fr\\\/siege\\\/amik-310-312-313\\\/\",\"name\":\"Amik 310-312-313 - Figueras Seating\",\"isPartOf\":{\"@id\":\"https:\\\/\\\/figueras.com\\\/fr\\\/#website\"},\"primaryImageOfPage\":{\"@id\":\"https:\\\/\\\/figueras.com\\\/fr\\\/siege\\\/amik-310-312-313\\\/#primaryimage\"},\"image\":{\"@id\":\"https:\\\/\\\/figueras.com\\\/fr\\\/siege\\\/amik-310-312-313\\\/#primaryimage\"},\"thumbnailUrl\":\"https:\\\/\\\/figueras.com\\\/wp-content\\\/uploads\\\/2023\\\/11\\\/Amik-310-312-313_w00.webp\",\"datePublished\":\"2023-11-01T08:09:57+00:00\",\"dateModified\":\"2024-07-04T19:27:59+00:00\",\"description\":\"Si\u00e8ge polyvalent haute performance, sp\u00e9cialement con\u00e7u pour les stades, les ar\u00e8nes et les installations sportives, r\u00e9pondant aux exigences de la FIFA\",\"breadcrumb\":{\"@id\":\"https:\\\/\\\/figueras.com\\\/fr\\\/siege\\\/amik-310-312-313\\\/#breadcrumb\"},\"inLanguage\":\"fr-FR\",\"potentialAction\":[{\"@type\":\"ReadAction\",\"target\":[\"https:\\\/\\\/figueras.com\\\/fr\\\/siege\\\/amik-310-312-313\\\/\"]}]},{\"@type\":\"ImageObject\",\"inLanguage\":\"fr-FR\",\"@id\":\"https:\\\/\\\/figueras.com\\\/fr\\\/siege\\\/amik-310-312-313\\\/#primaryimage\",\"url\":\"https:\\\/\\\/figueras.com\\\/wp-content\\\/uploads\\\/2023\\\/11\\\/Amik-310-312-313_w00.webp\",\"contentUrl\":\"https:\\\/\\\/figueras.com\\\/wp-content\\\/uploads\\\/2023\\\/11\\\/Amik-310-312-313_w00.webp\",\"width\":610,\"height\":810,\"caption\":\"Amik 310-312-313\"},{\"@type\":\"BreadcrumbList\",\"@id\":\"https:\\\/\\\/figueras.com\\\/fr\\\/siege\\\/amik-310-312-313\\\/#breadcrumb\",\"itemListElement\":[{\"@type\":\"ListItem\",\"position\":1,\"name\":\"Home\",\"item\":\"https:\\\/\\\/figueras.com\\\/fr\\\/\"},{\"@type\":\"ListItem\",\"position\":2,\"name\":\"Produits\",\"item\":\"https:\\\/\\\/figueras.com\\\/fr\\\/shop\\\/\"},{\"@type\":\"ListItem\",\"position\":3,\"name\":\"Amik 310-312-313\"}]},{\"@type\":\"WebSite\",\"@id\":\"https:\\\/\\\/figueras.com\\\/fr\\\/#website\",\"url\":\"https:\\\/\\\/figueras.com\\\/fr\\\/\",\"name\":\"Figueras Seating\",\"description\":\"\",\"publisher\":{\"@id\":\"https:\\\/\\\/figueras.com\\\/fr\\\/#organization\"},\"potentialAction\":[{\"@type\":\"SearchAction\",\"target\":{\"@type\":\"EntryPoint\",\"urlTemplate\":\"https:\\\/\\\/figueras.com\\\/fr\\\/?s={search_term_string}\"},\"query-input\":{\"@type\":\"PropertyValueSpecification\",\"valueRequired\":true,\"valueName\":\"search_term_string\"}}],\"inLanguage\":\"fr-FR\"},{\"@type\":\"Organization\",\"@id\":\"https:\\\/\\\/figueras.com\\\/fr\\\/#organization\",\"name\":\"Figueras International Seating, S.L.U.\",\"alternateName\":\"Figueras Seating\",\"url\":\"https:\\\/\\\/figueras.com\\\/fr\\\/\",\"logo\":{\"@type\":\"ImageObject\",\"inLanguage\":\"fr-FR\",\"@id\":\"https:\\\/\\\/figueras.com\\\/fr\\\/#\\\/schema\\\/logo\\\/image\\\/\",\"url\":\"https:\\\/\\\/figueras.com\\\/wp-content\\\/uploads\\\/2023\\\/04\\\/figueraslogoheader.png\",\"contentUrl\":\"https:\\\/\\\/figueras.com\\\/wp-content\\\/uploads\\\/2023\\\/04\\\/figueraslogoheader.png\",\"width\":739,\"height\":127,\"caption\":\"Figueras International Seating, S.L.U.\"},\"image\":{\"@id\":\"https:\\\/\\\/figueras.com\\\/fr\\\/#\\\/schema\\\/logo\\\/image\\\/\"},\"sameAs\":[\"https:\\\/\\\/www.linkedin.com\\\/company\\\/figuerasseating\\\/\",\"https:\\\/\\\/www.instagram.com\\\/figueras.seating\\\/\",\"https:\\\/\\\/vimeo.com\\\/figuerasseating\",\"https:\\\/\\\/es.pinterest.com\\\/figuerasint\\\/\"]}]}<\/script>\n<!-- \/ Yoast SEO plugin. -->","yoast_head_json":{"title":"Amik 310-312-313 - Figueras Seating","description":"Si\u00e8ge polyvalent haute performance, sp\u00e9cialement con\u00e7u pour les stades, les ar\u00e8nes et les installations sportives, r\u00e9pondant aux exigences de la FIFA","robots":{"index":"index","follow":"follow","max-snippet":"max-snippet:-1","max-image-preview":"max-image-preview:large","max-video-preview":"max-video-preview:-1"},"canonical":"https:\/\/figueras.com\/fr\/siege\/amik-310-312-313\/","og_locale":"fr_FR","og_type":"article","og_title":"Amik 310-312-313 - Figueras Seating","og_description":"Si\u00e8ge polyvalent haute performance, sp\u00e9cialement con\u00e7u pour les stades, les ar\u00e8nes et les installations sportives, r\u00e9pondant aux exigences de la FIFA","og_url":"https:\/\/figueras.com\/fr\/siege\/amik-310-312-313\/","og_site_name":"Figueras Seating","article_modified_time":"2024-07-04T19:27:59+00:00","og_image":[{"width":610,"height":810,"url":"https:\/\/figueras.com\/wp-content\/uploads\/2023\/11\/Amik-310-312-313_w00.webp","type":"image\/webp"}],"twitter_card":"summary_large_image","twitter_misc":{"Dur\u00e9e de lecture estim\u00e9e":"2 minutes"},"schema":{"@context":"https:\/\/schema.org","@graph":[{"@type":"WebPage","@id":"https:\/\/figueras.com\/fr\/siege\/amik-310-312-313\/","url":"https:\/\/figueras.com\/fr\/siege\/amik-310-312-313\/","name":"Amik 310-312-313 - Figueras Seating","isPartOf":{"@id":"https:\/\/figueras.com\/fr\/#website"},"primaryImageOfPage":{"@id":"https:\/\/figueras.com\/fr\/siege\/amik-310-312-313\/#primaryimage"},"image":{"@id":"https:\/\/figueras.com\/fr\/siege\/amik-310-312-313\/#primaryimage"},"thumbnailUrl":"https:\/\/figueras.com\/wp-content\/uploads\/2023\/11\/Amik-310-312-313_w00.webp","datePublished":"2023-11-01T08:09:57+00:00","dateModified":"2024-07-04T19:27:59+00:00","description":"Si\u00e8ge polyvalent haute performance, sp\u00e9cialement con\u00e7u pour les stades, les ar\u00e8nes et les installations sportives, r\u00e9pondant aux exigences de la FIFA","breadcrumb":{"@id":"https:\/\/figueras.com\/fr\/siege\/amik-310-312-313\/#breadcrumb"},"inLanguage":"fr-FR","potentialAction":[{"@type":"ReadAction","target":["https:\/\/figueras.com\/fr\/siege\/amik-310-312-313\/"]}]},{"@type":"ImageObject","inLanguage":"fr-FR","@id":"https:\/\/figueras.com\/fr\/siege\/amik-310-312-313\/#primaryimage","url":"https:\/\/figueras.com\/wp-content\/uploads\/2023\/11\/Amik-310-312-313_w00.webp","contentUrl":"https:\/\/figueras.com\/wp-content\/uploads\/2023\/11\/Amik-310-312-313_w00.webp","width":610,"height":810,"caption":"Amik 310-312-313"},{"@type":"BreadcrumbList","@id":"https:\/\/figueras.com\/fr\/siege\/amik-310-312-313\/#breadcrumb","itemListElement":[{"@type":"ListItem","position":1,"name":"Home","item":"https:\/\/figueras.com\/fr\/"},{"@type":"ListItem","position":2,"name":"Produits","item":"https:\/\/figueras.com\/fr\/shop\/"},{"@type":"ListItem","position":3,"name":"Amik 310-312-313"}]},{"@type":"WebSite","@id":"https:\/\/figueras.com\/fr\/#website","url":"https:\/\/figueras.com\/fr\/","name":"Figueras Seating","description":"","publisher":{"@id":"https:\/\/figueras.com\/fr\/#organization"},"potentialAction":[{"@type":"SearchAction","target":{"@type":"EntryPoint","urlTemplate":"https:\/\/figueras.com\/fr\/?s={search_term_string}"},"query-input":{"@type":"PropertyValueSpecification","valueRequired":true,"valueName":"search_term_string"}}],"inLanguage":"fr-FR"},{"@type":"Organization","@id":"https:\/\/figueras.com\/fr\/#organization","name":"Figueras International Seating, S.L.U.","alternateName":"Figueras Seating","url":"https:\/\/figueras.com\/fr\/","logo":{"@type":"ImageObject","inLanguage":"fr-FR","@id":"https:\/\/figueras.com\/fr\/#\/schema\/logo\/image\/","url":"https:\/\/figueras.com\/wp-content\/uploads\/2023\/04\/figueraslogoheader.png","contentUrl":"https:\/\/figueras.com\/wp-content\/uploads\/2023\/04\/figueraslogoheader.png","width":739,"height":127,"caption":"Figueras International Seating, S.L.U."},"image":{"@id":"https:\/\/figueras.com\/fr\/#\/schema\/logo\/image\/"},"sameAs":["https:\/\/www.linkedin.com\/company\/figuerasseating\/","https:\/\/www.instagram.com\/figueras.seating\/","https:\/\/vimeo.com\/figuerasseating","https:\/\/es.pinterest.com\/figuerasint\/"]}]}},"_links":{"self":[{"href":"https:\/\/figueras.com\/fr\/wp-json\/wp\/v2\/product\/23863","targetHints":{"allow":["GET"]}}],"collection":[{"href":"https:\/\/figueras.com\/fr\/wp-json\/wp\/v2\/product"}],"about":[{"href":"https:\/\/figueras.com\/fr\/wp-json\/wp\/v2\/types\/product"}],"version-history":[{"count":0,"href":"https:\/\/figueras.com\/fr\/wp-json\/wp\/v2\/product\/23863\/revisions"}],"wp:featuredmedia":[{"embeddable":true,"href":"https:\/\/figueras.com\/fr\/wp-json\/wp\/v2\/media\/45781"}],"wp:attachment":[{"href":"https:\/\/figueras.com\/fr\/wp-json\/wp\/v2\/media?parent=23863"}],"wp:term":[{"taxonomy":"designer_tag","embeddable":true,"href":"https:\/\/figueras.com\/fr\/wp-json\/wp\/v2\/designer_tag?post=23863"},{"taxonomy":"system_rel_tag","embeddable":true,"href":"https:\/\/figueras.com\/fr\/wp-json\/wp\/v2\/system_rel_tag?post=23863"},{"taxonomy":"product_brand","embeddable":true,"href":"https:\/\/figueras.com\/fr\/wp-json\/wp\/v2\/product_brand?post=23863"},{"taxonomy":"product_cat","embeddable":true,"href":"https:\/\/figueras.com\/fr\/wp-json\/wp\/v2\/product_cat?post=23863"},{"taxonomy":"product_tag","embeddable":true,"href":"https:\/\/figueras.com\/fr\/wp-json\/wp\/v2\/product_tag?post=23863"}],"curies":[{"name":"wp","href":"https:\/\/api.w.org\/{rel}","templated":true}]}}