{"id":23861,"date":"2023-11-01T09:20:51","date_gmt":"2023-11-01T08:20:51","guid":{"rendered":"http:\/\/figueras.com\/seating\/arena-302\/"},"modified":"2025-05-22T12:24:21","modified_gmt":"2025-05-22T10:24:21","slug":"arena-302","status":"publish","type":"product","link":"https:\/\/figueras.com\/fr\/siege\/arena-302\/","title":{"rendered":"Arena 302"},"content":{"rendered":"<p style=\"text-align: justify;\"><strong>Le 302 Arena est un si\u00e8ge rabattable automatiquement pour les installations sportives, les stades de divertissement et les ar\u00e8nes \u00e0 usage multiple. La conception compacte de l&rsquo;Arena donne aux rang\u00e9es une image de surface continue qui offre une vue d&rsquo;ensemble ordonn\u00e9e du lieu. <\/strong><\/p>\n<p style=\"text-align: justify;\">Le si\u00e8ge se plie de mani\u00e8re automatique et silencieuse, sans coups, et s&rsquo;adapte parfaitement \u00e0 la pi\u00e8ce du dossier. La fermeture parfaite entre le si\u00e8ge et le dossier prot\u00e8ge la partie int\u00e9rieure des rayons solaires et de l&rsquo;accumulation de poussi\u00e8re et de salet\u00e9.<\/p>\n<p style=\"text-align: justify;\">L&rsquo;assise et le dossier sont fabriqu\u00e9s en polypropyl\u00e8ne copolym\u00e8re au moyen d&rsquo;une technique de soufflage.<\/p>\n<p style=\"text-align: justify;\">\u00c0 l&rsquo;avant du si\u00e8ge et \u00e0 l&rsquo;arri\u00e8re du dossier se trouve un espace qui permet d&rsquo;ins\u00e9rer des images publicitaires, des logos ou des \u00e9l\u00e9ments d&rsquo;identit\u00e9 d&rsquo;entreprise sans compromettre le design original du si\u00e8ge.<\/p>\n<p style=\"text-align: justify;\">Le pliage du si\u00e8ge est automatique et silencieux gr\u00e2ce \u00e0 deux ressorts ins\u00e9r\u00e9s dans le si\u00e8ge, compl\u00e8tement prot\u00e9g\u00e9s des agents ext\u00e9rieurs, autolubrifiants, durables et fiables.<\/p>\n<p style=\"text-align: justify;\">L&rsquo;Arena 302 dispose d&rsquo;une version avec rembourrage int\u00e9gr\u00e9 dans l&rsquo;assise et le dossier, ce qui am\u00e9liore consid\u00e9rablement le confort et est id\u00e9al pour les zones VIP.<\/p>\n","protected":false},"excerpt":{"rendered":"<p>[wpdm_package id=&rsquo;23266&prime;]<\/p>\n<p>[wpdm_package id=&rsquo;6930&prime;]<\/p>\n<p>[wpdm_package id=&rsquo;6721&prime;]<\/p>\n","protected":false},"featured_media":45720,"template":"","meta":{"_acf_changed":false,"content-type":""},"designer_tag":[],"system_rel_tag":[],"product_cat":[178,185,189,221,222,248],"product_tag":[502,505],"class_list":{"0":"post-23861","1":"product","2":"type-product","3":"status-publish","4":"has-post-thumbnail","6":"product_cat-education-fr","7":"product_cat-seats-for-multi-purpose-spaces-fr","8":"product_cat-seats-for-universities-and-schools-fr","9":"product_cat-seats-for-stadiums-and-arenas-fr","10":"product_cat-sports-fr","11":"product_cat-arena-fr","12":"product_tag-education-fr","13":"product_tag-sports-fr","15":"first","16":"instock","17":"downloadable","18":"virtual","19":"product-type-simple"},"acf":[],"_links":{"self":[{"href":"https:\/\/figueras.com\/fr\/wp-json\/wp\/v2\/product\/23861","targetHints":{"allow":["GET"]}}],"collection":[{"href":"https:\/\/figueras.com\/fr\/wp-json\/wp\/v2\/product"}],"about":[{"href":"https:\/\/figueras.com\/fr\/wp-json\/wp\/v2\/types\/product"}],"version-history":[{"count":0,"href":"https:\/\/figueras.com\/fr\/wp-json\/wp\/v2\/product\/23861\/revisions"}],"wp:featuredmedia":[{"embeddable":true,"href":"https:\/\/figueras.com\/fr\/wp-json\/wp\/v2\/media\/45720"}],"wp:attachment":[{"href":"https:\/\/figueras.com\/fr\/wp-json\/wp\/v2\/media?parent=23861"}],"wp:term":[{"taxonomy":"designer_tag","embeddable":true,"href":"https:\/\/figueras.com\/fr\/wp-json\/wp\/v2\/designer_tag?post=23861"},{"taxonomy":"system_rel_tag","embeddable":true,"href":"https:\/\/figueras.com\/fr\/wp-json\/wp\/v2\/system_rel_tag?post=23861"},{"taxonomy":"product_cat","embeddable":true,"href":"https:\/\/figueras.com\/fr\/wp-json\/wp\/v2\/product_cat?post=23861"},{"taxonomy":"product_tag","embeddable":true,"href":"https:\/\/figueras.com\/fr\/wp-json\/wp\/v2\/product_tag?post=23861"}],"curies":[{"name":"wp","href":"https:\/\/api.w.org\/{rel}","templated":true}]}}