{"id":23859,"date":"2023-11-01T09:27:57","date_gmt":"2023-11-01T08:27:57","guid":{"rendered":"http:\/\/figueras.com\/seating\/top-5043\/"},"modified":"2025-09-16T18:38:18","modified_gmt":"2025-09-16T16:38:18","slug":"top-5043","status":"publish","type":"product","link":"https:\/\/figueras.com\/fr\/siege\/top-5043\/","title":{"rendered":"Top 5043"},"content":{"rendered":"<p style=\"text-align: justify;\"><strong>Le 5043 TOP est un si\u00e8ge pliant automatique modulaire, compos\u00e9 d&rsquo;\u00e9l\u00e9ments enti\u00e8rement interchangeables. Ce si\u00e8ge Figueras a \u00e9t\u00e9 sp\u00e9cialement con\u00e7u pour les cin\u00e9mas ainsi que pour les zones les plus exclusives des stades et des ar\u00e8nes.<\/strong><\/p>\n<p style=\"text-align: justify;\">L&rsquo;assise et le dossier sont compos\u00e9s de deux blocs de mousse de polyur\u00e9thane moul\u00e9e avec une structure m\u00e9tallique interne et un tissu enti\u00e8rement int\u00e9gr\u00e9 dans la mousse au moyen du syst\u00e8me patent\u00e9 <em>Integral Form<\/em>, sans coutures ni piq\u00fbres.<\/p>\n<p style=\"text-align: justify;\">Le rembourrage du si\u00e8ge et du dossier est de forme anatomique pour garantir le confort. Le coussin d&rsquo;assise est d\u00e9pourvu de rainures de tout type afin d&rsquo;\u00e9viter l&rsquo;accumulation de salet\u00e9s. En option, le dossier peut comporter un appui-t\u00eate.<\/p>\n<p style=\"text-align: justify;\">L&rsquo;assise, le dossier et l&rsquo;appui-t\u00eate ont des coques arri\u00e8re en polypropyl\u00e8ne qui sont enti\u00e8rement lavables, ce qui emp\u00eache les rayures et la salet\u00e9 d&rsquo;appara\u00eetre sur le tissu arri\u00e8re.<\/p>\n<p style=\"text-align: justify;\">Le si\u00e8ge se replie automatiquement gr\u00e2ce \u00e0 un syst\u00e8me de double ressort extr\u00eamement silencieux \u00e0 l&rsquo;int\u00e9rieur de la base du si\u00e8ge, ce qui permet de garder la salle toujours propre et d&rsquo;assurer un environnement silencieux lorsqu&rsquo;un utilisateur quitte le si\u00e8ge.<\/p>\n<p style=\"text-align: justify;\">Le si\u00e8ge est mont\u00e9 sur un pied central et est soutenu par un pont rigide qui assure la stabilit\u00e9 des rang\u00e9es.<\/p>\n<p style=\"text-align: justify;\">Les accoudoirs sont \u00e0 double injection, combinant du polypropyl\u00e8ne sur les parties rigides et un \u00e9lastom\u00e8re \u00ab\u00a0soft\u00a0\u00bb sur la surface de l&rsquo;accoudoir. Dans la partie frontale, un porte-gobelet est int\u00e9gr\u00e9. En option, les coussins peuvent \u00eatre recouverts.<\/p>\n","protected":false},"excerpt":{"rendered":"<p>[wpdm_package id=&rsquo;24595&prime;]<\/p>\n<p>[wpdm_package id=&rsquo;8426&prime;]<\/p>\n","protected":false},"featured_media":13414,"template":"","meta":{"_acf_changed":false,"content-type":""},"designer_tag":[],"system_rel_tag":[],"product_cat":[184,221,222,232,234,246],"product_tag":[499,505,511],"class_list":{"0":"post-23859","1":"product","2":"type-product","3":"status-publish","4":"has-post-thumbnail","6":"product_cat-seats-for-cruise-ships-and-ferries-fr","7":"product_cat-seats-for-stadiums-and-arenas-fr","8":"product_cat-sports-fr","9":"product_cat-cinema-fr","10":"product_cat-seats-for-cinema-fr","11":"product_cat-top-fr","12":"product_tag-cinema-fr","13":"product_tag-sports-fr","14":"product_tag-publicum-fr","16":"first","17":"instock","18":"downloadable","19":"virtual","20":"product-type-simple"},"acf":[],"yoast_head":"<!-- This site is optimized with the Yoast SEO plugin v27.4 - https:\/\/yoast.com\/product\/yoast-seo-wordpress\/ -->\n<title>Top 5043 - Figueras Seating (FR)<\/title>\n<meta name=\"description\" content=\"Le si\u00e8ge Top 5043 de Figueras combine design contemporain, confort et robustesse pour auditoriums, th\u00e9\u00e2tres et environnements \u00e9ducatifs exigeants.\" \/>\n<meta name=\"robots\" content=\"index, follow, max-snippet:-1, max-image-preview:large, max-video-preview:-1\" \/>\n<link rel=\"canonical\" href=\"https:\/\/figueras.com\/fr\/siege\/top-5043\/\" \/>\n<meta property=\"og:locale\" content=\"fr_FR\" \/>\n<meta property=\"og:type\" content=\"article\" \/>\n<meta property=\"og:title\" content=\"Top 5043 - Figueras Seating (FR)\" \/>\n<meta property=\"og:description\" content=\"Le si\u00e8ge Top 5043 de Figueras combine design contemporain, confort et robustesse pour auditoriums, th\u00e9\u00e2tres et environnements \u00e9ducatifs exigeants.\" \/>\n<meta property=\"og:url\" content=\"https:\/\/figueras.com\/fr\/siege\/top-5043\/\" \/>\n<meta property=\"og:site_name\" content=\"Figueras Seating\" \/>\n<meta property=\"article:modified_time\" content=\"2025-09-16T16:38:18+00:00\" \/>\n<meta property=\"og:image\" content=\"https:\/\/figueras.com\/wp-content\/uploads\/2023\/06\/Top-5043_IND.jpg\" \/>\n\t<meta property=\"og:image:width\" content=\"610\" \/>\n\t<meta property=\"og:image:height\" content=\"810\" \/>\n\t<meta property=\"og:image:type\" content=\"image\/jpeg\" \/>\n<meta name=\"twitter:card\" content=\"summary_large_image\" \/>\n<meta name=\"twitter:label1\" content=\"Dur\u00e9e de lecture estim\u00e9e\" \/>\n\t<meta name=\"twitter:data1\" content=\"2 minutes\" \/>\n<script type=\"application\/ld+json\" class=\"yoast-schema-graph\">{\"@context\":\"https:\\\/\\\/schema.org\",\"@graph\":[{\"@type\":\"WebPage\",\"@id\":\"https:\\\/\\\/figueras.com\\\/fr\\\/siege\\\/top-5043\\\/\",\"url\":\"https:\\\/\\\/figueras.com\\\/fr\\\/siege\\\/top-5043\\\/\",\"name\":\"Top 5043 - Figueras Seating (FR)\",\"isPartOf\":{\"@id\":\"https:\\\/\\\/figueras.com\\\/fr\\\/#website\"},\"primaryImageOfPage\":{\"@id\":\"https:\\\/\\\/figueras.com\\\/fr\\\/siege\\\/top-5043\\\/#primaryimage\"},\"image\":{\"@id\":\"https:\\\/\\\/figueras.com\\\/fr\\\/siege\\\/top-5043\\\/#primaryimage\"},\"thumbnailUrl\":\"https:\\\/\\\/figueras.com\\\/wp-content\\\/uploads\\\/2023\\\/06\\\/Top-5043_IND.jpg\",\"datePublished\":\"2023-11-01T08:27:57+00:00\",\"dateModified\":\"2025-09-16T16:38:18+00:00\",\"description\":\"Le si\u00e8ge Top 5043 de Figueras combine design contemporain, confort et robustesse pour auditoriums, th\u00e9\u00e2tres et environnements \u00e9ducatifs exigeants.\",\"breadcrumb\":{\"@id\":\"https:\\\/\\\/figueras.com\\\/fr\\\/siege\\\/top-5043\\\/#breadcrumb\"},\"inLanguage\":\"fr-FR\",\"potentialAction\":[{\"@type\":\"ReadAction\",\"target\":[\"https:\\\/\\\/figueras.com\\\/fr\\\/siege\\\/top-5043\\\/\"]}]},{\"@type\":\"ImageObject\",\"inLanguage\":\"fr-FR\",\"@id\":\"https:\\\/\\\/figueras.com\\\/fr\\\/siege\\\/top-5043\\\/#primaryimage\",\"url\":\"https:\\\/\\\/figueras.com\\\/wp-content\\\/uploads\\\/2023\\\/06\\\/Top-5043_IND.jpg\",\"contentUrl\":\"https:\\\/\\\/figueras.com\\\/wp-content\\\/uploads\\\/2023\\\/06\\\/Top-5043_IND.jpg\",\"width\":610,\"height\":810,\"caption\":\"Top 5043 IND\"},{\"@type\":\"BreadcrumbList\",\"@id\":\"https:\\\/\\\/figueras.com\\\/fr\\\/siege\\\/top-5043\\\/#breadcrumb\",\"itemListElement\":[{\"@type\":\"ListItem\",\"position\":1,\"name\":\"Home\",\"item\":\"https:\\\/\\\/figueras.com\\\/fr\\\/\"},{\"@type\":\"ListItem\",\"position\":2,\"name\":\"Produits\",\"item\":\"https:\\\/\\\/figueras.com\\\/fr\\\/shop\\\/\"},{\"@type\":\"ListItem\",\"position\":3,\"name\":\"Top 5043\"}]},{\"@type\":\"WebSite\",\"@id\":\"https:\\\/\\\/figueras.com\\\/fr\\\/#website\",\"url\":\"https:\\\/\\\/figueras.com\\\/fr\\\/\",\"name\":\"Figueras Seating\",\"description\":\"\",\"publisher\":{\"@id\":\"https:\\\/\\\/figueras.com\\\/fr\\\/#organization\"},\"potentialAction\":[{\"@type\":\"SearchAction\",\"target\":{\"@type\":\"EntryPoint\",\"urlTemplate\":\"https:\\\/\\\/figueras.com\\\/fr\\\/?s={search_term_string}\"},\"query-input\":{\"@type\":\"PropertyValueSpecification\",\"valueRequired\":true,\"valueName\":\"search_term_string\"}}],\"inLanguage\":\"fr-FR\"},{\"@type\":\"Organization\",\"@id\":\"https:\\\/\\\/figueras.com\\\/fr\\\/#organization\",\"name\":\"Figueras International Seating, S.L.U.\",\"alternateName\":\"Figueras Seating\",\"url\":\"https:\\\/\\\/figueras.com\\\/fr\\\/\",\"logo\":{\"@type\":\"ImageObject\",\"inLanguage\":\"fr-FR\",\"@id\":\"https:\\\/\\\/figueras.com\\\/fr\\\/#\\\/schema\\\/logo\\\/image\\\/\",\"url\":\"https:\\\/\\\/figueras.com\\\/wp-content\\\/uploads\\\/2023\\\/04\\\/figueraslogoheader.png\",\"contentUrl\":\"https:\\\/\\\/figueras.com\\\/wp-content\\\/uploads\\\/2023\\\/04\\\/figueraslogoheader.png\",\"width\":739,\"height\":127,\"caption\":\"Figueras International Seating, S.L.U.\"},\"image\":{\"@id\":\"https:\\\/\\\/figueras.com\\\/fr\\\/#\\\/schema\\\/logo\\\/image\\\/\"},\"sameAs\":[\"https:\\\/\\\/www.linkedin.com\\\/company\\\/figuerasseating\\\/\",\"https:\\\/\\\/www.instagram.com\\\/figueras.seating\\\/\",\"https:\\\/\\\/vimeo.com\\\/figuerasseating\",\"https:\\\/\\\/es.pinterest.com\\\/figuerasint\\\/\"]}]}<\/script>\n<!-- \/ Yoast SEO plugin. -->","yoast_head_json":{"title":"Top 5043 - Figueras Seating (FR)","description":"Le si\u00e8ge Top 5043 de Figueras combine design contemporain, confort et robustesse pour auditoriums, th\u00e9\u00e2tres et environnements \u00e9ducatifs exigeants.","robots":{"index":"index","follow":"follow","max-snippet":"max-snippet:-1","max-image-preview":"max-image-preview:large","max-video-preview":"max-video-preview:-1"},"canonical":"https:\/\/figueras.com\/fr\/siege\/top-5043\/","og_locale":"fr_FR","og_type":"article","og_title":"Top 5043 - Figueras Seating (FR)","og_description":"Le si\u00e8ge Top 5043 de Figueras combine design contemporain, confort et robustesse pour auditoriums, th\u00e9\u00e2tres et environnements \u00e9ducatifs exigeants.","og_url":"https:\/\/figueras.com\/fr\/siege\/top-5043\/","og_site_name":"Figueras Seating","article_modified_time":"2025-09-16T16:38:18+00:00","og_image":[{"width":610,"height":810,"url":"https:\/\/figueras.com\/wp-content\/uploads\/2023\/06\/Top-5043_IND.jpg","type":"image\/jpeg"}],"twitter_card":"summary_large_image","twitter_misc":{"Dur\u00e9e de lecture estim\u00e9e":"2 minutes"},"schema":{"@context":"https:\/\/schema.org","@graph":[{"@type":"WebPage","@id":"https:\/\/figueras.com\/fr\/siege\/top-5043\/","url":"https:\/\/figueras.com\/fr\/siege\/top-5043\/","name":"Top 5043 - Figueras Seating (FR)","isPartOf":{"@id":"https:\/\/figueras.com\/fr\/#website"},"primaryImageOfPage":{"@id":"https:\/\/figueras.com\/fr\/siege\/top-5043\/#primaryimage"},"image":{"@id":"https:\/\/figueras.com\/fr\/siege\/top-5043\/#primaryimage"},"thumbnailUrl":"https:\/\/figueras.com\/wp-content\/uploads\/2023\/06\/Top-5043_IND.jpg","datePublished":"2023-11-01T08:27:57+00:00","dateModified":"2025-09-16T16:38:18+00:00","description":"Le si\u00e8ge Top 5043 de Figueras combine design contemporain, confort et robustesse pour auditoriums, th\u00e9\u00e2tres et environnements \u00e9ducatifs exigeants.","breadcrumb":{"@id":"https:\/\/figueras.com\/fr\/siege\/top-5043\/#breadcrumb"},"inLanguage":"fr-FR","potentialAction":[{"@type":"ReadAction","target":["https:\/\/figueras.com\/fr\/siege\/top-5043\/"]}]},{"@type":"ImageObject","inLanguage":"fr-FR","@id":"https:\/\/figueras.com\/fr\/siege\/top-5043\/#primaryimage","url":"https:\/\/figueras.com\/wp-content\/uploads\/2023\/06\/Top-5043_IND.jpg","contentUrl":"https:\/\/figueras.com\/wp-content\/uploads\/2023\/06\/Top-5043_IND.jpg","width":610,"height":810,"caption":"Top 5043 IND"},{"@type":"BreadcrumbList","@id":"https:\/\/figueras.com\/fr\/siege\/top-5043\/#breadcrumb","itemListElement":[{"@type":"ListItem","position":1,"name":"Home","item":"https:\/\/figueras.com\/fr\/"},{"@type":"ListItem","position":2,"name":"Produits","item":"https:\/\/figueras.com\/fr\/shop\/"},{"@type":"ListItem","position":3,"name":"Top 5043"}]},{"@type":"WebSite","@id":"https:\/\/figueras.com\/fr\/#website","url":"https:\/\/figueras.com\/fr\/","name":"Figueras Seating","description":"","publisher":{"@id":"https:\/\/figueras.com\/fr\/#organization"},"potentialAction":[{"@type":"SearchAction","target":{"@type":"EntryPoint","urlTemplate":"https:\/\/figueras.com\/fr\/?s={search_term_string}"},"query-input":{"@type":"PropertyValueSpecification","valueRequired":true,"valueName":"search_term_string"}}],"inLanguage":"fr-FR"},{"@type":"Organization","@id":"https:\/\/figueras.com\/fr\/#organization","name":"Figueras International Seating, S.L.U.","alternateName":"Figueras Seating","url":"https:\/\/figueras.com\/fr\/","logo":{"@type":"ImageObject","inLanguage":"fr-FR","@id":"https:\/\/figueras.com\/fr\/#\/schema\/logo\/image\/","url":"https:\/\/figueras.com\/wp-content\/uploads\/2023\/04\/figueraslogoheader.png","contentUrl":"https:\/\/figueras.com\/wp-content\/uploads\/2023\/04\/figueraslogoheader.png","width":739,"height":127,"caption":"Figueras International Seating, S.L.U."},"image":{"@id":"https:\/\/figueras.com\/fr\/#\/schema\/logo\/image\/"},"sameAs":["https:\/\/www.linkedin.com\/company\/figuerasseating\/","https:\/\/www.instagram.com\/figueras.seating\/","https:\/\/vimeo.com\/figuerasseating","https:\/\/es.pinterest.com\/figuerasint\/"]}]}},"_links":{"self":[{"href":"https:\/\/figueras.com\/fr\/wp-json\/wp\/v2\/product\/23859","targetHints":{"allow":["GET"]}}],"collection":[{"href":"https:\/\/figueras.com\/fr\/wp-json\/wp\/v2\/product"}],"about":[{"href":"https:\/\/figueras.com\/fr\/wp-json\/wp\/v2\/types\/product"}],"version-history":[{"count":0,"href":"https:\/\/figueras.com\/fr\/wp-json\/wp\/v2\/product\/23859\/revisions"}],"wp:featuredmedia":[{"embeddable":true,"href":"https:\/\/figueras.com\/fr\/wp-json\/wp\/v2\/media\/13414"}],"wp:attachment":[{"href":"https:\/\/figueras.com\/fr\/wp-json\/wp\/v2\/media?parent=23859"}],"wp:term":[{"taxonomy":"designer_tag","embeddable":true,"href":"https:\/\/figueras.com\/fr\/wp-json\/wp\/v2\/designer_tag?post=23859"},{"taxonomy":"system_rel_tag","embeddable":true,"href":"https:\/\/figueras.com\/fr\/wp-json\/wp\/v2\/system_rel_tag?post=23859"},{"taxonomy":"product_cat","embeddable":true,"href":"https:\/\/figueras.com\/fr\/wp-json\/wp\/v2\/product_cat?post=23859"},{"taxonomy":"product_tag","embeddable":true,"href":"https:\/\/figueras.com\/fr\/wp-json\/wp\/v2\/product_tag?post=23859"}],"curies":[{"name":"wp","href":"https:\/\/api.w.org\/{rel}","templated":true}]}}