{"id":23857,"date":"2023-11-01T09:28:57","date_gmt":"2023-11-01T08:28:57","guid":{"rendered":"http:\/\/figueras.com\/seating\/top-5042\/"},"modified":"2025-09-16T18:26:57","modified_gmt":"2025-09-16T16:26:57","slug":"top-5042","status":"publish","type":"product","link":"https:\/\/figueras.com\/fr\/siege\/top-5042\/","title":{"rendered":"Top 5042"},"content":{"rendered":"<p style=\"text-align: justify;\"><strong>TOP 5042 est un fauteuil modulaire \u00e0 si\u00e8ge rabattable automatique, compos\u00e9 d&rsquo;\u00e9l\u00e9ments enti\u00e8rement interchangeables. Ce si\u00e8ge Figueras a \u00e9t\u00e9 sp\u00e9cialement con\u00e7u pour les cin\u00e9mas ainsi que pour les zones les plus exclusives des stades et des ar\u00e8nes.<\/strong><\/p>\n<p style=\"text-align: justify;\">L&rsquo;assise et le dossier sont compos\u00e9s de deux blocs de mousse de polyur\u00e9thane moul\u00e9e avec une structure m\u00e9tallique interne. La tapisserie peut \u00eatre int\u00e9gr\u00e9e dans la mousse gr\u00e2ce au syst\u00e8me <em>Integral Form<\/em>, sans coutures ni piq\u00fbres.<\/p>\n<p style=\"text-align: justify;\">Le rembourrage du si\u00e8ge et du dossier est de forme anatomique pour garantir le confort. Le rembourrage de l&rsquo;assise est d\u00e9pourvu de rainures de tout type afin d&rsquo;\u00e9viter l&rsquo;accumulation de salet\u00e9s.<\/p>\n<p style=\"text-align: justify;\">L&rsquo;assise et le dossier ont des coques arri\u00e8re en polypropyl\u00e8ne qui sont enti\u00e8rement lavables, ce qui emp\u00eache les rayures et la salet\u00e9 sur la tapisserie arri\u00e8re.<\/p>\n<p style=\"text-align: justify;\">Le si\u00e8ge se replie automatiquement gr\u00e2ce \u00e0 un syst\u00e8me de double ressort extr\u00eamement silencieux \u00e0 l&rsquo;int\u00e9rieur de la base du si\u00e8ge, ce qui permet de garder la pi\u00e8ce toujours propre et d&rsquo;assurer un environnement silencieux lorsqu&rsquo;un utilisateur quitte le si\u00e8ge.<\/p>\n<p style=\"text-align: justify;\">Le si\u00e8ge est mont\u00e9 sur deux pieds m\u00e9talliques peints et soutenu par un pont rigide qui assure la stabilit\u00e9 des rang\u00e9es.<\/p>\n<p style=\"text-align: justify;\">Les accoudoirs sont \u00e0 double injection, combinant du polypropyl\u00e8ne sur les parties rigides et un \u00e9lastom\u00e8re \u00ab\u00a0soft\u00a0\u00bb sur la surface de l&rsquo;accoudoir. Dans la partie frontale, un porte-gobelet est int\u00e9gr\u00e9.<\/p>\n","protected":false},"excerpt":{"rendered":"<p>[wpdm_package id=&rsquo;24589&prime;]<\/p>\n<p>[wpdm_package id=&rsquo;7261&prime;]<\/p>\n<p>[wpdm_package id=&rsquo;7262&prime;]<\/p>\n","protected":false},"featured_media":33215,"template":"","meta":{"_acf_changed":false,"content-type":""},"designer_tag":[],"system_rel_tag":[],"product_cat":[184,221,222,232,234,246],"product_tag":[499,505,511],"class_list":{"0":"post-23857","1":"product","2":"type-product","3":"status-publish","4":"has-post-thumbnail","6":"product_cat-seats-for-cruise-ships-and-ferries-fr","7":"product_cat-seats-for-stadiums-and-arenas-fr","8":"product_cat-sports-fr","9":"product_cat-cinema-fr","10":"product_cat-seats-for-cinema-fr","11":"product_cat-top-fr","12":"product_tag-cinema-fr","13":"product_tag-sports-fr","14":"product_tag-publicum-fr","16":"first","17":"instock","18":"downloadable","19":"virtual","20":"product-type-simple"},"acf":[],"_links":{"self":[{"href":"https:\/\/figueras.com\/fr\/wp-json\/wp\/v2\/product\/23857","targetHints":{"allow":["GET"]}}],"collection":[{"href":"https:\/\/figueras.com\/fr\/wp-json\/wp\/v2\/product"}],"about":[{"href":"https:\/\/figueras.com\/fr\/wp-json\/wp\/v2\/types\/product"}],"version-history":[{"count":0,"href":"https:\/\/figueras.com\/fr\/wp-json\/wp\/v2\/product\/23857\/revisions"}],"wp:featuredmedia":[{"embeddable":true,"href":"https:\/\/figueras.com\/fr\/wp-json\/wp\/v2\/media\/33215"}],"wp:attachment":[{"href":"https:\/\/figueras.com\/fr\/wp-json\/wp\/v2\/media?parent=23857"}],"wp:term":[{"taxonomy":"designer_tag","embeddable":true,"href":"https:\/\/figueras.com\/fr\/wp-json\/wp\/v2\/designer_tag?post=23857"},{"taxonomy":"system_rel_tag","embeddable":true,"href":"https:\/\/figueras.com\/fr\/wp-json\/wp\/v2\/system_rel_tag?post=23857"},{"taxonomy":"product_cat","embeddable":true,"href":"https:\/\/figueras.com\/fr\/wp-json\/wp\/v2\/product_cat?post=23857"},{"taxonomy":"product_tag","embeddable":true,"href":"https:\/\/figueras.com\/fr\/wp-json\/wp\/v2\/product_tag?post=23857"}],"curies":[{"name":"wp","href":"https:\/\/api.w.org\/{rel}","templated":true}]}}