{"id":23855,"date":"2023-11-01T09:29:57","date_gmt":"2023-11-01T08:29:57","guid":{"rendered":"http:\/\/figueras.com\/seating\/top-5036\/"},"modified":"2026-02-10T12:30:36","modified_gmt":"2026-02-10T11:30:36","slug":"top-5036","status":"publish","type":"product","link":"https:\/\/figueras.com\/fr\/siege\/top-5036\/","title":{"rendered":"Top 5036"},"content":{"rendered":"<p style=\"text-align: justify;\"><strong>Le TOP 5036 est un si\u00e8ge modulaire avec strapontin automatique, compos\u00e9 d&rsquo;\u00e9l\u00e9ments enti\u00e8rement interchangeables.<\/strong><\/p>\n<p style=\"text-align: justify;\">L&rsquo;assise et le dossier sont compos\u00e9s de deux blocs de mousse de polyur\u00e9thane moul\u00e9e avec une structure m\u00e9tallique interne. La tapisserie peut \u00eatre int\u00e9gr\u00e9e dans la mousse gr\u00e2ce au syst\u00e8me <em>Integral Form<\/em>, sans coutures ni piq\u00fbres.<\/p>\n<p style=\"text-align: justify;\">Le rembourrage du si\u00e8ge et du dossier est de forme anatomique pour garantir le confort. Le rembourrage de l&rsquo;assise est d\u00e9pourvu de rainures de tout type afin d&rsquo;\u00e9viter l&rsquo;accumulation de salet\u00e9s.<\/p>\n<p style=\"text-align: justify;\">L&rsquo;assise et le dossier ont des coques arri\u00e8re en polypropyl\u00e8ne qui sont enti\u00e8rement lavables, ce qui emp\u00eache les rayures et la salet\u00e9 sur la tapisserie arri\u00e8re. En option, ces coques peuvent \u00eatre tapiss\u00e9es.<\/p>\n<p style=\"text-align: justify;\">Le si\u00e8ge se replie automatiquement gr\u00e2ce \u00e0 un syst\u00e8me \u00e0 double ressort extr\u00eamement silencieux \u00e0 l&rsquo;int\u00e9rieur de la base du si\u00e8ge, ce qui permet de garder la pi\u00e8ce toujours propre et d&rsquo;assurer un environnement silencieux lorsqu&rsquo;un utilisateur quitte le si\u00e8ge.<\/p>\n<p style=\"text-align: justify;\">Le si\u00e8ge est mont\u00e9 sur deux pieds m\u00e9talliques peints et fix\u00e9 au sol avec une base qui peut \u00eatre adapt\u00e9e \u00e0 diff\u00e9rentes inclinaisons.<\/p>\n<p style=\"text-align: justify;\">Les accoudoirs sont \u00e0 double injection, combinant du polypropyl\u00e8ne sur les parties rigides et un \u00e9lastom\u00e8re \u00ab\u00a0soft\u00a0\u00bb sur la surface de l&rsquo;accoudoir. En option, un pupitre en polypropyl\u00e8ne peut \u00eatre ajout\u00e9 \u00e0 l&rsquo;accoudoir, la tablette PLX avec syst\u00e8me de pliage anti-panique.<\/p>\n","protected":false},"excerpt":{"rendered":"<p>[wpdm_package id=&rsquo;24579&prime;]<\/p>\n<p>[wpdm_package id=&rsquo;7256&prime;]<\/p>\n<p>[wpdm_package id=&rsquo;8407&prime;]<\/p>\n","protected":false},"featured_media":13411,"template":"","meta":{"_acf_changed":false,"content-type":""},"designer_tag":[],"system_rel_tag":[],"product_cat":[221,222,178,244,180,246,181,182,183,184,186,189,190],"product_tag":[502,505,511],"class_list":{"0":"post-23855","1":"product","2":"type-product","3":"status-publish","4":"has-post-thumbnail","6":"product_cat-seats-for-stadiums-and-arenas-fr","7":"product_cat-sports-fr","8":"product_cat-education-fr","9":"product_cat-seats-for-planetariums-fr","10":"product_cat-publicum-fr","11":"product_cat-top-fr","12":"product_cat-seats-for-auditorium-and-conference-rooms-fr","13":"product_cat-seats-for-congress-centres-fr","14":"product_cat-seats-for-corporate-rooms-fr","15":"product_cat-seats-for-cruise-ships-and-ferries-fr","16":"product_cat-seats-for-parliaments-fr","17":"product_cat-seats-for-universities-and-schools-fr","18":"product_cat-seats-for-worship-and-religious-centres-fr","19":"product_tag-education-fr","20":"product_tag-sports-fr","21":"product_tag-publicum-fr","23":"first","24":"instock","25":"downloadable","26":"virtual","27":"product-type-simple"},"acf":[],"_links":{"self":[{"href":"https:\/\/figueras.com\/fr\/wp-json\/wp\/v2\/product\/23855","targetHints":{"allow":["GET"]}}],"collection":[{"href":"https:\/\/figueras.com\/fr\/wp-json\/wp\/v2\/product"}],"about":[{"href":"https:\/\/figueras.com\/fr\/wp-json\/wp\/v2\/types\/product"}],"version-history":[{"count":0,"href":"https:\/\/figueras.com\/fr\/wp-json\/wp\/v2\/product\/23855\/revisions"}],"wp:featuredmedia":[{"embeddable":true,"href":"https:\/\/figueras.com\/fr\/wp-json\/wp\/v2\/media\/13411"}],"wp:attachment":[{"href":"https:\/\/figueras.com\/fr\/wp-json\/wp\/v2\/media?parent=23855"}],"wp:term":[{"taxonomy":"designer_tag","embeddable":true,"href":"https:\/\/figueras.com\/fr\/wp-json\/wp\/v2\/designer_tag?post=23855"},{"taxonomy":"system_rel_tag","embeddable":true,"href":"https:\/\/figueras.com\/fr\/wp-json\/wp\/v2\/system_rel_tag?post=23855"},{"taxonomy":"product_cat","embeddable":true,"href":"https:\/\/figueras.com\/fr\/wp-json\/wp\/v2\/product_cat?post=23855"},{"taxonomy":"product_tag","embeddable":true,"href":"https:\/\/figueras.com\/fr\/wp-json\/wp\/v2\/product_tag?post=23855"}],"curies":[{"name":"wp","href":"https:\/\/api.w.org\/{rel}","templated":true}]}}