{"id":23853,"date":"2023-11-01T09:33:54","date_gmt":"2023-11-01T08:33:54","guid":{"rendered":"http:\/\/figueras.com\/seating\/megaseat-9113\/"},"modified":"2025-05-22T13:05:30","modified_gmt":"2025-05-22T11:05:30","slug":"megaseat-9113","status":"publish","type":"product","link":"https:\/\/figueras.com\/fr\/siege\/megaseat-9113\/","title":{"rendered":"Megaseat 9113"},"content":{"rendered":"<p style=\"text-align: justify;\"><strong>Le Megaseat 9113 est un si\u00e8ge modulaire de dimensions g\u00e9n\u00e9reuses, compos\u00e9 de pi\u00e8ces enti\u00e8rement interchangeables, sp\u00e9cialement con\u00e7u pour les cin\u00e9mas. <\/strong><\/p>\n<p style=\"text-align: justify;\">Le si\u00e8ge et le dossier sont compos\u00e9s de deux blocs de mousse de polyur\u00e9thane moul\u00e9e avec une structure m\u00e9tallique interne. La tapisserie peut \u00eatre int\u00e9gr\u00e9e dans la mousse gr\u00e2ce au syst\u00e8me de tapisserie<em> Integral Form<\/em>, sans coutures ni surpiq\u00fbres.<\/p>\n<p style=\"text-align: justify;\">Le rembourrage du si\u00e8ge est exempt de rainures de tout type afin d&rsquo;\u00e9viter l&rsquo;accumulation de salet\u00e9s. Le rembourrage du dossier a une forme anatomique pour garantir le confort de l&rsquo;utilisateur. En option, un appui-t\u00eate peut \u00eatre incorpor\u00e9.<\/p>\n<p style=\"text-align: justify;\">L&rsquo;assise, le dossier et l&rsquo;appui-t\u00eate ont des coques arri\u00e8re en polypropyl\u00e8ne qui sont enti\u00e8rement lavables, ce qui \u00e9vite l&rsquo;apparition de rayures et de salissures sur la tapisserie arri\u00e8re. En option, les coques peuvent \u00eatre tapiss\u00e9es.<\/p>\n<p style=\"text-align: justify;\">Le si\u00e8ge est mont\u00e9 sur un pied central et soutenu par un pont rigide qui assure la stabilit\u00e9 des rang\u00e9es.<\/p>\n<p style=\"text-align: justify;\">Les accoudoirs sont en mousse de polyur\u00e9thane semi-rigide avec une structure m\u00e9tallique interne. En option, les accoudoirs peuvent \u00eatre tapiss\u00e9s. Il est possible d&rsquo;avoir un porte-gobelet situ\u00e9 \u00e0 l&rsquo;avant de l&rsquo;accoudoir.<\/p>\n","protected":false},"excerpt":{"rendered":"<p>[wpdm_package id=&rsquo;24300&prime;]<\/p>\n<p>[wpdm_package id=&rsquo;7013&prime;]<\/p>\n<p>[wpdm_package id=&rsquo;7014&prime;]<\/p>\n","protected":false},"featured_media":32792,"template":"","meta":{"_acf_changed":false,"content-type":""},"designer_tag":[332],"system_rel_tag":[],"product_cat":[184,221,222,232,234,242],"product_tag":[511,499,505],"class_list":{"0":"post-23853","1":"product","2":"type-product","3":"status-publish","4":"has-post-thumbnail","6":"designer_tag-design-center-fr","7":"product_cat-seats-for-cruise-ships-and-ferries-fr","8":"product_cat-seats-for-stadiums-and-arenas-fr","9":"product_cat-sports-fr","10":"product_cat-cinema-fr","11":"product_cat-seats-for-cinema-fr","12":"product_cat-megaseat-fr","13":"product_tag-publicum-fr","14":"product_tag-cinema-fr","15":"product_tag-sports-fr","17":"first","18":"instock","19":"downloadable","20":"virtual","21":"product-type-simple"},"acf":[],"_links":{"self":[{"href":"https:\/\/figueras.com\/fr\/wp-json\/wp\/v2\/product\/23853","targetHints":{"allow":["GET"]}}],"collection":[{"href":"https:\/\/figueras.com\/fr\/wp-json\/wp\/v2\/product"}],"about":[{"href":"https:\/\/figueras.com\/fr\/wp-json\/wp\/v2\/types\/product"}],"version-history":[{"count":0,"href":"https:\/\/figueras.com\/fr\/wp-json\/wp\/v2\/product\/23853\/revisions"}],"wp:featuredmedia":[{"embeddable":true,"href":"https:\/\/figueras.com\/fr\/wp-json\/wp\/v2\/media\/32792"}],"wp:attachment":[{"href":"https:\/\/figueras.com\/fr\/wp-json\/wp\/v2\/media?parent=23853"}],"wp:term":[{"taxonomy":"designer_tag","embeddable":true,"href":"https:\/\/figueras.com\/fr\/wp-json\/wp\/v2\/designer_tag?post=23853"},{"taxonomy":"system_rel_tag","embeddable":true,"href":"https:\/\/figueras.com\/fr\/wp-json\/wp\/v2\/system_rel_tag?post=23853"},{"taxonomy":"product_cat","embeddable":true,"href":"https:\/\/figueras.com\/fr\/wp-json\/wp\/v2\/product_cat?post=23853"},{"taxonomy":"product_tag","embeddable":true,"href":"https:\/\/figueras.com\/fr\/wp-json\/wp\/v2\/product_tag?post=23853"}],"curies":[{"name":"wp","href":"https:\/\/api.w.org\/{rel}","templated":true}]}}