{"id":23851,"date":"2023-11-01T09:31:54","date_gmt":"2023-11-01T08:31:54","guid":{"rendered":"http:\/\/figueras.com\/seating\/megaseat-rt-2315\/"},"modified":"2025-06-17T13:28:43","modified_gmt":"2025-06-17T11:28:43","slug":"megaseat-rt-2315","status":"publish","type":"product","link":"https:\/\/figueras.com\/fr\/siege\/megaseat-rt-2315\/","title":{"rendered":"Megaseat RT 2315"},"content":{"rendered":"<p style=\"text-align: justify;\"><strong>La Mega RT est un concept r\u00e9volutionnaire d\u2019assise sp\u00e9cialement con\u00e7u pour une utilisation dans les parlements, les centres d&rsquo;affaires, de conf\u00e9rences et de congr\u00e8s. Elle combine la s\u00e9curit\u00e9 d\u2019un si\u00e8ge fix\u00e9 au sol avec une libert\u00e9 totale de mouvement, permettant une rotation \u00e0 360\u00b0 et un d\u00e9placement horizontal de 17 cm.<\/strong><\/p>\n<p style=\"text-align: justify;\">Le syst\u00e8me RT est la solution de rotation et de mouvement de Figueras, parfaitement adapt\u00e9e aux espaces n\u00e9cessitant de la mobilit\u00e9 pour favoriser l\u2019interaction. Il revient automatiquement \u00e0 sa position initiale, laissant l\u2019espace propre et ordonn\u00e9 sans effort suppl\u00e9mentaire.<\/p>\n<p style=\"text-align: justify;\">Le syst\u00e8me innovant RT se compose d\u2019une base en aluminium fix\u00e9e au sol, int\u00e9grant un m\u00e9canisme de rotation \u00e0 360\u00b0 et un syst\u00e8me de d\u00e9placement lin\u00e9aire. Les deux mouvements peuvent \u00eatre effectu\u00e9s simultan\u00e9ment.<\/p>\n<p style=\"text-align: justify;\">L\u2019assise et le dossier sont compos\u00e9s de deux mousses moul\u00e9es en polyur\u00e9thane avec une structure interne en m\u00e9tal. Le rev\u00eatement est int\u00e9gr\u00e9 \u00e0 la mousse gr\u00e2ce au syst\u00e8me de rembourrage Integral Form, sans coutures ni piq\u00fbres.<\/p>\n<p style=\"text-align: justify;\">L\u2019assise, le dossier et l\u2019appuie-t\u00eate poss\u00e8dent des coques arri\u00e8re en polypropyl\u00e8ne, enti\u00e8rement lavables, qui \u00e9vitent les rayures et la salissure du rev\u00eatement arri\u00e8re. En option, les coques peuvent \u00eatre rembourr\u00e9es.<\/p>\n<p style=\"text-align: justify;\">Les accoudoirs sont fabriqu\u00e9s en mousse de polyur\u00e9thane semi-rigide avec une structure interne m\u00e9tallique. En option, ils peuvent \u00e9galement \u00eatre rembourr\u00e9s.<\/p>\n","protected":false},"excerpt":{"rendered":"<p>La Mega RT est un concept r\u00e9volutionnaire d\u2019assise sp\u00e9cialement con\u00e7u pour une utilisation dans les parlements, les centres d&rsquo;affaires, de conf\u00e9rences et de congr\u00e8s. Elle combine la s\u00e9curit\u00e9 d\u2019un si\u00e8ge fix\u00e9 au sol avec une libert\u00e9 totale de mouvement, permettant une rotation \u00e0 360\u00b0 et un d\u00e9placement horizontal de 17 cm. Le syst\u00e8me RT est [&hellip;]<\/p>\n","protected":false},"featured_media":45670,"template":"","meta":{"_acf_changed":false,"content-type":""},"designer_tag":[],"system_rel_tag":[],"product_brand":[],"product_cat":[178,180,181,182,183,186,189,242],"product_tag":[511,502],"class_list":{"0":"post-23851","1":"product","2":"type-product","3":"status-publish","4":"has-post-thumbnail","6":"product_cat-education-fr","7":"product_cat-publicum-fr","8":"product_cat-seats-for-auditorium-and-conference-rooms-fr","9":"product_cat-seats-for-congress-centres-fr","10":"product_cat-seats-for-corporate-rooms-fr","11":"product_cat-seats-for-parliaments-fr","12":"product_cat-seats-for-universities-and-schools-fr","13":"product_cat-megaseat-fr","14":"product_tag-publicum-fr","15":"product_tag-education-fr","17":"first","18":"instock","19":"product-type-simple"},"acf":[],"yoast_head":"<!-- This site is optimized with the Yoast SEO plugin v27.3 - https:\/\/yoast.com\/product\/yoast-seo-wordpress\/ -->\n<title>Megaseat RT 2315 - Figueras Seating (FR)<\/title>\n<meta name=\"description\" content=\"Megaseat RT 2315: high-comfort, durable seating solution for busy public venues.\" \/>\n<meta name=\"robots\" content=\"index, follow, max-snippet:-1, max-image-preview:large, max-video-preview:-1\" \/>\n<link rel=\"canonical\" href=\"https:\/\/figueras.com\/fr\/siege\/megaseat-rt-2315\/\" \/>\n<meta property=\"og:locale\" content=\"fr_FR\" \/>\n<meta property=\"og:type\" content=\"article\" \/>\n<meta property=\"og:title\" content=\"Megaseat RT 2315 - Figueras Seating (FR)\" \/>\n<meta property=\"og:description\" content=\"Megaseat RT 2315: high-comfort, durable seating solution for busy public venues.\" \/>\n<meta property=\"og:url\" content=\"https:\/\/figueras.com\/fr\/siege\/megaseat-rt-2315\/\" \/>\n<meta property=\"og:site_name\" content=\"Figueras Seating\" \/>\n<meta property=\"article:modified_time\" content=\"2025-06-17T11:28:43+00:00\" \/>\n<meta property=\"og:image\" content=\"https:\/\/figueras.com\/wp-content\/uploads\/2023\/11\/Megaseat-2315-RT_w00.webp\" \/>\n\t<meta property=\"og:image:width\" content=\"610\" \/>\n\t<meta property=\"og:image:height\" content=\"810\" \/>\n\t<meta property=\"og:image:type\" content=\"image\/webp\" \/>\n<meta name=\"twitter:card\" content=\"summary_large_image\" \/>\n<meta name=\"twitter:label1\" content=\"Dur\u00e9e de lecture estim\u00e9e\" \/>\n\t<meta name=\"twitter:data1\" content=\"2 minutes\" \/>\n<script type=\"application\/ld+json\" class=\"yoast-schema-graph\">{\"@context\":\"https:\\\/\\\/schema.org\",\"@graph\":[{\"@type\":\"WebPage\",\"@id\":\"https:\\\/\\\/figueras.com\\\/fr\\\/siege\\\/megaseat-rt-2315\\\/\",\"url\":\"https:\\\/\\\/figueras.com\\\/fr\\\/siege\\\/megaseat-rt-2315\\\/\",\"name\":\"Megaseat RT 2315 - Figueras Seating (FR)\",\"isPartOf\":{\"@id\":\"https:\\\/\\\/figueras.com\\\/fr\\\/#website\"},\"primaryImageOfPage\":{\"@id\":\"https:\\\/\\\/figueras.com\\\/fr\\\/siege\\\/megaseat-rt-2315\\\/#primaryimage\"},\"image\":{\"@id\":\"https:\\\/\\\/figueras.com\\\/fr\\\/siege\\\/megaseat-rt-2315\\\/#primaryimage\"},\"thumbnailUrl\":\"https:\\\/\\\/figueras.com\\\/wp-content\\\/uploads\\\/2023\\\/11\\\/Megaseat-2315-RT_w00.webp\",\"datePublished\":\"2023-11-01T08:31:54+00:00\",\"dateModified\":\"2025-06-17T11:28:43+00:00\",\"description\":\"Megaseat RT 2315: high-comfort, durable seating solution for busy public venues.\",\"breadcrumb\":{\"@id\":\"https:\\\/\\\/figueras.com\\\/fr\\\/siege\\\/megaseat-rt-2315\\\/#breadcrumb\"},\"inLanguage\":\"fr-FR\",\"potentialAction\":[{\"@type\":\"ReadAction\",\"target\":[\"https:\\\/\\\/figueras.com\\\/fr\\\/siege\\\/megaseat-rt-2315\\\/\"]}]},{\"@type\":\"ImageObject\",\"inLanguage\":\"fr-FR\",\"@id\":\"https:\\\/\\\/figueras.com\\\/fr\\\/siege\\\/megaseat-rt-2315\\\/#primaryimage\",\"url\":\"https:\\\/\\\/figueras.com\\\/wp-content\\\/uploads\\\/2023\\\/11\\\/Megaseat-2315-RT_w00.webp\",\"contentUrl\":\"https:\\\/\\\/figueras.com\\\/wp-content\\\/uploads\\\/2023\\\/11\\\/Megaseat-2315-RT_w00.webp\",\"width\":610,\"height\":810,\"caption\":\"Megaseat 2315 RT\"},{\"@type\":\"BreadcrumbList\",\"@id\":\"https:\\\/\\\/figueras.com\\\/fr\\\/siege\\\/megaseat-rt-2315\\\/#breadcrumb\",\"itemListElement\":[{\"@type\":\"ListItem\",\"position\":1,\"name\":\"Home\",\"item\":\"https:\\\/\\\/figueras.com\\\/fr\\\/\"},{\"@type\":\"ListItem\",\"position\":2,\"name\":\"Produits\",\"item\":\"https:\\\/\\\/figueras.com\\\/fr\\\/shop\\\/\"},{\"@type\":\"ListItem\",\"position\":3,\"name\":\"Megaseat RT 2315\"}]},{\"@type\":\"WebSite\",\"@id\":\"https:\\\/\\\/figueras.com\\\/fr\\\/#website\",\"url\":\"https:\\\/\\\/figueras.com\\\/fr\\\/\",\"name\":\"Figueras Seating\",\"description\":\"\",\"publisher\":{\"@id\":\"https:\\\/\\\/figueras.com\\\/fr\\\/#organization\"},\"potentialAction\":[{\"@type\":\"SearchAction\",\"target\":{\"@type\":\"EntryPoint\",\"urlTemplate\":\"https:\\\/\\\/figueras.com\\\/fr\\\/?s={search_term_string}\"},\"query-input\":{\"@type\":\"PropertyValueSpecification\",\"valueRequired\":true,\"valueName\":\"search_term_string\"}}],\"inLanguage\":\"fr-FR\"},{\"@type\":\"Organization\",\"@id\":\"https:\\\/\\\/figueras.com\\\/fr\\\/#organization\",\"name\":\"Figueras International Seating, S.L.U.\",\"alternateName\":\"Figueras Seating\",\"url\":\"https:\\\/\\\/figueras.com\\\/fr\\\/\",\"logo\":{\"@type\":\"ImageObject\",\"inLanguage\":\"fr-FR\",\"@id\":\"https:\\\/\\\/figueras.com\\\/fr\\\/#\\\/schema\\\/logo\\\/image\\\/\",\"url\":\"https:\\\/\\\/figueras.com\\\/wp-content\\\/uploads\\\/2023\\\/04\\\/figueraslogoheader.png\",\"contentUrl\":\"https:\\\/\\\/figueras.com\\\/wp-content\\\/uploads\\\/2023\\\/04\\\/figueraslogoheader.png\",\"width\":739,\"height\":127,\"caption\":\"Figueras International Seating, S.L.U.\"},\"image\":{\"@id\":\"https:\\\/\\\/figueras.com\\\/fr\\\/#\\\/schema\\\/logo\\\/image\\\/\"},\"sameAs\":[\"https:\\\/\\\/www.linkedin.com\\\/company\\\/figuerasseating\\\/\",\"https:\\\/\\\/www.instagram.com\\\/figueras.seating\\\/\",\"https:\\\/\\\/vimeo.com\\\/figuerasseating\",\"https:\\\/\\\/es.pinterest.com\\\/figuerasint\\\/\"]}]}<\/script>\n<!-- \/ Yoast SEO plugin. -->","yoast_head_json":{"title":"Megaseat RT 2315 - Figueras Seating (FR)","description":"Megaseat RT 2315: high-comfort, durable seating solution for busy public venues.","robots":{"index":"index","follow":"follow","max-snippet":"max-snippet:-1","max-image-preview":"max-image-preview:large","max-video-preview":"max-video-preview:-1"},"canonical":"https:\/\/figueras.com\/fr\/siege\/megaseat-rt-2315\/","og_locale":"fr_FR","og_type":"article","og_title":"Megaseat RT 2315 - Figueras Seating (FR)","og_description":"Megaseat RT 2315: high-comfort, durable seating solution for busy public venues.","og_url":"https:\/\/figueras.com\/fr\/siege\/megaseat-rt-2315\/","og_site_name":"Figueras Seating","article_modified_time":"2025-06-17T11:28:43+00:00","og_image":[{"width":610,"height":810,"url":"https:\/\/figueras.com\/wp-content\/uploads\/2023\/11\/Megaseat-2315-RT_w00.webp","type":"image\/webp"}],"twitter_card":"summary_large_image","twitter_misc":{"Dur\u00e9e de lecture estim\u00e9e":"2 minutes"},"schema":{"@context":"https:\/\/schema.org","@graph":[{"@type":"WebPage","@id":"https:\/\/figueras.com\/fr\/siege\/megaseat-rt-2315\/","url":"https:\/\/figueras.com\/fr\/siege\/megaseat-rt-2315\/","name":"Megaseat RT 2315 - Figueras Seating (FR)","isPartOf":{"@id":"https:\/\/figueras.com\/fr\/#website"},"primaryImageOfPage":{"@id":"https:\/\/figueras.com\/fr\/siege\/megaseat-rt-2315\/#primaryimage"},"image":{"@id":"https:\/\/figueras.com\/fr\/siege\/megaseat-rt-2315\/#primaryimage"},"thumbnailUrl":"https:\/\/figueras.com\/wp-content\/uploads\/2023\/11\/Megaseat-2315-RT_w00.webp","datePublished":"2023-11-01T08:31:54+00:00","dateModified":"2025-06-17T11:28:43+00:00","description":"Megaseat RT 2315: high-comfort, durable seating solution for busy public venues.","breadcrumb":{"@id":"https:\/\/figueras.com\/fr\/siege\/megaseat-rt-2315\/#breadcrumb"},"inLanguage":"fr-FR","potentialAction":[{"@type":"ReadAction","target":["https:\/\/figueras.com\/fr\/siege\/megaseat-rt-2315\/"]}]},{"@type":"ImageObject","inLanguage":"fr-FR","@id":"https:\/\/figueras.com\/fr\/siege\/megaseat-rt-2315\/#primaryimage","url":"https:\/\/figueras.com\/wp-content\/uploads\/2023\/11\/Megaseat-2315-RT_w00.webp","contentUrl":"https:\/\/figueras.com\/wp-content\/uploads\/2023\/11\/Megaseat-2315-RT_w00.webp","width":610,"height":810,"caption":"Megaseat 2315 RT"},{"@type":"BreadcrumbList","@id":"https:\/\/figueras.com\/fr\/siege\/megaseat-rt-2315\/#breadcrumb","itemListElement":[{"@type":"ListItem","position":1,"name":"Home","item":"https:\/\/figueras.com\/fr\/"},{"@type":"ListItem","position":2,"name":"Produits","item":"https:\/\/figueras.com\/fr\/shop\/"},{"@type":"ListItem","position":3,"name":"Megaseat RT 2315"}]},{"@type":"WebSite","@id":"https:\/\/figueras.com\/fr\/#website","url":"https:\/\/figueras.com\/fr\/","name":"Figueras Seating","description":"","publisher":{"@id":"https:\/\/figueras.com\/fr\/#organization"},"potentialAction":[{"@type":"SearchAction","target":{"@type":"EntryPoint","urlTemplate":"https:\/\/figueras.com\/fr\/?s={search_term_string}"},"query-input":{"@type":"PropertyValueSpecification","valueRequired":true,"valueName":"search_term_string"}}],"inLanguage":"fr-FR"},{"@type":"Organization","@id":"https:\/\/figueras.com\/fr\/#organization","name":"Figueras International Seating, S.L.U.","alternateName":"Figueras Seating","url":"https:\/\/figueras.com\/fr\/","logo":{"@type":"ImageObject","inLanguage":"fr-FR","@id":"https:\/\/figueras.com\/fr\/#\/schema\/logo\/image\/","url":"https:\/\/figueras.com\/wp-content\/uploads\/2023\/04\/figueraslogoheader.png","contentUrl":"https:\/\/figueras.com\/wp-content\/uploads\/2023\/04\/figueraslogoheader.png","width":739,"height":127,"caption":"Figueras International Seating, S.L.U."},"image":{"@id":"https:\/\/figueras.com\/fr\/#\/schema\/logo\/image\/"},"sameAs":["https:\/\/www.linkedin.com\/company\/figuerasseating\/","https:\/\/www.instagram.com\/figueras.seating\/","https:\/\/vimeo.com\/figuerasseating","https:\/\/es.pinterest.com\/figuerasint\/"]}]}},"_links":{"self":[{"href":"https:\/\/figueras.com\/fr\/wp-json\/wp\/v2\/product\/23851","targetHints":{"allow":["GET"]}}],"collection":[{"href":"https:\/\/figueras.com\/fr\/wp-json\/wp\/v2\/product"}],"about":[{"href":"https:\/\/figueras.com\/fr\/wp-json\/wp\/v2\/types\/product"}],"version-history":[{"count":0,"href":"https:\/\/figueras.com\/fr\/wp-json\/wp\/v2\/product\/23851\/revisions"}],"wp:featuredmedia":[{"embeddable":true,"href":"https:\/\/figueras.com\/fr\/wp-json\/wp\/v2\/media\/45670"}],"wp:attachment":[{"href":"https:\/\/figueras.com\/fr\/wp-json\/wp\/v2\/media?parent=23851"}],"wp:term":[{"taxonomy":"designer_tag","embeddable":true,"href":"https:\/\/figueras.com\/fr\/wp-json\/wp\/v2\/designer_tag?post=23851"},{"taxonomy":"system_rel_tag","embeddable":true,"href":"https:\/\/figueras.com\/fr\/wp-json\/wp\/v2\/system_rel_tag?post=23851"},{"taxonomy":"product_brand","embeddable":true,"href":"https:\/\/figueras.com\/fr\/wp-json\/wp\/v2\/product_brand?post=23851"},{"taxonomy":"product_cat","embeddable":true,"href":"https:\/\/figueras.com\/fr\/wp-json\/wp\/v2\/product_cat?post=23851"},{"taxonomy":"product_tag","embeddable":true,"href":"https:\/\/figueras.com\/fr\/wp-json\/wp\/v2\/product_tag?post=23851"}],"curies":[{"name":"wp","href":"https:\/\/api.w.org\/{rel}","templated":true}]}}