{"id":23849,"date":"2023-11-01T09:34:54","date_gmt":"2023-11-01T08:34:54","guid":{"rendered":"http:\/\/figueras.com\/seating\/megaseat-9112\/"},"modified":"2025-09-12T03:51:40","modified_gmt":"2025-09-12T01:51:40","slug":"megaseat-9112","status":"publish","type":"product","link":"https:\/\/figueras.com\/fr\/siege\/megaseat-9112\/","title":{"rendered":"Megaseat 9112"},"content":{"rendered":"<p style=\"text-align: justify;\"><strong>Le Megaseat 9112 est un si\u00e8ge tr\u00e8s confortable de dimensions g\u00e9n\u00e9reuses, con\u00e7u pour \u00eatre utilis\u00e9 dans les salons VIP haut de gamme, les cin\u00e9mas ou les zones de stade VIP. <\/strong><\/p>\n<p style=\"text-align: justify;\">L&rsquo;assise et le dossier sont compos\u00e9s de deux blocs de mousse de polyur\u00e9thane moul\u00e9e avec une structure m\u00e9tallique interne. La tapisserie est int\u00e9gr\u00e9e dans la mousse gr\u00e2ce au syst\u00e8me<em> Integral Form<\/em>, sans coutures ni surpiq\u00fbres.<\/p>\n<p style=\"text-align: justify;\">Le rembourrage du si\u00e8ge et du dossier est de forme ergonomique pour garantir le confort. L&rsquo;assise est toujours fixe et son rembourrage est exempt de rainures de tout type afin d&rsquo;\u00e9viter l&rsquo;accumulation de salet\u00e9s.<\/p>\n<p style=\"text-align: justify;\">L&rsquo;assise et le dossier ont des coques arri\u00e8re en polypropyl\u00e8ne qui sont enti\u00e8rement lavables, ce qui \u00e9vite l&rsquo;apparition de rayures et de salissures sur la tapisserie arri\u00e8re. En option, les coques peuvent \u00eatre tapiss\u00e9es ou en finition <em>Technowood.<\/em><\/p>\n<p style=\"text-align: justify;\">Le dossier peut comporter un appui-t\u00eate int\u00e9gr\u00e9, compos\u00e9 d&rsquo;une mousse de polyur\u00e9thane moul\u00e9e tapiss\u00e9e et d&rsquo;une coque de protection.<\/p>\n<p style=\"text-align: justify;\">L&rsquo;assise est mont\u00e9e sur un pied central et soutenue par un pont rigide qui assure la stabilit\u00e9 des rang\u00e9es.<\/p>\n<p style=\"text-align: justify;\">Les accoudoirs sont en mousse de polyur\u00e9thane semi-rigide avec une structure m\u00e9tallique interne et un porte-gobelet int\u00e9gr\u00e9.<\/p>\n","protected":false},"excerpt":{"rendered":"<p>[wpdm_package id=&rsquo;24296&prime;]<\/p>\n<p>[wpdm_package id=&rsquo;7010&prime;]<\/p>\n<p>[wpdm_package id=&rsquo;7011&prime;]<\/p>\n","protected":false},"featured_media":32749,"template":"","meta":{"_acf_changed":false,"content-type":""},"designer_tag":[332],"system_rel_tag":[],"product_cat":[184,221,222,232,234,242],"product_tag":[511,499,505],"class_list":{"0":"post-23849","1":"product","2":"type-product","3":"status-publish","4":"has-post-thumbnail","6":"designer_tag-design-center-fr","7":"product_cat-seats-for-cruise-ships-and-ferries-fr","8":"product_cat-seats-for-stadiums-and-arenas-fr","9":"product_cat-sports-fr","10":"product_cat-cinema-fr","11":"product_cat-seats-for-cinema-fr","12":"product_cat-megaseat-fr","13":"product_tag-publicum-fr","14":"product_tag-cinema-fr","15":"product_tag-sports-fr","17":"first","18":"instock","19":"downloadable","20":"virtual","21":"product-type-simple"},"acf":[],"_links":{"self":[{"href":"https:\/\/figueras.com\/fr\/wp-json\/wp\/v2\/product\/23849","targetHints":{"allow":["GET"]}}],"collection":[{"href":"https:\/\/figueras.com\/fr\/wp-json\/wp\/v2\/product"}],"about":[{"href":"https:\/\/figueras.com\/fr\/wp-json\/wp\/v2\/types\/product"}],"version-history":[{"count":0,"href":"https:\/\/figueras.com\/fr\/wp-json\/wp\/v2\/product\/23849\/revisions"}],"wp:featuredmedia":[{"embeddable":true,"href":"https:\/\/figueras.com\/fr\/wp-json\/wp\/v2\/media\/32749"}],"wp:attachment":[{"href":"https:\/\/figueras.com\/fr\/wp-json\/wp\/v2\/media?parent=23849"}],"wp:term":[{"taxonomy":"designer_tag","embeddable":true,"href":"https:\/\/figueras.com\/fr\/wp-json\/wp\/v2\/designer_tag?post=23849"},{"taxonomy":"system_rel_tag","embeddable":true,"href":"https:\/\/figueras.com\/fr\/wp-json\/wp\/v2\/system_rel_tag?post=23849"},{"taxonomy":"product_cat","embeddable":true,"href":"https:\/\/figueras.com\/fr\/wp-json\/wp\/v2\/product_cat?post=23849"},{"taxonomy":"product_tag","embeddable":true,"href":"https:\/\/figueras.com\/fr\/wp-json\/wp\/v2\/product_tag?post=23849"}],"curies":[{"name":"wp","href":"https:\/\/api.w.org\/{rel}","templated":true}]}}