{"id":23847,"date":"2023-11-01T09:37:54","date_gmt":"2023-11-01T08:37:54","guid":{"rendered":"http:\/\/figueras.com\/seating\/megaseat-9043\/"},"modified":"2025-05-22T12:55:02","modified_gmt":"2025-05-22T10:55:02","slug":"megaseat-9043","status":"publish","type":"product","link":"https:\/\/figueras.com\/fr\/siege\/megaseat-9043\/","title":{"rendered":"Megaseat 9043"},"content":{"rendered":"<p style=\"text-align: justify;\"><strong>Le 9043 Megaseat est un si\u00e8ge modulaire compos\u00e9 de pi\u00e8ces enti\u00e8rement interchangeables. Dot\u00e9 d&rsquo;une excellente performance acoustique, ce si\u00e8ge a \u00e9t\u00e9 sp\u00e9cialement con\u00e7u pour \u00eatre utilis\u00e9 dans les cin\u00e9mas. <\/strong><\/p>\n<p style=\"text-align: justify;\">Le si\u00e8ge est mont\u00e9 sur un pied central et soutenu par un pont rigide qui assure la stabilit\u00e9 des rang\u00e9es.<\/p>\n<p style=\"text-align: justify;\">L&rsquo;assise et le dossier sont compos\u00e9s de deux blocs de mousse de polyur\u00e9thane moul\u00e9e avec une structure int\u00e9rieure m\u00e9tallique incorpor\u00e9e et le tissu enti\u00e8rement int\u00e9gr\u00e9 dans la mousse gr\u00e2ce au syst\u00e8me de tapisserie <em>Integral Form<\/em>, sans coutures ni piq\u00fbres.<\/p>\n<p style=\"text-align: justify;\">Le rembourrage du si\u00e8ge est exempt de rainures de tout type afin d&rsquo;\u00e9viter l&rsquo;accumulation de salet\u00e9s. Le rembourrage du dossier a un contour anatomique pour garantir le confort de l&rsquo;utilisateur. En option, un appui-t\u00eate peut \u00eatre incorpor\u00e9.<\/p>\n<p style=\"text-align: justify;\">L&rsquo;assise, le dossier et l&rsquo;appui-t\u00eate ont des coques arri\u00e8re en polypropyl\u00e8ne qui sont enti\u00e8rement lavables, ce qui emp\u00eache les rayures et la salet\u00e9 d&rsquo;appara\u00eetre sur la tapisserie arri\u00e8re. En option, les coques peuvent \u00eatre rembourr\u00e9es.<\/p>\n<p style=\"text-align: justify;\">Le si\u00e8ge se replie automatiquement gr\u00e2ce \u00e0 un syst\u00e8me \u00e0 double ressort extr\u00eamement silencieux \u00e0 l&rsquo;int\u00e9rieur de la base du si\u00e8ge, ce qui permet de garder la salle toujours propre et d&rsquo;assurer un environnement silencieux lorsqu&rsquo;un utilisateur quitte le si\u00e8ge.<\/p>\n<p style=\"text-align: justify;\">Les accoudoirs moul\u00e9s par double injection combinent du polypropyl\u00e8ne pour les parties rigides et un \u00e9lastom\u00e8re souple sur la surface de l&rsquo;accoudoir. \u00c0 l&rsquo;avant, un porte-gobelet est int\u00e9gr\u00e9. En option, les coussins d&rsquo;accoudoir peuvent \u00eatre tapiss\u00e9s.<\/p>\n","protected":false},"excerpt":{"rendered":"<p>[wpdm_package id=&rsquo;23412&prime;]<\/p>\n<p>[wpdm_package id=&rsquo;7004&prime;]<\/p>\n<p>[wpdm_package id=&rsquo;7005&prime;]<\/p>\n","protected":false},"featured_media":33205,"template":"","meta":{"_acf_changed":false,"content-type":""},"designer_tag":[332],"system_rel_tag":[],"product_brand":[],"product_cat":[184,221,222,232,234,242],"product_tag":[511,499,505],"class_list":{"0":"post-23847","1":"product","2":"type-product","3":"status-publish","4":"has-post-thumbnail","6":"designer_tag-design-center-fr","7":"product_cat-seats-for-cruise-ships-and-ferries-fr","8":"product_cat-seats-for-stadiums-and-arenas-fr","9":"product_cat-sports-fr","10":"product_cat-cinema-fr","11":"product_cat-seats-for-cinema-fr","12":"product_cat-megaseat-fr","13":"product_tag-publicum-fr","14":"product_tag-cinema-fr","15":"product_tag-sports-fr","17":"first","18":"instock","19":"downloadable","20":"virtual","21":"product-type-simple"},"acf":[],"yoast_head":"<!-- This site is optimized with the Yoast SEO plugin v27.3 - https:\/\/yoast.com\/product\/yoast-seo-wordpress\/ -->\n<title>Megaseat 9043 - Figueras Seating (FR)<\/title>\n<meta name=\"robots\" content=\"index, follow, max-snippet:-1, max-image-preview:large, max-video-preview:-1\" \/>\n<link rel=\"canonical\" href=\"https:\/\/figueras.com\/fr\/siege\/megaseat-9043\/\" \/>\n<meta property=\"og:locale\" content=\"fr_FR\" \/>\n<meta property=\"og:type\" content=\"article\" \/>\n<meta property=\"og:title\" content=\"Megaseat 9043 - Figueras Seating (FR)\" \/>\n<meta property=\"og:description\" content=\"[wpdm_package id=&#039;23412&#039;]  [wpdm_package id=&#039;7004&#039;]  [wpdm_package id=&#039;7005&#039;]\" \/>\n<meta property=\"og:url\" content=\"https:\/\/figueras.com\/fr\/siege\/megaseat-9043\/\" \/>\n<meta property=\"og:site_name\" content=\"Figueras Seating\" \/>\n<meta property=\"article:modified_time\" content=\"2025-05-22T10:55:02+00:00\" \/>\n<meta property=\"og:image\" content=\"https:\/\/figueras.com\/wp-content\/uploads\/2023\/11\/Megaseat-9043_K02_p00.png\" \/>\n\t<meta property=\"og:image:width\" content=\"1000\" \/>\n\t<meta property=\"og:image:height\" content=\"1200\" \/>\n\t<meta property=\"og:image:type\" content=\"image\/png\" \/>\n<meta name=\"twitter:card\" content=\"summary_large_image\" \/>\n<meta name=\"twitter:label1\" content=\"Dur\u00e9e de lecture estim\u00e9e\" \/>\n\t<meta name=\"twitter:data1\" content=\"2 minutes\" \/>\n<script type=\"application\/ld+json\" class=\"yoast-schema-graph\">{\"@context\":\"https:\\\/\\\/schema.org\",\"@graph\":[{\"@type\":\"WebPage\",\"@id\":\"https:\\\/\\\/figueras.com\\\/fr\\\/siege\\\/megaseat-9043\\\/\",\"url\":\"https:\\\/\\\/figueras.com\\\/fr\\\/siege\\\/megaseat-9043\\\/\",\"name\":\"Megaseat 9043 - Figueras Seating (FR)\",\"isPartOf\":{\"@id\":\"https:\\\/\\\/figueras.com\\\/fr\\\/#website\"},\"primaryImageOfPage\":{\"@id\":\"https:\\\/\\\/figueras.com\\\/fr\\\/siege\\\/megaseat-9043\\\/#primaryimage\"},\"image\":{\"@id\":\"https:\\\/\\\/figueras.com\\\/fr\\\/siege\\\/megaseat-9043\\\/#primaryimage\"},\"thumbnailUrl\":\"https:\\\/\\\/figueras.com\\\/wp-content\\\/uploads\\\/2023\\\/11\\\/Megaseat-9043_K02_p00.png\",\"datePublished\":\"2023-11-01T08:37:54+00:00\",\"dateModified\":\"2025-05-22T10:55:02+00:00\",\"breadcrumb\":{\"@id\":\"https:\\\/\\\/figueras.com\\\/fr\\\/siege\\\/megaseat-9043\\\/#breadcrumb\"},\"inLanguage\":\"fr-FR\",\"potentialAction\":[{\"@type\":\"ReadAction\",\"target\":[\"https:\\\/\\\/figueras.com\\\/fr\\\/siege\\\/megaseat-9043\\\/\"]}]},{\"@type\":\"ImageObject\",\"inLanguage\":\"fr-FR\",\"@id\":\"https:\\\/\\\/figueras.com\\\/fr\\\/siege\\\/megaseat-9043\\\/#primaryimage\",\"url\":\"https:\\\/\\\/figueras.com\\\/wp-content\\\/uploads\\\/2023\\\/11\\\/Megaseat-9043_K02_p00.png\",\"contentUrl\":\"https:\\\/\\\/figueras.com\\\/wp-content\\\/uploads\\\/2023\\\/11\\\/Megaseat-9043_K02_p00.png\",\"width\":1000,\"height\":1200,\"caption\":\"Megaseat 9043\"},{\"@type\":\"BreadcrumbList\",\"@id\":\"https:\\\/\\\/figueras.com\\\/fr\\\/siege\\\/megaseat-9043\\\/#breadcrumb\",\"itemListElement\":[{\"@type\":\"ListItem\",\"position\":1,\"name\":\"Home\",\"item\":\"https:\\\/\\\/figueras.com\\\/fr\\\/\"},{\"@type\":\"ListItem\",\"position\":2,\"name\":\"Produits\",\"item\":\"https:\\\/\\\/figueras.com\\\/fr\\\/shop\\\/\"},{\"@type\":\"ListItem\",\"position\":3,\"name\":\"Megaseat 9043\"}]},{\"@type\":\"WebSite\",\"@id\":\"https:\\\/\\\/figueras.com\\\/fr\\\/#website\",\"url\":\"https:\\\/\\\/figueras.com\\\/fr\\\/\",\"name\":\"Figueras Seating\",\"description\":\"\",\"publisher\":{\"@id\":\"https:\\\/\\\/figueras.com\\\/fr\\\/#organization\"},\"potentialAction\":[{\"@type\":\"SearchAction\",\"target\":{\"@type\":\"EntryPoint\",\"urlTemplate\":\"https:\\\/\\\/figueras.com\\\/fr\\\/?s={search_term_string}\"},\"query-input\":{\"@type\":\"PropertyValueSpecification\",\"valueRequired\":true,\"valueName\":\"search_term_string\"}}],\"inLanguage\":\"fr-FR\"},{\"@type\":\"Organization\",\"@id\":\"https:\\\/\\\/figueras.com\\\/fr\\\/#organization\",\"name\":\"Figueras International Seating, S.L.U.\",\"alternateName\":\"Figueras Seating\",\"url\":\"https:\\\/\\\/figueras.com\\\/fr\\\/\",\"logo\":{\"@type\":\"ImageObject\",\"inLanguage\":\"fr-FR\",\"@id\":\"https:\\\/\\\/figueras.com\\\/fr\\\/#\\\/schema\\\/logo\\\/image\\\/\",\"url\":\"https:\\\/\\\/figueras.com\\\/wp-content\\\/uploads\\\/2023\\\/04\\\/figueraslogoheader.png\",\"contentUrl\":\"https:\\\/\\\/figueras.com\\\/wp-content\\\/uploads\\\/2023\\\/04\\\/figueraslogoheader.png\",\"width\":739,\"height\":127,\"caption\":\"Figueras International Seating, S.L.U.\"},\"image\":{\"@id\":\"https:\\\/\\\/figueras.com\\\/fr\\\/#\\\/schema\\\/logo\\\/image\\\/\"},\"sameAs\":[\"https:\\\/\\\/www.linkedin.com\\\/company\\\/figuerasseating\\\/\",\"https:\\\/\\\/www.instagram.com\\\/figueras.seating\\\/\",\"https:\\\/\\\/vimeo.com\\\/figuerasseating\",\"https:\\\/\\\/es.pinterest.com\\\/figuerasint\\\/\"]}]}<\/script>\n<!-- \/ Yoast SEO plugin. -->","yoast_head_json":{"title":"Megaseat 9043 - Figueras Seating (FR)","robots":{"index":"index","follow":"follow","max-snippet":"max-snippet:-1","max-image-preview":"max-image-preview:large","max-video-preview":"max-video-preview:-1"},"canonical":"https:\/\/figueras.com\/fr\/siege\/megaseat-9043\/","og_locale":"fr_FR","og_type":"article","og_title":"Megaseat 9043 - Figueras Seating (FR)","og_description":"[wpdm_package id='23412']  [wpdm_package id='7004']  [wpdm_package id='7005']","og_url":"https:\/\/figueras.com\/fr\/siege\/megaseat-9043\/","og_site_name":"Figueras Seating","article_modified_time":"2025-05-22T10:55:02+00:00","og_image":[{"width":1000,"height":1200,"url":"https:\/\/figueras.com\/wp-content\/uploads\/2023\/11\/Megaseat-9043_K02_p00.png","type":"image\/png"}],"twitter_card":"summary_large_image","twitter_misc":{"Dur\u00e9e de lecture estim\u00e9e":"2 minutes"},"schema":{"@context":"https:\/\/schema.org","@graph":[{"@type":"WebPage","@id":"https:\/\/figueras.com\/fr\/siege\/megaseat-9043\/","url":"https:\/\/figueras.com\/fr\/siege\/megaseat-9043\/","name":"Megaseat 9043 - Figueras Seating (FR)","isPartOf":{"@id":"https:\/\/figueras.com\/fr\/#website"},"primaryImageOfPage":{"@id":"https:\/\/figueras.com\/fr\/siege\/megaseat-9043\/#primaryimage"},"image":{"@id":"https:\/\/figueras.com\/fr\/siege\/megaseat-9043\/#primaryimage"},"thumbnailUrl":"https:\/\/figueras.com\/wp-content\/uploads\/2023\/11\/Megaseat-9043_K02_p00.png","datePublished":"2023-11-01T08:37:54+00:00","dateModified":"2025-05-22T10:55:02+00:00","breadcrumb":{"@id":"https:\/\/figueras.com\/fr\/siege\/megaseat-9043\/#breadcrumb"},"inLanguage":"fr-FR","potentialAction":[{"@type":"ReadAction","target":["https:\/\/figueras.com\/fr\/siege\/megaseat-9043\/"]}]},{"@type":"ImageObject","inLanguage":"fr-FR","@id":"https:\/\/figueras.com\/fr\/siege\/megaseat-9043\/#primaryimage","url":"https:\/\/figueras.com\/wp-content\/uploads\/2023\/11\/Megaseat-9043_K02_p00.png","contentUrl":"https:\/\/figueras.com\/wp-content\/uploads\/2023\/11\/Megaseat-9043_K02_p00.png","width":1000,"height":1200,"caption":"Megaseat 9043"},{"@type":"BreadcrumbList","@id":"https:\/\/figueras.com\/fr\/siege\/megaseat-9043\/#breadcrumb","itemListElement":[{"@type":"ListItem","position":1,"name":"Home","item":"https:\/\/figueras.com\/fr\/"},{"@type":"ListItem","position":2,"name":"Produits","item":"https:\/\/figueras.com\/fr\/shop\/"},{"@type":"ListItem","position":3,"name":"Megaseat 9043"}]},{"@type":"WebSite","@id":"https:\/\/figueras.com\/fr\/#website","url":"https:\/\/figueras.com\/fr\/","name":"Figueras Seating","description":"","publisher":{"@id":"https:\/\/figueras.com\/fr\/#organization"},"potentialAction":[{"@type":"SearchAction","target":{"@type":"EntryPoint","urlTemplate":"https:\/\/figueras.com\/fr\/?s={search_term_string}"},"query-input":{"@type":"PropertyValueSpecification","valueRequired":true,"valueName":"search_term_string"}}],"inLanguage":"fr-FR"},{"@type":"Organization","@id":"https:\/\/figueras.com\/fr\/#organization","name":"Figueras International Seating, S.L.U.","alternateName":"Figueras Seating","url":"https:\/\/figueras.com\/fr\/","logo":{"@type":"ImageObject","inLanguage":"fr-FR","@id":"https:\/\/figueras.com\/fr\/#\/schema\/logo\/image\/","url":"https:\/\/figueras.com\/wp-content\/uploads\/2023\/04\/figueraslogoheader.png","contentUrl":"https:\/\/figueras.com\/wp-content\/uploads\/2023\/04\/figueraslogoheader.png","width":739,"height":127,"caption":"Figueras International Seating, S.L.U."},"image":{"@id":"https:\/\/figueras.com\/fr\/#\/schema\/logo\/image\/"},"sameAs":["https:\/\/www.linkedin.com\/company\/figuerasseating\/","https:\/\/www.instagram.com\/figueras.seating\/","https:\/\/vimeo.com\/figuerasseating","https:\/\/es.pinterest.com\/figuerasint\/"]}]}},"_links":{"self":[{"href":"https:\/\/figueras.com\/fr\/wp-json\/wp\/v2\/product\/23847","targetHints":{"allow":["GET"]}}],"collection":[{"href":"https:\/\/figueras.com\/fr\/wp-json\/wp\/v2\/product"}],"about":[{"href":"https:\/\/figueras.com\/fr\/wp-json\/wp\/v2\/types\/product"}],"version-history":[{"count":0,"href":"https:\/\/figueras.com\/fr\/wp-json\/wp\/v2\/product\/23847\/revisions"}],"wp:featuredmedia":[{"embeddable":true,"href":"https:\/\/figueras.com\/fr\/wp-json\/wp\/v2\/media\/33205"}],"wp:attachment":[{"href":"https:\/\/figueras.com\/fr\/wp-json\/wp\/v2\/media?parent=23847"}],"wp:term":[{"taxonomy":"designer_tag","embeddable":true,"href":"https:\/\/figueras.com\/fr\/wp-json\/wp\/v2\/designer_tag?post=23847"},{"taxonomy":"system_rel_tag","embeddable":true,"href":"https:\/\/figueras.com\/fr\/wp-json\/wp\/v2\/system_rel_tag?post=23847"},{"taxonomy":"product_brand","embeddable":true,"href":"https:\/\/figueras.com\/fr\/wp-json\/wp\/v2\/product_brand?post=23847"},{"taxonomy":"product_cat","embeddable":true,"href":"https:\/\/figueras.com\/fr\/wp-json\/wp\/v2\/product_cat?post=23847"},{"taxonomy":"product_tag","embeddable":true,"href":"https:\/\/figueras.com\/fr\/wp-json\/wp\/v2\/product_tag?post=23847"}],"curies":[{"name":"wp","href":"https:\/\/api.w.org\/{rel}","templated":true}]}}