{"id":23845,"date":"2023-11-01T09:39:54","date_gmt":"2023-11-01T08:39:54","guid":{"rendered":"http:\/\/figueras.com\/seating\/megaseat-8136\/"},"modified":"2025-05-22T12:46:33","modified_gmt":"2025-05-22T10:46:33","slug":"megaseat-8136","status":"publish","type":"product","link":"https:\/\/figueras.com\/fr\/siege\/megaseat-8136\/","title":{"rendered":"Megaseat 8136"},"content":{"rendered":"<p style=\"text-align: justify;\"><strong>Le Megaseat 8136 est un si\u00e8ge modulaire de dimensions g\u00e9n\u00e9reuses compos\u00e9 d&rsquo;\u00e9l\u00e9ments totalement interchangeables. Ce si\u00e8ge a \u00e9t\u00e9 sp\u00e9cialement con\u00e7u pour les zones \u00e0 usage intensif telles que les auditoriums, les centres de conf\u00e9rence, les centres d&rsquo;entreprise et d&rsquo;\u00e9ducation.\u00a0 <\/strong><\/p>\n<p style=\"text-align: justify;\">L&rsquo;assise et le dossier sont compos\u00e9s de deux blocs de mousse de polyur\u00e9thane moul\u00e9e avec une structure m\u00e9tallique interne. La tapisserie est enti\u00e8rement int\u00e9gr\u00e9e dans la mousse gr\u00e2ce au syst\u00e8me <em>Integral Form<\/em>, sans coutures ni piq\u00fbres.<\/p>\n<p style=\"text-align: justify;\">Le rembourrage du dossier a un contour anatomique dans la partie inf\u00e9rieure du dos et dans la zone de la t\u00eate, incorporant quelques rainures horizontales dans la partie du corps. Le rembourrage du si\u00e8ge est de forme anatomique et lisse, sans aucune rainure pour \u00e9viter l&rsquo;accumulation de salet\u00e9s.<\/p>\n<p style=\"text-align: justify;\">L&rsquo;assise et le dossier ont des coques arri\u00e8re en polypropyl\u00e8ne qui sont enti\u00e8rement lavables, ce qui \u00e9vite l&rsquo;apparition de rayures et de salet\u00e9s sur la tapisserie arri\u00e8re.<\/p>\n<p style=\"text-align: justify;\">Le dossier peut comporter un appui-t\u00eate int\u00e9gr\u00e9 compos\u00e9 d&rsquo;une mousse de polyur\u00e9thane moul\u00e9e tapiss\u00e9e et d&rsquo;une coque de protection.<\/p>\n<p style=\"text-align: justify;\">Le si\u00e8ge est mont\u00e9 sur deux pieds m\u00e9talliques fix\u00e9s \u00e0 un pont de liaison interne qui relie les diff\u00e9rents si\u00e8ges entre eux et permet la formation de rang\u00e9es totalement rigides et stables.<\/p>\n<p style=\"text-align: justify;\">Les accoudoirs sont en mousse de polyur\u00e9thane avec une structure m\u00e9tallique interne. En option, un porte-gobelet int\u00e9gr\u00e9 peut \u00eatre incorpor\u00e9 dans l&rsquo;accoudoir.<\/p>\n","protected":false},"excerpt":{"rendered":"<p>[wpdm_package id=&rsquo;23404&prime;]<\/p>\n<p>[wpdm_package id=&rsquo;6998&prime;]<\/p>\n<p>[wpdm_package id=&rsquo;6999&prime;]<\/p>\n","protected":false},"featured_media":46358,"template":"","meta":{"_acf_changed":false,"content-type":""},"designer_tag":[332],"system_rel_tag":[],"product_cat":[221,222,178,242,180,244,181,182,183,184,186,189,190],"product_tag":[502,505,511],"class_list":{"0":"post-23845","1":"product","2":"type-product","3":"status-publish","4":"has-post-thumbnail","6":"designer_tag-design-center-fr","7":"product_cat-seats-for-stadiums-and-arenas-fr","8":"product_cat-sports-fr","9":"product_cat-education-fr","10":"product_cat-megaseat-fr","11":"product_cat-publicum-fr","12":"product_cat-seats-for-planetariums-fr","13":"product_cat-seats-for-auditorium-and-conference-rooms-fr","14":"product_cat-seats-for-congress-centres-fr","15":"product_cat-seats-for-corporate-rooms-fr","16":"product_cat-seats-for-cruise-ships-and-ferries-fr","17":"product_cat-seats-for-parliaments-fr","18":"product_cat-seats-for-universities-and-schools-fr","19":"product_cat-seats-for-worship-and-religious-centres-fr","20":"product_tag-education-fr","21":"product_tag-sports-fr","22":"product_tag-publicum-fr","24":"first","25":"instock","26":"downloadable","27":"virtual","28":"product-type-simple"},"acf":[],"_links":{"self":[{"href":"https:\/\/figueras.com\/fr\/wp-json\/wp\/v2\/product\/23845","targetHints":{"allow":["GET"]}}],"collection":[{"href":"https:\/\/figueras.com\/fr\/wp-json\/wp\/v2\/product"}],"about":[{"href":"https:\/\/figueras.com\/fr\/wp-json\/wp\/v2\/types\/product"}],"version-history":[{"count":0,"href":"https:\/\/figueras.com\/fr\/wp-json\/wp\/v2\/product\/23845\/revisions"}],"wp:featuredmedia":[{"embeddable":true,"href":"https:\/\/figueras.com\/fr\/wp-json\/wp\/v2\/media\/46358"}],"wp:attachment":[{"href":"https:\/\/figueras.com\/fr\/wp-json\/wp\/v2\/media?parent=23845"}],"wp:term":[{"taxonomy":"designer_tag","embeddable":true,"href":"https:\/\/figueras.com\/fr\/wp-json\/wp\/v2\/designer_tag?post=23845"},{"taxonomy":"system_rel_tag","embeddable":true,"href":"https:\/\/figueras.com\/fr\/wp-json\/wp\/v2\/system_rel_tag?post=23845"},{"taxonomy":"product_cat","embeddable":true,"href":"https:\/\/figueras.com\/fr\/wp-json\/wp\/v2\/product_cat?post=23845"},{"taxonomy":"product_tag","embeddable":true,"href":"https:\/\/figueras.com\/fr\/wp-json\/wp\/v2\/product_tag?post=23845"}],"curies":[{"name":"wp","href":"https:\/\/api.w.org\/{rel}","templated":true}]}}