{"id":23839,"date":"2023-11-01T09:32:51","date_gmt":"2023-11-01T08:32:51","guid":{"rendered":"http:\/\/figueras.com\/seating\/megaseat-9114\/"},"modified":"2024-07-04T21:33:24","modified_gmt":"2024-07-04T19:33:24","slug":"megaseat-9114","status":"publish","type":"product","link":"https:\/\/figueras.com\/fr\/siege\/megaseat-9114\/","title":{"rendered":"Megaseat 9114"},"content":{"rendered":"<p style=\"text-align: justify;\"><strong>Le Megaseat 9114 est un si\u00e8ge individuel tr\u00e8s confortable et de dimensions g\u00e9n\u00e9reuses, con\u00e7u pour \u00eatre utilis\u00e9 dans les salons VIP haut de gamme, les cin\u00e9mas ou les salles de cin\u00e9ma \u00e0 domicile. <\/strong><\/p>\n<p style=\"text-align: justify;\">L&rsquo;assise et le dossier sont compos\u00e9s de deux blocs de mousse de polyur\u00e9thane moul\u00e9e avec une structure m\u00e9tallique interne. La tapisserie est int\u00e9gr\u00e9e dans la mousse gr\u00e2ce au syst\u00e8me\u00a0<em>Integral Form<\/em>, sans coutures ni surpiq\u00fbres.<\/p>\n<p style=\"text-align: justify;\">Le rembourrage du si\u00e8ge et du dossier est de forme ergonomique pour garantir le confort. L&rsquo;assise est toujours fixe et son rembourrage est exempt de rainures de tout type afin d&rsquo;\u00e9viter l&rsquo;accumulation de salet\u00e9s.<\/p>\n<p style=\"text-align: justify;\">Le dossier s&rsquo;incline jusqu&rsquo;\u00e0 15\u00b0 en douceur, selon les souhaits de l&rsquo;utilisateur, gr\u00e2ce \u00e0 un bouton incorpor\u00e9 dans l&rsquo;accoudoir. Lorsque le si\u00e8ge est lib\u00e9r\u00e9, il revient \u00e0 sa position initiale.<\/p>\n<p style=\"text-align: justify;\">L&rsquo;assise et le dossier ont des coques arri\u00e8re en polypropyl\u00e8ne qui sont enti\u00e8rement lavables, ce qui \u00e9vite l&rsquo;apparition de rayures et de salissures sur la tapisserie arri\u00e8re. En option, les coques peuvent \u00eatre tapiss\u00e9es ou en finition <em>Technowood.<\/em><\/p>\n<p style=\"text-align: justify;\">Le si\u00e8ge est mont\u00e9 sur un pied central et soutenu par un pont rigide qui assure la stabilit\u00e9 des rang\u00e9es.<\/p>\n<p style=\"text-align: justify;\">Les accoudoirs sont en mousse de polyur\u00e9thane semi-rigide avec une structure m\u00e9tallique interne et un porte-gobelet int\u00e9gr\u00e9.<\/p>\n","protected":false},"excerpt":{"rendered":"<p>[wpdm_package id=&rsquo;24306&prime;]<\/p>\n<p>[wpdm_package id=&rsquo;7016&prime;]<\/p>\n","protected":false},"featured_media":32857,"template":"","meta":{"_acf_changed":false,"content-type":""},"designer_tag":[],"system_rel_tag":[],"product_cat":[184,221,222,232,234,242],"product_tag":[499,505,511],"class_list":{"0":"post-23839","1":"product","2":"type-product","3":"status-publish","4":"has-post-thumbnail","6":"product_cat-seats-for-cruise-ships-and-ferries-fr","7":"product_cat-seats-for-stadiums-and-arenas-fr","8":"product_cat-sports-fr","9":"product_cat-cinema-fr","10":"product_cat-seats-for-cinema-fr","11":"product_cat-megaseat-fr","12":"product_tag-cinema-fr","13":"product_tag-sports-fr","14":"product_tag-publicum-fr","16":"first","17":"instock","18":"downloadable","19":"virtual","20":"product-type-simple"},"acf":[],"_links":{"self":[{"href":"https:\/\/figueras.com\/fr\/wp-json\/wp\/v2\/product\/23839","targetHints":{"allow":["GET"]}}],"collection":[{"href":"https:\/\/figueras.com\/fr\/wp-json\/wp\/v2\/product"}],"about":[{"href":"https:\/\/figueras.com\/fr\/wp-json\/wp\/v2\/types\/product"}],"version-history":[{"count":0,"href":"https:\/\/figueras.com\/fr\/wp-json\/wp\/v2\/product\/23839\/revisions"}],"wp:featuredmedia":[{"embeddable":true,"href":"https:\/\/figueras.com\/fr\/wp-json\/wp\/v2\/media\/32857"}],"wp:attachment":[{"href":"https:\/\/figueras.com\/fr\/wp-json\/wp\/v2\/media?parent=23839"}],"wp:term":[{"taxonomy":"designer_tag","embeddable":true,"href":"https:\/\/figueras.com\/fr\/wp-json\/wp\/v2\/designer_tag?post=23839"},{"taxonomy":"system_rel_tag","embeddable":true,"href":"https:\/\/figueras.com\/fr\/wp-json\/wp\/v2\/system_rel_tag?post=23839"},{"taxonomy":"product_cat","embeddable":true,"href":"https:\/\/figueras.com\/fr\/wp-json\/wp\/v2\/product_cat?post=23839"},{"taxonomy":"product_tag","embeddable":true,"href":"https:\/\/figueras.com\/fr\/wp-json\/wp\/v2\/product_tag?post=23839"}],"curies":[{"name":"wp","href":"https:\/\/api.w.org\/{rel}","templated":true}]}}