{"id":23837,"date":"2023-11-01T09:44:57","date_gmt":"2023-11-01T08:44:57","guid":{"rendered":"http:\/\/figueras.com\/seating\/smart-13011\/"},"modified":"2025-05-23T13:35:58","modified_gmt":"2025-05-23T11:35:58","slug":"smart-13011","status":"publish","type":"product","link":"https:\/\/figueras.com\/fr\/siege\/smart-13011\/","title":{"rendered":"Smart 13011"},"content":{"rendered":"<p style=\"text-align: justify;\"><strong>Smart RK Swing 13011 est un si\u00e8ge modulaire tr\u00e8s confortable aux dimensions g\u00e9n\u00e9reuses, con\u00e7u pour \u00eatre utilis\u00e9 dans des salons VIP de haut niveau, des cin\u00e9mas ou des salles de home cin\u00e9ma.<br \/>\n<\/strong><\/p>\n<p style=\"text-align: justify;\">L&rsquo;assise et le dossier sont constitu\u00e9s de deux blocs de mousse de polyur\u00e9thane moul\u00e9e, avec une structure int\u00e9rieure m\u00e9tallique incorpor\u00e9e et le tissu enti\u00e8rement int\u00e9gr\u00e9 dans la mousse (syst\u00e8me de tapisserie Integral Form), sans aucune couture ou piq\u00fbre.<\/p>\n<p style=\"text-align: justify;\">Le dossier peut \u00eatre inclin\u00e9 par le poids de l&rsquo;utilisateur, avec un angle de course sup\u00e9rieur \u00e0 15\u00b0 entre la position la plus verticale et la position la plus inclin\u00e9e.<\/p>\n<p style=\"text-align: justify;\">Le dossier peut \u00e9galement \u00eatre r\u00e9alis\u00e9 en utilisant la configuration HR. Ce type de dossier comporte un appui-t\u00eate int\u00e9gr\u00e9 \u00e0 l&rsquo;ensemble du dossier et offre un avantage ergonomique \u00e9vident car il devient une extension naturelle du dossier.<\/p>\n<p style=\"text-align: justify;\">Lorsque le si\u00e8ge est retir\u00e9, le dossier revient \u00e0 sa position initiale gr\u00e2ce au syst\u00e8me de r\u00e9traction automatique du dossier. Gr\u00e2ce \u00e0 cette caract\u00e9ristique, la pi\u00e8ce, une fois inoccup\u00e9e, retrouve un aspect ordonn\u00e9 et soign\u00e9.<\/p>\n","protected":false},"excerpt":{"rendered":"<p>[wpdm_package id=&rsquo;24510&prime;]<\/p>\n<p>[wpdm_package id=&rsquo;7236&prime;]<\/p>\n<p>[wpdm_package id=&rsquo;7237&prime;]<\/p>\n","protected":false},"featured_media":33079,"template":"","meta":{"_acf_changed":false,"content-type":""},"designer_tag":[332],"system_rel_tag":[],"product_cat":[221,222,232,234,240],"product_tag":[499,505],"class_list":{"0":"post-23837","1":"product","2":"type-product","3":"status-publish","4":"has-post-thumbnail","6":"designer_tag-design-center-fr","7":"product_cat-seats-for-stadiums-and-arenas-fr","8":"product_cat-sports-fr","9":"product_cat-cinema-fr","10":"product_cat-seats-for-cinema-fr","11":"product_cat-smart-fr","12":"product_tag-cinema-fr","13":"product_tag-sports-fr","15":"first","16":"instock","17":"downloadable","18":"virtual","19":"product-type-simple"},"acf":[],"yoast_head":"<!-- This site is optimized with the Yoast SEO plugin v27.4 - https:\/\/yoast.com\/product\/yoast-seo-wordpress\/ -->\n<title>Smart 13011 - Figueras Seating (FR)<\/title>\n<meta name=\"description\" content=\"Si\u00e8ges modulaires grand confort. Si\u00e8ges de grandes dimensions pour les salons VIP haut de gamme, cin\u00e9mas et salles de home cin\u00e9ma. Si\u00e8ges pour home cin\u00e9ma.\" \/>\n<meta name=\"robots\" content=\"index, follow, max-snippet:-1, max-image-preview:large, max-video-preview:-1\" \/>\n<link rel=\"canonical\" href=\"https:\/\/figueras.com\/fr\/siege\/smart-13011\/\" \/>\n<meta property=\"og:locale\" content=\"fr_FR\" \/>\n<meta property=\"og:type\" content=\"article\" \/>\n<meta property=\"og:title\" content=\"Smart 13011 - Figueras Seating (FR)\" \/>\n<meta property=\"og:description\" content=\"Si\u00e8ges modulaires grand confort. Si\u00e8ges de grandes dimensions pour les salons VIP haut de gamme, cin\u00e9mas et salles de home cin\u00e9ma. Si\u00e8ges pour home cin\u00e9ma.\" \/>\n<meta property=\"og:url\" content=\"https:\/\/figueras.com\/fr\/siege\/smart-13011\/\" \/>\n<meta property=\"og:site_name\" content=\"Figueras Seating\" \/>\n<meta property=\"article:modified_time\" content=\"2025-05-23T11:35:58+00:00\" \/>\n<meta property=\"og:image\" content=\"https:\/\/figueras.com\/wp-content\/uploads\/2023\/11\/Smart-13011_V3001_p00.png\" \/>\n\t<meta property=\"og:image:width\" content=\"1000\" \/>\n\t<meta property=\"og:image:height\" content=\"1200\" \/>\n\t<meta property=\"og:image:type\" content=\"image\/png\" \/>\n<meta name=\"twitter:card\" content=\"summary_large_image\" \/>\n<meta name=\"twitter:label1\" content=\"Dur\u00e9e de lecture estim\u00e9e\" \/>\n\t<meta name=\"twitter:data1\" content=\"1 minute\" \/>\n<script type=\"application\/ld+json\" class=\"yoast-schema-graph\">{\"@context\":\"https:\\\/\\\/schema.org\",\"@graph\":[{\"@type\":\"WebPage\",\"@id\":\"https:\\\/\\\/figueras.com\\\/fr\\\/siege\\\/smart-13011\\\/\",\"url\":\"https:\\\/\\\/figueras.com\\\/fr\\\/siege\\\/smart-13011\\\/\",\"name\":\"Smart 13011 - Figueras Seating (FR)\",\"isPartOf\":{\"@id\":\"https:\\\/\\\/figueras.com\\\/fr\\\/#website\"},\"primaryImageOfPage\":{\"@id\":\"https:\\\/\\\/figueras.com\\\/fr\\\/siege\\\/smart-13011\\\/#primaryimage\"},\"image\":{\"@id\":\"https:\\\/\\\/figueras.com\\\/fr\\\/siege\\\/smart-13011\\\/#primaryimage\"},\"thumbnailUrl\":\"https:\\\/\\\/figueras.com\\\/wp-content\\\/uploads\\\/2023\\\/11\\\/Smart-13011_V3001_p00.png\",\"datePublished\":\"2023-11-01T08:44:57+00:00\",\"dateModified\":\"2025-05-23T11:35:58+00:00\",\"description\":\"Si\u00e8ges modulaires grand confort. Si\u00e8ges de grandes dimensions pour les salons VIP haut de gamme, cin\u00e9mas et salles de home cin\u00e9ma. Si\u00e8ges pour home cin\u00e9ma.\",\"breadcrumb\":{\"@id\":\"https:\\\/\\\/figueras.com\\\/fr\\\/siege\\\/smart-13011\\\/#breadcrumb\"},\"inLanguage\":\"fr-FR\",\"potentialAction\":[{\"@type\":\"ReadAction\",\"target\":[\"https:\\\/\\\/figueras.com\\\/fr\\\/siege\\\/smart-13011\\\/\"]}]},{\"@type\":\"ImageObject\",\"inLanguage\":\"fr-FR\",\"@id\":\"https:\\\/\\\/figueras.com\\\/fr\\\/siege\\\/smart-13011\\\/#primaryimage\",\"url\":\"https:\\\/\\\/figueras.com\\\/wp-content\\\/uploads\\\/2023\\\/11\\\/Smart-13011_V3001_p00.png\",\"contentUrl\":\"https:\\\/\\\/figueras.com\\\/wp-content\\\/uploads\\\/2023\\\/11\\\/Smart-13011_V3001_p00.png\",\"width\":1000,\"height\":1200,\"caption\":\"Smart 13011\"},{\"@type\":\"BreadcrumbList\",\"@id\":\"https:\\\/\\\/figueras.com\\\/fr\\\/siege\\\/smart-13011\\\/#breadcrumb\",\"itemListElement\":[{\"@type\":\"ListItem\",\"position\":1,\"name\":\"Home\",\"item\":\"https:\\\/\\\/figueras.com\\\/fr\\\/\"},{\"@type\":\"ListItem\",\"position\":2,\"name\":\"Produits\",\"item\":\"https:\\\/\\\/figueras.com\\\/fr\\\/shop\\\/\"},{\"@type\":\"ListItem\",\"position\":3,\"name\":\"Smart 13011\"}]},{\"@type\":\"WebSite\",\"@id\":\"https:\\\/\\\/figueras.com\\\/fr\\\/#website\",\"url\":\"https:\\\/\\\/figueras.com\\\/fr\\\/\",\"name\":\"Figueras Seating\",\"description\":\"\",\"publisher\":{\"@id\":\"https:\\\/\\\/figueras.com\\\/fr\\\/#organization\"},\"potentialAction\":[{\"@type\":\"SearchAction\",\"target\":{\"@type\":\"EntryPoint\",\"urlTemplate\":\"https:\\\/\\\/figueras.com\\\/fr\\\/?s={search_term_string}\"},\"query-input\":{\"@type\":\"PropertyValueSpecification\",\"valueRequired\":true,\"valueName\":\"search_term_string\"}}],\"inLanguage\":\"fr-FR\"},{\"@type\":\"Organization\",\"@id\":\"https:\\\/\\\/figueras.com\\\/fr\\\/#organization\",\"name\":\"Figueras International Seating, S.L.U.\",\"alternateName\":\"Figueras Seating\",\"url\":\"https:\\\/\\\/figueras.com\\\/fr\\\/\",\"logo\":{\"@type\":\"ImageObject\",\"inLanguage\":\"fr-FR\",\"@id\":\"https:\\\/\\\/figueras.com\\\/fr\\\/#\\\/schema\\\/logo\\\/image\\\/\",\"url\":\"https:\\\/\\\/figueras.com\\\/wp-content\\\/uploads\\\/2023\\\/04\\\/figueraslogoheader.png\",\"contentUrl\":\"https:\\\/\\\/figueras.com\\\/wp-content\\\/uploads\\\/2023\\\/04\\\/figueraslogoheader.png\",\"width\":739,\"height\":127,\"caption\":\"Figueras International Seating, S.L.U.\"},\"image\":{\"@id\":\"https:\\\/\\\/figueras.com\\\/fr\\\/#\\\/schema\\\/logo\\\/image\\\/\"},\"sameAs\":[\"https:\\\/\\\/www.linkedin.com\\\/company\\\/figuerasseating\\\/\",\"https:\\\/\\\/www.instagram.com\\\/figueras.seating\\\/\",\"https:\\\/\\\/vimeo.com\\\/figuerasseating\",\"https:\\\/\\\/es.pinterest.com\\\/figuerasint\\\/\"]}]}<\/script>\n<!-- \/ Yoast SEO plugin. -->","yoast_head_json":{"title":"Smart 13011 - Figueras Seating (FR)","description":"Si\u00e8ges modulaires grand confort. Si\u00e8ges de grandes dimensions pour les salons VIP haut de gamme, cin\u00e9mas et salles de home cin\u00e9ma. Si\u00e8ges pour home cin\u00e9ma.","robots":{"index":"index","follow":"follow","max-snippet":"max-snippet:-1","max-image-preview":"max-image-preview:large","max-video-preview":"max-video-preview:-1"},"canonical":"https:\/\/figueras.com\/fr\/siege\/smart-13011\/","og_locale":"fr_FR","og_type":"article","og_title":"Smart 13011 - Figueras Seating (FR)","og_description":"Si\u00e8ges modulaires grand confort. Si\u00e8ges de grandes dimensions pour les salons VIP haut de gamme, cin\u00e9mas et salles de home cin\u00e9ma. Si\u00e8ges pour home cin\u00e9ma.","og_url":"https:\/\/figueras.com\/fr\/siege\/smart-13011\/","og_site_name":"Figueras Seating","article_modified_time":"2025-05-23T11:35:58+00:00","og_image":[{"width":1000,"height":1200,"url":"https:\/\/figueras.com\/wp-content\/uploads\/2023\/11\/Smart-13011_V3001_p00.png","type":"image\/png"}],"twitter_card":"summary_large_image","twitter_misc":{"Dur\u00e9e de lecture estim\u00e9e":"1 minute"},"schema":{"@context":"https:\/\/schema.org","@graph":[{"@type":"WebPage","@id":"https:\/\/figueras.com\/fr\/siege\/smart-13011\/","url":"https:\/\/figueras.com\/fr\/siege\/smart-13011\/","name":"Smart 13011 - Figueras Seating (FR)","isPartOf":{"@id":"https:\/\/figueras.com\/fr\/#website"},"primaryImageOfPage":{"@id":"https:\/\/figueras.com\/fr\/siege\/smart-13011\/#primaryimage"},"image":{"@id":"https:\/\/figueras.com\/fr\/siege\/smart-13011\/#primaryimage"},"thumbnailUrl":"https:\/\/figueras.com\/wp-content\/uploads\/2023\/11\/Smart-13011_V3001_p00.png","datePublished":"2023-11-01T08:44:57+00:00","dateModified":"2025-05-23T11:35:58+00:00","description":"Si\u00e8ges modulaires grand confort. Si\u00e8ges de grandes dimensions pour les salons VIP haut de gamme, cin\u00e9mas et salles de home cin\u00e9ma. Si\u00e8ges pour home cin\u00e9ma.","breadcrumb":{"@id":"https:\/\/figueras.com\/fr\/siege\/smart-13011\/#breadcrumb"},"inLanguage":"fr-FR","potentialAction":[{"@type":"ReadAction","target":["https:\/\/figueras.com\/fr\/siege\/smart-13011\/"]}]},{"@type":"ImageObject","inLanguage":"fr-FR","@id":"https:\/\/figueras.com\/fr\/siege\/smart-13011\/#primaryimage","url":"https:\/\/figueras.com\/wp-content\/uploads\/2023\/11\/Smart-13011_V3001_p00.png","contentUrl":"https:\/\/figueras.com\/wp-content\/uploads\/2023\/11\/Smart-13011_V3001_p00.png","width":1000,"height":1200,"caption":"Smart 13011"},{"@type":"BreadcrumbList","@id":"https:\/\/figueras.com\/fr\/siege\/smart-13011\/#breadcrumb","itemListElement":[{"@type":"ListItem","position":1,"name":"Home","item":"https:\/\/figueras.com\/fr\/"},{"@type":"ListItem","position":2,"name":"Produits","item":"https:\/\/figueras.com\/fr\/shop\/"},{"@type":"ListItem","position":3,"name":"Smart 13011"}]},{"@type":"WebSite","@id":"https:\/\/figueras.com\/fr\/#website","url":"https:\/\/figueras.com\/fr\/","name":"Figueras Seating","description":"","publisher":{"@id":"https:\/\/figueras.com\/fr\/#organization"},"potentialAction":[{"@type":"SearchAction","target":{"@type":"EntryPoint","urlTemplate":"https:\/\/figueras.com\/fr\/?s={search_term_string}"},"query-input":{"@type":"PropertyValueSpecification","valueRequired":true,"valueName":"search_term_string"}}],"inLanguage":"fr-FR"},{"@type":"Organization","@id":"https:\/\/figueras.com\/fr\/#organization","name":"Figueras International Seating, S.L.U.","alternateName":"Figueras Seating","url":"https:\/\/figueras.com\/fr\/","logo":{"@type":"ImageObject","inLanguage":"fr-FR","@id":"https:\/\/figueras.com\/fr\/#\/schema\/logo\/image\/","url":"https:\/\/figueras.com\/wp-content\/uploads\/2023\/04\/figueraslogoheader.png","contentUrl":"https:\/\/figueras.com\/wp-content\/uploads\/2023\/04\/figueraslogoheader.png","width":739,"height":127,"caption":"Figueras International Seating, S.L.U."},"image":{"@id":"https:\/\/figueras.com\/fr\/#\/schema\/logo\/image\/"},"sameAs":["https:\/\/www.linkedin.com\/company\/figuerasseating\/","https:\/\/www.instagram.com\/figueras.seating\/","https:\/\/vimeo.com\/figuerasseating","https:\/\/es.pinterest.com\/figuerasint\/"]}]}},"_links":{"self":[{"href":"https:\/\/figueras.com\/fr\/wp-json\/wp\/v2\/product\/23837","targetHints":{"allow":["GET"]}}],"collection":[{"href":"https:\/\/figueras.com\/fr\/wp-json\/wp\/v2\/product"}],"about":[{"href":"https:\/\/figueras.com\/fr\/wp-json\/wp\/v2\/types\/product"}],"version-history":[{"count":0,"href":"https:\/\/figueras.com\/fr\/wp-json\/wp\/v2\/product\/23837\/revisions"}],"wp:featuredmedia":[{"embeddable":true,"href":"https:\/\/figueras.com\/fr\/wp-json\/wp\/v2\/media\/33079"}],"wp:attachment":[{"href":"https:\/\/figueras.com\/fr\/wp-json\/wp\/v2\/media?parent=23837"}],"wp:term":[{"taxonomy":"designer_tag","embeddable":true,"href":"https:\/\/figueras.com\/fr\/wp-json\/wp\/v2\/designer_tag?post=23837"},{"taxonomy":"system_rel_tag","embeddable":true,"href":"https:\/\/figueras.com\/fr\/wp-json\/wp\/v2\/system_rel_tag?post=23837"},{"taxonomy":"product_cat","embeddable":true,"href":"https:\/\/figueras.com\/fr\/wp-json\/wp\/v2\/product_cat?post=23837"},{"taxonomy":"product_tag","embeddable":true,"href":"https:\/\/figueras.com\/fr\/wp-json\/wp\/v2\/product_tag?post=23837"}],"curies":[{"name":"wp","href":"https:\/\/api.w.org\/{rel}","templated":true}]}}