{"id":23835,"date":"2023-11-01T09:45:57","date_gmt":"2023-11-01T08:45:57","guid":{"rendered":"http:\/\/figueras.com\/seating\/smart-fix-13010\/"},"modified":"2025-05-23T13:22:24","modified_gmt":"2025-05-23T11:22:24","slug":"smart-fix-13010","status":"publish","type":"product","link":"https:\/\/figueras.com\/fr\/siege\/smart-fix-13010\/","title":{"rendered":"Smart FIX 13010"},"content":{"rendered":"<p style=\"text-align: justify;\"><strong>Le Smart Fix 13010 est un si\u00e8ge modulaire de grandes dimensions compos\u00e9 d&rsquo;\u00e9l\u00e9ments totalement interchangeables. Ce si\u00e8ge unique a \u00e9t\u00e9 con\u00e7u pour les cin\u00e9mas, th\u00e9\u00e2tres, salles de conf\u00e9rence, salles d&rsquo;entreprise ou auditoriums qui n\u00e9cessitent un produit de grand confort et de dimensions g\u00e9n\u00e9reuses.<\/strong><\/p>\n<p style=\"text-align: justify;\">Le si\u00e8ge et le dossier sont constitu\u00e9s de deux blocs de mousse de polyur\u00e9thane moul\u00e9e, avec une structure int\u00e9grale incorpor\u00e9e et un rembourrage artisanal. Le si\u00e8ge peut incorporer un appui-t\u00eate qui est \u00e9galement compos\u00e9 de mousse de polyur\u00e9thane moul\u00e9e rembourr\u00e9e.<\/p>\n<p style=\"text-align: justify;\">Le si\u00e8ge, le dossier et l&rsquo;appui-t\u00eate sont \u00e9quip\u00e9s de coques en polypropyl\u00e8ne lavables qui prot\u00e8gent le rembourrage \u00e0 l&rsquo;arri\u00e8re.<\/p>\n<p style=\"text-align: justify;\">Aux c\u00f4t\u00e9s des tables Figueras <strong>F48<\/strong>\u00a0ou <strong>F1000<\/strong>, il devient une solution optimale pour les longues s\u00e9ances de travail et les conf\u00e9rences.<\/p>\n","protected":false},"excerpt":{"rendered":"<p>[wpdm_package id=&rsquo;24501&prime;]<\/p>\n<p>[wpdm_package id=&rsquo;7221&prime;]<\/p>\n<p>[wpdm_package id=&rsquo;7222&prime;]<\/p>\n","protected":false},"featured_media":33057,"template":"","meta":{"_acf_changed":false,"content-type":""},"designer_tag":[],"system_rel_tag":[],"product_brand":[],"product_cat":[221,222,232,234,240],"product_tag":[499,505],"class_list":{"0":"post-23835","1":"product","2":"type-product","3":"status-publish","4":"has-post-thumbnail","6":"product_cat-seats-for-stadiums-and-arenas-fr","7":"product_cat-sports-fr","8":"product_cat-cinema-fr","9":"product_cat-seats-for-cinema-fr","10":"product_cat-smart-fr","11":"product_tag-cinema-fr","12":"product_tag-sports-fr","14":"first","15":"instock","16":"downloadable","17":"virtual","18":"product-type-simple"},"acf":[],"yoast_head":"<!-- This site is optimized with the Yoast SEO plugin v27.3 - https:\/\/yoast.com\/product\/yoast-seo-wordpress\/ -->\n<title>Smart FIX 13010 - Figueras Seating (FR)<\/title>\n<meta name=\"description\" content=\"Si\u00e8ges spacieux, modulaires, avec \u00e9l\u00e9ments interchangeables, con\u00e7us pour les th\u00e9\u00e2tres, salles d\u2019entreprise ou auditoriums. Si\u00e8ges de cin\u00e9ma confortables.\" \/>\n<meta name=\"robots\" content=\"index, follow, max-snippet:-1, max-image-preview:large, max-video-preview:-1\" \/>\n<link rel=\"canonical\" href=\"https:\/\/figueras.com\/fr\/siege\/smart-fix-13010\/\" \/>\n<meta property=\"og:locale\" content=\"fr_FR\" \/>\n<meta property=\"og:type\" content=\"article\" \/>\n<meta property=\"og:title\" content=\"Smart FIX 13010 - Figueras Seating (FR)\" \/>\n<meta property=\"og:description\" content=\"Si\u00e8ges spacieux, modulaires, avec \u00e9l\u00e9ments interchangeables, con\u00e7us pour les th\u00e9\u00e2tres, salles d\u2019entreprise ou auditoriums. Si\u00e8ges de cin\u00e9ma confortables.\" \/>\n<meta property=\"og:url\" content=\"https:\/\/figueras.com\/fr\/siege\/smart-fix-13010\/\" \/>\n<meta property=\"og:site_name\" content=\"Figueras Seating\" \/>\n<meta property=\"article:modified_time\" content=\"2025-05-23T11:22:24+00:00\" \/>\n<meta property=\"og:image\" content=\"https:\/\/figueras.com\/wp-content\/uploads\/2023\/11\/Smart-13010_V3001_p00.png\" \/>\n\t<meta property=\"og:image:width\" content=\"1000\" \/>\n\t<meta property=\"og:image:height\" content=\"1200\" \/>\n\t<meta property=\"og:image:type\" content=\"image\/png\" \/>\n<meta name=\"twitter:card\" content=\"summary_large_image\" \/>\n<meta name=\"twitter:label1\" content=\"Dur\u00e9e de lecture estim\u00e9e\" \/>\n\t<meta name=\"twitter:data1\" content=\"1 minute\" \/>\n<script type=\"application\/ld+json\" class=\"yoast-schema-graph\">{\"@context\":\"https:\\\/\\\/schema.org\",\"@graph\":[{\"@type\":\"WebPage\",\"@id\":\"https:\\\/\\\/figueras.com\\\/fr\\\/siege\\\/smart-fix-13010\\\/\",\"url\":\"https:\\\/\\\/figueras.com\\\/fr\\\/siege\\\/smart-fix-13010\\\/\",\"name\":\"Smart FIX 13010 - Figueras Seating (FR)\",\"isPartOf\":{\"@id\":\"https:\\\/\\\/figueras.com\\\/fr\\\/#website\"},\"primaryImageOfPage\":{\"@id\":\"https:\\\/\\\/figueras.com\\\/fr\\\/siege\\\/smart-fix-13010\\\/#primaryimage\"},\"image\":{\"@id\":\"https:\\\/\\\/figueras.com\\\/fr\\\/siege\\\/smart-fix-13010\\\/#primaryimage\"},\"thumbnailUrl\":\"https:\\\/\\\/figueras.com\\\/wp-content\\\/uploads\\\/2023\\\/11\\\/Smart-13010_V3001_p00.png\",\"datePublished\":\"2023-11-01T08:45:57+00:00\",\"dateModified\":\"2025-05-23T11:22:24+00:00\",\"description\":\"Si\u00e8ges spacieux, modulaires, avec \u00e9l\u00e9ments interchangeables, con\u00e7us pour les th\u00e9\u00e2tres, salles d\u2019entreprise ou auditoriums. Si\u00e8ges de cin\u00e9ma confortables.\",\"breadcrumb\":{\"@id\":\"https:\\\/\\\/figueras.com\\\/fr\\\/siege\\\/smart-fix-13010\\\/#breadcrumb\"},\"inLanguage\":\"fr-FR\",\"potentialAction\":[{\"@type\":\"ReadAction\",\"target\":[\"https:\\\/\\\/figueras.com\\\/fr\\\/siege\\\/smart-fix-13010\\\/\"]}]},{\"@type\":\"ImageObject\",\"inLanguage\":\"fr-FR\",\"@id\":\"https:\\\/\\\/figueras.com\\\/fr\\\/siege\\\/smart-fix-13010\\\/#primaryimage\",\"url\":\"https:\\\/\\\/figueras.com\\\/wp-content\\\/uploads\\\/2023\\\/11\\\/Smart-13010_V3001_p00.png\",\"contentUrl\":\"https:\\\/\\\/figueras.com\\\/wp-content\\\/uploads\\\/2023\\\/11\\\/Smart-13010_V3001_p00.png\",\"width\":1000,\"height\":1200,\"caption\":\"Smart 13010\"},{\"@type\":\"BreadcrumbList\",\"@id\":\"https:\\\/\\\/figueras.com\\\/fr\\\/siege\\\/smart-fix-13010\\\/#breadcrumb\",\"itemListElement\":[{\"@type\":\"ListItem\",\"position\":1,\"name\":\"Home\",\"item\":\"https:\\\/\\\/figueras.com\\\/fr\\\/\"},{\"@type\":\"ListItem\",\"position\":2,\"name\":\"Produits\",\"item\":\"https:\\\/\\\/figueras.com\\\/fr\\\/shop\\\/\"},{\"@type\":\"ListItem\",\"position\":3,\"name\":\"Smart FIX 13010\"}]},{\"@type\":\"WebSite\",\"@id\":\"https:\\\/\\\/figueras.com\\\/fr\\\/#website\",\"url\":\"https:\\\/\\\/figueras.com\\\/fr\\\/\",\"name\":\"Figueras Seating\",\"description\":\"\",\"publisher\":{\"@id\":\"https:\\\/\\\/figueras.com\\\/fr\\\/#organization\"},\"potentialAction\":[{\"@type\":\"SearchAction\",\"target\":{\"@type\":\"EntryPoint\",\"urlTemplate\":\"https:\\\/\\\/figueras.com\\\/fr\\\/?s={search_term_string}\"},\"query-input\":{\"@type\":\"PropertyValueSpecification\",\"valueRequired\":true,\"valueName\":\"search_term_string\"}}],\"inLanguage\":\"fr-FR\"},{\"@type\":\"Organization\",\"@id\":\"https:\\\/\\\/figueras.com\\\/fr\\\/#organization\",\"name\":\"Figueras International Seating, S.L.U.\",\"alternateName\":\"Figueras Seating\",\"url\":\"https:\\\/\\\/figueras.com\\\/fr\\\/\",\"logo\":{\"@type\":\"ImageObject\",\"inLanguage\":\"fr-FR\",\"@id\":\"https:\\\/\\\/figueras.com\\\/fr\\\/#\\\/schema\\\/logo\\\/image\\\/\",\"url\":\"https:\\\/\\\/figueras.com\\\/wp-content\\\/uploads\\\/2023\\\/04\\\/figueraslogoheader.png\",\"contentUrl\":\"https:\\\/\\\/figueras.com\\\/wp-content\\\/uploads\\\/2023\\\/04\\\/figueraslogoheader.png\",\"width\":739,\"height\":127,\"caption\":\"Figueras International Seating, S.L.U.\"},\"image\":{\"@id\":\"https:\\\/\\\/figueras.com\\\/fr\\\/#\\\/schema\\\/logo\\\/image\\\/\"},\"sameAs\":[\"https:\\\/\\\/www.linkedin.com\\\/company\\\/figuerasseating\\\/\",\"https:\\\/\\\/www.instagram.com\\\/figueras.seating\\\/\",\"https:\\\/\\\/vimeo.com\\\/figuerasseating\",\"https:\\\/\\\/es.pinterest.com\\\/figuerasint\\\/\"]}]}<\/script>\n<!-- \/ Yoast SEO plugin. -->","yoast_head_json":{"title":"Smart FIX 13010 - Figueras Seating (FR)","description":"Si\u00e8ges spacieux, modulaires, avec \u00e9l\u00e9ments interchangeables, con\u00e7us pour les th\u00e9\u00e2tres, salles d\u2019entreprise ou auditoriums. Si\u00e8ges de cin\u00e9ma confortables.","robots":{"index":"index","follow":"follow","max-snippet":"max-snippet:-1","max-image-preview":"max-image-preview:large","max-video-preview":"max-video-preview:-1"},"canonical":"https:\/\/figueras.com\/fr\/siege\/smart-fix-13010\/","og_locale":"fr_FR","og_type":"article","og_title":"Smart FIX 13010 - Figueras Seating (FR)","og_description":"Si\u00e8ges spacieux, modulaires, avec \u00e9l\u00e9ments interchangeables, con\u00e7us pour les th\u00e9\u00e2tres, salles d\u2019entreprise ou auditoriums. Si\u00e8ges de cin\u00e9ma confortables.","og_url":"https:\/\/figueras.com\/fr\/siege\/smart-fix-13010\/","og_site_name":"Figueras Seating","article_modified_time":"2025-05-23T11:22:24+00:00","og_image":[{"width":1000,"height":1200,"url":"https:\/\/figueras.com\/wp-content\/uploads\/2023\/11\/Smart-13010_V3001_p00.png","type":"image\/png"}],"twitter_card":"summary_large_image","twitter_misc":{"Dur\u00e9e de lecture estim\u00e9e":"1 minute"},"schema":{"@context":"https:\/\/schema.org","@graph":[{"@type":"WebPage","@id":"https:\/\/figueras.com\/fr\/siege\/smart-fix-13010\/","url":"https:\/\/figueras.com\/fr\/siege\/smart-fix-13010\/","name":"Smart FIX 13010 - Figueras Seating (FR)","isPartOf":{"@id":"https:\/\/figueras.com\/fr\/#website"},"primaryImageOfPage":{"@id":"https:\/\/figueras.com\/fr\/siege\/smart-fix-13010\/#primaryimage"},"image":{"@id":"https:\/\/figueras.com\/fr\/siege\/smart-fix-13010\/#primaryimage"},"thumbnailUrl":"https:\/\/figueras.com\/wp-content\/uploads\/2023\/11\/Smart-13010_V3001_p00.png","datePublished":"2023-11-01T08:45:57+00:00","dateModified":"2025-05-23T11:22:24+00:00","description":"Si\u00e8ges spacieux, modulaires, avec \u00e9l\u00e9ments interchangeables, con\u00e7us pour les th\u00e9\u00e2tres, salles d\u2019entreprise ou auditoriums. Si\u00e8ges de cin\u00e9ma confortables.","breadcrumb":{"@id":"https:\/\/figueras.com\/fr\/siege\/smart-fix-13010\/#breadcrumb"},"inLanguage":"fr-FR","potentialAction":[{"@type":"ReadAction","target":["https:\/\/figueras.com\/fr\/siege\/smart-fix-13010\/"]}]},{"@type":"ImageObject","inLanguage":"fr-FR","@id":"https:\/\/figueras.com\/fr\/siege\/smart-fix-13010\/#primaryimage","url":"https:\/\/figueras.com\/wp-content\/uploads\/2023\/11\/Smart-13010_V3001_p00.png","contentUrl":"https:\/\/figueras.com\/wp-content\/uploads\/2023\/11\/Smart-13010_V3001_p00.png","width":1000,"height":1200,"caption":"Smart 13010"},{"@type":"BreadcrumbList","@id":"https:\/\/figueras.com\/fr\/siege\/smart-fix-13010\/#breadcrumb","itemListElement":[{"@type":"ListItem","position":1,"name":"Home","item":"https:\/\/figueras.com\/fr\/"},{"@type":"ListItem","position":2,"name":"Produits","item":"https:\/\/figueras.com\/fr\/shop\/"},{"@type":"ListItem","position":3,"name":"Smart FIX 13010"}]},{"@type":"WebSite","@id":"https:\/\/figueras.com\/fr\/#website","url":"https:\/\/figueras.com\/fr\/","name":"Figueras Seating","description":"","publisher":{"@id":"https:\/\/figueras.com\/fr\/#organization"},"potentialAction":[{"@type":"SearchAction","target":{"@type":"EntryPoint","urlTemplate":"https:\/\/figueras.com\/fr\/?s={search_term_string}"},"query-input":{"@type":"PropertyValueSpecification","valueRequired":true,"valueName":"search_term_string"}}],"inLanguage":"fr-FR"},{"@type":"Organization","@id":"https:\/\/figueras.com\/fr\/#organization","name":"Figueras International Seating, S.L.U.","alternateName":"Figueras Seating","url":"https:\/\/figueras.com\/fr\/","logo":{"@type":"ImageObject","inLanguage":"fr-FR","@id":"https:\/\/figueras.com\/fr\/#\/schema\/logo\/image\/","url":"https:\/\/figueras.com\/wp-content\/uploads\/2023\/04\/figueraslogoheader.png","contentUrl":"https:\/\/figueras.com\/wp-content\/uploads\/2023\/04\/figueraslogoheader.png","width":739,"height":127,"caption":"Figueras International Seating, S.L.U."},"image":{"@id":"https:\/\/figueras.com\/fr\/#\/schema\/logo\/image\/"},"sameAs":["https:\/\/www.linkedin.com\/company\/figuerasseating\/","https:\/\/www.instagram.com\/figueras.seating\/","https:\/\/vimeo.com\/figuerasseating","https:\/\/es.pinterest.com\/figuerasint\/"]}]}},"_links":{"self":[{"href":"https:\/\/figueras.com\/fr\/wp-json\/wp\/v2\/product\/23835","targetHints":{"allow":["GET"]}}],"collection":[{"href":"https:\/\/figueras.com\/fr\/wp-json\/wp\/v2\/product"}],"about":[{"href":"https:\/\/figueras.com\/fr\/wp-json\/wp\/v2\/types\/product"}],"version-history":[{"count":0,"href":"https:\/\/figueras.com\/fr\/wp-json\/wp\/v2\/product\/23835\/revisions"}],"wp:featuredmedia":[{"embeddable":true,"href":"https:\/\/figueras.com\/fr\/wp-json\/wp\/v2\/media\/33057"}],"wp:attachment":[{"href":"https:\/\/figueras.com\/fr\/wp-json\/wp\/v2\/media?parent=23835"}],"wp:term":[{"taxonomy":"designer_tag","embeddable":true,"href":"https:\/\/figueras.com\/fr\/wp-json\/wp\/v2\/designer_tag?post=23835"},{"taxonomy":"system_rel_tag","embeddable":true,"href":"https:\/\/figueras.com\/fr\/wp-json\/wp\/v2\/system_rel_tag?post=23835"},{"taxonomy":"product_brand","embeddable":true,"href":"https:\/\/figueras.com\/fr\/wp-json\/wp\/v2\/product_brand?post=23835"},{"taxonomy":"product_cat","embeddable":true,"href":"https:\/\/figueras.com\/fr\/wp-json\/wp\/v2\/product_cat?post=23835"},{"taxonomy":"product_tag","embeddable":true,"href":"https:\/\/figueras.com\/fr\/wp-json\/wp\/v2\/product_tag?post=23835"}],"curies":[{"name":"wp","href":"https:\/\/api.w.org\/{rel}","templated":true}]}}