{"id":23833,"date":"2023-11-01T09:46:57","date_gmt":"2023-11-01T08:46:57","guid":{"rendered":"http:\/\/figueras.com\/seating\/smart-rc-13012\/"},"modified":"2025-05-23T13:24:56","modified_gmt":"2025-05-23T11:24:56","slug":"smart-rc-13012","status":"publish","type":"product","link":"https:\/\/figueras.com\/fr\/siege\/smart-rc-13012\/","title":{"rendered":"Smart RC 13012"},"content":{"rendered":"<p style=\"text-align: justify;\"><strong>Le Smart RC 13012 est un fauteuil modulaire con\u00e7u pour les salons VIP, les cin\u00e9mas ou les home cin\u00e9mas qui exigent un produit de grand confort et de dimensions g\u00e9n\u00e9reuses.\u00a0 <\/strong><\/p>\n<p style=\"text-align: justify;\">L&rsquo;assise et le dossier sont chacun compos\u00e9s d&rsquo;un bloc de mousse de polyur\u00e9thane moul\u00e9 avec une structure m\u00e9tallique int\u00e9grale. Le tissu est reli\u00e9 \u00e0 la mousse au moyen du syst\u00e8me de tapisserie <em>Integral Form System<\/em>, sans couture ni piq\u00fbre.<\/p>\n<p style=\"text-align: justify;\">Le dossier peut \u00eatre inclin\u00e9 \u00e0 l&rsquo;aide d&rsquo;un bouton-poussoir qui se trouve dans l&rsquo;accoudoir, avec un angle de course maximum de 15\u00b0. Lorsque le si\u00e8ge est lib\u00e9r\u00e9, il revient \u00e0 sa position initiale.<\/p>\n<p style=\"text-align: justify;\">Le dossier peut \u00e9galement \u00eatre dot\u00e9 d&rsquo;un appui-t\u00eate. Ce type de dossier est caract\u00e9ris\u00e9 par un appui-t\u00eate int\u00e9gr\u00e9 \u00e0 l&rsquo;ensemble du dossier, ce qui offre un avantage ergonomique \u00e9vident puisqu&rsquo;il devient une extension naturelle du dossier.<\/p>\n<p style=\"text-align: justify;\">L&rsquo;assise, le dossier et l&rsquo;appui-t\u00eate sont \u00e9quip\u00e9s de coques en polypropyl\u00e8ne qui sont lavables et prot\u00e8gent la tapisserie \u00e0 l&rsquo;arri\u00e8re.<\/p>\n","protected":false},"excerpt":{"rendered":"<p>[wpdm_package id=&rsquo;24506&prime;]<\/p>\n<p>[wpdm_package id=&rsquo;7227&prime;]<\/p>\n<p>[wpdm_package id=&rsquo;7228&prime;]<\/p>\n","protected":false},"featured_media":33120,"template":"","meta":{"_acf_changed":false,"content-type":""},"designer_tag":[],"system_rel_tag":[],"product_cat":[221,222,232,234,240],"product_tag":[499,505],"class_list":{"0":"post-23833","1":"product","2":"type-product","3":"status-publish","4":"has-post-thumbnail","6":"product_cat-seats-for-stadiums-and-arenas-fr","7":"product_cat-sports-fr","8":"product_cat-cinema-fr","9":"product_cat-seats-for-cinema-fr","10":"product_cat-smart-fr","11":"product_tag-cinema-fr","12":"product_tag-sports-fr","14":"first","15":"instock","16":"downloadable","17":"virtual","18":"product-type-simple"},"acf":[],"_links":{"self":[{"href":"https:\/\/figueras.com\/fr\/wp-json\/wp\/v2\/product\/23833","targetHints":{"allow":["GET"]}}],"collection":[{"href":"https:\/\/figueras.com\/fr\/wp-json\/wp\/v2\/product"}],"about":[{"href":"https:\/\/figueras.com\/fr\/wp-json\/wp\/v2\/types\/product"}],"version-history":[{"count":0,"href":"https:\/\/figueras.com\/fr\/wp-json\/wp\/v2\/product\/23833\/revisions"}],"wp:featuredmedia":[{"embeddable":true,"href":"https:\/\/figueras.com\/fr\/wp-json\/wp\/v2\/media\/33120"}],"wp:attachment":[{"href":"https:\/\/figueras.com\/fr\/wp-json\/wp\/v2\/media?parent=23833"}],"wp:term":[{"taxonomy":"designer_tag","embeddable":true,"href":"https:\/\/figueras.com\/fr\/wp-json\/wp\/v2\/designer_tag?post=23833"},{"taxonomy":"system_rel_tag","embeddable":true,"href":"https:\/\/figueras.com\/fr\/wp-json\/wp\/v2\/system_rel_tag?post=23833"},{"taxonomy":"product_cat","embeddable":true,"href":"https:\/\/figueras.com\/fr\/wp-json\/wp\/v2\/product_cat?post=23833"},{"taxonomy":"product_tag","embeddable":true,"href":"https:\/\/figueras.com\/fr\/wp-json\/wp\/v2\/product_tag?post=23833"}],"curies":[{"name":"wp","href":"https:\/\/api.w.org\/{rel}","templated":true}]}}