{"id":23831,"date":"2023-11-01T09:47:57","date_gmt":"2023-11-01T08:47:57","guid":{"rendered":"http:\/\/figueras.com\/seating\/smart-13033\/"},"modified":"2025-05-23T13:19:37","modified_gmt":"2025-05-23T11:19:37","slug":"smart-13033","status":"publish","type":"product","link":"https:\/\/figueras.com\/fr\/siege\/smart-13033\/","title":{"rendered":"Smart 13033"},"content":{"rendered":"<p style=\"text-align: justify;\"><strong>Le Smart 13033 est un si\u00e8ge aux dimensions g\u00e9n\u00e9reuses con\u00e7u pour les parlements, les salles de conf\u00e9rence, les salles d&rsquo;entreprise, les centres de congr\u00e8s ou les auditoriums qui n\u00e9cessitent un produit extr\u00eamement confortable de grandes dimensions. <\/strong><\/p>\n<p style=\"text-align: justify;\">L&rsquo;assise et le dossier sont compos\u00e9s de deux blocs de mousse de polyur\u00e9thane moul\u00e9e qui incorporent une structure m\u00e9tallique interne, avec des ressorts plats et un tissu enti\u00e8rement int\u00e9gr\u00e9 dans la mousse au moyen du syst\u00e8me <em>Integral Form<\/em>.<\/p>\n<p style=\"text-align: justify;\">Le rembourrage du dossier a une forme anatomique avec un soutien lombaire. Les coussins de l&rsquo;assise et du dossier ont \u00e0 l&rsquo;arri\u00e8re une coque qui prot\u00e8ge le tissu.<\/p>\n<p style=\"text-align: justify;\">L&rsquo;assise se rel\u00e8ve automatiquement gr\u00e2ce \u00e0 un syst\u00e8me de double ressort extr\u00eamement silencieux ins\u00e9r\u00e9 \u00e0 l&rsquo;int\u00e9rieur de la coque du si\u00e8ge. Il ne n\u00e9cessite d&rsquo;aucune sorte de lubrification.<\/p>\n<p style=\"text-align: justify;\">Les accoudoirs peuvent \u00eatre enti\u00e8rement rembourr\u00e9s, en finition bois ou le si\u00e8ge peut \u00eatre r\u00e9alis\u00e9 sans accoudoirs.<\/p>\n<p style=\"text-align: justify;\">Le si\u00e8ge est mont\u00e9 sur deux panneaux lat\u00e9raux avec un syst\u00e8me de logement pour l&rsquo;articulation \u00e0 rotule, comprenant un m\u00e9canisme de blocage dans lequel les axes du si\u00e8ge s&rsquo;ins\u00e8rent. Cela permet de remplacer facilement le si\u00e8ge.<\/p>\n<p style=\"text-align: justify;\">Les panneaux lat\u00e9raux sont enti\u00e8rement tapiss\u00e9s et reli\u00e9s \u00e0 une base en acier, \u00e0 travers laquelle le si\u00e8ge est fix\u00e9 au sol avec un ancrage cach\u00e9. La partie sup\u00e9rieure de l&rsquo;accoudoir comprend une couche de mousse pour \u00eatre douce au toucher.<\/p>\n<p style=\"text-align: justify;\">Le si\u00e8ge s&rsquo;adapte \u00e0 la pente sp\u00e9cifique du sol \u00e0 sa base. Les rang\u00e9es sont form\u00e9es par des si\u00e8ges interconnect\u00e9s, ce qui assure une configuration rigide et stable des files, renfor\u00e7ant l&rsquo;ancrage au sol.<\/p>\n<p style=\"text-align: justify;\">Ce si\u00e8ge, associ\u00e9 aux tables Figueras <strong>APL<\/strong>,<strong> GPL<\/strong> ou <strong>PLX<\/strong>, devient une solution optimale pour les espaces o\u00f9 se d\u00e9roulent de longues s\u00e9ances de travail et des conf\u00e9rences.<\/p>\n","protected":false},"excerpt":{"rendered":"<p>[wpdm_package id=&rsquo;24483&prime;]<\/p>\n<p>[wpdm_package id=&rsquo;7196&prime;]<\/p>\n<p>[wpdm_package id=&rsquo;8243&prime;]<\/p>\n","protected":false},"featured_media":45587,"template":"","meta":{"_acf_changed":false,"content-type":""},"designer_tag":[332],"system_rel_tag":[],"product_cat":[240,178,180,181,182,183,186,189,221,222],"product_tag":[502,505,511],"class_list":{"0":"post-23831","1":"product","2":"type-product","3":"status-publish","4":"has-post-thumbnail","6":"designer_tag-design-center-fr","7":"product_cat-smart-fr","8":"product_cat-education-fr","9":"product_cat-publicum-fr","10":"product_cat-seats-for-auditorium-and-conference-rooms-fr","11":"product_cat-seats-for-congress-centres-fr","12":"product_cat-seats-for-corporate-rooms-fr","13":"product_cat-seats-for-parliaments-fr","14":"product_cat-seats-for-universities-and-schools-fr","15":"product_cat-seats-for-stadiums-and-arenas-fr","16":"product_cat-sports-fr","17":"product_tag-education-fr","18":"product_tag-sports-fr","19":"product_tag-publicum-fr","21":"first","22":"instock","23":"downloadable","24":"virtual","25":"product-type-simple"},"acf":[],"_links":{"self":[{"href":"https:\/\/figueras.com\/fr\/wp-json\/wp\/v2\/product\/23831","targetHints":{"allow":["GET"]}}],"collection":[{"href":"https:\/\/figueras.com\/fr\/wp-json\/wp\/v2\/product"}],"about":[{"href":"https:\/\/figueras.com\/fr\/wp-json\/wp\/v2\/types\/product"}],"version-history":[{"count":0,"href":"https:\/\/figueras.com\/fr\/wp-json\/wp\/v2\/product\/23831\/revisions"}],"wp:featuredmedia":[{"embeddable":true,"href":"https:\/\/figueras.com\/fr\/wp-json\/wp\/v2\/media\/45587"}],"wp:attachment":[{"href":"https:\/\/figueras.com\/fr\/wp-json\/wp\/v2\/media?parent=23831"}],"wp:term":[{"taxonomy":"designer_tag","embeddable":true,"href":"https:\/\/figueras.com\/fr\/wp-json\/wp\/v2\/designer_tag?post=23831"},{"taxonomy":"system_rel_tag","embeddable":true,"href":"https:\/\/figueras.com\/fr\/wp-json\/wp\/v2\/system_rel_tag?post=23831"},{"taxonomy":"product_cat","embeddable":true,"href":"https:\/\/figueras.com\/fr\/wp-json\/wp\/v2\/product_cat?post=23831"},{"taxonomy":"product_tag","embeddable":true,"href":"https:\/\/figueras.com\/fr\/wp-json\/wp\/v2\/product_tag?post=23831"}],"curies":[{"name":"wp","href":"https:\/\/api.w.org\/{rel}","templated":true}]}}