{"id":23829,"date":"2023-11-01T09:48:57","date_gmt":"2023-11-01T08:48:57","guid":{"rendered":"http:\/\/figueras.com\/seating\/smart-13032\/"},"modified":"2025-05-23T13:17:19","modified_gmt":"2025-05-23T11:17:19","slug":"smart-13032","status":"publish","type":"product","link":"https:\/\/figueras.com\/fr\/siege\/smart-13032\/","title":{"rendered":"Smart 13032"},"content":{"rendered":"<p style=\"text-align: justify;\"><strong>Le Smart 13032 est un si\u00e8ge modulaire aux dimensions g\u00e9n\u00e9reuses compos\u00e9 d&rsquo;\u00e9l\u00e9ments enti\u00e8rement interchangeables. Ce si\u00e8ge a \u00e9t\u00e9 con\u00e7u pour les th\u00e9\u00e2tres, les salles de conf\u00e9rence, les salles d&rsquo;entreprise ou les auditoriums o\u00f9 un produit de haute qualit\u00e9 et de grandes dimensions est requis.<\/strong><\/p>\n<p style=\"text-align: justify;\">L&rsquo;assise et le dossier sont compos\u00e9s de deux blocs de mousse de polyur\u00e9thane moul\u00e9e qui incorporent une structure m\u00e9tallique int\u00e9rieure avec des ressorts plats et un tissu enti\u00e8rement int\u00e9gr\u00e9 dans la mousse au moyen du syst\u00e8me <em>Integral Form<\/em>.<\/p>\n<p style=\"text-align: justify;\">L&rsquo;assise se rel\u00e8ve automatiquement gr\u00e2ce \u00e0 un syst\u00e8me de double ressort extr\u00eamement silencieux ins\u00e9r\u00e9 \u00e0 l&rsquo;int\u00e9rieur de la coque du si\u00e8ge, \u00e9vitant tout bruit ou claquement lorsque le si\u00e8ge est lib\u00e9r\u00e9. Ce syst\u00e8me ne n\u00e9cessite aucun entretien.<\/p>\n<p style=\"text-align: justify;\">Le rembourrage de l&rsquo;assise et du dossier a une forme anatomique pour offrir un confort optimal \u00e0 l&rsquo;utilisateur. L&rsquo;assise et le dossier ont tous deux une coque \u00e0 l&rsquo;arri\u00e8re qui prot\u00e8ge le tissu.<\/p>\n<p style=\"text-align: justify;\">Les coques en polypropyl\u00e8ne comprennent le syst\u00e8me acoustique TX, un ensemble de perforations \u00e0 l&rsquo;arri\u00e8re qui fournit une excellente r\u00e9ponse acoustique.<\/p>\n<p style=\"text-align: justify;\">Le si\u00e8ge est mont\u00e9 sur un pied central et soutenu par un pont d&rsquo;union interne qui relie les diff\u00e9rents si\u00e8ges et assure des rang\u00e9es compl\u00e8tement rigides.<\/p>\n<p style=\"text-align: justify;\">Ce si\u00e8ge, \u00e0 c\u00f4t\u00e9 des tables Figueras <strong>F48<\/strong> ou <strong>F1000<\/strong>, devient une solution optimale pour les longues sessions de travail et les conf\u00e9rences.<\/p>\n<p style=\"text-align: justify;\">Les accoudoirs et les panneaux interm\u00e9diaires et de fin de rang\u00e9e sont enti\u00e8rement tapiss\u00e9s.<\/p>\n","protected":false},"excerpt":{"rendered":"<p>[wpdm_package id=&rsquo;24487&prime;]<\/p>\n<p>[wpdm_package id=&rsquo;7198&prime;]<\/p>\n<p>[wpdm_package id=&rsquo;7199&prime;]<\/p>\n","protected":false},"featured_media":45510,"template":"","meta":{"_acf_changed":false,"content-type":""},"designer_tag":[332],"system_rel_tag":[],"product_brand":[],"product_cat":[240,178,180,181,182,183,186,189,221,222],"product_tag":[502,505,511],"class_list":{"0":"post-23829","1":"product","2":"type-product","3":"status-publish","4":"has-post-thumbnail","6":"designer_tag-design-center-fr","7":"product_cat-smart-fr","8":"product_cat-education-fr","9":"product_cat-publicum-fr","10":"product_cat-seats-for-auditorium-and-conference-rooms-fr","11":"product_cat-seats-for-congress-centres-fr","12":"product_cat-seats-for-corporate-rooms-fr","13":"product_cat-seats-for-parliaments-fr","14":"product_cat-seats-for-universities-and-schools-fr","15":"product_cat-seats-for-stadiums-and-arenas-fr","16":"product_cat-sports-fr","17":"product_tag-education-fr","18":"product_tag-sports-fr","19":"product_tag-publicum-fr","21":"first","22":"instock","23":"downloadable","24":"virtual","25":"product-type-simple"},"acf":[],"yoast_head":"<!-- This site is optimized with the Yoast SEO plugin v27.3 - https:\/\/yoast.com\/product\/yoast-seo-wordpress\/ -->\n<title>Smart 13032 - Figueras Seating (FR)<\/title>\n<meta name=\"description\" content=\"Si\u00e8ges spacieux, modulaires, pour les cin\u00e9mas avec accoudoirs rembourr\u00e9s et porte-gobelet int\u00e9gr\u00e9 pour les th\u00e9\u00e2tres, salles de conf\u00e9rence et auditoriums.\" \/>\n<meta name=\"robots\" content=\"index, follow, max-snippet:-1, max-image-preview:large, max-video-preview:-1\" \/>\n<link rel=\"canonical\" href=\"https:\/\/figueras.com\/fr\/siege\/smart-13032\/\" \/>\n<meta property=\"og:locale\" content=\"fr_FR\" \/>\n<meta property=\"og:type\" content=\"article\" \/>\n<meta property=\"og:title\" content=\"Smart 13032 - Figueras Seating (FR)\" \/>\n<meta property=\"og:description\" content=\"Si\u00e8ges spacieux, modulaires, pour les cin\u00e9mas avec accoudoirs rembourr\u00e9s et porte-gobelet int\u00e9gr\u00e9 pour les th\u00e9\u00e2tres, salles de conf\u00e9rence et auditoriums.\" \/>\n<meta property=\"og:url\" content=\"https:\/\/figueras.com\/fr\/siege\/smart-13032\/\" \/>\n<meta property=\"og:site_name\" content=\"Figueras Seating\" \/>\n<meta property=\"article:modified_time\" content=\"2025-05-23T11:17:19+00:00\" \/>\n<meta property=\"og:image\" content=\"https:\/\/figueras.com\/wp-content\/uploads\/2023\/11\/Smart-13032-w000.webp\" \/>\n\t<meta property=\"og:image:width\" content=\"610\" \/>\n\t<meta property=\"og:image:height\" content=\"810\" \/>\n\t<meta property=\"og:image:type\" content=\"image\/webp\" \/>\n<meta name=\"twitter:card\" content=\"summary_large_image\" \/>\n<meta name=\"twitter:label1\" content=\"Dur\u00e9e de lecture estim\u00e9e\" \/>\n\t<meta name=\"twitter:data1\" content=\"2 minutes\" \/>\n<script type=\"application\/ld+json\" class=\"yoast-schema-graph\">{\"@context\":\"https:\\\/\\\/schema.org\",\"@graph\":[{\"@type\":\"WebPage\",\"@id\":\"https:\\\/\\\/figueras.com\\\/fr\\\/siege\\\/smart-13032\\\/\",\"url\":\"https:\\\/\\\/figueras.com\\\/fr\\\/siege\\\/smart-13032\\\/\",\"name\":\"Smart 13032 - Figueras Seating (FR)\",\"isPartOf\":{\"@id\":\"https:\\\/\\\/figueras.com\\\/fr\\\/#website\"},\"primaryImageOfPage\":{\"@id\":\"https:\\\/\\\/figueras.com\\\/fr\\\/siege\\\/smart-13032\\\/#primaryimage\"},\"image\":{\"@id\":\"https:\\\/\\\/figueras.com\\\/fr\\\/siege\\\/smart-13032\\\/#primaryimage\"},\"thumbnailUrl\":\"https:\\\/\\\/figueras.com\\\/wp-content\\\/uploads\\\/2023\\\/11\\\/Smart-13032-w000.webp\",\"datePublished\":\"2023-11-01T08:48:57+00:00\",\"dateModified\":\"2025-05-23T11:17:19+00:00\",\"description\":\"Si\u00e8ges spacieux, modulaires, pour les cin\u00e9mas avec accoudoirs rembourr\u00e9s et porte-gobelet int\u00e9gr\u00e9 pour les th\u00e9\u00e2tres, salles de conf\u00e9rence et auditoriums.\",\"breadcrumb\":{\"@id\":\"https:\\\/\\\/figueras.com\\\/fr\\\/siege\\\/smart-13032\\\/#breadcrumb\"},\"inLanguage\":\"fr-FR\",\"potentialAction\":[{\"@type\":\"ReadAction\",\"target\":[\"https:\\\/\\\/figueras.com\\\/fr\\\/siege\\\/smart-13032\\\/\"]}]},{\"@type\":\"ImageObject\",\"inLanguage\":\"fr-FR\",\"@id\":\"https:\\\/\\\/figueras.com\\\/fr\\\/siege\\\/smart-13032\\\/#primaryimage\",\"url\":\"https:\\\/\\\/figueras.com\\\/wp-content\\\/uploads\\\/2023\\\/11\\\/Smart-13032-w000.webp\",\"contentUrl\":\"https:\\\/\\\/figueras.com\\\/wp-content\\\/uploads\\\/2023\\\/11\\\/Smart-13032-w000.webp\",\"width\":610,\"height\":810,\"caption\":\"Smart 13032\"},{\"@type\":\"BreadcrumbList\",\"@id\":\"https:\\\/\\\/figueras.com\\\/fr\\\/siege\\\/smart-13032\\\/#breadcrumb\",\"itemListElement\":[{\"@type\":\"ListItem\",\"position\":1,\"name\":\"Home\",\"item\":\"https:\\\/\\\/figueras.com\\\/fr\\\/\"},{\"@type\":\"ListItem\",\"position\":2,\"name\":\"Produits\",\"item\":\"https:\\\/\\\/figueras.com\\\/fr\\\/shop\\\/\"},{\"@type\":\"ListItem\",\"position\":3,\"name\":\"Smart 13032\"}]},{\"@type\":\"WebSite\",\"@id\":\"https:\\\/\\\/figueras.com\\\/fr\\\/#website\",\"url\":\"https:\\\/\\\/figueras.com\\\/fr\\\/\",\"name\":\"Figueras Seating\",\"description\":\"\",\"publisher\":{\"@id\":\"https:\\\/\\\/figueras.com\\\/fr\\\/#organization\"},\"potentialAction\":[{\"@type\":\"SearchAction\",\"target\":{\"@type\":\"EntryPoint\",\"urlTemplate\":\"https:\\\/\\\/figueras.com\\\/fr\\\/?s={search_term_string}\"},\"query-input\":{\"@type\":\"PropertyValueSpecification\",\"valueRequired\":true,\"valueName\":\"search_term_string\"}}],\"inLanguage\":\"fr-FR\"},{\"@type\":\"Organization\",\"@id\":\"https:\\\/\\\/figueras.com\\\/fr\\\/#organization\",\"name\":\"Figueras International Seating, S.L.U.\",\"alternateName\":\"Figueras Seating\",\"url\":\"https:\\\/\\\/figueras.com\\\/fr\\\/\",\"logo\":{\"@type\":\"ImageObject\",\"inLanguage\":\"fr-FR\",\"@id\":\"https:\\\/\\\/figueras.com\\\/fr\\\/#\\\/schema\\\/logo\\\/image\\\/\",\"url\":\"https:\\\/\\\/figueras.com\\\/wp-content\\\/uploads\\\/2023\\\/04\\\/figueraslogoheader.png\",\"contentUrl\":\"https:\\\/\\\/figueras.com\\\/wp-content\\\/uploads\\\/2023\\\/04\\\/figueraslogoheader.png\",\"width\":739,\"height\":127,\"caption\":\"Figueras International Seating, S.L.U.\"},\"image\":{\"@id\":\"https:\\\/\\\/figueras.com\\\/fr\\\/#\\\/schema\\\/logo\\\/image\\\/\"},\"sameAs\":[\"https:\\\/\\\/www.linkedin.com\\\/company\\\/figuerasseating\\\/\",\"https:\\\/\\\/www.instagram.com\\\/figueras.seating\\\/\",\"https:\\\/\\\/vimeo.com\\\/figuerasseating\",\"https:\\\/\\\/es.pinterest.com\\\/figuerasint\\\/\"]}]}<\/script>\n<!-- \/ Yoast SEO plugin. -->","yoast_head_json":{"title":"Smart 13032 - Figueras Seating (FR)","description":"Si\u00e8ges spacieux, modulaires, pour les cin\u00e9mas avec accoudoirs rembourr\u00e9s et porte-gobelet int\u00e9gr\u00e9 pour les th\u00e9\u00e2tres, salles de conf\u00e9rence et auditoriums.","robots":{"index":"index","follow":"follow","max-snippet":"max-snippet:-1","max-image-preview":"max-image-preview:large","max-video-preview":"max-video-preview:-1"},"canonical":"https:\/\/figueras.com\/fr\/siege\/smart-13032\/","og_locale":"fr_FR","og_type":"article","og_title":"Smart 13032 - Figueras Seating (FR)","og_description":"Si\u00e8ges spacieux, modulaires, pour les cin\u00e9mas avec accoudoirs rembourr\u00e9s et porte-gobelet int\u00e9gr\u00e9 pour les th\u00e9\u00e2tres, salles de conf\u00e9rence et auditoriums.","og_url":"https:\/\/figueras.com\/fr\/siege\/smart-13032\/","og_site_name":"Figueras Seating","article_modified_time":"2025-05-23T11:17:19+00:00","og_image":[{"width":610,"height":810,"url":"https:\/\/figueras.com\/wp-content\/uploads\/2023\/11\/Smart-13032-w000.webp","type":"image\/webp"}],"twitter_card":"summary_large_image","twitter_misc":{"Dur\u00e9e de lecture estim\u00e9e":"2 minutes"},"schema":{"@context":"https:\/\/schema.org","@graph":[{"@type":"WebPage","@id":"https:\/\/figueras.com\/fr\/siege\/smart-13032\/","url":"https:\/\/figueras.com\/fr\/siege\/smart-13032\/","name":"Smart 13032 - Figueras Seating (FR)","isPartOf":{"@id":"https:\/\/figueras.com\/fr\/#website"},"primaryImageOfPage":{"@id":"https:\/\/figueras.com\/fr\/siege\/smart-13032\/#primaryimage"},"image":{"@id":"https:\/\/figueras.com\/fr\/siege\/smart-13032\/#primaryimage"},"thumbnailUrl":"https:\/\/figueras.com\/wp-content\/uploads\/2023\/11\/Smart-13032-w000.webp","datePublished":"2023-11-01T08:48:57+00:00","dateModified":"2025-05-23T11:17:19+00:00","description":"Si\u00e8ges spacieux, modulaires, pour les cin\u00e9mas avec accoudoirs rembourr\u00e9s et porte-gobelet int\u00e9gr\u00e9 pour les th\u00e9\u00e2tres, salles de conf\u00e9rence et auditoriums.","breadcrumb":{"@id":"https:\/\/figueras.com\/fr\/siege\/smart-13032\/#breadcrumb"},"inLanguage":"fr-FR","potentialAction":[{"@type":"ReadAction","target":["https:\/\/figueras.com\/fr\/siege\/smart-13032\/"]}]},{"@type":"ImageObject","inLanguage":"fr-FR","@id":"https:\/\/figueras.com\/fr\/siege\/smart-13032\/#primaryimage","url":"https:\/\/figueras.com\/wp-content\/uploads\/2023\/11\/Smart-13032-w000.webp","contentUrl":"https:\/\/figueras.com\/wp-content\/uploads\/2023\/11\/Smart-13032-w000.webp","width":610,"height":810,"caption":"Smart 13032"},{"@type":"BreadcrumbList","@id":"https:\/\/figueras.com\/fr\/siege\/smart-13032\/#breadcrumb","itemListElement":[{"@type":"ListItem","position":1,"name":"Home","item":"https:\/\/figueras.com\/fr\/"},{"@type":"ListItem","position":2,"name":"Produits","item":"https:\/\/figueras.com\/fr\/shop\/"},{"@type":"ListItem","position":3,"name":"Smart 13032"}]},{"@type":"WebSite","@id":"https:\/\/figueras.com\/fr\/#website","url":"https:\/\/figueras.com\/fr\/","name":"Figueras Seating","description":"","publisher":{"@id":"https:\/\/figueras.com\/fr\/#organization"},"potentialAction":[{"@type":"SearchAction","target":{"@type":"EntryPoint","urlTemplate":"https:\/\/figueras.com\/fr\/?s={search_term_string}"},"query-input":{"@type":"PropertyValueSpecification","valueRequired":true,"valueName":"search_term_string"}}],"inLanguage":"fr-FR"},{"@type":"Organization","@id":"https:\/\/figueras.com\/fr\/#organization","name":"Figueras International Seating, S.L.U.","alternateName":"Figueras Seating","url":"https:\/\/figueras.com\/fr\/","logo":{"@type":"ImageObject","inLanguage":"fr-FR","@id":"https:\/\/figueras.com\/fr\/#\/schema\/logo\/image\/","url":"https:\/\/figueras.com\/wp-content\/uploads\/2023\/04\/figueraslogoheader.png","contentUrl":"https:\/\/figueras.com\/wp-content\/uploads\/2023\/04\/figueraslogoheader.png","width":739,"height":127,"caption":"Figueras International Seating, S.L.U."},"image":{"@id":"https:\/\/figueras.com\/fr\/#\/schema\/logo\/image\/"},"sameAs":["https:\/\/www.linkedin.com\/company\/figuerasseating\/","https:\/\/www.instagram.com\/figueras.seating\/","https:\/\/vimeo.com\/figuerasseating","https:\/\/es.pinterest.com\/figuerasint\/"]}]}},"_links":{"self":[{"href":"https:\/\/figueras.com\/fr\/wp-json\/wp\/v2\/product\/23829","targetHints":{"allow":["GET"]}}],"collection":[{"href":"https:\/\/figueras.com\/fr\/wp-json\/wp\/v2\/product"}],"about":[{"href":"https:\/\/figueras.com\/fr\/wp-json\/wp\/v2\/types\/product"}],"version-history":[{"count":0,"href":"https:\/\/figueras.com\/fr\/wp-json\/wp\/v2\/product\/23829\/revisions"}],"wp:featuredmedia":[{"embeddable":true,"href":"https:\/\/figueras.com\/fr\/wp-json\/wp\/v2\/media\/45510"}],"wp:attachment":[{"href":"https:\/\/figueras.com\/fr\/wp-json\/wp\/v2\/media?parent=23829"}],"wp:term":[{"taxonomy":"designer_tag","embeddable":true,"href":"https:\/\/figueras.com\/fr\/wp-json\/wp\/v2\/designer_tag?post=23829"},{"taxonomy":"system_rel_tag","embeddable":true,"href":"https:\/\/figueras.com\/fr\/wp-json\/wp\/v2\/system_rel_tag?post=23829"},{"taxonomy":"product_brand","embeddable":true,"href":"https:\/\/figueras.com\/fr\/wp-json\/wp\/v2\/product_brand?post=23829"},{"taxonomy":"product_cat","embeddable":true,"href":"https:\/\/figueras.com\/fr\/wp-json\/wp\/v2\/product_cat?post=23829"},{"taxonomy":"product_tag","embeddable":true,"href":"https:\/\/figueras.com\/fr\/wp-json\/wp\/v2\/product_tag?post=23829"}],"curies":[{"name":"wp","href":"https:\/\/api.w.org\/{rel}","templated":true}]}}