{"id":23827,"date":"2023-11-01T09:49:57","date_gmt":"2023-11-01T08:49:57","guid":{"rendered":"http:\/\/figueras.com\/seating\/smart-13030\/"},"modified":"2025-07-18T16:50:31","modified_gmt":"2025-07-18T14:50:31","slug":"smart-13030","status":"publish","type":"product","link":"https:\/\/figueras.com\/fr\/siege\/smart-13030\/","title":{"rendered":"Smart 13030"},"content":{"rendered":"<p style=\"text-align: justify;\"><strong>Le Smart 13030 est un si\u00e8ge modulaire de grandes dimensions compos\u00e9 d&rsquo;\u00e9l\u00e9ments totalement interchangeables. Ce si\u00e8ge unique a \u00e9t\u00e9 con\u00e7u pour les cin\u00e9mas, les stades, les ar\u00e8nes ou les auditoriums qui n\u00e9cessitent un produit de grand confort et de dimensions g\u00e9n\u00e9reuses.\u00a0 <\/strong><\/p>\n<p style=\"text-align: justify;\">Le si\u00e8ge et le dossier sont constitu\u00e9s de deux blocs de mousse de polyur\u00e9thane moul\u00e9e, avec une structure int\u00e9grale incorpor\u00e9e et des rembourrages faits \u00e0 la main. Le si\u00e8ge peut incorporer un appui-t\u00eate qui est \u00e9galement compos\u00e9 de mousse de polyur\u00e9thane moul\u00e9e recouvert.<\/p>\n<p style=\"text-align: justify;\">Le si\u00e8ge, le dossier et l&rsquo;appui-t\u00eate sont \u00e9quip\u00e9s de coques en polypropyl\u00e8ne lavables qui prot\u00e8gent le tissu \u00e0 l&rsquo;arri\u00e8re.<\/p>\n<p style=\"text-align: justify;\">Les coques en polypropyl\u00e8ne comprennent le syst\u00e8me acoustique TX, un ensemble de perforations \u00e0 l&rsquo;arri\u00e8re qui fournit une excellente r\u00e9ponse acoustique.<\/p>\n<p style=\"text-align: justify;\">Le si\u00e8ge de la Smart 13030 se rel\u00e8ve automatiquement gr\u00e2ce \u00e0 un syst\u00e8me \u00e0 double ressort extr\u00eamement silencieux ins\u00e9r\u00e9 \u00e0 l&rsquo;int\u00e9rieur de la coque du si\u00e8ge.<\/p>\n<p style=\"text-align: justify;\">Les accoudoirs, en plastique moul\u00e9 par soufflage, sont toujours recouverts et comportent un porte-gobelet int\u00e9gr\u00e9 d&rsquo;une seule pi\u00e8ce.<\/p>\n","protected":false},"excerpt":{"rendered":"<p>[wpdm_package id=&rsquo;24491&prime;]<\/p>\n<p>[wpdm_package id=&rsquo;7204&prime;]<\/p>\n<p>[wpdm_package id=&rsquo;8267&prime;]<\/p>\n","protected":false},"featured_media":33139,"template":"","meta":{"_acf_changed":false,"content-type":""},"designer_tag":[332],"system_rel_tag":[],"product_cat":[221,222,232,234,240],"product_tag":[499,505],"class_list":{"0":"post-23827","1":"product","2":"type-product","3":"status-publish","4":"has-post-thumbnail","6":"designer_tag-design-center-fr","7":"product_cat-seats-for-stadiums-and-arenas-fr","8":"product_cat-sports-fr","9":"product_cat-cinema-fr","10":"product_cat-seats-for-cinema-fr","11":"product_cat-smart-fr","12":"product_tag-cinema-fr","13":"product_tag-sports-fr","15":"first","16":"instock","17":"downloadable","18":"virtual","19":"product-type-simple"},"acf":[],"_links":{"self":[{"href":"https:\/\/figueras.com\/fr\/wp-json\/wp\/v2\/product\/23827","targetHints":{"allow":["GET"]}}],"collection":[{"href":"https:\/\/figueras.com\/fr\/wp-json\/wp\/v2\/product"}],"about":[{"href":"https:\/\/figueras.com\/fr\/wp-json\/wp\/v2\/types\/product"}],"version-history":[{"count":0,"href":"https:\/\/figueras.com\/fr\/wp-json\/wp\/v2\/product\/23827\/revisions"}],"wp:featuredmedia":[{"embeddable":true,"href":"https:\/\/figueras.com\/fr\/wp-json\/wp\/v2\/media\/33139"}],"wp:attachment":[{"href":"https:\/\/figueras.com\/fr\/wp-json\/wp\/v2\/media?parent=23827"}],"wp:term":[{"taxonomy":"designer_tag","embeddable":true,"href":"https:\/\/figueras.com\/fr\/wp-json\/wp\/v2\/designer_tag?post=23827"},{"taxonomy":"system_rel_tag","embeddable":true,"href":"https:\/\/figueras.com\/fr\/wp-json\/wp\/v2\/system_rel_tag?post=23827"},{"taxonomy":"product_cat","embeddable":true,"href":"https:\/\/figueras.com\/fr\/wp-json\/wp\/v2\/product_cat?post=23827"},{"taxonomy":"product_tag","embeddable":true,"href":"https:\/\/figueras.com\/fr\/wp-json\/wp\/v2\/product_tag?post=23827"}],"curies":[{"name":"wp","href":"https:\/\/api.w.org\/{rel}","templated":true}]}}