{"id":23825,"date":"2023-11-01T09:58:57","date_gmt":"2023-11-01T08:58:57","guid":{"rendered":"http:\/\/figueras.com\/seating\/riva-twin-heritage-4303\/"},"modified":"2025-05-23T12:30:26","modified_gmt":"2025-05-23T10:30:26","slug":"riva-twin-heritage-4303","status":"publish","type":"product","link":"https:\/\/figueras.com\/fr\/siege\/riva-twin-heritage-4303\/","title":{"rendered":"Riva Twin Heritage 4303"},"content":{"rendered":"<p style=\"text-align: justify;\"><strong>Le Riva Twin Heritage 4303 est un Love Seat VVIP unique en son genre, con\u00e7u pour \u00eatre utilis\u00e9 dans les salons VIP de haut niveau, les cin\u00e9mas, les stades ou les salles de home cin\u00e9ma. <\/strong><\/p>\n<p style=\"text-align: justify;\">\u00c9quip\u00e9 de deux moteurs au maximum, le dossier et le repose-pieds peuvent \u00eatre inclin\u00e9s \u00e0 la demande de l&rsquo;occupant \u00e0 l&rsquo;aide d&rsquo;un pav\u00e9 tactile situ\u00e9 dans l&rsquo;accoudoir du si\u00e8ge.<\/p>\n<p style=\"text-align: justify;\">Le syst\u00e8me de retour automatique permet de garder l&rsquo;espace toujours propre et libre de mouvement entre les rang\u00e9es, en ramenant le dossier et le repose-pieds \u00e0 leur position initiale lorsque l&rsquo;utilisateur se l\u00e8ve.<\/p>\n<p style=\"text-align: justify;\">Le dossier est constitu\u00e9 de deux blocs de mousse de polyur\u00e9thane moul\u00e9e, avec une structure int\u00e9grale incorpor\u00e9e et des rembourrages faits \u00e0 la main<\/p>\n<p style=\"text-align: justify;\">Les options et les finitions sont illimit\u00e9es, toutes sortes d&rsquo;accessoires peuvent \u00eatre ajout\u00e9es au si\u00e8ge Riva Twin Heritage, ce qui permet d&rsquo;obtenir une personnalisation maximale et une fonctionnalit\u00e9 optimale.<\/p>\n","protected":false},"excerpt":{"rendered":"<p>[wpdm_package id=&rsquo;24376&prime;]<\/p>\n<p>[wpdm_package id=&rsquo;7177&prime;]<\/p>\n","protected":false},"featured_media":33001,"template":"","meta":{"_acf_changed":false,"content-type":""},"designer_tag":[],"system_rel_tag":[],"product_cat":[221,222,232,234,238],"product_tag":[499,505],"class_list":{"0":"post-23825","1":"product","2":"type-product","3":"status-publish","4":"has-post-thumbnail","6":"product_cat-seats-for-stadiums-and-arenas-fr","7":"product_cat-sports-fr","8":"product_cat-cinema-fr","9":"product_cat-seats-for-cinema-fr","10":"product_cat-riva-fr","11":"product_tag-cinema-fr","12":"product_tag-sports-fr","14":"first","15":"instock","16":"downloadable","17":"virtual","18":"product-type-simple"},"acf":[],"_links":{"self":[{"href":"https:\/\/figueras.com\/fr\/wp-json\/wp\/v2\/product\/23825","targetHints":{"allow":["GET"]}}],"collection":[{"href":"https:\/\/figueras.com\/fr\/wp-json\/wp\/v2\/product"}],"about":[{"href":"https:\/\/figueras.com\/fr\/wp-json\/wp\/v2\/types\/product"}],"version-history":[{"count":0,"href":"https:\/\/figueras.com\/fr\/wp-json\/wp\/v2\/product\/23825\/revisions"}],"wp:featuredmedia":[{"embeddable":true,"href":"https:\/\/figueras.com\/fr\/wp-json\/wp\/v2\/media\/33001"}],"wp:attachment":[{"href":"https:\/\/figueras.com\/fr\/wp-json\/wp\/v2\/media?parent=23825"}],"wp:term":[{"taxonomy":"designer_tag","embeddable":true,"href":"https:\/\/figueras.com\/fr\/wp-json\/wp\/v2\/designer_tag?post=23825"},{"taxonomy":"system_rel_tag","embeddable":true,"href":"https:\/\/figueras.com\/fr\/wp-json\/wp\/v2\/system_rel_tag?post=23825"},{"taxonomy":"product_cat","embeddable":true,"href":"https:\/\/figueras.com\/fr\/wp-json\/wp\/v2\/product_cat?post=23825"},{"taxonomy":"product_tag","embeddable":true,"href":"https:\/\/figueras.com\/fr\/wp-json\/wp\/v2\/product_tag?post=23825"}],"curies":[{"name":"wp","href":"https:\/\/api.w.org\/{rel}","templated":true}]}}