{"id":23823,"date":"2023-11-01T09:59:54","date_gmt":"2023-11-01T08:59:54","guid":{"rendered":"http:\/\/figueras.com\/seating\/riva-heritage-4301\/"},"modified":"2025-05-23T12:27:32","modified_gmt":"2025-05-23T10:27:32","slug":"riva-heritage-4301","status":"publish","type":"product","link":"https:\/\/figueras.com\/fr\/siege\/riva-heritage-4301\/","title":{"rendered":"Riva Heritage 4301"},"content":{"rendered":"<p style=\"text-align: justify;\"><strong>Le Riva Heritage 4301 est un si\u00e8ge VVIP unique sp\u00e9cialement con\u00e7u pour \u00eatre utilis\u00e9 dans les salons VIP de haut niveau, les cin\u00e9mas, les stades ou les salles de home cin\u00e9ma. <\/strong><\/p>\n<p style=\"text-align: justify;\">\u00c9quip\u00e9 de deux moteurs au maximum, le dossier et le repose-pieds peuvent \u00eatre inclin\u00e9s \u00e0 la demande de l&rsquo;occupant \u00e0 l&rsquo;aide d&rsquo;un pav\u00e9 tactile situ\u00e9 dans l&rsquo;accoudoir du si\u00e8ge.<\/p>\n<p style=\"text-align: justify;\">Le syst\u00e8me de retour automatique permet de garder l&rsquo;espace toujours propre et libre de mouvement entre les rang\u00e9es, en r\u00e9tablissant le dossier et le repose-pieds dans leur position initiale lorsque l&rsquo;utilisateur se l\u00e8ve.<\/p>\n<p style=\"text-align: justify;\">Le dossier est constitu\u00e9 de deux blocs de mousse de polyur\u00e9thane moul\u00e9e, avec une structure int\u00e9grale incorpor\u00e9e et des rembourrages faits \u00e0 la main.<\/p>\n<p style=\"text-align: justify;\">Les options et les finitions sont illimit\u00e9es, toutes sortes d&rsquo;accessoires peuvent \u00eatre ajout\u00e9es au si\u00e8ge Riva Heritage, ce qui permet d&rsquo;obtenir une personnalisation maximale et une fonctionnalit\u00e9 optimale.<\/p>\n","protected":false},"excerpt":{"rendered":"<p>[wpdm_package id=&rsquo;24358&prime;]<\/p>\n<p>[wpdm_package id=&rsquo;7174&prime;]<\/p>\n<p>[wpdm_package id=&rsquo;7175&prime;]<\/p>\n","protected":false},"featured_media":32900,"template":"","meta":{"_acf_changed":false,"content-type":""},"designer_tag":[],"system_rel_tag":[],"product_brand":[],"product_cat":[184,221,222,232,234,238],"product_tag":[499,505,511],"class_list":{"0":"post-23823","1":"product","2":"type-product","3":"status-publish","4":"has-post-thumbnail","6":"product_cat-seats-for-cruise-ships-and-ferries-fr","7":"product_cat-seats-for-stadiums-and-arenas-fr","8":"product_cat-sports-fr","9":"product_cat-cinema-fr","10":"product_cat-seats-for-cinema-fr","11":"product_cat-riva-fr","12":"product_tag-cinema-fr","13":"product_tag-sports-fr","14":"product_tag-publicum-fr","16":"first","17":"instock","18":"downloadable","19":"virtual","20":"product-type-simple"},"acf":[],"yoast_head":"<!-- This site is optimized with the Yoast SEO plugin v27.3 - https:\/\/yoast.com\/product\/yoast-seo-wordpress\/ -->\n<title>Riva Heritage 4301 - Figueras Seating (FR)<\/title>\n<meta name=\"description\" content=\"Si\u00e8ges inclinables personnalis\u00e9s VVIP, si\u00e8ges \u00e0 retour automatique. Sp\u00e9cialement con\u00e7us pour les salons VIP haut de gamme, les cin\u00e9mas ou home cin\u00e9ma.\" \/>\n<meta name=\"robots\" content=\"index, follow, max-snippet:-1, max-image-preview:large, max-video-preview:-1\" \/>\n<link rel=\"canonical\" href=\"https:\/\/figueras.com\/fr\/siege\/riva-heritage-4301\/\" \/>\n<meta property=\"og:locale\" content=\"fr_FR\" \/>\n<meta property=\"og:type\" content=\"article\" \/>\n<meta property=\"og:title\" content=\"Riva Heritage 4301 - Figueras Seating (FR)\" \/>\n<meta property=\"og:description\" content=\"Si\u00e8ges inclinables personnalis\u00e9s VVIP, si\u00e8ges \u00e0 retour automatique. Sp\u00e9cialement con\u00e7us pour les salons VIP haut de gamme, les cin\u00e9mas ou home cin\u00e9ma.\" \/>\n<meta property=\"og:url\" content=\"https:\/\/figueras.com\/fr\/siege\/riva-heritage-4301\/\" \/>\n<meta property=\"og:site_name\" content=\"Figueras Seating\" \/>\n<meta property=\"article:modified_time\" content=\"2025-05-23T10:27:32+00:00\" \/>\n<meta property=\"og:image\" content=\"https:\/\/figueras.com\/wp-content\/uploads\/2023\/11\/Riva-Heritage_V2107_p00.png\" \/>\n\t<meta property=\"og:image:width\" content=\"1000\" \/>\n\t<meta property=\"og:image:height\" content=\"1200\" \/>\n\t<meta property=\"og:image:type\" content=\"image\/png\" \/>\n<meta name=\"twitter:card\" content=\"summary_large_image\" \/>\n<meta name=\"twitter:label1\" content=\"Dur\u00e9e de lecture estim\u00e9e\" \/>\n\t<meta name=\"twitter:data1\" content=\"1 minute\" \/>\n<script type=\"application\/ld+json\" class=\"yoast-schema-graph\">{\"@context\":\"https:\\\/\\\/schema.org\",\"@graph\":[{\"@type\":\"WebPage\",\"@id\":\"https:\\\/\\\/figueras.com\\\/fr\\\/siege\\\/riva-heritage-4301\\\/\",\"url\":\"https:\\\/\\\/figueras.com\\\/fr\\\/siege\\\/riva-heritage-4301\\\/\",\"name\":\"Riva Heritage 4301 - Figueras Seating (FR)\",\"isPartOf\":{\"@id\":\"https:\\\/\\\/figueras.com\\\/fr\\\/#website\"},\"primaryImageOfPage\":{\"@id\":\"https:\\\/\\\/figueras.com\\\/fr\\\/siege\\\/riva-heritage-4301\\\/#primaryimage\"},\"image\":{\"@id\":\"https:\\\/\\\/figueras.com\\\/fr\\\/siege\\\/riva-heritage-4301\\\/#primaryimage\"},\"thumbnailUrl\":\"https:\\\/\\\/figueras.com\\\/wp-content\\\/uploads\\\/2023\\\/11\\\/Riva-Heritage_V2107_p00.png\",\"datePublished\":\"2023-11-01T08:59:54+00:00\",\"dateModified\":\"2025-05-23T10:27:32+00:00\",\"description\":\"Si\u00e8ges inclinables personnalis\u00e9s VVIP, si\u00e8ges \u00e0 retour automatique. Sp\u00e9cialement con\u00e7us pour les salons VIP haut de gamme, les cin\u00e9mas ou home cin\u00e9ma.\",\"breadcrumb\":{\"@id\":\"https:\\\/\\\/figueras.com\\\/fr\\\/siege\\\/riva-heritage-4301\\\/#breadcrumb\"},\"inLanguage\":\"fr-FR\",\"potentialAction\":[{\"@type\":\"ReadAction\",\"target\":[\"https:\\\/\\\/figueras.com\\\/fr\\\/siege\\\/riva-heritage-4301\\\/\"]}]},{\"@type\":\"ImageObject\",\"inLanguage\":\"fr-FR\",\"@id\":\"https:\\\/\\\/figueras.com\\\/fr\\\/siege\\\/riva-heritage-4301\\\/#primaryimage\",\"url\":\"https:\\\/\\\/figueras.com\\\/wp-content\\\/uploads\\\/2023\\\/11\\\/Riva-Heritage_V2107_p00.png\",\"contentUrl\":\"https:\\\/\\\/figueras.com\\\/wp-content\\\/uploads\\\/2023\\\/11\\\/Riva-Heritage_V2107_p00.png\",\"width\":1000,\"height\":1200,\"caption\":\"Riva Heritage\"},{\"@type\":\"BreadcrumbList\",\"@id\":\"https:\\\/\\\/figueras.com\\\/fr\\\/siege\\\/riva-heritage-4301\\\/#breadcrumb\",\"itemListElement\":[{\"@type\":\"ListItem\",\"position\":1,\"name\":\"Home\",\"item\":\"https:\\\/\\\/figueras.com\\\/fr\\\/\"},{\"@type\":\"ListItem\",\"position\":2,\"name\":\"Produits\",\"item\":\"https:\\\/\\\/figueras.com\\\/fr\\\/shop\\\/\"},{\"@type\":\"ListItem\",\"position\":3,\"name\":\"Riva Heritage 4301\"}]},{\"@type\":\"WebSite\",\"@id\":\"https:\\\/\\\/figueras.com\\\/fr\\\/#website\",\"url\":\"https:\\\/\\\/figueras.com\\\/fr\\\/\",\"name\":\"Figueras Seating\",\"description\":\"\",\"publisher\":{\"@id\":\"https:\\\/\\\/figueras.com\\\/fr\\\/#organization\"},\"potentialAction\":[{\"@type\":\"SearchAction\",\"target\":{\"@type\":\"EntryPoint\",\"urlTemplate\":\"https:\\\/\\\/figueras.com\\\/fr\\\/?s={search_term_string}\"},\"query-input\":{\"@type\":\"PropertyValueSpecification\",\"valueRequired\":true,\"valueName\":\"search_term_string\"}}],\"inLanguage\":\"fr-FR\"},{\"@type\":\"Organization\",\"@id\":\"https:\\\/\\\/figueras.com\\\/fr\\\/#organization\",\"name\":\"Figueras International Seating, S.L.U.\",\"alternateName\":\"Figueras Seating\",\"url\":\"https:\\\/\\\/figueras.com\\\/fr\\\/\",\"logo\":{\"@type\":\"ImageObject\",\"inLanguage\":\"fr-FR\",\"@id\":\"https:\\\/\\\/figueras.com\\\/fr\\\/#\\\/schema\\\/logo\\\/image\\\/\",\"url\":\"https:\\\/\\\/figueras.com\\\/wp-content\\\/uploads\\\/2023\\\/04\\\/figueraslogoheader.png\",\"contentUrl\":\"https:\\\/\\\/figueras.com\\\/wp-content\\\/uploads\\\/2023\\\/04\\\/figueraslogoheader.png\",\"width\":739,\"height\":127,\"caption\":\"Figueras International Seating, S.L.U.\"},\"image\":{\"@id\":\"https:\\\/\\\/figueras.com\\\/fr\\\/#\\\/schema\\\/logo\\\/image\\\/\"},\"sameAs\":[\"https:\\\/\\\/www.linkedin.com\\\/company\\\/figuerasseating\\\/\",\"https:\\\/\\\/www.instagram.com\\\/figueras.seating\\\/\",\"https:\\\/\\\/vimeo.com\\\/figuerasseating\",\"https:\\\/\\\/es.pinterest.com\\\/figuerasint\\\/\"]}]}<\/script>\n<!-- \/ Yoast SEO plugin. -->","yoast_head_json":{"title":"Riva Heritage 4301 - Figueras Seating (FR)","description":"Si\u00e8ges inclinables personnalis\u00e9s VVIP, si\u00e8ges \u00e0 retour automatique. Sp\u00e9cialement con\u00e7us pour les salons VIP haut de gamme, les cin\u00e9mas ou home cin\u00e9ma.","robots":{"index":"index","follow":"follow","max-snippet":"max-snippet:-1","max-image-preview":"max-image-preview:large","max-video-preview":"max-video-preview:-1"},"canonical":"https:\/\/figueras.com\/fr\/siege\/riva-heritage-4301\/","og_locale":"fr_FR","og_type":"article","og_title":"Riva Heritage 4301 - Figueras Seating (FR)","og_description":"Si\u00e8ges inclinables personnalis\u00e9s VVIP, si\u00e8ges \u00e0 retour automatique. Sp\u00e9cialement con\u00e7us pour les salons VIP haut de gamme, les cin\u00e9mas ou home cin\u00e9ma.","og_url":"https:\/\/figueras.com\/fr\/siege\/riva-heritage-4301\/","og_site_name":"Figueras Seating","article_modified_time":"2025-05-23T10:27:32+00:00","og_image":[{"width":1000,"height":1200,"url":"https:\/\/figueras.com\/wp-content\/uploads\/2023\/11\/Riva-Heritage_V2107_p00.png","type":"image\/png"}],"twitter_card":"summary_large_image","twitter_misc":{"Dur\u00e9e de lecture estim\u00e9e":"1 minute"},"schema":{"@context":"https:\/\/schema.org","@graph":[{"@type":"WebPage","@id":"https:\/\/figueras.com\/fr\/siege\/riva-heritage-4301\/","url":"https:\/\/figueras.com\/fr\/siege\/riva-heritage-4301\/","name":"Riva Heritage 4301 - Figueras Seating (FR)","isPartOf":{"@id":"https:\/\/figueras.com\/fr\/#website"},"primaryImageOfPage":{"@id":"https:\/\/figueras.com\/fr\/siege\/riva-heritage-4301\/#primaryimage"},"image":{"@id":"https:\/\/figueras.com\/fr\/siege\/riva-heritage-4301\/#primaryimage"},"thumbnailUrl":"https:\/\/figueras.com\/wp-content\/uploads\/2023\/11\/Riva-Heritage_V2107_p00.png","datePublished":"2023-11-01T08:59:54+00:00","dateModified":"2025-05-23T10:27:32+00:00","description":"Si\u00e8ges inclinables personnalis\u00e9s VVIP, si\u00e8ges \u00e0 retour automatique. Sp\u00e9cialement con\u00e7us pour les salons VIP haut de gamme, les cin\u00e9mas ou home cin\u00e9ma.","breadcrumb":{"@id":"https:\/\/figueras.com\/fr\/siege\/riva-heritage-4301\/#breadcrumb"},"inLanguage":"fr-FR","potentialAction":[{"@type":"ReadAction","target":["https:\/\/figueras.com\/fr\/siege\/riva-heritage-4301\/"]}]},{"@type":"ImageObject","inLanguage":"fr-FR","@id":"https:\/\/figueras.com\/fr\/siege\/riva-heritage-4301\/#primaryimage","url":"https:\/\/figueras.com\/wp-content\/uploads\/2023\/11\/Riva-Heritage_V2107_p00.png","contentUrl":"https:\/\/figueras.com\/wp-content\/uploads\/2023\/11\/Riva-Heritage_V2107_p00.png","width":1000,"height":1200,"caption":"Riva Heritage"},{"@type":"BreadcrumbList","@id":"https:\/\/figueras.com\/fr\/siege\/riva-heritage-4301\/#breadcrumb","itemListElement":[{"@type":"ListItem","position":1,"name":"Home","item":"https:\/\/figueras.com\/fr\/"},{"@type":"ListItem","position":2,"name":"Produits","item":"https:\/\/figueras.com\/fr\/shop\/"},{"@type":"ListItem","position":3,"name":"Riva Heritage 4301"}]},{"@type":"WebSite","@id":"https:\/\/figueras.com\/fr\/#website","url":"https:\/\/figueras.com\/fr\/","name":"Figueras Seating","description":"","publisher":{"@id":"https:\/\/figueras.com\/fr\/#organization"},"potentialAction":[{"@type":"SearchAction","target":{"@type":"EntryPoint","urlTemplate":"https:\/\/figueras.com\/fr\/?s={search_term_string}"},"query-input":{"@type":"PropertyValueSpecification","valueRequired":true,"valueName":"search_term_string"}}],"inLanguage":"fr-FR"},{"@type":"Organization","@id":"https:\/\/figueras.com\/fr\/#organization","name":"Figueras International Seating, S.L.U.","alternateName":"Figueras Seating","url":"https:\/\/figueras.com\/fr\/","logo":{"@type":"ImageObject","inLanguage":"fr-FR","@id":"https:\/\/figueras.com\/fr\/#\/schema\/logo\/image\/","url":"https:\/\/figueras.com\/wp-content\/uploads\/2023\/04\/figueraslogoheader.png","contentUrl":"https:\/\/figueras.com\/wp-content\/uploads\/2023\/04\/figueraslogoheader.png","width":739,"height":127,"caption":"Figueras International Seating, S.L.U."},"image":{"@id":"https:\/\/figueras.com\/fr\/#\/schema\/logo\/image\/"},"sameAs":["https:\/\/www.linkedin.com\/company\/figuerasseating\/","https:\/\/www.instagram.com\/figueras.seating\/","https:\/\/vimeo.com\/figuerasseating","https:\/\/es.pinterest.com\/figuerasint\/"]}]}},"_links":{"self":[{"href":"https:\/\/figueras.com\/fr\/wp-json\/wp\/v2\/product\/23823","targetHints":{"allow":["GET"]}}],"collection":[{"href":"https:\/\/figueras.com\/fr\/wp-json\/wp\/v2\/product"}],"about":[{"href":"https:\/\/figueras.com\/fr\/wp-json\/wp\/v2\/types\/product"}],"version-history":[{"count":0,"href":"https:\/\/figueras.com\/fr\/wp-json\/wp\/v2\/product\/23823\/revisions"}],"wp:featuredmedia":[{"embeddable":true,"href":"https:\/\/figueras.com\/fr\/wp-json\/wp\/v2\/media\/32900"}],"wp:attachment":[{"href":"https:\/\/figueras.com\/fr\/wp-json\/wp\/v2\/media?parent=23823"}],"wp:term":[{"taxonomy":"designer_tag","embeddable":true,"href":"https:\/\/figueras.com\/fr\/wp-json\/wp\/v2\/designer_tag?post=23823"},{"taxonomy":"system_rel_tag","embeddable":true,"href":"https:\/\/figueras.com\/fr\/wp-json\/wp\/v2\/system_rel_tag?post=23823"},{"taxonomy":"product_brand","embeddable":true,"href":"https:\/\/figueras.com\/fr\/wp-json\/wp\/v2\/product_brand?post=23823"},{"taxonomy":"product_cat","embeddable":true,"href":"https:\/\/figueras.com\/fr\/wp-json\/wp\/v2\/product_cat?post=23823"},{"taxonomy":"product_tag","embeddable":true,"href":"https:\/\/figueras.com\/fr\/wp-json\/wp\/v2\/product_tag?post=23823"}],"curies":[{"name":"wp","href":"https:\/\/api.w.org\/{rel}","templated":true}]}}