{"id":23821,"date":"2023-11-01T10:09:51","date_gmt":"2023-11-01T09:09:51","guid":{"rendered":"http:\/\/figueras.com\/seating\/hollywood-5400\/"},"modified":"2026-04-27T15:37:01","modified_gmt":"2026-04-27T13:37:01","slug":"hollywood-5400","status":"publish","type":"product","link":"https:\/\/figueras.com\/fr\/siege\/hollywood-5400\/","title":{"rendered":"Hollywood 5400"},"content":{"rendered":"<p style=\"text-align: justify;\"><strong>Le Hollywood 5400 est un si\u00e8ge VVIP sp\u00e9cialement con\u00e7u pour offrir un maximum de confort et de fonctionnalit\u00e9 dans les salons VIP, les cin\u00e9mas et les stades les plus exclusifs.<\/strong><\/p>\n<p style=\"text-align: justify;\">\u00c9quip\u00e9 de jusqu&rsquo;\u00e0 trois moteurs, ce fauteuil permet \u00e0 l&rsquo;utilisateur de contr\u00f4ler ind\u00e9pendamment la position de l&rsquo;appui-t\u00eate, du dossier et du repose-pieds, obtenant un confort optimal simplement en utilisant l&rsquo;\u00e9cran tactile \u00e9tanche. De plus, un iPad peut \u00eatre int\u00e9gr\u00e9 pour un large \u00e9ventail de fonctionnalit\u00e9s.<\/p>\n<p style=\"text-align: justify;\">Le syst\u00e8me de retour automatique maintient l&rsquo;espace toujours propre et libre de mouvement entre les rang\u00e9es, ramenant le dossier et le repose-pieds \u00e0 leur position d&rsquo;origine lorsque l&rsquo;utilisateur se l\u00e8ve.<\/p>\n<p style=\"text-align: justify;\">Il n&rsquo;y a pas de limites dans les options et les finitions, toutes sortes d&rsquo;accessoires diff\u00e9rents peuvent \u00eatre ajout\u00e9s au fauteuil Hollywood, pour une personnalisation maximale et une fonctionnalit\u00e9 optimale.<\/p>\n","protected":false},"excerpt":{"rendered":"<p>[wpdm_package id=&rsquo;23360&prime;]<\/p>\n<p>[wpdm_package id=&rsquo;6986&prime;]<\/p>\n<p>[wpdm_package id=&rsquo;6987&prime;]<\/p>\n","protected":false},"featured_media":32058,"template":"","meta":{"_acf_changed":false,"content-type":""},"designer_tag":[],"system_rel_tag":[],"product_cat":[184,221,222,232,233,234],"product_tag":[499,505,511],"class_list":{"0":"post-23821","1":"product","2":"type-product","3":"status-publish","4":"has-post-thumbnail","6":"product_cat-seats-for-cruise-ships-and-ferries-fr","7":"product_cat-seats-for-stadiums-and-arenas-fr","8":"product_cat-sports-fr","9":"product_cat-cinema-fr","10":"product_cat-hollywood-fr","11":"product_cat-seats-for-cinema-fr","12":"product_tag-cinema-fr","13":"product_tag-sports-fr","14":"product_tag-publicum-fr","16":"first","17":"instock","18":"downloadable","19":"virtual","20":"product-type-simple"},"acf":[],"_links":{"self":[{"href":"https:\/\/figueras.com\/fr\/wp-json\/wp\/v2\/product\/23821","targetHints":{"allow":["GET"]}}],"collection":[{"href":"https:\/\/figueras.com\/fr\/wp-json\/wp\/v2\/product"}],"about":[{"href":"https:\/\/figueras.com\/fr\/wp-json\/wp\/v2\/types\/product"}],"version-history":[{"count":2,"href":"https:\/\/figueras.com\/fr\/wp-json\/wp\/v2\/product\/23821\/revisions"}],"predecessor-version":[{"id":50983,"href":"https:\/\/figueras.com\/fr\/wp-json\/wp\/v2\/product\/23821\/revisions\/50983"}],"wp:featuredmedia":[{"embeddable":true,"href":"https:\/\/figueras.com\/fr\/wp-json\/wp\/v2\/media\/32058"}],"wp:attachment":[{"href":"https:\/\/figueras.com\/fr\/wp-json\/wp\/v2\/media?parent=23821"}],"wp:term":[{"taxonomy":"designer_tag","embeddable":true,"href":"https:\/\/figueras.com\/fr\/wp-json\/wp\/v2\/designer_tag?post=23821"},{"taxonomy":"system_rel_tag","embeddable":true,"href":"https:\/\/figueras.com\/fr\/wp-json\/wp\/v2\/system_rel_tag?post=23821"},{"taxonomy":"product_cat","embeddable":true,"href":"https:\/\/figueras.com\/fr\/wp-json\/wp\/v2\/product_cat?post=23821"},{"taxonomy":"product_tag","embeddable":true,"href":"https:\/\/figueras.com\/fr\/wp-json\/wp\/v2\/product_tag?post=23821"}],"curies":[{"name":"wp","href":"https:\/\/api.w.org\/{rel}","templated":true}]}}