{"id":23819,"date":"2023-11-01T10:18:57","date_gmt":"2023-11-01T09:18:57","guid":{"rendered":"http:\/\/figueras.com\/seating\/13031-55\/"},"modified":"2025-05-22T13:55:39","modified_gmt":"2025-05-22T11:55:39","slug":"13031-55","status":"publish","type":"product","link":"https:\/\/figueras.com\/fr\/siege\/13031-55\/","title":{"rendered":"Rhombus 13031-55"},"content":{"rendered":"<p style=\"text-align: justify;\"><strong>Le Rhombus 13031 est un concept de si\u00e8ge unique, simple et \u00e9l\u00e9gant, avec des d\u00e9tails particuliers en mati\u00e8re d&rsquo;ergonomie et de durabilit\u00e9. Ce si\u00e8ge a \u00e9t\u00e9 sp\u00e9cialement con\u00e7u pour les lieux tr\u00e8s fr\u00e9quent\u00e9s tels que les auditoriums, les parlements, les centres de congr\u00e8s, les zones r\u00e9serv\u00e9es aux entreprises et aux VIP dans les stades et les ar\u00e8nes. <\/strong><\/p>\n<p style=\"text-align: justify;\">L&rsquo;assise et le dossier sont compos\u00e9s de deux blocs de mousse de polyur\u00e9thane moul\u00e9e qui incorporent une structure m\u00e9tallique int\u00e9rieure, avec des ressorts plats et un tissu enti\u00e8rement int\u00e9gr\u00e9 dans la mousse au moyen du syst\u00e8me de forme int\u00e9grale.<\/p>\n<p style=\"text-align: justify;\">Le rembourrage du dossier a une forme anatomique, avec un soutien lombaire, et int\u00e8gre des motifs en losange pour un confort accru. L&rsquo;assise et le dossier sont recouverts et prot\u00e9g\u00e9s par une coque enti\u00e8rement tapiss\u00e9.<\/p>\n<p style=\"text-align: justify;\">L&rsquo;assise se rel\u00e8ve automatiquement gr\u00e2ce \u00e0 un syst\u00e8me \u00e0 double ressort extr\u00eamement silencieux ins\u00e9r\u00e9 \u00e0 l&rsquo;int\u00e9rieur de la coque du si\u00e8ge. Il ne n\u00e9cessite aucune lubrification d&rsquo;aucune sorte.<\/p>\n<p style=\"text-align: justify;\">Le si\u00e8ge est mont\u00e9 sur deux panneaux lat\u00e9raux moul\u00e9s par soufflage avec un syst\u00e8me de logement pour l&rsquo;articulation \u00e0 rotule, comprenant un m\u00e9canisme de blocage dans lequel s&rsquo;ins\u00e8re la tige du si\u00e8ge. Cela permet de remplacer facilement le si\u00e8ge.<\/p>\n<p style=\"text-align: justify;\">Les panneaux lat\u00e9raux sont enti\u00e8rement recouverts et reli\u00e9s \u00e0 une base en acier, par laquelle le si\u00e8ge est fix\u00e9 au sol \u00e0 l&rsquo;aide de boulons d&rsquo;expansion m\u00e9talliques cach\u00e9s.<\/p>\n<p style=\"text-align: justify;\">Le si\u00e8ge s&rsquo;adapte \u00e0 la pente sp\u00e9cifique du sol pour la base. Les rang\u00e9es sont form\u00e9es par des si\u00e8ges interconnect\u00e9s, ce qui assure une configuration rigide et stable des rang\u00e9es, renfor\u00e7ant l&rsquo;ancrage au sol.<\/p>\n","protected":false},"excerpt":{"rendered":"<p>[wpdm_package id=&rsquo;24350&prime;]<\/p>\n<p>[wpdm_package id=&rsquo;7131&prime;]<\/p>\n<p>[wpdm_package id=&rsquo;7138&prime;]<\/p>\n","protected":false},"featured_media":13369,"template":"","meta":{"_acf_changed":false,"content-type":""},"designer_tag":[332],"system_rel_tag":[],"product_cat":[230,178,180,181,182,183,186,189,221,222],"product_tag":[502,505,511],"class_list":{"0":"post-23819","1":"product","2":"type-product","3":"status-publish","4":"has-post-thumbnail","6":"designer_tag-design-center-fr","7":"product_cat-rhombus-fr","8":"product_cat-education-fr","9":"product_cat-publicum-fr","10":"product_cat-seats-for-auditorium-and-conference-rooms-fr","11":"product_cat-seats-for-congress-centres-fr","12":"product_cat-seats-for-corporate-rooms-fr","13":"product_cat-seats-for-parliaments-fr","14":"product_cat-seats-for-universities-and-schools-fr","15":"product_cat-seats-for-stadiums-and-arenas-fr","16":"product_cat-sports-fr","17":"product_tag-education-fr","18":"product_tag-sports-fr","19":"product_tag-publicum-fr","21":"first","22":"instock","23":"downloadable","24":"virtual","25":"product-type-simple"},"acf":[],"yoast_head":"<!-- This site is optimized with the Yoast SEO plugin v27.4 - https:\/\/yoast.com\/product\/yoast-seo-wordpress\/ -->\n<title>Rhombus 13031-55 - Figueras Seating (FR)<\/title>\n<meta name=\"description\" content=\"Fabricant de si\u00e8ges simples et \u00e9l\u00e9gants, de si\u00e8ges ergonomiques pour les auditoriums, parlements, centres de conf\u00e9rence et espaces d\u2019entreprise.\" \/>\n<meta name=\"robots\" content=\"index, follow, max-snippet:-1, max-image-preview:large, max-video-preview:-1\" \/>\n<link rel=\"canonical\" href=\"https:\/\/figueras.com\/fr\/siege\/13031-55\/\" \/>\n<meta property=\"og:locale\" content=\"fr_FR\" \/>\n<meta property=\"og:type\" content=\"article\" \/>\n<meta property=\"og:title\" content=\"Rhombus 13031-55 - Figueras Seating (FR)\" \/>\n<meta property=\"og:description\" content=\"Fabricant de si\u00e8ges simples et \u00e9l\u00e9gants, de si\u00e8ges ergonomiques pour les auditoriums, parlements, centres de conf\u00e9rence et espaces d\u2019entreprise.\" \/>\n<meta property=\"og:url\" content=\"https:\/\/figueras.com\/fr\/siege\/13031-55\/\" \/>\n<meta property=\"og:site_name\" content=\"Figueras Seating\" \/>\n<meta property=\"article:modified_time\" content=\"2025-05-22T11:55:39+00:00\" \/>\n<meta property=\"og:image\" content=\"https:\/\/figueras.com\/wp-content\/uploads\/2023\/06\/Rhombus-13031-55-3.jpg\" \/>\n\t<meta property=\"og:image:width\" content=\"610\" \/>\n\t<meta property=\"og:image:height\" content=\"810\" \/>\n\t<meta property=\"og:image:type\" content=\"image\/jpeg\" \/>\n<meta name=\"twitter:card\" content=\"summary_large_image\" \/>\n<meta name=\"twitter:label1\" content=\"Dur\u00e9e de lecture estim\u00e9e\" \/>\n\t<meta name=\"twitter:data1\" content=\"2 minutes\" \/>\n<script type=\"application\/ld+json\" class=\"yoast-schema-graph\">{\"@context\":\"https:\\\/\\\/schema.org\",\"@graph\":[{\"@type\":\"WebPage\",\"@id\":\"https:\\\/\\\/figueras.com\\\/fr\\\/siege\\\/13031-55\\\/\",\"url\":\"https:\\\/\\\/figueras.com\\\/fr\\\/siege\\\/13031-55\\\/\",\"name\":\"Rhombus 13031-55 - Figueras Seating (FR)\",\"isPartOf\":{\"@id\":\"https:\\\/\\\/figueras.com\\\/fr\\\/#website\"},\"primaryImageOfPage\":{\"@id\":\"https:\\\/\\\/figueras.com\\\/fr\\\/siege\\\/13031-55\\\/#primaryimage\"},\"image\":{\"@id\":\"https:\\\/\\\/figueras.com\\\/fr\\\/siege\\\/13031-55\\\/#primaryimage\"},\"thumbnailUrl\":\"https:\\\/\\\/figueras.com\\\/wp-content\\\/uploads\\\/2023\\\/06\\\/Rhombus-13031-55-3.jpg\",\"datePublished\":\"2023-11-01T09:18:57+00:00\",\"dateModified\":\"2025-05-22T11:55:39+00:00\",\"description\":\"Fabricant de si\u00e8ges simples et \u00e9l\u00e9gants, de si\u00e8ges ergonomiques pour les auditoriums, parlements, centres de conf\u00e9rence et espaces d\u2019entreprise.\",\"breadcrumb\":{\"@id\":\"https:\\\/\\\/figueras.com\\\/fr\\\/siege\\\/13031-55\\\/#breadcrumb\"},\"inLanguage\":\"fr-FR\",\"potentialAction\":[{\"@type\":\"ReadAction\",\"target\":[\"https:\\\/\\\/figueras.com\\\/fr\\\/siege\\\/13031-55\\\/\"]}]},{\"@type\":\"ImageObject\",\"inLanguage\":\"fr-FR\",\"@id\":\"https:\\\/\\\/figueras.com\\\/fr\\\/siege\\\/13031-55\\\/#primaryimage\",\"url\":\"https:\\\/\\\/figueras.com\\\/wp-content\\\/uploads\\\/2023\\\/06\\\/Rhombus-13031-55-3.jpg\",\"contentUrl\":\"https:\\\/\\\/figueras.com\\\/wp-content\\\/uploads\\\/2023\\\/06\\\/Rhombus-13031-55-3.jpg\",\"width\":610,\"height\":810,\"caption\":\"Rhombus 13031 55 3\"},{\"@type\":\"BreadcrumbList\",\"@id\":\"https:\\\/\\\/figueras.com\\\/fr\\\/siege\\\/13031-55\\\/#breadcrumb\",\"itemListElement\":[{\"@type\":\"ListItem\",\"position\":1,\"name\":\"Home\",\"item\":\"https:\\\/\\\/figueras.com\\\/fr\\\/\"},{\"@type\":\"ListItem\",\"position\":2,\"name\":\"Produits\",\"item\":\"https:\\\/\\\/figueras.com\\\/fr\\\/shop\\\/\"},{\"@type\":\"ListItem\",\"position\":3,\"name\":\"Rhombus 13031-55\"}]},{\"@type\":\"WebSite\",\"@id\":\"https:\\\/\\\/figueras.com\\\/fr\\\/#website\",\"url\":\"https:\\\/\\\/figueras.com\\\/fr\\\/\",\"name\":\"Figueras Seating\",\"description\":\"\",\"publisher\":{\"@id\":\"https:\\\/\\\/figueras.com\\\/fr\\\/#organization\"},\"potentialAction\":[{\"@type\":\"SearchAction\",\"target\":{\"@type\":\"EntryPoint\",\"urlTemplate\":\"https:\\\/\\\/figueras.com\\\/fr\\\/?s={search_term_string}\"},\"query-input\":{\"@type\":\"PropertyValueSpecification\",\"valueRequired\":true,\"valueName\":\"search_term_string\"}}],\"inLanguage\":\"fr-FR\"},{\"@type\":\"Organization\",\"@id\":\"https:\\\/\\\/figueras.com\\\/fr\\\/#organization\",\"name\":\"Figueras International Seating, S.L.U.\",\"alternateName\":\"Figueras Seating\",\"url\":\"https:\\\/\\\/figueras.com\\\/fr\\\/\",\"logo\":{\"@type\":\"ImageObject\",\"inLanguage\":\"fr-FR\",\"@id\":\"https:\\\/\\\/figueras.com\\\/fr\\\/#\\\/schema\\\/logo\\\/image\\\/\",\"url\":\"https:\\\/\\\/figueras.com\\\/wp-content\\\/uploads\\\/2023\\\/04\\\/figueraslogoheader.png\",\"contentUrl\":\"https:\\\/\\\/figueras.com\\\/wp-content\\\/uploads\\\/2023\\\/04\\\/figueraslogoheader.png\",\"width\":739,\"height\":127,\"caption\":\"Figueras International Seating, S.L.U.\"},\"image\":{\"@id\":\"https:\\\/\\\/figueras.com\\\/fr\\\/#\\\/schema\\\/logo\\\/image\\\/\"},\"sameAs\":[\"https:\\\/\\\/www.linkedin.com\\\/company\\\/figuerasseating\\\/\",\"https:\\\/\\\/www.instagram.com\\\/figueras.seating\\\/\",\"https:\\\/\\\/vimeo.com\\\/figuerasseating\",\"https:\\\/\\\/es.pinterest.com\\\/figuerasint\\\/\"]}]}<\/script>\n<!-- \/ Yoast SEO plugin. -->","yoast_head_json":{"title":"Rhombus 13031-55 - Figueras Seating (FR)","description":"Fabricant de si\u00e8ges simples et \u00e9l\u00e9gants, de si\u00e8ges ergonomiques pour les auditoriums, parlements, centres de conf\u00e9rence et espaces d\u2019entreprise.","robots":{"index":"index","follow":"follow","max-snippet":"max-snippet:-1","max-image-preview":"max-image-preview:large","max-video-preview":"max-video-preview:-1"},"canonical":"https:\/\/figueras.com\/fr\/siege\/13031-55\/","og_locale":"fr_FR","og_type":"article","og_title":"Rhombus 13031-55 - Figueras Seating (FR)","og_description":"Fabricant de si\u00e8ges simples et \u00e9l\u00e9gants, de si\u00e8ges ergonomiques pour les auditoriums, parlements, centres de conf\u00e9rence et espaces d\u2019entreprise.","og_url":"https:\/\/figueras.com\/fr\/siege\/13031-55\/","og_site_name":"Figueras Seating","article_modified_time":"2025-05-22T11:55:39+00:00","og_image":[{"width":610,"height":810,"url":"https:\/\/figueras.com\/wp-content\/uploads\/2023\/06\/Rhombus-13031-55-3.jpg","type":"image\/jpeg"}],"twitter_card":"summary_large_image","twitter_misc":{"Dur\u00e9e de lecture estim\u00e9e":"2 minutes"},"schema":{"@context":"https:\/\/schema.org","@graph":[{"@type":"WebPage","@id":"https:\/\/figueras.com\/fr\/siege\/13031-55\/","url":"https:\/\/figueras.com\/fr\/siege\/13031-55\/","name":"Rhombus 13031-55 - Figueras Seating (FR)","isPartOf":{"@id":"https:\/\/figueras.com\/fr\/#website"},"primaryImageOfPage":{"@id":"https:\/\/figueras.com\/fr\/siege\/13031-55\/#primaryimage"},"image":{"@id":"https:\/\/figueras.com\/fr\/siege\/13031-55\/#primaryimage"},"thumbnailUrl":"https:\/\/figueras.com\/wp-content\/uploads\/2023\/06\/Rhombus-13031-55-3.jpg","datePublished":"2023-11-01T09:18:57+00:00","dateModified":"2025-05-22T11:55:39+00:00","description":"Fabricant de si\u00e8ges simples et \u00e9l\u00e9gants, de si\u00e8ges ergonomiques pour les auditoriums, parlements, centres de conf\u00e9rence et espaces d\u2019entreprise.","breadcrumb":{"@id":"https:\/\/figueras.com\/fr\/siege\/13031-55\/#breadcrumb"},"inLanguage":"fr-FR","potentialAction":[{"@type":"ReadAction","target":["https:\/\/figueras.com\/fr\/siege\/13031-55\/"]}]},{"@type":"ImageObject","inLanguage":"fr-FR","@id":"https:\/\/figueras.com\/fr\/siege\/13031-55\/#primaryimage","url":"https:\/\/figueras.com\/wp-content\/uploads\/2023\/06\/Rhombus-13031-55-3.jpg","contentUrl":"https:\/\/figueras.com\/wp-content\/uploads\/2023\/06\/Rhombus-13031-55-3.jpg","width":610,"height":810,"caption":"Rhombus 13031 55 3"},{"@type":"BreadcrumbList","@id":"https:\/\/figueras.com\/fr\/siege\/13031-55\/#breadcrumb","itemListElement":[{"@type":"ListItem","position":1,"name":"Home","item":"https:\/\/figueras.com\/fr\/"},{"@type":"ListItem","position":2,"name":"Produits","item":"https:\/\/figueras.com\/fr\/shop\/"},{"@type":"ListItem","position":3,"name":"Rhombus 13031-55"}]},{"@type":"WebSite","@id":"https:\/\/figueras.com\/fr\/#website","url":"https:\/\/figueras.com\/fr\/","name":"Figueras Seating","description":"","publisher":{"@id":"https:\/\/figueras.com\/fr\/#organization"},"potentialAction":[{"@type":"SearchAction","target":{"@type":"EntryPoint","urlTemplate":"https:\/\/figueras.com\/fr\/?s={search_term_string}"},"query-input":{"@type":"PropertyValueSpecification","valueRequired":true,"valueName":"search_term_string"}}],"inLanguage":"fr-FR"},{"@type":"Organization","@id":"https:\/\/figueras.com\/fr\/#organization","name":"Figueras International Seating, S.L.U.","alternateName":"Figueras Seating","url":"https:\/\/figueras.com\/fr\/","logo":{"@type":"ImageObject","inLanguage":"fr-FR","@id":"https:\/\/figueras.com\/fr\/#\/schema\/logo\/image\/","url":"https:\/\/figueras.com\/wp-content\/uploads\/2023\/04\/figueraslogoheader.png","contentUrl":"https:\/\/figueras.com\/wp-content\/uploads\/2023\/04\/figueraslogoheader.png","width":739,"height":127,"caption":"Figueras International Seating, S.L.U."},"image":{"@id":"https:\/\/figueras.com\/fr\/#\/schema\/logo\/image\/"},"sameAs":["https:\/\/www.linkedin.com\/company\/figuerasseating\/","https:\/\/www.instagram.com\/figueras.seating\/","https:\/\/vimeo.com\/figuerasseating","https:\/\/es.pinterest.com\/figuerasint\/"]}]}},"_links":{"self":[{"href":"https:\/\/figueras.com\/fr\/wp-json\/wp\/v2\/product\/23819","targetHints":{"allow":["GET"]}}],"collection":[{"href":"https:\/\/figueras.com\/fr\/wp-json\/wp\/v2\/product"}],"about":[{"href":"https:\/\/figueras.com\/fr\/wp-json\/wp\/v2\/types\/product"}],"version-history":[{"count":0,"href":"https:\/\/figueras.com\/fr\/wp-json\/wp\/v2\/product\/23819\/revisions"}],"wp:featuredmedia":[{"embeddable":true,"href":"https:\/\/figueras.com\/fr\/wp-json\/wp\/v2\/media\/13369"}],"wp:attachment":[{"href":"https:\/\/figueras.com\/fr\/wp-json\/wp\/v2\/media?parent=23819"}],"wp:term":[{"taxonomy":"designer_tag","embeddable":true,"href":"https:\/\/figueras.com\/fr\/wp-json\/wp\/v2\/designer_tag?post=23819"},{"taxonomy":"system_rel_tag","embeddable":true,"href":"https:\/\/figueras.com\/fr\/wp-json\/wp\/v2\/system_rel_tag?post=23819"},{"taxonomy":"product_cat","embeddable":true,"href":"https:\/\/figueras.com\/fr\/wp-json\/wp\/v2\/product_cat?post=23819"},{"taxonomy":"product_tag","embeddable":true,"href":"https:\/\/figueras.com\/fr\/wp-json\/wp\/v2\/product_tag?post=23819"}],"curies":[{"name":"wp","href":"https:\/\/api.w.org\/{rel}","templated":true}]}}