{"id":23813,"date":"2023-11-01T10:28:51","date_gmt":"2023-11-01T09:28:51","guid":{"rendered":"http:\/\/figueras.com\/seating\/aptum-247\/"},"modified":"2025-05-22T12:18:26","modified_gmt":"2025-05-22T10:18:26","slug":"aptum-247","status":"publish","type":"product","link":"https:\/\/figueras.com\/fr\/siege\/aptum-247\/","title":{"rendered":"Aptum 247"},"content":{"rendered":"<p style=\"text-align: justify;\"><strong>L&rsquo;Aptum 247 est un si\u00e8ge d&rsquo;une grande simplicit\u00e9, d&rsquo;un design intemporel et d&rsquo;une grande polyvalence. Ce si\u00e8ge a \u00e9t\u00e9 sp\u00e9cialement con\u00e7u pour les centres des arts du spectacle, les th\u00e9\u00e2tres, les auditoriums et les centres de conf\u00e9rence en raison de sa grande adaptabilit\u00e9 aux exigences acoustiques de tout projet.<\/strong><\/p>\n<p style=\"text-align: justify;\">Cet \u00e9l\u00e9gant si\u00e8ge Figueras se distingue par sa grande flexibilit\u00e9 gr\u00e2ce aux caract\u00e9ristiques de ses composants, aux possibilit\u00e9s infinies de variation de ses dimensions, inclinaisons et configurations et \u00e0 ses multiples options de finition.<\/p>\n<p style=\"text-align: justify;\">L&rsquo;assise et le dossier sont fabriqu\u00e9s avec un cadre int\u00e9rieur en bois de h\u00eatre et des sangles \u00e9lastiques entrelac\u00e9es de haute qualit\u00e9, recouvertes de mousse de polyur\u00e9thane \u00e0 cellules ouvertes. L&rsquo;utilisation de ces mat\u00e9riaux permet une r\u00e9partition \u00e9quilibr\u00e9e du poids du corps qui assure un confort optimal de l&rsquo;utilisateur.<\/p>\n<p style=\"text-align: justify;\">Le si\u00e8ge se replie par un mouvement de basculement pour revenir \u00e0 sa position verticale lorsqu&rsquo;il n&rsquo;est pas utilis\u00e9. Ce si\u00e8ge comprend un syst\u00e8me de mont\u00e9e douce (CSRT) pour obtenir un retour lent du si\u00e8ge sans bruits ni claquements. Ce m\u00e9canisme ne n\u00e9cessite aucun entretien.<\/p>\n<p style=\"text-align: justify;\">Le dossier comprend un support lombaire qui offre un grand confort conforme aux normes d&rsquo;ergonomie les plus rigoureuses pour les si\u00e8ges.<\/p>\n<p style=\"text-align: justify;\">Le dossier est fix\u00e9 aux panneaux lat\u00e9raux au moyen de deux supports en polypropyl\u00e8ne avec renfort en fibre de verre. Sans aucun \u00e9l\u00e9ment de fixation, il offre une stabilit\u00e9 optimale et facilite le montage du dossier et son \u00e9ventuel remplacement.<\/p>\n<p style=\"text-align: justify;\">Les c\u00f4t\u00e9s sont fabriqu\u00e9s avec un cadre en t\u00f4le d&rsquo;acier soud\u00e9 \u00e0 l&rsquo;arche et termin\u00e9 \u00e0 la partie sup\u00e9rieure par un accoudoir en bois de h\u00eatre disponible en plusieurs finitions et son panneautage avec une pi\u00e8ce de bois de haute densit\u00e9 enti\u00e8rement recouverte.<\/p>\n","protected":false},"excerpt":{"rendered":"<p>L&rsquo;Aptum 247 est un si\u00e8ge d&rsquo;une grande simplicit\u00e9, d&rsquo;un design intemporel et d&rsquo;une grande polyvalence. Ce si\u00e8ge a \u00e9t\u00e9 sp\u00e9cialement con\u00e7u pour les centres des arts du spectacle, les th\u00e9\u00e2tres, les auditoriums et les centres de conf\u00e9rence en raison de sa grande adaptabilit\u00e9 aux exigences acoustiques de tout projet. Cet \u00e9l\u00e9gant si\u00e8ge Figueras se distingue [&hellip;]<\/p>\n","protected":false},"featured_media":45451,"template":"","meta":{"_acf_changed":false,"content-type":""},"designer_tag":[332],"system_rel_tag":[],"product_brand":[],"product_cat":[190,191,178,228,180,181,182,183,186,187,188,189],"product_tag":[502,508,511],"class_list":{"0":"post-23813","1":"product","2":"type-product","3":"status-publish","4":"has-post-thumbnail","6":"designer_tag-design-center-fr","7":"product_cat-seats-for-worship-and-religious-centres-fr","8":"product_cat-theatre-fr","9":"product_cat-education-fr","10":"product_cat-aptum-fr","11":"product_cat-publicum-fr","12":"product_cat-seats-for-auditorium-and-conference-rooms-fr","13":"product_cat-seats-for-congress-centres-fr","14":"product_cat-seats-for-corporate-rooms-fr","15":"product_cat-seats-for-parliaments-fr","16":"product_cat-seats-for-performing-arts-centres-fr","17":"product_cat-seats-for-theatres-fr","18":"product_cat-seats-for-universities-and-schools-fr","19":"product_tag-education-fr","20":"product_tag-theatre-fr","21":"product_tag-publicum-fr","23":"first","24":"instock","25":"product-type-simple"},"acf":[],"yoast_head":"<!-- This site is optimized with the Yoast SEO plugin v27.3 - https:\/\/yoast.com\/product\/yoast-seo-wordpress\/ -->\n<title>Aptum 247 - Figueras Seating (FR)<\/title>\n<meta name=\"description\" content=\"Acoustic friendly seats, specially designed for performing arts centers, theaters, auditoriums and conference centers. High versatility and quality seating.\" \/>\n<meta name=\"robots\" content=\"index, follow, max-snippet:-1, max-image-preview:large, max-video-preview:-1\" \/>\n<link rel=\"canonical\" href=\"https:\/\/figueras.com\/fr\/siege\/aptum-247\/\" \/>\n<meta property=\"og:locale\" content=\"fr_FR\" \/>\n<meta property=\"og:type\" content=\"article\" \/>\n<meta property=\"og:title\" content=\"Aptum 247 - Figueras Seating (FR)\" \/>\n<meta property=\"og:description\" content=\"Acoustic friendly seats, specially designed for performing arts centers, theaters, auditoriums and conference centers. High versatility and quality seating.\" \/>\n<meta property=\"og:url\" content=\"https:\/\/figueras.com\/fr\/siege\/aptum-247\/\" \/>\n<meta property=\"og:site_name\" content=\"Figueras Seating\" \/>\n<meta property=\"article:modified_time\" content=\"2025-05-22T10:18:26+00:00\" \/>\n<meta property=\"og:image\" content=\"https:\/\/figueras.com\/wp-content\/uploads\/2023\/11\/Aptum-247_w000.webp\" \/>\n\t<meta property=\"og:image:width\" content=\"610\" \/>\n\t<meta property=\"og:image:height\" content=\"810\" \/>\n\t<meta property=\"og:image:type\" content=\"image\/webp\" \/>\n<meta name=\"twitter:card\" content=\"summary_large_image\" \/>\n<meta name=\"twitter:label1\" content=\"Dur\u00e9e de lecture estim\u00e9e\" \/>\n\t<meta name=\"twitter:data1\" content=\"2 minutes\" \/>\n<script type=\"application\/ld+json\" class=\"yoast-schema-graph\">{\"@context\":\"https:\\\/\\\/schema.org\",\"@graph\":[{\"@type\":\"WebPage\",\"@id\":\"https:\\\/\\\/figueras.com\\\/fr\\\/siege\\\/aptum-247\\\/\",\"url\":\"https:\\\/\\\/figueras.com\\\/fr\\\/siege\\\/aptum-247\\\/\",\"name\":\"Aptum 247 - Figueras Seating (FR)\",\"isPartOf\":{\"@id\":\"https:\\\/\\\/figueras.com\\\/fr\\\/#website\"},\"primaryImageOfPage\":{\"@id\":\"https:\\\/\\\/figueras.com\\\/fr\\\/siege\\\/aptum-247\\\/#primaryimage\"},\"image\":{\"@id\":\"https:\\\/\\\/figueras.com\\\/fr\\\/siege\\\/aptum-247\\\/#primaryimage\"},\"thumbnailUrl\":\"https:\\\/\\\/figueras.com\\\/wp-content\\\/uploads\\\/2023\\\/11\\\/Aptum-247_w000.webp\",\"datePublished\":\"2023-11-01T09:28:51+00:00\",\"dateModified\":\"2025-05-22T10:18:26+00:00\",\"description\":\"Acoustic friendly seats, specially designed for performing arts centers, theaters, auditoriums and conference centers. High versatility and quality seating.\",\"breadcrumb\":{\"@id\":\"https:\\\/\\\/figueras.com\\\/fr\\\/siege\\\/aptum-247\\\/#breadcrumb\"},\"inLanguage\":\"fr-FR\",\"potentialAction\":[{\"@type\":\"ReadAction\",\"target\":[\"https:\\\/\\\/figueras.com\\\/fr\\\/siege\\\/aptum-247\\\/\"]}]},{\"@type\":\"ImageObject\",\"inLanguage\":\"fr-FR\",\"@id\":\"https:\\\/\\\/figueras.com\\\/fr\\\/siege\\\/aptum-247\\\/#primaryimage\",\"url\":\"https:\\\/\\\/figueras.com\\\/wp-content\\\/uploads\\\/2023\\\/11\\\/Aptum-247_w000.webp\",\"contentUrl\":\"https:\\\/\\\/figueras.com\\\/wp-content\\\/uploads\\\/2023\\\/11\\\/Aptum-247_w000.webp\",\"width\":610,\"height\":810,\"caption\":\"Aptum 247\"},{\"@type\":\"BreadcrumbList\",\"@id\":\"https:\\\/\\\/figueras.com\\\/fr\\\/siege\\\/aptum-247\\\/#breadcrumb\",\"itemListElement\":[{\"@type\":\"ListItem\",\"position\":1,\"name\":\"Home\",\"item\":\"https:\\\/\\\/figueras.com\\\/fr\\\/\"},{\"@type\":\"ListItem\",\"position\":2,\"name\":\"Produits\",\"item\":\"https:\\\/\\\/figueras.com\\\/fr\\\/shop\\\/\"},{\"@type\":\"ListItem\",\"position\":3,\"name\":\"Aptum 247\"}]},{\"@type\":\"WebSite\",\"@id\":\"https:\\\/\\\/figueras.com\\\/fr\\\/#website\",\"url\":\"https:\\\/\\\/figueras.com\\\/fr\\\/\",\"name\":\"Figueras Seating\",\"description\":\"\",\"publisher\":{\"@id\":\"https:\\\/\\\/figueras.com\\\/fr\\\/#organization\"},\"potentialAction\":[{\"@type\":\"SearchAction\",\"target\":{\"@type\":\"EntryPoint\",\"urlTemplate\":\"https:\\\/\\\/figueras.com\\\/fr\\\/?s={search_term_string}\"},\"query-input\":{\"@type\":\"PropertyValueSpecification\",\"valueRequired\":true,\"valueName\":\"search_term_string\"}}],\"inLanguage\":\"fr-FR\"},{\"@type\":\"Organization\",\"@id\":\"https:\\\/\\\/figueras.com\\\/fr\\\/#organization\",\"name\":\"Figueras International Seating, S.L.U.\",\"alternateName\":\"Figueras Seating\",\"url\":\"https:\\\/\\\/figueras.com\\\/fr\\\/\",\"logo\":{\"@type\":\"ImageObject\",\"inLanguage\":\"fr-FR\",\"@id\":\"https:\\\/\\\/figueras.com\\\/fr\\\/#\\\/schema\\\/logo\\\/image\\\/\",\"url\":\"https:\\\/\\\/figueras.com\\\/wp-content\\\/uploads\\\/2023\\\/04\\\/figueraslogoheader.png\",\"contentUrl\":\"https:\\\/\\\/figueras.com\\\/wp-content\\\/uploads\\\/2023\\\/04\\\/figueraslogoheader.png\",\"width\":739,\"height\":127,\"caption\":\"Figueras International Seating, S.L.U.\"},\"image\":{\"@id\":\"https:\\\/\\\/figueras.com\\\/fr\\\/#\\\/schema\\\/logo\\\/image\\\/\"},\"sameAs\":[\"https:\\\/\\\/www.linkedin.com\\\/company\\\/figuerasseating\\\/\",\"https:\\\/\\\/www.instagram.com\\\/figueras.seating\\\/\",\"https:\\\/\\\/vimeo.com\\\/figuerasseating\",\"https:\\\/\\\/es.pinterest.com\\\/figuerasint\\\/\"]}]}<\/script>\n<!-- \/ Yoast SEO plugin. -->","yoast_head_json":{"title":"Aptum 247 - Figueras Seating (FR)","description":"Acoustic friendly seats, specially designed for performing arts centers, theaters, auditoriums and conference centers. High versatility and quality seating.","robots":{"index":"index","follow":"follow","max-snippet":"max-snippet:-1","max-image-preview":"max-image-preview:large","max-video-preview":"max-video-preview:-1"},"canonical":"https:\/\/figueras.com\/fr\/siege\/aptum-247\/","og_locale":"fr_FR","og_type":"article","og_title":"Aptum 247 - Figueras Seating (FR)","og_description":"Acoustic friendly seats, specially designed for performing arts centers, theaters, auditoriums and conference centers. High versatility and quality seating.","og_url":"https:\/\/figueras.com\/fr\/siege\/aptum-247\/","og_site_name":"Figueras Seating","article_modified_time":"2025-05-22T10:18:26+00:00","og_image":[{"width":610,"height":810,"url":"https:\/\/figueras.com\/wp-content\/uploads\/2023\/11\/Aptum-247_w000.webp","type":"image\/webp"}],"twitter_card":"summary_large_image","twitter_misc":{"Dur\u00e9e de lecture estim\u00e9e":"2 minutes"},"schema":{"@context":"https:\/\/schema.org","@graph":[{"@type":"WebPage","@id":"https:\/\/figueras.com\/fr\/siege\/aptum-247\/","url":"https:\/\/figueras.com\/fr\/siege\/aptum-247\/","name":"Aptum 247 - Figueras Seating (FR)","isPartOf":{"@id":"https:\/\/figueras.com\/fr\/#website"},"primaryImageOfPage":{"@id":"https:\/\/figueras.com\/fr\/siege\/aptum-247\/#primaryimage"},"image":{"@id":"https:\/\/figueras.com\/fr\/siege\/aptum-247\/#primaryimage"},"thumbnailUrl":"https:\/\/figueras.com\/wp-content\/uploads\/2023\/11\/Aptum-247_w000.webp","datePublished":"2023-11-01T09:28:51+00:00","dateModified":"2025-05-22T10:18:26+00:00","description":"Acoustic friendly seats, specially designed for performing arts centers, theaters, auditoriums and conference centers. High versatility and quality seating.","breadcrumb":{"@id":"https:\/\/figueras.com\/fr\/siege\/aptum-247\/#breadcrumb"},"inLanguage":"fr-FR","potentialAction":[{"@type":"ReadAction","target":["https:\/\/figueras.com\/fr\/siege\/aptum-247\/"]}]},{"@type":"ImageObject","inLanguage":"fr-FR","@id":"https:\/\/figueras.com\/fr\/siege\/aptum-247\/#primaryimage","url":"https:\/\/figueras.com\/wp-content\/uploads\/2023\/11\/Aptum-247_w000.webp","contentUrl":"https:\/\/figueras.com\/wp-content\/uploads\/2023\/11\/Aptum-247_w000.webp","width":610,"height":810,"caption":"Aptum 247"},{"@type":"BreadcrumbList","@id":"https:\/\/figueras.com\/fr\/siege\/aptum-247\/#breadcrumb","itemListElement":[{"@type":"ListItem","position":1,"name":"Home","item":"https:\/\/figueras.com\/fr\/"},{"@type":"ListItem","position":2,"name":"Produits","item":"https:\/\/figueras.com\/fr\/shop\/"},{"@type":"ListItem","position":3,"name":"Aptum 247"}]},{"@type":"WebSite","@id":"https:\/\/figueras.com\/fr\/#website","url":"https:\/\/figueras.com\/fr\/","name":"Figueras Seating","description":"","publisher":{"@id":"https:\/\/figueras.com\/fr\/#organization"},"potentialAction":[{"@type":"SearchAction","target":{"@type":"EntryPoint","urlTemplate":"https:\/\/figueras.com\/fr\/?s={search_term_string}"},"query-input":{"@type":"PropertyValueSpecification","valueRequired":true,"valueName":"search_term_string"}}],"inLanguage":"fr-FR"},{"@type":"Organization","@id":"https:\/\/figueras.com\/fr\/#organization","name":"Figueras International Seating, S.L.U.","alternateName":"Figueras Seating","url":"https:\/\/figueras.com\/fr\/","logo":{"@type":"ImageObject","inLanguage":"fr-FR","@id":"https:\/\/figueras.com\/fr\/#\/schema\/logo\/image\/","url":"https:\/\/figueras.com\/wp-content\/uploads\/2023\/04\/figueraslogoheader.png","contentUrl":"https:\/\/figueras.com\/wp-content\/uploads\/2023\/04\/figueraslogoheader.png","width":739,"height":127,"caption":"Figueras International Seating, S.L.U."},"image":{"@id":"https:\/\/figueras.com\/fr\/#\/schema\/logo\/image\/"},"sameAs":["https:\/\/www.linkedin.com\/company\/figuerasseating\/","https:\/\/www.instagram.com\/figueras.seating\/","https:\/\/vimeo.com\/figuerasseating","https:\/\/es.pinterest.com\/figuerasint\/"]}]}},"_links":{"self":[{"href":"https:\/\/figueras.com\/fr\/wp-json\/wp\/v2\/product\/23813","targetHints":{"allow":["GET"]}}],"collection":[{"href":"https:\/\/figueras.com\/fr\/wp-json\/wp\/v2\/product"}],"about":[{"href":"https:\/\/figueras.com\/fr\/wp-json\/wp\/v2\/types\/product"}],"version-history":[{"count":0,"href":"https:\/\/figueras.com\/fr\/wp-json\/wp\/v2\/product\/23813\/revisions"}],"wp:featuredmedia":[{"embeddable":true,"href":"https:\/\/figueras.com\/fr\/wp-json\/wp\/v2\/media\/45451"}],"wp:attachment":[{"href":"https:\/\/figueras.com\/fr\/wp-json\/wp\/v2\/media?parent=23813"}],"wp:term":[{"taxonomy":"designer_tag","embeddable":true,"href":"https:\/\/figueras.com\/fr\/wp-json\/wp\/v2\/designer_tag?post=23813"},{"taxonomy":"system_rel_tag","embeddable":true,"href":"https:\/\/figueras.com\/fr\/wp-json\/wp\/v2\/system_rel_tag?post=23813"},{"taxonomy":"product_brand","embeddable":true,"href":"https:\/\/figueras.com\/fr\/wp-json\/wp\/v2\/product_brand?post=23813"},{"taxonomy":"product_cat","embeddable":true,"href":"https:\/\/figueras.com\/fr\/wp-json\/wp\/v2\/product_cat?post=23813"},{"taxonomy":"product_tag","embeddable":true,"href":"https:\/\/figueras.com\/fr\/wp-json\/wp\/v2\/product_tag?post=23813"}],"curies":[{"name":"wp","href":"https:\/\/api.w.org\/{rel}","templated":true}]}}