{"id":23811,"date":"2023-11-01T10:29:51","date_gmt":"2023-11-01T09:29:51","guid":{"rendered":"http:\/\/figueras.com\/seating\/aptum-246\/"},"modified":"2025-10-28T15:49:56","modified_gmt":"2025-10-28T14:49:56","slug":"aptum-246","status":"publish","type":"product","link":"https:\/\/figueras.com\/fr\/siege\/aptum-246\/","title":{"rendered":"Aptum 246"},"content":{"rendered":"<p style=\"text-align: justify;\"><strong>L&rsquo;Aptum 246 est un si\u00e8ge \u00e9l\u00e9gant au design intemporel et d&rsquo;une grande polyvalence. Ce si\u00e8ge a \u00e9t\u00e9 sp\u00e9cialement con\u00e7u pour les th\u00e9\u00e2tres et les auditoriums en raison de sa grande adaptabilit\u00e9 aux exigences acoustiques de tout lieu. <\/strong><\/p>\n<p style=\"text-align: justify;\">Ce si\u00e8ge se distingue par sa grande flexibilit\u00e9 gr\u00e2ce aux caract\u00e9ristiques de ses composants. Gr\u00e2ce aux nombreuses possibilit\u00e9s de variation de ses dimensions et de ses inclinaisons, ce si\u00e8ge s&rsquo;int\u00e8gre parfaitement dans un large \u00e9ventail de configurations diff\u00e9rentes de la salle.<\/p>\n<p style=\"text-align: justify;\">L&rsquo;assise et le dossier sont fabriqu\u00e9s avec un cadre int\u00e9rieur en bois de h\u00eatre et des sangles \u00e9lastiques entrelac\u00e9es de haute qualit\u00e9, recouvertes de mousse de polyur\u00e9thane \u00e0 cellules ouvertes. L&rsquo;utilisation de ces mat\u00e9riaux permet une r\u00e9partition \u00e9quilibr\u00e9e du poids du corps qui assure un confort optimal de l&rsquo;utilisateur.<\/p>\n<p style=\"text-align: justify;\">Le si\u00e8ge se replie par un mouvement de basculement pour revenir \u00e0 sa position initiale lorsque le si\u00e8ge est lib\u00e9r\u00e9. Ce si\u00e8ge comprend un syst\u00e8me de technologie de mont\u00e9e douce contr\u00f4l\u00e9e pour obtenir un retour lent du si\u00e8ge sans bruit ni claquement. Ce m\u00e9canisme ne n\u00e9cessite aucun entretien.<\/p>\n<p style=\"text-align: justify;\">Le dossier int\u00e8gre un support lombaire qui offre un grand confort conforme aux normes ergonomiques les plus rigoureuses en ce qui concerne les solutions d&rsquo;assise.<\/p>\n<p style=\"text-align: justify;\">Le dossier est fix\u00e9 aux panneaux lat\u00e9raux au moyen de deux supports en polypropyl\u00e8ne avec renforcement en fibre de verre, aucun \u00e9l\u00e9ment de fixation n&rsquo;est n\u00e9cessaire. Cela assure une grande stabilit\u00e9 et facilite le montage et le remplacement du dossier.<\/p>\n<p style=\"text-align: justify;\">Les panneaux lat\u00e9raux se terminent par une douille inf\u00e9rieure en acier et sont fix\u00e9s au sol. Ils peuvent \u00eatre enti\u00e8rement tapiss\u00e9s ou dans une finition en bois.<\/p>\n<p>C\u2019est si\u00e8ge a \u00e9t\u00e9 certifi\u00e9 selon la norme UNE-EN ISO 14006.<\/p>\n","protected":false},"excerpt":{"rendered":"<p>L&rsquo;Aptum 246 est un si\u00e8ge \u00e9l\u00e9gant au design intemporel et d&rsquo;une grande polyvalence. Ce si\u00e8ge a \u00e9t\u00e9 sp\u00e9cialement con\u00e7u pour les th\u00e9\u00e2tres et les auditoriums en raison de sa grande adaptabilit\u00e9 aux exigences acoustiques de tout lieu. Ce si\u00e8ge se distingue par sa grande flexibilit\u00e9 gr\u00e2ce aux caract\u00e9ristiques de ses composants. Gr\u00e2ce aux nombreuses possibilit\u00e9s [&hellip;]<\/p>\n","protected":false},"featured_media":45345,"template":"","meta":{"_acf_changed":false,"content-type":""},"designer_tag":[332],"system_rel_tag":[],"product_cat":[191,228,178,180,181,182,183,186,187,188,189],"product_tag":[502,508,511],"class_list":{"0":"post-23811","1":"product","2":"type-product","3":"status-publish","4":"has-post-thumbnail","6":"designer_tag-design-center-fr","7":"product_cat-theatre-fr","8":"product_cat-aptum-fr","9":"product_cat-education-fr","10":"product_cat-publicum-fr","11":"product_cat-seats-for-auditorium-and-conference-rooms-fr","12":"product_cat-seats-for-congress-centres-fr","13":"product_cat-seats-for-corporate-rooms-fr","14":"product_cat-seats-for-parliaments-fr","15":"product_cat-seats-for-performing-arts-centres-fr","16":"product_cat-seats-for-theatres-fr","17":"product_cat-seats-for-universities-and-schools-fr","18":"product_tag-education-fr","19":"product_tag-theatre-fr","20":"product_tag-publicum-fr","22":"first","23":"instock","24":"product-type-simple"},"acf":[],"_links":{"self":[{"href":"https:\/\/figueras.com\/fr\/wp-json\/wp\/v2\/product\/23811","targetHints":{"allow":["GET"]}}],"collection":[{"href":"https:\/\/figueras.com\/fr\/wp-json\/wp\/v2\/product"}],"about":[{"href":"https:\/\/figueras.com\/fr\/wp-json\/wp\/v2\/types\/product"}],"version-history":[{"count":0,"href":"https:\/\/figueras.com\/fr\/wp-json\/wp\/v2\/product\/23811\/revisions"}],"wp:featuredmedia":[{"embeddable":true,"href":"https:\/\/figueras.com\/fr\/wp-json\/wp\/v2\/media\/45345"}],"wp:attachment":[{"href":"https:\/\/figueras.com\/fr\/wp-json\/wp\/v2\/media?parent=23811"}],"wp:term":[{"taxonomy":"designer_tag","embeddable":true,"href":"https:\/\/figueras.com\/fr\/wp-json\/wp\/v2\/designer_tag?post=23811"},{"taxonomy":"system_rel_tag","embeddable":true,"href":"https:\/\/figueras.com\/fr\/wp-json\/wp\/v2\/system_rel_tag?post=23811"},{"taxonomy":"product_cat","embeddable":true,"href":"https:\/\/figueras.com\/fr\/wp-json\/wp\/v2\/product_cat?post=23811"},{"taxonomy":"product_tag","embeddable":true,"href":"https:\/\/figueras.com\/fr\/wp-json\/wp\/v2\/product_tag?post=23811"}],"curies":[{"name":"wp","href":"https:\/\/api.w.org\/{rel}","templated":true}]}}