{"id":23809,"date":"2023-11-01T10:39:57","date_gmt":"2023-11-01T09:39:57","guid":{"rendered":"http:\/\/figueras.com\/seating\/woody-rt-2312-s-m\/"},"modified":"2024-07-04T21:38:40","modified_gmt":"2024-07-04T19:38:40","slug":"woody-rt-2312-s-m","status":"publish","type":"product","link":"https:\/\/figueras.com\/fr\/siege\/woody-rt-2312-s-m\/","title":{"rendered":"Woody RT 2312-S\/M"},"content":{"rendered":"<p style=\"text-align: justify;\"><strong>Le mod\u00e8le Woody est un concept de si\u00e8ge r\u00e9volutionnaire. Il combine le confort et la s\u00e9curit\u00e9 d&rsquo;un si\u00e8ge au sol avec une libert\u00e9 de mouvement totale qui permet de pivoter \u00e0 360\u00b0 et de glisser horizontalement. <\/strong><\/p>\n<p style=\"text-align: justify;\">Le syst\u00e8me RT de Figueras est le syst\u00e8me de rotation et de mouvement qui devient la solution optimale pour les parlements, les salles de r\u00e9union ou les salles de r\u00e9union pl\u00e9ni\u00e8re. Il revient automatiquement \u00e0 sa position, laissant le lieu propre et bien rang\u00e9.<\/p>\n<p style=\"text-align: justify;\">Le syst\u00e8me RT se compose d&rsquo;une base en aluminium fix\u00e9e au sol, int\u00e9grant un syst\u00e8me de rotation \u00e0 360\u00b0 et un syst\u00e8me de d\u00e9placement lin\u00e9aire de 170 mm. Les deux mouvements peuvent \u00eatre effectu\u00e9s simultan\u00e9ment.<\/p>\n<p style=\"text-align: justify;\">Le si\u00e8ge revient automatiquement \u00e0 sa position initiale une fois qu&rsquo;il est lib\u00e9r\u00e9. Ce syst\u00e8me permet une grande libert\u00e9 de mouvement et un acc\u00e8s facile pour l&rsquo;utilisateur. En cas d&rsquo;\u00e9vacuation de la salle, les si\u00e8ges n&rsquo;obstruent pas les all\u00e9es, offrant un plus en mati\u00e8re de s\u00e9curit\u00e9.<\/p>\n<p style=\"text-align: justify;\">Le si\u00e8ge Woody a un design soign\u00e9 jusque dans les moindres d\u00e9tails. L&rsquo;assise et le dossier sont compos\u00e9s de contreplaqu\u00e9 de h\u00eatre et d&rsquo;un coussin de mousse de polyur\u00e9thane \u00e0 cellules ouvertes. Ces ensembles sont enti\u00e8rement tapiss\u00e9s. Les panneaux lat\u00e9raux servent d&rsquo;accoudoirs et pr\u00e9sentent les m\u00eames caract\u00e9ristiques.<\/p>\n<p style=\"text-align: justify;\">Le si\u00e8ge est pourvu d&rsquo;une coque structurelle et d\u00e9corative en contreplaqu\u00e9 moul\u00e9 de 13 mm d&rsquo;\u00e9paisseur. Le design \u00e9pur\u00e9 de ce si\u00e8ge combine les technologies d&rsquo;usine avec un travail manuel et artisanal complexe.<\/p>\n","protected":false},"excerpt":{"rendered":"<p>[wpdm_package id=&rsquo;24621&prime;]<\/p>\n<p>[wpdm_package id=&rsquo;7291&prime;]<\/p>\n<p>[wpdm_package id=&rsquo;24625&prime;]<\/p>\n<p>[wpdm_package id=&rsquo;7290&prime;]<\/p>\n","protected":false},"featured_media":13420,"template":"","meta":{"_acf_changed":false,"content-type":""},"designer_tag":[],"system_rel_tag":[],"product_cat":[178,180,181,182,183,186,189,226],"product_tag":[511,502],"class_list":{"0":"post-23809","1":"product","2":"type-product","3":"status-publish","4":"has-post-thumbnail","6":"product_cat-education-fr","7":"product_cat-publicum-fr","8":"product_cat-seats-for-auditorium-and-conference-rooms-fr","9":"product_cat-seats-for-congress-centres-fr","10":"product_cat-seats-for-corporate-rooms-fr","11":"product_cat-seats-for-parliaments-fr","12":"product_cat-seats-for-universities-and-schools-fr","13":"product_cat-woody-rt-fr","14":"product_tag-publicum-fr","15":"product_tag-education-fr","17":"first","18":"instock","19":"downloadable","20":"virtual","21":"product-type-simple"},"acf":[],"_links":{"self":[{"href":"https:\/\/figueras.com\/fr\/wp-json\/wp\/v2\/product\/23809","targetHints":{"allow":["GET"]}}],"collection":[{"href":"https:\/\/figueras.com\/fr\/wp-json\/wp\/v2\/product"}],"about":[{"href":"https:\/\/figueras.com\/fr\/wp-json\/wp\/v2\/types\/product"}],"version-history":[{"count":0,"href":"https:\/\/figueras.com\/fr\/wp-json\/wp\/v2\/product\/23809\/revisions"}],"wp:featuredmedia":[{"embeddable":true,"href":"https:\/\/figueras.com\/fr\/wp-json\/wp\/v2\/media\/13420"}],"wp:attachment":[{"href":"https:\/\/figueras.com\/fr\/wp-json\/wp\/v2\/media?parent=23809"}],"wp:term":[{"taxonomy":"designer_tag","embeddable":true,"href":"https:\/\/figueras.com\/fr\/wp-json\/wp\/v2\/designer_tag?post=23809"},{"taxonomy":"system_rel_tag","embeddable":true,"href":"https:\/\/figueras.com\/fr\/wp-json\/wp\/v2\/system_rel_tag?post=23809"},{"taxonomy":"product_cat","embeddable":true,"href":"https:\/\/figueras.com\/fr\/wp-json\/wp\/v2\/product_cat?post=23809"},{"taxonomy":"product_tag","embeddable":true,"href":"https:\/\/figueras.com\/fr\/wp-json\/wp\/v2\/product_tag?post=23809"}],"curies":[{"name":"wp","href":"https:\/\/api.w.org\/{rel}","templated":true}]}}