{"id":23805,"date":"2023-11-01T10:44:54","date_gmt":"2023-11-01T09:44:54","guid":{"rendered":"http:\/\/figueras.com\/seating\/5064-fix\/"},"modified":"2026-04-14T17:18:31","modified_gmt":"2026-04-14T15:18:31","slug":"5064-fix","status":"publish","type":"product","link":"https:\/\/figueras.com\/fr\/siege\/5064-fix\/","title":{"rendered":"Minispace FIX 5064"},"content":{"rendered":"<p style=\"text-align: justify;\"><strong>Le Minispace 5064 Fix est un si\u00e8ge compact mont\u00e9 sur une barre qui se replie automatiquement. Ce si\u00e8ge a \u00e9t\u00e9 con\u00e7u pour \u00eatre utilis\u00e9 dans les stades et les ar\u00e8nes, les centres d&rsquo;arts du spectacle et les auditoriums. Ce si\u00e8ge, avec un dossier fixe, est une solution id\u00e9ale pour optimiser l&rsquo;espace.<br \/>\n<\/strong><\/p>\n<p style=\"text-align: justify;\">L&rsquo;ensemble du si\u00e8ge, du dossier et des accoudoirs est support\u00e9 par des composants lat\u00e9raux en aluminium moul\u00e9 sous pression.\u00a0 Ces c\u00f4t\u00e9s incorporent les joints de rotation et sont fix\u00e9s au pied de support par des brides qui sont \u00e9galement en aluminium inject\u00e9. Cela rend l&rsquo;ensemble du si\u00e8ge totalement rigide et stable.<\/p>\n<p style=\"text-align: justify;\">Le si\u00e8ge est constitu\u00e9 d&rsquo;un seul bloc de mousse de polyur\u00e9thane moul\u00e9e \u00e0 froid qui recouvre une structure m\u00e9tallique, compos\u00e9e d&rsquo;un cadre en tubes courbes, d&rsquo;une bande de ressorts plats et de joints de rotation.<\/p>\n<p style=\"text-align: justify;\">Le bloc est recouvert d&rsquo;une housse de rembourrage facilement interchangeable, avec un syst\u00e8me de fermeture \u00e9clair.<\/p>\n<p style=\"text-align: justify;\">Le dossier est r\u00e9alis\u00e9 avec les m\u00eames caract\u00e9ristiques que le si\u00e8ge, en incorporant une plaque de protection m\u00e9tallique au dos, si le projet l&rsquo;exige. Le dossier est fixe, ce qui assure une grande optimisation de l&rsquo;espace.<\/p>\n<p style=\"text-align: justify;\">L&rsquo;assise et le dossier sont reli\u00e9s \u00e0 une structure rectangulaire en tube d&rsquo;acier. Les pieds, \u00e9galement en tube d&rsquo;acier rond, se terminent par une base circulaire et sont ancr\u00e9s au sol au moyen des ancrages appropri\u00e9s selon le type de sol.<\/p>\n","protected":false},"excerpt":{"rendered":"<p>[wpdm_package id=&rsquo;24342&prime;]<\/p>\n<p>[wpdm_package id=&rsquo;7080&prime;]<\/p>\n","protected":false},"featured_media":45051,"template":"","meta":{"_acf_changed":false,"content-type":""},"designer_tag":[],"system_rel_tag":[450],"product_cat":[222,178,180,181,183,184,189,190,220,221],"product_tag":[502,505,511],"class_list":{"0":"post-23805","1":"product","2":"type-product","3":"status-publish","4":"has-post-thumbnail","6":"system_rel_tag-mutawheel-seating-system-fr","7":"product_cat-sports-fr","8":"product_cat-education-fr","9":"product_cat-publicum-fr","10":"product_cat-seats-for-auditorium-and-conference-rooms-fr","11":"product_cat-seats-for-corporate-rooms-fr","12":"product_cat-seats-for-cruise-ships-and-ferries-fr","13":"product_cat-seats-for-universities-and-schools-fr","14":"product_cat-seats-for-worship-and-religious-centres-fr","15":"product_cat-minispace-fr","16":"product_cat-seats-for-stadiums-and-arenas-fr","17":"product_tag-education-fr","18":"product_tag-sports-fr","19":"product_tag-publicum-fr","20":"pa_system-systeme-de-sieges-mutawheel","22":"first","23":"instock","24":"downloadable","25":"virtual","26":"product-type-simple"},"acf":[],"yoast_head":"<!-- This site is optimized with the Yoast SEO plugin v27.4 - https:\/\/yoast.com\/product\/yoast-seo-wordpress\/ -->\n<title>Minispace FIX 5064 - Figueras Seating (FR)<\/title>\n<meta name=\"description\" content=\"Si\u00e8ge compact, pliant, fix\u00e9 sur une poutre pour les ar\u00e8nes, les salles de spectacle et auditoriums. Si\u00e8ge \u00e0 dossier fixe pour optimiser l\u2019espace. Qualit\u00e9.\" \/>\n<meta name=\"robots\" content=\"index, follow, max-snippet:-1, max-image-preview:large, max-video-preview:-1\" \/>\n<link rel=\"canonical\" href=\"https:\/\/figueras.com\/fr\/siege\/5064-fix\/\" \/>\n<meta property=\"og:locale\" content=\"fr_FR\" \/>\n<meta property=\"og:type\" content=\"article\" \/>\n<meta property=\"og:title\" content=\"Minispace FIX 5064 - Figueras Seating (FR)\" \/>\n<meta property=\"og:description\" content=\"Si\u00e8ge compact, pliant, fix\u00e9 sur une poutre pour les ar\u00e8nes, les salles de spectacle et auditoriums. Si\u00e8ge \u00e0 dossier fixe pour optimiser l\u2019espace. Qualit\u00e9.\" \/>\n<meta property=\"og:url\" content=\"https:\/\/figueras.com\/fr\/siege\/5064-fix\/\" \/>\n<meta property=\"og:site_name\" content=\"Figueras Seating\" \/>\n<meta property=\"article:modified_time\" content=\"2026-04-14T15:18:31+00:00\" \/>\n<meta property=\"og:image\" content=\"https:\/\/figueras.com\/wp-content\/uploads\/2023\/11\/Minispace-5064-FIX_w00.webp\" \/>\n\t<meta property=\"og:image:width\" content=\"610\" \/>\n\t<meta property=\"og:image:height\" content=\"810\" \/>\n\t<meta property=\"og:image:type\" content=\"image\/webp\" \/>\n<meta name=\"twitter:card\" content=\"summary_large_image\" \/>\n<meta name=\"twitter:label1\" content=\"Dur\u00e9e de lecture estim\u00e9e\" \/>\n\t<meta name=\"twitter:data1\" content=\"2 minutes\" \/>\n<script type=\"application\/ld+json\" class=\"yoast-schema-graph\">{\"@context\":\"https:\\\/\\\/schema.org\",\"@graph\":[{\"@type\":\"WebPage\",\"@id\":\"https:\\\/\\\/figueras.com\\\/fr\\\/siege\\\/5064-fix\\\/\",\"url\":\"https:\\\/\\\/figueras.com\\\/fr\\\/siege\\\/5064-fix\\\/\",\"name\":\"Minispace FIX 5064 - Figueras Seating (FR)\",\"isPartOf\":{\"@id\":\"https:\\\/\\\/figueras.com\\\/fr\\\/#website\"},\"primaryImageOfPage\":{\"@id\":\"https:\\\/\\\/figueras.com\\\/fr\\\/siege\\\/5064-fix\\\/#primaryimage\"},\"image\":{\"@id\":\"https:\\\/\\\/figueras.com\\\/fr\\\/siege\\\/5064-fix\\\/#primaryimage\"},\"thumbnailUrl\":\"https:\\\/\\\/figueras.com\\\/wp-content\\\/uploads\\\/2023\\\/11\\\/Minispace-5064-FIX_w00.webp\",\"datePublished\":\"2023-11-01T09:44:54+00:00\",\"dateModified\":\"2026-04-14T15:18:31+00:00\",\"description\":\"Si\u00e8ge compact, pliant, fix\u00e9 sur une poutre pour les ar\u00e8nes, les salles de spectacle et auditoriums. Si\u00e8ge \u00e0 dossier fixe pour optimiser l\u2019espace. Qualit\u00e9.\",\"breadcrumb\":{\"@id\":\"https:\\\/\\\/figueras.com\\\/fr\\\/siege\\\/5064-fix\\\/#breadcrumb\"},\"inLanguage\":\"fr-FR\",\"potentialAction\":[{\"@type\":\"ReadAction\",\"target\":[\"https:\\\/\\\/figueras.com\\\/fr\\\/siege\\\/5064-fix\\\/\"]}]},{\"@type\":\"ImageObject\",\"inLanguage\":\"fr-FR\",\"@id\":\"https:\\\/\\\/figueras.com\\\/fr\\\/siege\\\/5064-fix\\\/#primaryimage\",\"url\":\"https:\\\/\\\/figueras.com\\\/wp-content\\\/uploads\\\/2023\\\/11\\\/Minispace-5064-FIX_w00.webp\",\"contentUrl\":\"https:\\\/\\\/figueras.com\\\/wp-content\\\/uploads\\\/2023\\\/11\\\/Minispace-5064-FIX_w00.webp\",\"width\":610,\"height\":810,\"caption\":\"Minispace 5064 FIX\"},{\"@type\":\"BreadcrumbList\",\"@id\":\"https:\\\/\\\/figueras.com\\\/fr\\\/siege\\\/5064-fix\\\/#breadcrumb\",\"itemListElement\":[{\"@type\":\"ListItem\",\"position\":1,\"name\":\"Home\",\"item\":\"https:\\\/\\\/figueras.com\\\/fr\\\/\"},{\"@type\":\"ListItem\",\"position\":2,\"name\":\"Produits\",\"item\":\"https:\\\/\\\/figueras.com\\\/fr\\\/shop\\\/\"},{\"@type\":\"ListItem\",\"position\":3,\"name\":\"Minispace FIX 5064\"}]},{\"@type\":\"WebSite\",\"@id\":\"https:\\\/\\\/figueras.com\\\/fr\\\/#website\",\"url\":\"https:\\\/\\\/figueras.com\\\/fr\\\/\",\"name\":\"Figueras Seating\",\"description\":\"\",\"publisher\":{\"@id\":\"https:\\\/\\\/figueras.com\\\/fr\\\/#organization\"},\"potentialAction\":[{\"@type\":\"SearchAction\",\"target\":{\"@type\":\"EntryPoint\",\"urlTemplate\":\"https:\\\/\\\/figueras.com\\\/fr\\\/?s={search_term_string}\"},\"query-input\":{\"@type\":\"PropertyValueSpecification\",\"valueRequired\":true,\"valueName\":\"search_term_string\"}}],\"inLanguage\":\"fr-FR\"},{\"@type\":\"Organization\",\"@id\":\"https:\\\/\\\/figueras.com\\\/fr\\\/#organization\",\"name\":\"Figueras International Seating, S.L.U.\",\"alternateName\":\"Figueras Seating\",\"url\":\"https:\\\/\\\/figueras.com\\\/fr\\\/\",\"logo\":{\"@type\":\"ImageObject\",\"inLanguage\":\"fr-FR\",\"@id\":\"https:\\\/\\\/figueras.com\\\/fr\\\/#\\\/schema\\\/logo\\\/image\\\/\",\"url\":\"https:\\\/\\\/figueras.com\\\/wp-content\\\/uploads\\\/2023\\\/04\\\/figueraslogoheader.png\",\"contentUrl\":\"https:\\\/\\\/figueras.com\\\/wp-content\\\/uploads\\\/2023\\\/04\\\/figueraslogoheader.png\",\"width\":739,\"height\":127,\"caption\":\"Figueras International Seating, S.L.U.\"},\"image\":{\"@id\":\"https:\\\/\\\/figueras.com\\\/fr\\\/#\\\/schema\\\/logo\\\/image\\\/\"},\"sameAs\":[\"https:\\\/\\\/www.linkedin.com\\\/company\\\/figuerasseating\\\/\",\"https:\\\/\\\/www.instagram.com\\\/figueras.seating\\\/\",\"https:\\\/\\\/vimeo.com\\\/figuerasseating\",\"https:\\\/\\\/es.pinterest.com\\\/figuerasint\\\/\"]}]}<\/script>\n<!-- \/ Yoast SEO plugin. -->","yoast_head_json":{"title":"Minispace FIX 5064 - Figueras Seating (FR)","description":"Si\u00e8ge compact, pliant, fix\u00e9 sur une poutre pour les ar\u00e8nes, les salles de spectacle et auditoriums. Si\u00e8ge \u00e0 dossier fixe pour optimiser l\u2019espace. Qualit\u00e9.","robots":{"index":"index","follow":"follow","max-snippet":"max-snippet:-1","max-image-preview":"max-image-preview:large","max-video-preview":"max-video-preview:-1"},"canonical":"https:\/\/figueras.com\/fr\/siege\/5064-fix\/","og_locale":"fr_FR","og_type":"article","og_title":"Minispace FIX 5064 - Figueras Seating (FR)","og_description":"Si\u00e8ge compact, pliant, fix\u00e9 sur une poutre pour les ar\u00e8nes, les salles de spectacle et auditoriums. Si\u00e8ge \u00e0 dossier fixe pour optimiser l\u2019espace. Qualit\u00e9.","og_url":"https:\/\/figueras.com\/fr\/siege\/5064-fix\/","og_site_name":"Figueras Seating","article_modified_time":"2026-04-14T15:18:31+00:00","og_image":[{"width":610,"height":810,"url":"https:\/\/figueras.com\/wp-content\/uploads\/2023\/11\/Minispace-5064-FIX_w00.webp","type":"image\/webp"}],"twitter_card":"summary_large_image","twitter_misc":{"Dur\u00e9e de lecture estim\u00e9e":"2 minutes"},"schema":{"@context":"https:\/\/schema.org","@graph":[{"@type":"WebPage","@id":"https:\/\/figueras.com\/fr\/siege\/5064-fix\/","url":"https:\/\/figueras.com\/fr\/siege\/5064-fix\/","name":"Minispace FIX 5064 - Figueras Seating (FR)","isPartOf":{"@id":"https:\/\/figueras.com\/fr\/#website"},"primaryImageOfPage":{"@id":"https:\/\/figueras.com\/fr\/siege\/5064-fix\/#primaryimage"},"image":{"@id":"https:\/\/figueras.com\/fr\/siege\/5064-fix\/#primaryimage"},"thumbnailUrl":"https:\/\/figueras.com\/wp-content\/uploads\/2023\/11\/Minispace-5064-FIX_w00.webp","datePublished":"2023-11-01T09:44:54+00:00","dateModified":"2026-04-14T15:18:31+00:00","description":"Si\u00e8ge compact, pliant, fix\u00e9 sur une poutre pour les ar\u00e8nes, les salles de spectacle et auditoriums. Si\u00e8ge \u00e0 dossier fixe pour optimiser l\u2019espace. Qualit\u00e9.","breadcrumb":{"@id":"https:\/\/figueras.com\/fr\/siege\/5064-fix\/#breadcrumb"},"inLanguage":"fr-FR","potentialAction":[{"@type":"ReadAction","target":["https:\/\/figueras.com\/fr\/siege\/5064-fix\/"]}]},{"@type":"ImageObject","inLanguage":"fr-FR","@id":"https:\/\/figueras.com\/fr\/siege\/5064-fix\/#primaryimage","url":"https:\/\/figueras.com\/wp-content\/uploads\/2023\/11\/Minispace-5064-FIX_w00.webp","contentUrl":"https:\/\/figueras.com\/wp-content\/uploads\/2023\/11\/Minispace-5064-FIX_w00.webp","width":610,"height":810,"caption":"Minispace 5064 FIX"},{"@type":"BreadcrumbList","@id":"https:\/\/figueras.com\/fr\/siege\/5064-fix\/#breadcrumb","itemListElement":[{"@type":"ListItem","position":1,"name":"Home","item":"https:\/\/figueras.com\/fr\/"},{"@type":"ListItem","position":2,"name":"Produits","item":"https:\/\/figueras.com\/fr\/shop\/"},{"@type":"ListItem","position":3,"name":"Minispace FIX 5064"}]},{"@type":"WebSite","@id":"https:\/\/figueras.com\/fr\/#website","url":"https:\/\/figueras.com\/fr\/","name":"Figueras Seating","description":"","publisher":{"@id":"https:\/\/figueras.com\/fr\/#organization"},"potentialAction":[{"@type":"SearchAction","target":{"@type":"EntryPoint","urlTemplate":"https:\/\/figueras.com\/fr\/?s={search_term_string}"},"query-input":{"@type":"PropertyValueSpecification","valueRequired":true,"valueName":"search_term_string"}}],"inLanguage":"fr-FR"},{"@type":"Organization","@id":"https:\/\/figueras.com\/fr\/#organization","name":"Figueras International Seating, S.L.U.","alternateName":"Figueras Seating","url":"https:\/\/figueras.com\/fr\/","logo":{"@type":"ImageObject","inLanguage":"fr-FR","@id":"https:\/\/figueras.com\/fr\/#\/schema\/logo\/image\/","url":"https:\/\/figueras.com\/wp-content\/uploads\/2023\/04\/figueraslogoheader.png","contentUrl":"https:\/\/figueras.com\/wp-content\/uploads\/2023\/04\/figueraslogoheader.png","width":739,"height":127,"caption":"Figueras International Seating, S.L.U."},"image":{"@id":"https:\/\/figueras.com\/fr\/#\/schema\/logo\/image\/"},"sameAs":["https:\/\/www.linkedin.com\/company\/figuerasseating\/","https:\/\/www.instagram.com\/figueras.seating\/","https:\/\/vimeo.com\/figuerasseating","https:\/\/es.pinterest.com\/figuerasint\/"]}]}},"_links":{"self":[{"href":"https:\/\/figueras.com\/fr\/wp-json\/wp\/v2\/product\/23805","targetHints":{"allow":["GET"]}}],"collection":[{"href":"https:\/\/figueras.com\/fr\/wp-json\/wp\/v2\/product"}],"about":[{"href":"https:\/\/figueras.com\/fr\/wp-json\/wp\/v2\/types\/product"}],"version-history":[{"count":1,"href":"https:\/\/figueras.com\/fr\/wp-json\/wp\/v2\/product\/23805\/revisions"}],"predecessor-version":[{"id":50495,"href":"https:\/\/figueras.com\/fr\/wp-json\/wp\/v2\/product\/23805\/revisions\/50495"}],"wp:featuredmedia":[{"embeddable":true,"href":"https:\/\/figueras.com\/fr\/wp-json\/wp\/v2\/media\/45051"}],"wp:attachment":[{"href":"https:\/\/figueras.com\/fr\/wp-json\/wp\/v2\/media?parent=23805"}],"wp:term":[{"taxonomy":"designer_tag","embeddable":true,"href":"https:\/\/figueras.com\/fr\/wp-json\/wp\/v2\/designer_tag?post=23805"},{"taxonomy":"system_rel_tag","embeddable":true,"href":"https:\/\/figueras.com\/fr\/wp-json\/wp\/v2\/system_rel_tag?post=23805"},{"taxonomy":"product_cat","embeddable":true,"href":"https:\/\/figueras.com\/fr\/wp-json\/wp\/v2\/product_cat?post=23805"},{"taxonomy":"product_tag","embeddable":true,"href":"https:\/\/figueras.com\/fr\/wp-json\/wp\/v2\/product_tag?post=23805"}],"curies":[{"name":"wp","href":"https:\/\/api.w.org\/{rel}","templated":true}]}}