{"id":23803,"date":"2023-11-01T10:45:54","date_gmt":"2023-11-01T09:45:54","guid":{"rendered":"http:\/\/figueras.com\/seating\/5072\/"},"modified":"2024-07-04T21:34:49","modified_gmt":"2024-07-04T19:34:49","slug":"5072","status":"publish","type":"product","link":"https:\/\/figueras.com\/fr\/siege\/5072\/","title":{"rendered":"Minispace 5072"},"content":{"rendered":"<p style=\"text-align: justify;\"><strong>Le Minispace 5072 est un \u00e9l\u00e9gant si\u00e8ge pliant fabriqu\u00e9 avec des mat\u00e9riaux nobles. Sa conception pr\u00e9sente d&rsquo;excellentes caract\u00e9ristiques acoustiques qui en font une solution parfaite pour les th\u00e9\u00e2tres, les auditoriums, les salles de r\u00e9union et les centres de congr\u00e8s.<\/strong><\/p>\n<p style=\"text-align: justify;\">Ce si\u00e8ge mont\u00e9 sur une barre est dot\u00e9 d&rsquo;un syst\u00e8me de pliage qui consiste \u00e0 faire tourner le si\u00e8ge et \u00e0 faire avancer le dossier jusqu&rsquo;\u00e0 ce que les deux soient compl\u00e8tement \u00e0 plat l&rsquo;un contre l&rsquo;autre. Une fois le si\u00e8ge repli\u00e9, la profondeur n&rsquo;est plus que de 19 cm, ce qui permet d&rsquo;optimiser au maximum l&rsquo;espace.<\/p>\n<p style=\"text-align: justify;\">Le m\u00e9canisme de pliage est dot\u00e9 d&rsquo;un syst\u00e8me de technologie de mont\u00e9e douce contr\u00f4l\u00e9e qui \u00e9vite les bruits ou les coups lorsque le si\u00e8ge est inoccup\u00e9. Le pliage repose sur la gravit\u00e9, ce qui permet d&rsquo;obtenir une grande durabilit\u00e9 et un entretien minimal.<\/p>\n<p style=\"text-align: justify;\">Le dossier et le rembourrage du si\u00e8ge sont dessin\u00e9s de anatomiquement pour garantir le confort de l&rsquo;utilisateur. L&rsquo;assise et le dossier sont tous deux compos\u00e9s de mousse de polyur\u00e9thane\u00a0 \u00e0 cellules ouvertes tapiss\u00e9e, facilement interchangeables, fix\u00e9s \u00e0 une coque en contreplaqu\u00e9 de h\u00eatre verni de 13 cm d&rsquo;\u00e9paisseur.<\/p>\n<p style=\"text-align: justify;\">Les accoudoirs ont une structure m\u00e9tallique et un accoudoir en h\u00eatre sur la partie sup\u00e9rieure. L&rsquo;assise, le dossier et les accoudoirs sont soutenus par des c\u00f4t\u00e9s en inject\u00e9 d&rsquo;aluminium peints et fix\u00e9s \u00e0 une structure en tube d&rsquo;acier.<\/p>\n","protected":false},"excerpt":{"rendered":"<p>[wpdm_package id=&rsquo;24334&prime;]<\/p>\n<p>[wpdm_package id=&rsquo;7049&prime;]<\/p>\n<p>[wpdm_package id=&rsquo;7050&prime;]<\/p>\n","protected":false},"featured_media":45006,"template":"","meta":{"_acf_changed":false,"content-type":""},"designer_tag":[332],"system_rel_tag":[444,447,448,450],"product_brand":[],"product_cat":[189,190,178,191,180,220,181,182,183,184,185,187,188],"product_tag":[511,502,508],"class_list":{"0":"post-23803","1":"product","2":"type-product","3":"status-publish","4":"has-post-thumbnail","6":"designer_tag-design-center-fr","7":"system_rel_tag-mutarail-seating-system-fr","8":"system_rel_tag-retractable-seating-system-fr","9":"system_rel_tag-mutasub-seating-system-fr","10":"system_rel_tag-mutawheel-seating-system-fr","11":"product_cat-seats-for-universities-and-schools-fr","12":"product_cat-seats-for-worship-and-religious-centres-fr","13":"product_cat-education-fr","14":"product_cat-theatre-fr","15":"product_cat-publicum-fr","16":"product_cat-minispace-fr","17":"product_cat-seats-for-auditorium-and-conference-rooms-fr","18":"product_cat-seats-for-congress-centres-fr","19":"product_cat-seats-for-corporate-rooms-fr","20":"product_cat-seats-for-cruise-ships-and-ferries-fr","21":"product_cat-seats-for-multi-purpose-spaces-fr","22":"product_cat-seats-for-performing-arts-centres-fr","23":"product_cat-seats-for-theatres-fr","24":"product_tag-publicum-fr","25":"product_tag-education-fr","26":"product_tag-theatre-fr","28":"first","29":"instock","30":"downloadable","31":"virtual","32":"product-type-simple"},"acf":[],"yoast_head":"<!-- This site is optimized with the Yoast SEO plugin v27.3 - https:\/\/yoast.com\/product\/yoast-seo-wordpress\/ -->\n<title>Minispace 5072 - Figueras Seating (FR)<\/title>\n<meta name=\"description\" content=\"\u00c9l\u00e9gant si\u00e8ge pliant fabriqu\u00e9 avec des mat\u00e9riaux nobles. Si\u00e8ges acoustiques pour th\u00e9\u00e2tres, auditoriums, salles d\u2019entreprise et centres de congr\u00e8s. Fix\u00e9.\" \/>\n<meta name=\"robots\" content=\"index, follow, max-snippet:-1, max-image-preview:large, max-video-preview:-1\" \/>\n<link rel=\"canonical\" href=\"https:\/\/figueras.com\/fr\/siege\/5072\/\" \/>\n<meta property=\"og:locale\" content=\"fr_FR\" \/>\n<meta property=\"og:type\" content=\"article\" \/>\n<meta property=\"og:title\" content=\"Minispace 5072 - Figueras Seating (FR)\" \/>\n<meta property=\"og:description\" content=\"\u00c9l\u00e9gant si\u00e8ge pliant fabriqu\u00e9 avec des mat\u00e9riaux nobles. Si\u00e8ges acoustiques pour th\u00e9\u00e2tres, auditoriums, salles d\u2019entreprise et centres de congr\u00e8s. Fix\u00e9.\" \/>\n<meta property=\"og:url\" content=\"https:\/\/figueras.com\/fr\/siege\/5072\/\" \/>\n<meta property=\"og:site_name\" content=\"Figueras Seating\" \/>\n<meta property=\"article:modified_time\" content=\"2024-07-04T19:34:49+00:00\" \/>\n<meta property=\"og:image\" content=\"https:\/\/figueras.com\/wp-content\/uploads\/2023\/11\/Minispace-5072_w00.webp\" \/>\n\t<meta property=\"og:image:width\" content=\"610\" \/>\n\t<meta property=\"og:image:height\" content=\"810\" \/>\n\t<meta property=\"og:image:type\" content=\"image\/webp\" \/>\n<meta name=\"twitter:card\" content=\"summary_large_image\" \/>\n<meta name=\"twitter:label1\" content=\"Dur\u00e9e de lecture estim\u00e9e\" \/>\n\t<meta name=\"twitter:data1\" content=\"2 minutes\" \/>\n<script type=\"application\/ld+json\" class=\"yoast-schema-graph\">{\"@context\":\"https:\\\/\\\/schema.org\",\"@graph\":[{\"@type\":\"WebPage\",\"@id\":\"https:\\\/\\\/figueras.com\\\/fr\\\/siege\\\/5072\\\/\",\"url\":\"https:\\\/\\\/figueras.com\\\/fr\\\/siege\\\/5072\\\/\",\"name\":\"Minispace 5072 - Figueras Seating (FR)\",\"isPartOf\":{\"@id\":\"https:\\\/\\\/figueras.com\\\/fr\\\/#website\"},\"primaryImageOfPage\":{\"@id\":\"https:\\\/\\\/figueras.com\\\/fr\\\/siege\\\/5072\\\/#primaryimage\"},\"image\":{\"@id\":\"https:\\\/\\\/figueras.com\\\/fr\\\/siege\\\/5072\\\/#primaryimage\"},\"thumbnailUrl\":\"https:\\\/\\\/figueras.com\\\/wp-content\\\/uploads\\\/2023\\\/11\\\/Minispace-5072_w00.webp\",\"datePublished\":\"2023-11-01T09:45:54+00:00\",\"dateModified\":\"2024-07-04T19:34:49+00:00\",\"description\":\"\u00c9l\u00e9gant si\u00e8ge pliant fabriqu\u00e9 avec des mat\u00e9riaux nobles. Si\u00e8ges acoustiques pour th\u00e9\u00e2tres, auditoriums, salles d\u2019entreprise et centres de congr\u00e8s. Fix\u00e9.\",\"breadcrumb\":{\"@id\":\"https:\\\/\\\/figueras.com\\\/fr\\\/siege\\\/5072\\\/#breadcrumb\"},\"inLanguage\":\"fr-FR\",\"potentialAction\":[{\"@type\":\"ReadAction\",\"target\":[\"https:\\\/\\\/figueras.com\\\/fr\\\/siege\\\/5072\\\/\"]}]},{\"@type\":\"ImageObject\",\"inLanguage\":\"fr-FR\",\"@id\":\"https:\\\/\\\/figueras.com\\\/fr\\\/siege\\\/5072\\\/#primaryimage\",\"url\":\"https:\\\/\\\/figueras.com\\\/wp-content\\\/uploads\\\/2023\\\/11\\\/Minispace-5072_w00.webp\",\"contentUrl\":\"https:\\\/\\\/figueras.com\\\/wp-content\\\/uploads\\\/2023\\\/11\\\/Minispace-5072_w00.webp\",\"width\":610,\"height\":810,\"caption\":\"Minispace 5072\"},{\"@type\":\"BreadcrumbList\",\"@id\":\"https:\\\/\\\/figueras.com\\\/fr\\\/siege\\\/5072\\\/#breadcrumb\",\"itemListElement\":[{\"@type\":\"ListItem\",\"position\":1,\"name\":\"Home\",\"item\":\"https:\\\/\\\/figueras.com\\\/fr\\\/\"},{\"@type\":\"ListItem\",\"position\":2,\"name\":\"Produits\",\"item\":\"https:\\\/\\\/figueras.com\\\/fr\\\/shop\\\/\"},{\"@type\":\"ListItem\",\"position\":3,\"name\":\"Minispace 5072\"}]},{\"@type\":\"WebSite\",\"@id\":\"https:\\\/\\\/figueras.com\\\/fr\\\/#website\",\"url\":\"https:\\\/\\\/figueras.com\\\/fr\\\/\",\"name\":\"Figueras Seating\",\"description\":\"\",\"publisher\":{\"@id\":\"https:\\\/\\\/figueras.com\\\/fr\\\/#organization\"},\"potentialAction\":[{\"@type\":\"SearchAction\",\"target\":{\"@type\":\"EntryPoint\",\"urlTemplate\":\"https:\\\/\\\/figueras.com\\\/fr\\\/?s={search_term_string}\"},\"query-input\":{\"@type\":\"PropertyValueSpecification\",\"valueRequired\":true,\"valueName\":\"search_term_string\"}}],\"inLanguage\":\"fr-FR\"},{\"@type\":\"Organization\",\"@id\":\"https:\\\/\\\/figueras.com\\\/fr\\\/#organization\",\"name\":\"Figueras International Seating, S.L.U.\",\"alternateName\":\"Figueras Seating\",\"url\":\"https:\\\/\\\/figueras.com\\\/fr\\\/\",\"logo\":{\"@type\":\"ImageObject\",\"inLanguage\":\"fr-FR\",\"@id\":\"https:\\\/\\\/figueras.com\\\/fr\\\/#\\\/schema\\\/logo\\\/image\\\/\",\"url\":\"https:\\\/\\\/figueras.com\\\/wp-content\\\/uploads\\\/2023\\\/04\\\/figueraslogoheader.png\",\"contentUrl\":\"https:\\\/\\\/figueras.com\\\/wp-content\\\/uploads\\\/2023\\\/04\\\/figueraslogoheader.png\",\"width\":739,\"height\":127,\"caption\":\"Figueras International Seating, S.L.U.\"},\"image\":{\"@id\":\"https:\\\/\\\/figueras.com\\\/fr\\\/#\\\/schema\\\/logo\\\/image\\\/\"},\"sameAs\":[\"https:\\\/\\\/www.linkedin.com\\\/company\\\/figuerasseating\\\/\",\"https:\\\/\\\/www.instagram.com\\\/figueras.seating\\\/\",\"https:\\\/\\\/vimeo.com\\\/figuerasseating\",\"https:\\\/\\\/es.pinterest.com\\\/figuerasint\\\/\"]}]}<\/script>\n<!-- \/ Yoast SEO plugin. -->","yoast_head_json":{"title":"Minispace 5072 - Figueras Seating (FR)","description":"\u00c9l\u00e9gant si\u00e8ge pliant fabriqu\u00e9 avec des mat\u00e9riaux nobles. Si\u00e8ges acoustiques pour th\u00e9\u00e2tres, auditoriums, salles d\u2019entreprise et centres de congr\u00e8s. Fix\u00e9.","robots":{"index":"index","follow":"follow","max-snippet":"max-snippet:-1","max-image-preview":"max-image-preview:large","max-video-preview":"max-video-preview:-1"},"canonical":"https:\/\/figueras.com\/fr\/siege\/5072\/","og_locale":"fr_FR","og_type":"article","og_title":"Minispace 5072 - Figueras Seating (FR)","og_description":"\u00c9l\u00e9gant si\u00e8ge pliant fabriqu\u00e9 avec des mat\u00e9riaux nobles. Si\u00e8ges acoustiques pour th\u00e9\u00e2tres, auditoriums, salles d\u2019entreprise et centres de congr\u00e8s. Fix\u00e9.","og_url":"https:\/\/figueras.com\/fr\/siege\/5072\/","og_site_name":"Figueras Seating","article_modified_time":"2024-07-04T19:34:49+00:00","og_image":[{"width":610,"height":810,"url":"https:\/\/figueras.com\/wp-content\/uploads\/2023\/11\/Minispace-5072_w00.webp","type":"image\/webp"}],"twitter_card":"summary_large_image","twitter_misc":{"Dur\u00e9e de lecture estim\u00e9e":"2 minutes"},"schema":{"@context":"https:\/\/schema.org","@graph":[{"@type":"WebPage","@id":"https:\/\/figueras.com\/fr\/siege\/5072\/","url":"https:\/\/figueras.com\/fr\/siege\/5072\/","name":"Minispace 5072 - Figueras Seating (FR)","isPartOf":{"@id":"https:\/\/figueras.com\/fr\/#website"},"primaryImageOfPage":{"@id":"https:\/\/figueras.com\/fr\/siege\/5072\/#primaryimage"},"image":{"@id":"https:\/\/figueras.com\/fr\/siege\/5072\/#primaryimage"},"thumbnailUrl":"https:\/\/figueras.com\/wp-content\/uploads\/2023\/11\/Minispace-5072_w00.webp","datePublished":"2023-11-01T09:45:54+00:00","dateModified":"2024-07-04T19:34:49+00:00","description":"\u00c9l\u00e9gant si\u00e8ge pliant fabriqu\u00e9 avec des mat\u00e9riaux nobles. Si\u00e8ges acoustiques pour th\u00e9\u00e2tres, auditoriums, salles d\u2019entreprise et centres de congr\u00e8s. Fix\u00e9.","breadcrumb":{"@id":"https:\/\/figueras.com\/fr\/siege\/5072\/#breadcrumb"},"inLanguage":"fr-FR","potentialAction":[{"@type":"ReadAction","target":["https:\/\/figueras.com\/fr\/siege\/5072\/"]}]},{"@type":"ImageObject","inLanguage":"fr-FR","@id":"https:\/\/figueras.com\/fr\/siege\/5072\/#primaryimage","url":"https:\/\/figueras.com\/wp-content\/uploads\/2023\/11\/Minispace-5072_w00.webp","contentUrl":"https:\/\/figueras.com\/wp-content\/uploads\/2023\/11\/Minispace-5072_w00.webp","width":610,"height":810,"caption":"Minispace 5072"},{"@type":"BreadcrumbList","@id":"https:\/\/figueras.com\/fr\/siege\/5072\/#breadcrumb","itemListElement":[{"@type":"ListItem","position":1,"name":"Home","item":"https:\/\/figueras.com\/fr\/"},{"@type":"ListItem","position":2,"name":"Produits","item":"https:\/\/figueras.com\/fr\/shop\/"},{"@type":"ListItem","position":3,"name":"Minispace 5072"}]},{"@type":"WebSite","@id":"https:\/\/figueras.com\/fr\/#website","url":"https:\/\/figueras.com\/fr\/","name":"Figueras Seating","description":"","publisher":{"@id":"https:\/\/figueras.com\/fr\/#organization"},"potentialAction":[{"@type":"SearchAction","target":{"@type":"EntryPoint","urlTemplate":"https:\/\/figueras.com\/fr\/?s={search_term_string}"},"query-input":{"@type":"PropertyValueSpecification","valueRequired":true,"valueName":"search_term_string"}}],"inLanguage":"fr-FR"},{"@type":"Organization","@id":"https:\/\/figueras.com\/fr\/#organization","name":"Figueras International Seating, S.L.U.","alternateName":"Figueras Seating","url":"https:\/\/figueras.com\/fr\/","logo":{"@type":"ImageObject","inLanguage":"fr-FR","@id":"https:\/\/figueras.com\/fr\/#\/schema\/logo\/image\/","url":"https:\/\/figueras.com\/wp-content\/uploads\/2023\/04\/figueraslogoheader.png","contentUrl":"https:\/\/figueras.com\/wp-content\/uploads\/2023\/04\/figueraslogoheader.png","width":739,"height":127,"caption":"Figueras International Seating, S.L.U."},"image":{"@id":"https:\/\/figueras.com\/fr\/#\/schema\/logo\/image\/"},"sameAs":["https:\/\/www.linkedin.com\/company\/figuerasseating\/","https:\/\/www.instagram.com\/figueras.seating\/","https:\/\/vimeo.com\/figuerasseating","https:\/\/es.pinterest.com\/figuerasint\/"]}]}},"_links":{"self":[{"href":"https:\/\/figueras.com\/fr\/wp-json\/wp\/v2\/product\/23803","targetHints":{"allow":["GET"]}}],"collection":[{"href":"https:\/\/figueras.com\/fr\/wp-json\/wp\/v2\/product"}],"about":[{"href":"https:\/\/figueras.com\/fr\/wp-json\/wp\/v2\/types\/product"}],"version-history":[{"count":0,"href":"https:\/\/figueras.com\/fr\/wp-json\/wp\/v2\/product\/23803\/revisions"}],"wp:featuredmedia":[{"embeddable":true,"href":"https:\/\/figueras.com\/fr\/wp-json\/wp\/v2\/media\/45006"}],"wp:attachment":[{"href":"https:\/\/figueras.com\/fr\/wp-json\/wp\/v2\/media?parent=23803"}],"wp:term":[{"taxonomy":"designer_tag","embeddable":true,"href":"https:\/\/figueras.com\/fr\/wp-json\/wp\/v2\/designer_tag?post=23803"},{"taxonomy":"system_rel_tag","embeddable":true,"href":"https:\/\/figueras.com\/fr\/wp-json\/wp\/v2\/system_rel_tag?post=23803"},{"taxonomy":"product_brand","embeddable":true,"href":"https:\/\/figueras.com\/fr\/wp-json\/wp\/v2\/product_brand?post=23803"},{"taxonomy":"product_cat","embeddable":true,"href":"https:\/\/figueras.com\/fr\/wp-json\/wp\/v2\/product_cat?post=23803"},{"taxonomy":"product_tag","embeddable":true,"href":"https:\/\/figueras.com\/fr\/wp-json\/wp\/v2\/product_tag?post=23803"}],"curies":[{"name":"wp","href":"https:\/\/api.w.org\/{rel}","templated":true}]}}