{"id":23801,"date":"2023-11-01T10:46:54","date_gmt":"2023-11-01T09:46:54","guid":{"rendered":"http:\/\/figueras.com\/seating\/5071\/"},"modified":"2026-04-14T17:35:40","modified_gmt":"2026-04-14T15:35:40","slug":"5071","status":"publish","type":"product","link":"https:\/\/figueras.com\/fr\/siege\/5071\/","title":{"rendered":"Minispace 5071"},"content":{"rendered":"<p style=\"text-align: justify;\"><strong>Le Minispace 5071 est un \u00e9l\u00e9gant si\u00e8ge pliant avec des finitions en bois de h\u00eatre sp\u00e9cialement con\u00e7u pour \u00eatre utilis\u00e9 dans les centres de conf\u00e9rence, les auditoriums, les salles d&rsquo;entreprise et les centres d&rsquo;arts du spectacle.\u00a0 Sa conception, ainsi que les mat\u00e9riaux sp\u00e9ciaux utilis\u00e9s, lui conf\u00e8rent une excellente acoustique.<\/strong><\/p>\n<p style=\"text-align: justify;\">Ce si\u00e8ge mont\u00e9 sur une barre est dot\u00e9 d&rsquo;un syst\u00e8me de pliage qui consiste \u00e0 faire tourner le si\u00e8ge et \u00e0 faire avancer le dossier jusqu&rsquo;\u00e0 ce que les deux soient compl\u00e8tement \u00e0 plat l&rsquo;un contre l&rsquo;autre. Une fois le si\u00e8ge repli\u00e9, la profondeur n&rsquo;est plus que de 20 cm, ce qui permet d&rsquo;optimiser au maximum l&rsquo;espace.<\/p>\n<p style=\"text-align: justify;\">Le m\u00e9canisme de pliage est dot\u00e9 d&rsquo;un syst\u00e8me de technologie de mont\u00e9e qui \u00e9vite les bruits ou les coups lorsque le si\u00e8ge est inoccup\u00e9. Le pliage repose sur la gravit\u00e9, ce qui permet d&rsquo;obtenir une grande durabilit\u00e9 et un entretien minimal.<\/p>\n<p style=\"text-align: justify;\">Le si\u00e8ge est compos\u00e9 d&rsquo;une mousse de polyur\u00e9thane\u00a0 \u00e0 cellules ouvertes tapiss\u00e9e, facilement interchangeable, fix\u00e9e \u00e0 une coque en contreplaqu\u00e9 de h\u00eatre verni de 13 cm d&rsquo;\u00e9paisseur.<\/p>\n<p style=\"text-align: justify;\">A l&rsquo;arri\u00e8re du si\u00e8ge, une planche de h\u00eatre fait office de dossier et de protecteur d&rsquo;assise.<\/p>\n<p style=\"text-align: justify;\">Les accoudoirs sont en h\u00eatre et pivotent de mani\u00e8re synchronis\u00e9e avec le mouvement de pliage du dossier et de l&rsquo;assise.<\/p>\n","protected":false},"excerpt":{"rendered":"<p>[wpdm_package id=&rsquo;24328&prime;]<\/p>\n<p>[wpdm_package id=&rsquo;7039&prime;]<\/p>\n<p>[wpdm_package id=&rsquo;7045&prime;]<\/p>\n","protected":false},"featured_media":44987,"template":"","meta":{"_acf_changed":false,"content-type":""},"designer_tag":[],"system_rel_tag":[444,447,448,450],"product_cat":[189,190,178,191,180,220,181,182,183,184,185,187,188],"product_tag":[502,508,511],"class_list":{"0":"post-23801","1":"product","2":"type-product","3":"status-publish","4":"has-post-thumbnail","6":"system_rel_tag-mutarail-seating-system-fr","7":"system_rel_tag-retractable-seating-system-fr","8":"system_rel_tag-mutasub-seating-system-fr","9":"system_rel_tag-mutawheel-seating-system-fr","10":"product_cat-seats-for-universities-and-schools-fr","11":"product_cat-seats-for-worship-and-religious-centres-fr","12":"product_cat-education-fr","13":"product_cat-theatre-fr","14":"product_cat-publicum-fr","15":"product_cat-minispace-fr","16":"product_cat-seats-for-auditorium-and-conference-rooms-fr","17":"product_cat-seats-for-congress-centres-fr","18":"product_cat-seats-for-corporate-rooms-fr","19":"product_cat-seats-for-cruise-ships-and-ferries-fr","20":"product_cat-seats-for-multi-purpose-spaces-fr","21":"product_cat-seats-for-performing-arts-centres-fr","22":"product_cat-seats-for-theatres-fr","23":"product_tag-education-fr","24":"product_tag-theatre-fr","25":"product_tag-publicum-fr","27":"first","28":"instock","29":"downloadable","30":"virtual","31":"product-type-simple"},"acf":[],"yoast_head":"<!-- This site is optimized with the Yoast SEO plugin v27.4 - https:\/\/yoast.com\/product\/yoast-seo-wordpress\/ -->\n<title>Minispace 5071 - Figueras Seating (FR)<\/title>\n<meta name=\"description\" content=\"Si\u00e8ge pliant, \u00e9l\u00e9gant, pour les centres de conf\u00e9rence, auditoriums, salles d\u2019entreprise et les salles de spectacle. Si\u00e8ges adapt\u00e9s \u00e0 l\u2019acoustique. Fix\u00e9.\" \/>\n<meta name=\"robots\" content=\"index, follow, max-snippet:-1, max-image-preview:large, max-video-preview:-1\" \/>\n<link rel=\"canonical\" href=\"https:\/\/figueras.com\/fr\/siege\/5071\/\" \/>\n<meta property=\"og:locale\" content=\"fr_FR\" \/>\n<meta property=\"og:type\" content=\"article\" \/>\n<meta property=\"og:title\" content=\"Minispace 5071 - Figueras Seating (FR)\" \/>\n<meta property=\"og:description\" content=\"Si\u00e8ge pliant, \u00e9l\u00e9gant, pour les centres de conf\u00e9rence, auditoriums, salles d\u2019entreprise et les salles de spectacle. Si\u00e8ges adapt\u00e9s \u00e0 l\u2019acoustique. Fix\u00e9.\" \/>\n<meta property=\"og:url\" content=\"https:\/\/figueras.com\/fr\/siege\/5071\/\" \/>\n<meta property=\"og:site_name\" content=\"Figueras Seating\" \/>\n<meta property=\"article:modified_time\" content=\"2026-04-14T15:35:40+00:00\" \/>\n<meta property=\"og:image\" content=\"https:\/\/figueras.com\/wp-content\/uploads\/2023\/11\/Minispace-5071_w00.webp\" \/>\n\t<meta property=\"og:image:width\" content=\"610\" \/>\n\t<meta property=\"og:image:height\" content=\"810\" \/>\n\t<meta property=\"og:image:type\" content=\"image\/webp\" \/>\n<meta name=\"twitter:card\" content=\"summary_large_image\" \/>\n<meta name=\"twitter:label1\" content=\"Dur\u00e9e de lecture estim\u00e9e\" \/>\n\t<meta name=\"twitter:data1\" content=\"2 minutes\" \/>\n<script type=\"application\/ld+json\" class=\"yoast-schema-graph\">{\"@context\":\"https:\\\/\\\/schema.org\",\"@graph\":[{\"@type\":\"WebPage\",\"@id\":\"https:\\\/\\\/figueras.com\\\/fr\\\/siege\\\/5071\\\/\",\"url\":\"https:\\\/\\\/figueras.com\\\/fr\\\/siege\\\/5071\\\/\",\"name\":\"Minispace 5071 - Figueras Seating (FR)\",\"isPartOf\":{\"@id\":\"https:\\\/\\\/figueras.com\\\/fr\\\/#website\"},\"primaryImageOfPage\":{\"@id\":\"https:\\\/\\\/figueras.com\\\/fr\\\/siege\\\/5071\\\/#primaryimage\"},\"image\":{\"@id\":\"https:\\\/\\\/figueras.com\\\/fr\\\/siege\\\/5071\\\/#primaryimage\"},\"thumbnailUrl\":\"https:\\\/\\\/figueras.com\\\/wp-content\\\/uploads\\\/2023\\\/11\\\/Minispace-5071_w00.webp\",\"datePublished\":\"2023-11-01T09:46:54+00:00\",\"dateModified\":\"2026-04-14T15:35:40+00:00\",\"description\":\"Si\u00e8ge pliant, \u00e9l\u00e9gant, pour les centres de conf\u00e9rence, auditoriums, salles d\u2019entreprise et les salles de spectacle. Si\u00e8ges adapt\u00e9s \u00e0 l\u2019acoustique. Fix\u00e9.\",\"breadcrumb\":{\"@id\":\"https:\\\/\\\/figueras.com\\\/fr\\\/siege\\\/5071\\\/#breadcrumb\"},\"inLanguage\":\"fr-FR\",\"potentialAction\":[{\"@type\":\"ReadAction\",\"target\":[\"https:\\\/\\\/figueras.com\\\/fr\\\/siege\\\/5071\\\/\"]}]},{\"@type\":\"ImageObject\",\"inLanguage\":\"fr-FR\",\"@id\":\"https:\\\/\\\/figueras.com\\\/fr\\\/siege\\\/5071\\\/#primaryimage\",\"url\":\"https:\\\/\\\/figueras.com\\\/wp-content\\\/uploads\\\/2023\\\/11\\\/Minispace-5071_w00.webp\",\"contentUrl\":\"https:\\\/\\\/figueras.com\\\/wp-content\\\/uploads\\\/2023\\\/11\\\/Minispace-5071_w00.webp\",\"width\":610,\"height\":810,\"caption\":\"Minispace 5071\"},{\"@type\":\"BreadcrumbList\",\"@id\":\"https:\\\/\\\/figueras.com\\\/fr\\\/siege\\\/5071\\\/#breadcrumb\",\"itemListElement\":[{\"@type\":\"ListItem\",\"position\":1,\"name\":\"Home\",\"item\":\"https:\\\/\\\/figueras.com\\\/fr\\\/\"},{\"@type\":\"ListItem\",\"position\":2,\"name\":\"Produits\",\"item\":\"https:\\\/\\\/figueras.com\\\/fr\\\/shop\\\/\"},{\"@type\":\"ListItem\",\"position\":3,\"name\":\"Minispace 5071\"}]},{\"@type\":\"WebSite\",\"@id\":\"https:\\\/\\\/figueras.com\\\/fr\\\/#website\",\"url\":\"https:\\\/\\\/figueras.com\\\/fr\\\/\",\"name\":\"Figueras Seating\",\"description\":\"\",\"publisher\":{\"@id\":\"https:\\\/\\\/figueras.com\\\/fr\\\/#organization\"},\"potentialAction\":[{\"@type\":\"SearchAction\",\"target\":{\"@type\":\"EntryPoint\",\"urlTemplate\":\"https:\\\/\\\/figueras.com\\\/fr\\\/?s={search_term_string}\"},\"query-input\":{\"@type\":\"PropertyValueSpecification\",\"valueRequired\":true,\"valueName\":\"search_term_string\"}}],\"inLanguage\":\"fr-FR\"},{\"@type\":\"Organization\",\"@id\":\"https:\\\/\\\/figueras.com\\\/fr\\\/#organization\",\"name\":\"Figueras International Seating, S.L.U.\",\"alternateName\":\"Figueras Seating\",\"url\":\"https:\\\/\\\/figueras.com\\\/fr\\\/\",\"logo\":{\"@type\":\"ImageObject\",\"inLanguage\":\"fr-FR\",\"@id\":\"https:\\\/\\\/figueras.com\\\/fr\\\/#\\\/schema\\\/logo\\\/image\\\/\",\"url\":\"https:\\\/\\\/figueras.com\\\/wp-content\\\/uploads\\\/2023\\\/04\\\/figueraslogoheader.png\",\"contentUrl\":\"https:\\\/\\\/figueras.com\\\/wp-content\\\/uploads\\\/2023\\\/04\\\/figueraslogoheader.png\",\"width\":739,\"height\":127,\"caption\":\"Figueras International Seating, S.L.U.\"},\"image\":{\"@id\":\"https:\\\/\\\/figueras.com\\\/fr\\\/#\\\/schema\\\/logo\\\/image\\\/\"},\"sameAs\":[\"https:\\\/\\\/www.linkedin.com\\\/company\\\/figuerasseating\\\/\",\"https:\\\/\\\/www.instagram.com\\\/figueras.seating\\\/\",\"https:\\\/\\\/vimeo.com\\\/figuerasseating\",\"https:\\\/\\\/es.pinterest.com\\\/figuerasint\\\/\"]}]}<\/script>\n<!-- \/ Yoast SEO plugin. -->","yoast_head_json":{"title":"Minispace 5071 - Figueras Seating (FR)","description":"Si\u00e8ge pliant, \u00e9l\u00e9gant, pour les centres de conf\u00e9rence, auditoriums, salles d\u2019entreprise et les salles de spectacle. Si\u00e8ges adapt\u00e9s \u00e0 l\u2019acoustique. Fix\u00e9.","robots":{"index":"index","follow":"follow","max-snippet":"max-snippet:-1","max-image-preview":"max-image-preview:large","max-video-preview":"max-video-preview:-1"},"canonical":"https:\/\/figueras.com\/fr\/siege\/5071\/","og_locale":"fr_FR","og_type":"article","og_title":"Minispace 5071 - Figueras Seating (FR)","og_description":"Si\u00e8ge pliant, \u00e9l\u00e9gant, pour les centres de conf\u00e9rence, auditoriums, salles d\u2019entreprise et les salles de spectacle. Si\u00e8ges adapt\u00e9s \u00e0 l\u2019acoustique. Fix\u00e9.","og_url":"https:\/\/figueras.com\/fr\/siege\/5071\/","og_site_name":"Figueras Seating","article_modified_time":"2026-04-14T15:35:40+00:00","og_image":[{"width":610,"height":810,"url":"https:\/\/figueras.com\/wp-content\/uploads\/2023\/11\/Minispace-5071_w00.webp","type":"image\/webp"}],"twitter_card":"summary_large_image","twitter_misc":{"Dur\u00e9e de lecture estim\u00e9e":"2 minutes"},"schema":{"@context":"https:\/\/schema.org","@graph":[{"@type":"WebPage","@id":"https:\/\/figueras.com\/fr\/siege\/5071\/","url":"https:\/\/figueras.com\/fr\/siege\/5071\/","name":"Minispace 5071 - Figueras Seating (FR)","isPartOf":{"@id":"https:\/\/figueras.com\/fr\/#website"},"primaryImageOfPage":{"@id":"https:\/\/figueras.com\/fr\/siege\/5071\/#primaryimage"},"image":{"@id":"https:\/\/figueras.com\/fr\/siege\/5071\/#primaryimage"},"thumbnailUrl":"https:\/\/figueras.com\/wp-content\/uploads\/2023\/11\/Minispace-5071_w00.webp","datePublished":"2023-11-01T09:46:54+00:00","dateModified":"2026-04-14T15:35:40+00:00","description":"Si\u00e8ge pliant, \u00e9l\u00e9gant, pour les centres de conf\u00e9rence, auditoriums, salles d\u2019entreprise et les salles de spectacle. Si\u00e8ges adapt\u00e9s \u00e0 l\u2019acoustique. Fix\u00e9.","breadcrumb":{"@id":"https:\/\/figueras.com\/fr\/siege\/5071\/#breadcrumb"},"inLanguage":"fr-FR","potentialAction":[{"@type":"ReadAction","target":["https:\/\/figueras.com\/fr\/siege\/5071\/"]}]},{"@type":"ImageObject","inLanguage":"fr-FR","@id":"https:\/\/figueras.com\/fr\/siege\/5071\/#primaryimage","url":"https:\/\/figueras.com\/wp-content\/uploads\/2023\/11\/Minispace-5071_w00.webp","contentUrl":"https:\/\/figueras.com\/wp-content\/uploads\/2023\/11\/Minispace-5071_w00.webp","width":610,"height":810,"caption":"Minispace 5071"},{"@type":"BreadcrumbList","@id":"https:\/\/figueras.com\/fr\/siege\/5071\/#breadcrumb","itemListElement":[{"@type":"ListItem","position":1,"name":"Home","item":"https:\/\/figueras.com\/fr\/"},{"@type":"ListItem","position":2,"name":"Produits","item":"https:\/\/figueras.com\/fr\/shop\/"},{"@type":"ListItem","position":3,"name":"Minispace 5071"}]},{"@type":"WebSite","@id":"https:\/\/figueras.com\/fr\/#website","url":"https:\/\/figueras.com\/fr\/","name":"Figueras Seating","description":"","publisher":{"@id":"https:\/\/figueras.com\/fr\/#organization"},"potentialAction":[{"@type":"SearchAction","target":{"@type":"EntryPoint","urlTemplate":"https:\/\/figueras.com\/fr\/?s={search_term_string}"},"query-input":{"@type":"PropertyValueSpecification","valueRequired":true,"valueName":"search_term_string"}}],"inLanguage":"fr-FR"},{"@type":"Organization","@id":"https:\/\/figueras.com\/fr\/#organization","name":"Figueras International Seating, S.L.U.","alternateName":"Figueras Seating","url":"https:\/\/figueras.com\/fr\/","logo":{"@type":"ImageObject","inLanguage":"fr-FR","@id":"https:\/\/figueras.com\/fr\/#\/schema\/logo\/image\/","url":"https:\/\/figueras.com\/wp-content\/uploads\/2023\/04\/figueraslogoheader.png","contentUrl":"https:\/\/figueras.com\/wp-content\/uploads\/2023\/04\/figueraslogoheader.png","width":739,"height":127,"caption":"Figueras International Seating, S.L.U."},"image":{"@id":"https:\/\/figueras.com\/fr\/#\/schema\/logo\/image\/"},"sameAs":["https:\/\/www.linkedin.com\/company\/figuerasseating\/","https:\/\/www.instagram.com\/figueras.seating\/","https:\/\/vimeo.com\/figuerasseating","https:\/\/es.pinterest.com\/figuerasint\/"]}]}},"_links":{"self":[{"href":"https:\/\/figueras.com\/fr\/wp-json\/wp\/v2\/product\/23801","targetHints":{"allow":["GET"]}}],"collection":[{"href":"https:\/\/figueras.com\/fr\/wp-json\/wp\/v2\/product"}],"about":[{"href":"https:\/\/figueras.com\/fr\/wp-json\/wp\/v2\/types\/product"}],"version-history":[{"count":1,"href":"https:\/\/figueras.com\/fr\/wp-json\/wp\/v2\/product\/23801\/revisions"}],"predecessor-version":[{"id":50524,"href":"https:\/\/figueras.com\/fr\/wp-json\/wp\/v2\/product\/23801\/revisions\/50524"}],"wp:featuredmedia":[{"embeddable":true,"href":"https:\/\/figueras.com\/fr\/wp-json\/wp\/v2\/media\/44987"}],"wp:attachment":[{"href":"https:\/\/figueras.com\/fr\/wp-json\/wp\/v2\/media?parent=23801"}],"wp:term":[{"taxonomy":"designer_tag","embeddable":true,"href":"https:\/\/figueras.com\/fr\/wp-json\/wp\/v2\/designer_tag?post=23801"},{"taxonomy":"system_rel_tag","embeddable":true,"href":"https:\/\/figueras.com\/fr\/wp-json\/wp\/v2\/system_rel_tag?post=23801"},{"taxonomy":"product_cat","embeddable":true,"href":"https:\/\/figueras.com\/fr\/wp-json\/wp\/v2\/product_cat?post=23801"},{"taxonomy":"product_tag","embeddable":true,"href":"https:\/\/figueras.com\/fr\/wp-json\/wp\/v2\/product_tag?post=23801"}],"curies":[{"name":"wp","href":"https:\/\/api.w.org\/{rel}","templated":true}]}}