{"id":23799,"date":"2023-11-01T10:47:54","date_gmt":"2023-11-01T09:47:54","guid":{"rendered":"http:\/\/figueras.com\/seating\/5069\/"},"modified":"2025-05-22T13:46:26","modified_gmt":"2025-05-22T11:46:26","slug":"5069","status":"publish","type":"product","link":"https:\/\/figueras.com\/fr\/siege\/5069\/","title":{"rendered":"Minispace 5069"},"content":{"rendered":"<p style=\"text-align: justify;\"><strong>Le Minispace 5069 est un si\u00e8ge compact qui se d\u00e9marque par son \u00e9l\u00e9gance et son esth\u00e9tisme. Ce si\u00e8ge est une solution optimale pour des centres de conf\u00e9rences, des auditoriums, des salles de r\u00e9union et des espaces VIP de stades et ar\u00e8nes.<\/strong><\/p>\n<p style=\"text-align: justify;\">Ce fauteuil mont\u00e9 sur poutre est \u00e9quip\u00e9 d&rsquo;un syst\u00e8me pliant qui se compose d&rsquo;une assise rotative et d&rsquo;un dossier se relevant jusqu&rsquo;\u00e0 ce que les deux parties reposent totalement l&rsquo;une contre l&rsquo;autre. Une fois le fauteuil pli\u00e9, la profondeur est de seulement 24 cm, ce qui permet une optimisation maximale de l&rsquo;espace.<\/p>\n<p style=\"text-align: justify;\">Le m\u00e9canisme de pliage est \u00e9quip\u00e9 du syst\u00e8me Controlled Soft Rise Technology qui \u00e9vite le bruit ou les coups lorsque le fauteuil n&rsquo;est plus occup\u00e9. Le m\u00e9canisme de pliage est produit par gravit\u00e9, ce qui lui conf\u00e8re une haute durabilit\u00e9 et une maintenance minimale.<\/p>\n<p style=\"text-align: justify;\">L&rsquo;assise et le dossier se composent de mousse de polyur\u00e9thane moul\u00e9e \u00e0 froid qui recouvre totalement une structure m\u00e9tallique interne. Cette structure se compose d&rsquo;un cadre tubulaire incurv\u00e9 et d&rsquo;une trame de ressorts plats. Les blocs de mousse de polyur\u00e9thane sont recouverts d&rsquo;une housse en tissu facilement interchangeable, avec un syst\u00e8me de fermeture \u00e9clair.<\/p>\n<p style=\"text-align: justify;\">Les coussins sont prot\u00e9g\u00e9s par une coque en polyamide pour emp\u00eacher une \u00e9ventuelle d\u00e9t\u00e9rioration due \u00e0 une utilisation intensive quotidienne. Ces coques sont pourvues d&rsquo;orifices \u00e0 l&rsquo;arri\u00e8re qui fournissent une absorption acoustique ad\u00e9quate.<\/p>\n<p style=\"text-align: justify;\">Les accoudoirs sont faits d&rsquo;une structure m\u00e9tallique recouverte d&rsquo;une mousse polyur\u00e9thane int\u00e9grale moul\u00e9e \u00e0 froid semi-rigide. L&rsquo;assise, le dossier et l&rsquo;accoudoir sont soutenus par des c\u00f4t\u00e9s en fonte d&rsquo;aluminium peinte et fix\u00e9s \u00e0 une structure en tube d&rsquo;acier.<\/p>\n","protected":false},"excerpt":{"rendered":"<p>[wpdm_package id=&rsquo;24324&prime;]<\/p>\n<p>[wpdm_package id=&rsquo;7030&prime;]<\/p>\n<p>[wpdm_package id=&rsquo;7031&prime;]<\/p>\n","protected":false},"featured_media":44968,"template":"","meta":{"_acf_changed":false,"content-type":""},"designer_tag":[332],"system_rel_tag":[444,447,448,450],"product_brand":[],"product_cat":[189,190,178,191,180,220,181,182,183,184,185,187,188],"product_tag":[511,502,508],"class_list":{"0":"post-23799","1":"product","2":"type-product","3":"status-publish","4":"has-post-thumbnail","6":"designer_tag-design-center-fr","7":"system_rel_tag-mutarail-seating-system-fr","8":"system_rel_tag-retractable-seating-system-fr","9":"system_rel_tag-mutasub-seating-system-fr","10":"system_rel_tag-mutawheel-seating-system-fr","11":"product_cat-seats-for-universities-and-schools-fr","12":"product_cat-seats-for-worship-and-religious-centres-fr","13":"product_cat-education-fr","14":"product_cat-theatre-fr","15":"product_cat-publicum-fr","16":"product_cat-minispace-fr","17":"product_cat-seats-for-auditorium-and-conference-rooms-fr","18":"product_cat-seats-for-congress-centres-fr","19":"product_cat-seats-for-corporate-rooms-fr","20":"product_cat-seats-for-cruise-ships-and-ferries-fr","21":"product_cat-seats-for-multi-purpose-spaces-fr","22":"product_cat-seats-for-performing-arts-centres-fr","23":"product_cat-seats-for-theatres-fr","24":"product_tag-publicum-fr","25":"product_tag-education-fr","26":"product_tag-theatre-fr","28":"first","29":"instock","30":"downloadable","31":"virtual","32":"product-type-simple"},"acf":[],"yoast_head":"<!-- This site is optimized with the Yoast SEO plugin v27.3 - https:\/\/yoast.com\/product\/yoast-seo-wordpress\/ -->\n<title>Minispace 5069 - Figueras Seating (FR)<\/title>\n<meta name=\"description\" content=\"Si\u00e8ge compact, \u00e9l\u00e9gant et esth\u00e9tique pour les salles de conf\u00e9rence, auditoriums et espaces professionnels. Si\u00e8ge silencieux, rabattable et fix\u00e9.\" \/>\n<meta name=\"robots\" content=\"index, follow, max-snippet:-1, max-image-preview:large, max-video-preview:-1\" \/>\n<link rel=\"canonical\" href=\"https:\/\/figueras.com\/fr\/siege\/5069\/\" \/>\n<meta property=\"og:locale\" content=\"fr_FR\" \/>\n<meta property=\"og:type\" content=\"article\" \/>\n<meta property=\"og:title\" content=\"Minispace 5069 - Figueras Seating (FR)\" \/>\n<meta property=\"og:description\" content=\"Si\u00e8ge compact, \u00e9l\u00e9gant et esth\u00e9tique pour les salles de conf\u00e9rence, auditoriums et espaces professionnels. Si\u00e8ge silencieux, rabattable et fix\u00e9.\" \/>\n<meta property=\"og:url\" content=\"https:\/\/figueras.com\/fr\/siege\/5069\/\" \/>\n<meta property=\"og:site_name\" content=\"Figueras Seating\" \/>\n<meta property=\"article:modified_time\" content=\"2025-05-22T11:46:26+00:00\" \/>\n<meta property=\"og:image\" content=\"https:\/\/figueras.com\/wp-content\/uploads\/2023\/11\/Minispace-5069_w00.webp\" \/>\n\t<meta property=\"og:image:width\" content=\"610\" \/>\n\t<meta property=\"og:image:height\" content=\"810\" \/>\n\t<meta property=\"og:image:type\" content=\"image\/webp\" \/>\n<meta name=\"twitter:card\" content=\"summary_large_image\" \/>\n<meta name=\"twitter:label1\" content=\"Dur\u00e9e de lecture estim\u00e9e\" \/>\n\t<meta name=\"twitter:data1\" content=\"2 minutes\" \/>\n<script type=\"application\/ld+json\" class=\"yoast-schema-graph\">{\"@context\":\"https:\\\/\\\/schema.org\",\"@graph\":[{\"@type\":\"WebPage\",\"@id\":\"https:\\\/\\\/figueras.com\\\/fr\\\/siege\\\/5069\\\/\",\"url\":\"https:\\\/\\\/figueras.com\\\/fr\\\/siege\\\/5069\\\/\",\"name\":\"Minispace 5069 - Figueras Seating (FR)\",\"isPartOf\":{\"@id\":\"https:\\\/\\\/figueras.com\\\/fr\\\/#website\"},\"primaryImageOfPage\":{\"@id\":\"https:\\\/\\\/figueras.com\\\/fr\\\/siege\\\/5069\\\/#primaryimage\"},\"image\":{\"@id\":\"https:\\\/\\\/figueras.com\\\/fr\\\/siege\\\/5069\\\/#primaryimage\"},\"thumbnailUrl\":\"https:\\\/\\\/figueras.com\\\/wp-content\\\/uploads\\\/2023\\\/11\\\/Minispace-5069_w00.webp\",\"datePublished\":\"2023-11-01T09:47:54+00:00\",\"dateModified\":\"2025-05-22T11:46:26+00:00\",\"description\":\"Si\u00e8ge compact, \u00e9l\u00e9gant et esth\u00e9tique pour les salles de conf\u00e9rence, auditoriums et espaces professionnels. Si\u00e8ge silencieux, rabattable et fix\u00e9.\",\"breadcrumb\":{\"@id\":\"https:\\\/\\\/figueras.com\\\/fr\\\/siege\\\/5069\\\/#breadcrumb\"},\"inLanguage\":\"fr-FR\",\"potentialAction\":[{\"@type\":\"ReadAction\",\"target\":[\"https:\\\/\\\/figueras.com\\\/fr\\\/siege\\\/5069\\\/\"]}]},{\"@type\":\"ImageObject\",\"inLanguage\":\"fr-FR\",\"@id\":\"https:\\\/\\\/figueras.com\\\/fr\\\/siege\\\/5069\\\/#primaryimage\",\"url\":\"https:\\\/\\\/figueras.com\\\/wp-content\\\/uploads\\\/2023\\\/11\\\/Minispace-5069_w00.webp\",\"contentUrl\":\"https:\\\/\\\/figueras.com\\\/wp-content\\\/uploads\\\/2023\\\/11\\\/Minispace-5069_w00.webp\",\"width\":610,\"height\":810,\"caption\":\"Minispace 5069\"},{\"@type\":\"BreadcrumbList\",\"@id\":\"https:\\\/\\\/figueras.com\\\/fr\\\/siege\\\/5069\\\/#breadcrumb\",\"itemListElement\":[{\"@type\":\"ListItem\",\"position\":1,\"name\":\"Home\",\"item\":\"https:\\\/\\\/figueras.com\\\/fr\\\/\"},{\"@type\":\"ListItem\",\"position\":2,\"name\":\"Produits\",\"item\":\"https:\\\/\\\/figueras.com\\\/fr\\\/shop\\\/\"},{\"@type\":\"ListItem\",\"position\":3,\"name\":\"Minispace 5069\"}]},{\"@type\":\"WebSite\",\"@id\":\"https:\\\/\\\/figueras.com\\\/fr\\\/#website\",\"url\":\"https:\\\/\\\/figueras.com\\\/fr\\\/\",\"name\":\"Figueras Seating\",\"description\":\"\",\"publisher\":{\"@id\":\"https:\\\/\\\/figueras.com\\\/fr\\\/#organization\"},\"potentialAction\":[{\"@type\":\"SearchAction\",\"target\":{\"@type\":\"EntryPoint\",\"urlTemplate\":\"https:\\\/\\\/figueras.com\\\/fr\\\/?s={search_term_string}\"},\"query-input\":{\"@type\":\"PropertyValueSpecification\",\"valueRequired\":true,\"valueName\":\"search_term_string\"}}],\"inLanguage\":\"fr-FR\"},{\"@type\":\"Organization\",\"@id\":\"https:\\\/\\\/figueras.com\\\/fr\\\/#organization\",\"name\":\"Figueras International Seating, S.L.U.\",\"alternateName\":\"Figueras Seating\",\"url\":\"https:\\\/\\\/figueras.com\\\/fr\\\/\",\"logo\":{\"@type\":\"ImageObject\",\"inLanguage\":\"fr-FR\",\"@id\":\"https:\\\/\\\/figueras.com\\\/fr\\\/#\\\/schema\\\/logo\\\/image\\\/\",\"url\":\"https:\\\/\\\/figueras.com\\\/wp-content\\\/uploads\\\/2023\\\/04\\\/figueraslogoheader.png\",\"contentUrl\":\"https:\\\/\\\/figueras.com\\\/wp-content\\\/uploads\\\/2023\\\/04\\\/figueraslogoheader.png\",\"width\":739,\"height\":127,\"caption\":\"Figueras International Seating, S.L.U.\"},\"image\":{\"@id\":\"https:\\\/\\\/figueras.com\\\/fr\\\/#\\\/schema\\\/logo\\\/image\\\/\"},\"sameAs\":[\"https:\\\/\\\/www.linkedin.com\\\/company\\\/figuerasseating\\\/\",\"https:\\\/\\\/www.instagram.com\\\/figueras.seating\\\/\",\"https:\\\/\\\/vimeo.com\\\/figuerasseating\",\"https:\\\/\\\/es.pinterest.com\\\/figuerasint\\\/\"]}]}<\/script>\n<!-- \/ Yoast SEO plugin. -->","yoast_head_json":{"title":"Minispace 5069 - Figueras Seating (FR)","description":"Si\u00e8ge compact, \u00e9l\u00e9gant et esth\u00e9tique pour les salles de conf\u00e9rence, auditoriums et espaces professionnels. Si\u00e8ge silencieux, rabattable et fix\u00e9.","robots":{"index":"index","follow":"follow","max-snippet":"max-snippet:-1","max-image-preview":"max-image-preview:large","max-video-preview":"max-video-preview:-1"},"canonical":"https:\/\/figueras.com\/fr\/siege\/5069\/","og_locale":"fr_FR","og_type":"article","og_title":"Minispace 5069 - Figueras Seating (FR)","og_description":"Si\u00e8ge compact, \u00e9l\u00e9gant et esth\u00e9tique pour les salles de conf\u00e9rence, auditoriums et espaces professionnels. Si\u00e8ge silencieux, rabattable et fix\u00e9.","og_url":"https:\/\/figueras.com\/fr\/siege\/5069\/","og_site_name":"Figueras Seating","article_modified_time":"2025-05-22T11:46:26+00:00","og_image":[{"width":610,"height":810,"url":"https:\/\/figueras.com\/wp-content\/uploads\/2023\/11\/Minispace-5069_w00.webp","type":"image\/webp"}],"twitter_card":"summary_large_image","twitter_misc":{"Dur\u00e9e de lecture estim\u00e9e":"2 minutes"},"schema":{"@context":"https:\/\/schema.org","@graph":[{"@type":"WebPage","@id":"https:\/\/figueras.com\/fr\/siege\/5069\/","url":"https:\/\/figueras.com\/fr\/siege\/5069\/","name":"Minispace 5069 - Figueras Seating (FR)","isPartOf":{"@id":"https:\/\/figueras.com\/fr\/#website"},"primaryImageOfPage":{"@id":"https:\/\/figueras.com\/fr\/siege\/5069\/#primaryimage"},"image":{"@id":"https:\/\/figueras.com\/fr\/siege\/5069\/#primaryimage"},"thumbnailUrl":"https:\/\/figueras.com\/wp-content\/uploads\/2023\/11\/Minispace-5069_w00.webp","datePublished":"2023-11-01T09:47:54+00:00","dateModified":"2025-05-22T11:46:26+00:00","description":"Si\u00e8ge compact, \u00e9l\u00e9gant et esth\u00e9tique pour les salles de conf\u00e9rence, auditoriums et espaces professionnels. Si\u00e8ge silencieux, rabattable et fix\u00e9.","breadcrumb":{"@id":"https:\/\/figueras.com\/fr\/siege\/5069\/#breadcrumb"},"inLanguage":"fr-FR","potentialAction":[{"@type":"ReadAction","target":["https:\/\/figueras.com\/fr\/siege\/5069\/"]}]},{"@type":"ImageObject","inLanguage":"fr-FR","@id":"https:\/\/figueras.com\/fr\/siege\/5069\/#primaryimage","url":"https:\/\/figueras.com\/wp-content\/uploads\/2023\/11\/Minispace-5069_w00.webp","contentUrl":"https:\/\/figueras.com\/wp-content\/uploads\/2023\/11\/Minispace-5069_w00.webp","width":610,"height":810,"caption":"Minispace 5069"},{"@type":"BreadcrumbList","@id":"https:\/\/figueras.com\/fr\/siege\/5069\/#breadcrumb","itemListElement":[{"@type":"ListItem","position":1,"name":"Home","item":"https:\/\/figueras.com\/fr\/"},{"@type":"ListItem","position":2,"name":"Produits","item":"https:\/\/figueras.com\/fr\/shop\/"},{"@type":"ListItem","position":3,"name":"Minispace 5069"}]},{"@type":"WebSite","@id":"https:\/\/figueras.com\/fr\/#website","url":"https:\/\/figueras.com\/fr\/","name":"Figueras Seating","description":"","publisher":{"@id":"https:\/\/figueras.com\/fr\/#organization"},"potentialAction":[{"@type":"SearchAction","target":{"@type":"EntryPoint","urlTemplate":"https:\/\/figueras.com\/fr\/?s={search_term_string}"},"query-input":{"@type":"PropertyValueSpecification","valueRequired":true,"valueName":"search_term_string"}}],"inLanguage":"fr-FR"},{"@type":"Organization","@id":"https:\/\/figueras.com\/fr\/#organization","name":"Figueras International Seating, S.L.U.","alternateName":"Figueras Seating","url":"https:\/\/figueras.com\/fr\/","logo":{"@type":"ImageObject","inLanguage":"fr-FR","@id":"https:\/\/figueras.com\/fr\/#\/schema\/logo\/image\/","url":"https:\/\/figueras.com\/wp-content\/uploads\/2023\/04\/figueraslogoheader.png","contentUrl":"https:\/\/figueras.com\/wp-content\/uploads\/2023\/04\/figueraslogoheader.png","width":739,"height":127,"caption":"Figueras International Seating, S.L.U."},"image":{"@id":"https:\/\/figueras.com\/fr\/#\/schema\/logo\/image\/"},"sameAs":["https:\/\/www.linkedin.com\/company\/figuerasseating\/","https:\/\/www.instagram.com\/figueras.seating\/","https:\/\/vimeo.com\/figuerasseating","https:\/\/es.pinterest.com\/figuerasint\/"]}]}},"_links":{"self":[{"href":"https:\/\/figueras.com\/fr\/wp-json\/wp\/v2\/product\/23799","targetHints":{"allow":["GET"]}}],"collection":[{"href":"https:\/\/figueras.com\/fr\/wp-json\/wp\/v2\/product"}],"about":[{"href":"https:\/\/figueras.com\/fr\/wp-json\/wp\/v2\/types\/product"}],"version-history":[{"count":0,"href":"https:\/\/figueras.com\/fr\/wp-json\/wp\/v2\/product\/23799\/revisions"}],"wp:featuredmedia":[{"embeddable":true,"href":"https:\/\/figueras.com\/fr\/wp-json\/wp\/v2\/media\/44968"}],"wp:attachment":[{"href":"https:\/\/figueras.com\/fr\/wp-json\/wp\/v2\/media?parent=23799"}],"wp:term":[{"taxonomy":"designer_tag","embeddable":true,"href":"https:\/\/figueras.com\/fr\/wp-json\/wp\/v2\/designer_tag?post=23799"},{"taxonomy":"system_rel_tag","embeddable":true,"href":"https:\/\/figueras.com\/fr\/wp-json\/wp\/v2\/system_rel_tag?post=23799"},{"taxonomy":"product_brand","embeddable":true,"href":"https:\/\/figueras.com\/fr\/wp-json\/wp\/v2\/product_brand?post=23799"},{"taxonomy":"product_cat","embeddable":true,"href":"https:\/\/figueras.com\/fr\/wp-json\/wp\/v2\/product_cat?post=23799"},{"taxonomy":"product_tag","embeddable":true,"href":"https:\/\/figueras.com\/fr\/wp-json\/wp\/v2\/product_tag?post=23799"}],"curies":[{"name":"wp","href":"https:\/\/api.w.org\/{rel}","templated":true}]}}