{"id":23797,"date":"2023-11-01T10:48:54","date_gmt":"2023-11-01T09:48:54","guid":{"rendered":"http:\/\/figueras.com\/seating\/5067\/"},"modified":"2026-04-14T17:21:45","modified_gmt":"2026-04-14T15:21:45","slug":"5067","status":"publish","type":"product","link":"https:\/\/figueras.com\/fr\/siege\/5067\/","title":{"rendered":"Minispace 5067"},"content":{"rendered":"<p style=\"text-align: justify;\"><strong>Le Minispace 5067 est l&rsquo;un de nos fauteuils les plus compacts, un record en termes d&rsquo;optimisation d&rsquo;espace. Ce fauteuil est une solution optimale pour les salles de conf\u00e9rences, les auditoriums, les salles de r\u00e9unions et les espaces VIP des stades et ar\u00e8nes.<\/strong><\/p>\n<p style=\"text-align: justify;\">Ce fauteuil mont\u00e9 sur une barre est \u00e9quip\u00e9 d&rsquo;un syst\u00e8me pliant qui se compose d&rsquo;une assise rotative et d&rsquo;un dossier se relevant jusqu&rsquo;\u00e0 ce que les deux parties reposent totalement l&rsquo;une contre l&rsquo;autre. Une fois le fauteuil pli\u00e9, la profondeur est de seulement 15 cm, ce qui permet une optimisation maximale de l&rsquo;espace.<\/p>\n<p style=\"text-align: justify;\">Le m\u00e9canisme de pliage est \u00e9quip\u00e9 du syst\u00e8me <em>Controlled Soft Rise Technology<\/em> qui \u00e9vite le bruit ou les coups lorsque le fauteuil n&rsquo;est plus occup\u00e9. Le m\u00e9canisme de pliage est produit par gravit\u00e9, ce qui lui conf\u00e8re une haute durabilit\u00e9 et une maintenance minimale.<\/p>\n<p style=\"text-align: justify;\">L&rsquo;assise et le dossier se composent de mousse de polyur\u00e9thane moul\u00e9e \u00e0 froid qui recouvre totalement une structure m\u00e9tallique interne. Cette structure se compose d&rsquo;un cadre tubulaire incurv\u00e9 et d&rsquo;une trame de ressorts plats. Les blocs de mousse de polyur\u00e9thane sont recouverts d&rsquo;une housse en tissu facilement interchangeable, avec un syst\u00e8me de fermeture \u00e9clair.<\/p>\n<p style=\"text-align: justify;\">Les accoudoirs sont faits d&rsquo;une structure m\u00e9tallique recouverte d&rsquo;une mousse polyur\u00e9thane int\u00e9grale moul\u00e9e \u00e0 froid semi-rigide. L&rsquo;assise, le dossier et l&rsquo;accoudoir sont soutenus par des c\u00f4t\u00e9s en fonte d&rsquo;aluminium peinte et fix\u00e9s \u00e0 une structure en tube d&rsquo;acier.<\/p>\n<p>En option, le dossier peut comprendre une finition m\u00e9tallique qui recouvre enti\u00e8rement le dossier afin de prot\u00e9ger le rembourrage contre les dommages dus au frottement. Cette caract\u00e9ristique est tr\u00e8s pratique \u00e0 int\u00e9grer dans les si\u00e8ges qui seront install\u00e9s dans les stades et les ar\u00e8nes.<\/p>\n","protected":false},"excerpt":{"rendered":"<p>[wpdm_package id=&rsquo;24338&prime;]<\/p>\n<p>[wpdm_package id=&rsquo;7077&prime;]<\/p>\n<p>[wpdm_package id=&rsquo;7078&prime;]<\/p>\n","protected":false},"featured_media":44952,"template":"","meta":{"_acf_changed":false,"content-type":""},"designer_tag":[],"system_rel_tag":[444,447,448,450],"product_cat":[191,220,178,221,180,222,181,183,184,185,188,189,190],"product_tag":[511,502,505,508],"class_list":{"0":"post-23797","1":"product","2":"type-product","3":"status-publish","4":"has-post-thumbnail","6":"system_rel_tag-mutarail-seating-system-fr","7":"system_rel_tag-retractable-seating-system-fr","8":"system_rel_tag-mutasub-seating-system-fr","9":"system_rel_tag-mutawheel-seating-system-fr","10":"product_cat-theatre-fr","11":"product_cat-minispace-fr","12":"product_cat-education-fr","13":"product_cat-seats-for-stadiums-and-arenas-fr","14":"product_cat-publicum-fr","15":"product_cat-sports-fr","16":"product_cat-seats-for-auditorium-and-conference-rooms-fr","17":"product_cat-seats-for-corporate-rooms-fr","18":"product_cat-seats-for-cruise-ships-and-ferries-fr","19":"product_cat-seats-for-multi-purpose-spaces-fr","20":"product_cat-seats-for-theatres-fr","21":"product_cat-seats-for-universities-and-schools-fr","22":"product_cat-seats-for-worship-and-religious-centres-fr","23":"product_tag-publicum-fr","24":"product_tag-education-fr","25":"product_tag-sports-fr","26":"product_tag-theatre-fr","28":"first","29":"instock","30":"downloadable","31":"virtual","32":"product-type-simple"},"acf":[],"_links":{"self":[{"href":"https:\/\/figueras.com\/fr\/wp-json\/wp\/v2\/product\/23797","targetHints":{"allow":["GET"]}}],"collection":[{"href":"https:\/\/figueras.com\/fr\/wp-json\/wp\/v2\/product"}],"about":[{"href":"https:\/\/figueras.com\/fr\/wp-json\/wp\/v2\/types\/product"}],"version-history":[{"count":1,"href":"https:\/\/figueras.com\/fr\/wp-json\/wp\/v2\/product\/23797\/revisions"}],"predecessor-version":[{"id":50502,"href":"https:\/\/figueras.com\/fr\/wp-json\/wp\/v2\/product\/23797\/revisions\/50502"}],"wp:featuredmedia":[{"embeddable":true,"href":"https:\/\/figueras.com\/fr\/wp-json\/wp\/v2\/media\/44952"}],"wp:attachment":[{"href":"https:\/\/figueras.com\/fr\/wp-json\/wp\/v2\/media?parent=23797"}],"wp:term":[{"taxonomy":"designer_tag","embeddable":true,"href":"https:\/\/figueras.com\/fr\/wp-json\/wp\/v2\/designer_tag?post=23797"},{"taxonomy":"system_rel_tag","embeddable":true,"href":"https:\/\/figueras.com\/fr\/wp-json\/wp\/v2\/system_rel_tag?post=23797"},{"taxonomy":"product_cat","embeddable":true,"href":"https:\/\/figueras.com\/fr\/wp-json\/wp\/v2\/product_cat?post=23797"},{"taxonomy":"product_tag","embeddable":true,"href":"https:\/\/figueras.com\/fr\/wp-json\/wp\/v2\/product_tag?post=23797"}],"curies":[{"name":"wp","href":"https:\/\/api.w.org\/{rel}","templated":true}]}}