{"id":23795,"date":"2023-11-01T10:49:54","date_gmt":"2023-11-01T09:49:54","guid":{"rendered":"http:\/\/figueras.com\/seating\/5064\/"},"modified":"2026-04-14T17:15:27","modified_gmt":"2026-04-14T15:15:27","slug":"5064","status":"publish","type":"product","link":"https:\/\/figueras.com\/fr\/siege\/5064\/","title":{"rendered":"Minispace 5064"},"content":{"rendered":"<p style=\"text-align: justify;\"><strong>Le Minispace 5064 est un si\u00e8ge confortable qui se distingue par sa taille compacte et son design \u00e9l\u00e9gant. Ce si\u00e8ge est une solution optimale pour les salles de conf\u00e9rence, les auditoriums, les espaces corporatifs et VIP des stades et des ar\u00e8nes.<br \/>\n<\/strong><\/p>\n<p style=\"text-align: justify;\">Ce si\u00e8ge mont\u00e9 sur une barre est dot\u00e9 d&rsquo;un syst\u00e8me de pliage qui consiste \u00e0 faire tourner le si\u00e8ge et \u00e0 faire avancer le dossier jusqu&rsquo;\u00e0 ce que les deux soient compl\u00e8tement \u00e0 plat l&rsquo;un contre l&rsquo;autre. Une fois le si\u00e8ge repli\u00e9, la profondeur n&rsquo;est plus que de 23 cm, ce qui permet d&rsquo;optimiser au maximum l&rsquo;espace.<\/p>\n<p style=\"text-align: justify;\">Le m\u00e9canisme de pliage est dot\u00e9 d&rsquo;un syst\u00e8me de technologie de mont\u00e9e douce (CSRT) qui \u00e9vite le bruit ou les coups lorsque le si\u00e8ge est inoccup\u00e9. Le pliage repose sur la gravit\u00e9, ce qui permet d&rsquo;obtenir une grande durabilit\u00e9 et un entretien minimal.<\/p>\n<p style=\"text-align: justify;\">L&rsquo;assise et le dossier sont constitu\u00e9s de mousse de polyur\u00e9thane moul\u00e9e \u00e0 froid qui recouvre enti\u00e8rement une structure m\u00e9tallique interne. Cette structure est compos\u00e9e d&rsquo;un cadre tubulaire courbe et d&rsquo;un treillis de ressorts plats. Les blocs de mousse de polyur\u00e9thane sont recouverts de housses zipp\u00e9es facilement amovibles.<\/p>\n<p style=\"text-align: justify;\">Les accoudoirs sont constitu\u00e9s d&rsquo;une structure m\u00e9tallique recouverte de mousse de polyur\u00e9thane int\u00e9grale semi-rigide moul\u00e9e \u00e0 froid. L&rsquo;assise, le dossier et l&rsquo;accoudoir sont soutenus par des c\u00f4t\u00e9s en fonte d&rsquo;aluminium peints et fix\u00e9s \u00e0 une structure tubulaire en acier.<\/p>\n","protected":false},"excerpt":{"rendered":"<p>[wpdm_package id=&rsquo;24346&prime;]<\/p>\n<p>[wpdm_package id=&rsquo;7082&prime;]<\/p>\n<p>[wpdm_package id=&rsquo;7083&prime;]<\/p>\n","protected":false},"featured_media":44929,"template":"","meta":{"_acf_changed":false,"content-type":""},"designer_tag":[332],"system_rel_tag":[444,447,448,450],"product_cat":[191,220,178,221,180,222,181,183,184,185,188,189,190],"product_tag":[508,511,502,505],"class_list":{"0":"post-23795","1":"product","2":"type-product","3":"status-publish","4":"has-post-thumbnail","6":"designer_tag-design-center-fr","7":"system_rel_tag-mutarail-seating-system-fr","8":"system_rel_tag-retractable-seating-system-fr","9":"system_rel_tag-mutasub-seating-system-fr","10":"system_rel_tag-mutawheel-seating-system-fr","11":"product_cat-theatre-fr","12":"product_cat-minispace-fr","13":"product_cat-education-fr","14":"product_cat-seats-for-stadiums-and-arenas-fr","15":"product_cat-publicum-fr","16":"product_cat-sports-fr","17":"product_cat-seats-for-auditorium-and-conference-rooms-fr","18":"product_cat-seats-for-corporate-rooms-fr","19":"product_cat-seats-for-cruise-ships-and-ferries-fr","20":"product_cat-seats-for-multi-purpose-spaces-fr","21":"product_cat-seats-for-theatres-fr","22":"product_cat-seats-for-universities-and-schools-fr","23":"product_cat-seats-for-worship-and-religious-centres-fr","24":"product_tag-theatre-fr","25":"product_tag-publicum-fr","26":"product_tag-education-fr","27":"product_tag-sports-fr","28":"pa_system-systeme-de-sieges-mutarail","29":"pa_system-systeme-de-sieges-mutasub","30":"pa_system-systeme-de-sieges-mutawheel","31":"pa_system-systeme-de-sieges-retractables","33":"first","34":"instock","35":"downloadable","36":"virtual","37":"product-type-simple"},"acf":[],"_links":{"self":[{"href":"https:\/\/figueras.com\/fr\/wp-json\/wp\/v2\/product\/23795","targetHints":{"allow":["GET"]}}],"collection":[{"href":"https:\/\/figueras.com\/fr\/wp-json\/wp\/v2\/product"}],"about":[{"href":"https:\/\/figueras.com\/fr\/wp-json\/wp\/v2\/types\/product"}],"version-history":[{"count":1,"href":"https:\/\/figueras.com\/fr\/wp-json\/wp\/v2\/product\/23795\/revisions"}],"predecessor-version":[{"id":50488,"href":"https:\/\/figueras.com\/fr\/wp-json\/wp\/v2\/product\/23795\/revisions\/50488"}],"wp:featuredmedia":[{"embeddable":true,"href":"https:\/\/figueras.com\/fr\/wp-json\/wp\/v2\/media\/44929"}],"wp:attachment":[{"href":"https:\/\/figueras.com\/fr\/wp-json\/wp\/v2\/media?parent=23795"}],"wp:term":[{"taxonomy":"designer_tag","embeddable":true,"href":"https:\/\/figueras.com\/fr\/wp-json\/wp\/v2\/designer_tag?post=23795"},{"taxonomy":"system_rel_tag","embeddable":true,"href":"https:\/\/figueras.com\/fr\/wp-json\/wp\/v2\/system_rel_tag?post=23795"},{"taxonomy":"product_cat","embeddable":true,"href":"https:\/\/figueras.com\/fr\/wp-json\/wp\/v2\/product_cat?post=23795"},{"taxonomy":"product_tag","embeddable":true,"href":"https:\/\/figueras.com\/fr\/wp-json\/wp\/v2\/product_tag?post=23795"}],"curies":[{"name":"wp","href":"https:\/\/api.w.org\/{rel}","templated":true}]}}