{"id":23793,"date":"2023-11-01T10:59:51","date_gmt":"2023-11-01T09:59:51","guid":{"rendered":"http:\/\/figueras.com\/seating\/virtus-13205\/"},"modified":"2025-05-23T14:00:29","modified_gmt":"2025-05-23T12:00:29","slug":"virtus-13205","status":"publish","type":"product","link":"https:\/\/figueras.com\/fr\/siege\/virtus-13205\/","title":{"rendered":"Virtus 13205"},"content":{"rendered":"<p style=\"text-align: justify;\"><strong>Le Virtus 13205 est un si\u00e8ge aux lignes simples, au design intemporel et \u00e0 la beaut\u00e9 subtile qui offre un confort optimal. Ce fauteuil, qui se distingue par l&rsquo;alignement de son assise et la continuit\u00e9 de son dossier, a \u00e9t\u00e9 d\u00e9velopp\u00e9 sp\u00e9cialement pour les auditoriums, les salles du spectacle, les salles de r\u00e9union, les centres de congr\u00e8s et de conf\u00e9rences.<\/strong><\/p>\n<p style=\"text-align: justify;\">Le Virtus 13205 excelle par ses prestations acoustiques et sa polyvalence pour s&rsquo;adapter \u00e0 diff\u00e9rents espaces gr\u00e2ce \u00e0 la large gamme de finitions propos\u00e9es pour les parties tapiss\u00e9es et en bois.<\/p>\n<p style=\"text-align: justify;\">Ce si\u00e8ge de grandes dimensions est form\u00e9 d&rsquo;un seul bloc de mousse de polyur\u00e9thane moul\u00e9e qui incorpore une structure m\u00e9tallique, compos\u00e9e d&rsquo;un cadre incurv\u00e9 et de ressorts plats. Le bloc est recouvert d&rsquo;une housse de tissu facilement rempla\u00e7able.<\/p>\n<p style=\"text-align: justify;\">Le si\u00e8ge se replie automatiquement au moyen de deux ressorts situ\u00e9s dans les panneaux lat\u00e9raux. Ce fauteuil est \u00e9quip\u00e9 d&rsquo;un syst\u00e8me de levage doux (CSRT &#8211; Controlled Soft Rise Technology) qui permet un mouvement silencieux sans heurts. Ce m\u00e9canisme ne n\u00e9cessite aucun entretien.<\/p>\n<p style=\"text-align: justify;\">Le dossier est en contreplaqu\u00e9 de h\u00eatre, comprenant deux coussins en mousse de polyur\u00e9thane \u00e0 cellules ouvertes enti\u00e8rement recouverts qui, de par leur forme et leur composition, offrent un excellent soutien dorsal. Le dossier est fix\u00e9 \u00e0 une structure m\u00e9tallique, qui est reli\u00e9e aux c\u00f4t\u00e9s du si\u00e8ge. L&rsquo;ensemble est tr\u00e8s r\u00e9sistant et assure un alignement parfait des dossiers lors de la formation d&rsquo;une rang\u00e9e.<\/p>\n","protected":false},"excerpt":{"rendered":"<p>[wpdm_package id=&rsquo;24611&prime;]<\/p>\n<p>[wpdm_package id=&rsquo;7283&prime;]<\/p>\n<p>[wpdm_package id=&rsquo;7284&prime;]<\/p>\n","protected":false},"featured_media":44828,"template":"","meta":{"_acf_changed":false,"content-type":""},"designer_tag":[],"system_rel_tag":[],"product_brand":[],"product_cat":[216,217,180,181,182,183,184,186,187,188,191],"product_tag":[508,511],"class_list":{"0":"post-23793","1":"product","2":"type-product","3":"status-publish","4":"has-post-thumbnail","6":"product_cat-seats-for-waiting-areas-fr","7":"product_cat-virtus-fr","8":"product_cat-publicum-fr","9":"product_cat-seats-for-auditorium-and-conference-rooms-fr","10":"product_cat-seats-for-congress-centres-fr","11":"product_cat-seats-for-corporate-rooms-fr","12":"product_cat-seats-for-cruise-ships-and-ferries-fr","13":"product_cat-seats-for-parliaments-fr","14":"product_cat-seats-for-performing-arts-centres-fr","15":"product_cat-seats-for-theatres-fr","16":"product_cat-theatre-fr","17":"product_tag-theatre-fr","18":"product_tag-publicum-fr","20":"first","21":"instock","22":"downloadable","23":"virtual","24":"product-type-simple"},"acf":[],"yoast_head":"<!-- This site is optimized with the Yoast SEO plugin v27.3 - https:\/\/yoast.com\/product\/yoast-seo-wordpress\/ -->\n<title>Virtus 13205 - Figueras Seating<\/title>\n<meta name=\"description\" content=\"Fauteuils pour auditoriums \u00e9l\u00e9gants, confortables et spacieux. Pour les centres d&#039;arts de la sc\u00e8ne, les salles d&#039;entreprise et les centres de conf\u00e9rence.\" \/>\n<meta name=\"robots\" content=\"index, follow, max-snippet:-1, max-image-preview:large, max-video-preview:-1\" \/>\n<link rel=\"canonical\" href=\"https:\/\/figueras.com\/fr\/siege\/virtus-13205\/\" \/>\n<meta property=\"og:locale\" content=\"fr_FR\" \/>\n<meta property=\"og:type\" content=\"article\" \/>\n<meta property=\"og:title\" content=\"Virtus 13205 - Figueras Seating\" \/>\n<meta property=\"og:description\" content=\"Fauteuils pour auditoriums \u00e9l\u00e9gants, confortables et spacieux. Pour les centres d&#039;arts de la sc\u00e8ne, les salles d&#039;entreprise et les centres de conf\u00e9rence.\" \/>\n<meta property=\"og:url\" content=\"https:\/\/figueras.com\/fr\/siege\/virtus-13205\/\" \/>\n<meta property=\"og:site_name\" content=\"Figueras Seating\" \/>\n<meta property=\"article:modified_time\" content=\"2025-05-23T12:00:29+00:00\" \/>\n<meta property=\"og:image\" content=\"https:\/\/figueras.com\/wp-content\/uploads\/2023\/11\/Virtus-13205_w00.webp\" \/>\n\t<meta property=\"og:image:width\" content=\"610\" \/>\n\t<meta property=\"og:image:height\" content=\"810\" \/>\n\t<meta property=\"og:image:type\" content=\"image\/webp\" \/>\n<meta name=\"twitter:card\" content=\"summary_large_image\" \/>\n<meta name=\"twitter:label1\" content=\"Dur\u00e9e de lecture estim\u00e9e\" \/>\n\t<meta name=\"twitter:data1\" content=\"2 minutes\" \/>\n<script type=\"application\/ld+json\" class=\"yoast-schema-graph\">{\"@context\":\"https:\\\/\\\/schema.org\",\"@graph\":[{\"@type\":\"WebPage\",\"@id\":\"https:\\\/\\\/figueras.com\\\/fr\\\/siege\\\/virtus-13205\\\/\",\"url\":\"https:\\\/\\\/figueras.com\\\/fr\\\/siege\\\/virtus-13205\\\/\",\"name\":\"Virtus 13205 - Figueras Seating\",\"isPartOf\":{\"@id\":\"https:\\\/\\\/figueras.com\\\/fr\\\/#website\"},\"primaryImageOfPage\":{\"@id\":\"https:\\\/\\\/figueras.com\\\/fr\\\/siege\\\/virtus-13205\\\/#primaryimage\"},\"image\":{\"@id\":\"https:\\\/\\\/figueras.com\\\/fr\\\/siege\\\/virtus-13205\\\/#primaryimage\"},\"thumbnailUrl\":\"https:\\\/\\\/figueras.com\\\/wp-content\\\/uploads\\\/2023\\\/11\\\/Virtus-13205_w00.webp\",\"datePublished\":\"2023-11-01T09:59:51+00:00\",\"dateModified\":\"2025-05-23T12:00:29+00:00\",\"description\":\"Fauteuils pour auditoriums \u00e9l\u00e9gants, confortables et spacieux. Pour les centres d'arts de la sc\u00e8ne, les salles d'entreprise et les centres de conf\u00e9rence.\",\"breadcrumb\":{\"@id\":\"https:\\\/\\\/figueras.com\\\/fr\\\/siege\\\/virtus-13205\\\/#breadcrumb\"},\"inLanguage\":\"fr-FR\",\"potentialAction\":[{\"@type\":\"ReadAction\",\"target\":[\"https:\\\/\\\/figueras.com\\\/fr\\\/siege\\\/virtus-13205\\\/\"]}]},{\"@type\":\"ImageObject\",\"inLanguage\":\"fr-FR\",\"@id\":\"https:\\\/\\\/figueras.com\\\/fr\\\/siege\\\/virtus-13205\\\/#primaryimage\",\"url\":\"https:\\\/\\\/figueras.com\\\/wp-content\\\/uploads\\\/2023\\\/11\\\/Virtus-13205_w00.webp\",\"contentUrl\":\"https:\\\/\\\/figueras.com\\\/wp-content\\\/uploads\\\/2023\\\/11\\\/Virtus-13205_w00.webp\",\"width\":610,\"height\":810,\"caption\":\"Virtus 13205\"},{\"@type\":\"BreadcrumbList\",\"@id\":\"https:\\\/\\\/figueras.com\\\/fr\\\/siege\\\/virtus-13205\\\/#breadcrumb\",\"itemListElement\":[{\"@type\":\"ListItem\",\"position\":1,\"name\":\"Home\",\"item\":\"https:\\\/\\\/figueras.com\\\/fr\\\/\"},{\"@type\":\"ListItem\",\"position\":2,\"name\":\"Produits\",\"item\":\"https:\\\/\\\/figueras.com\\\/fr\\\/shop\\\/\"},{\"@type\":\"ListItem\",\"position\":3,\"name\":\"Virtus 13205\"}]},{\"@type\":\"WebSite\",\"@id\":\"https:\\\/\\\/figueras.com\\\/fr\\\/#website\",\"url\":\"https:\\\/\\\/figueras.com\\\/fr\\\/\",\"name\":\"Figueras Seating\",\"description\":\"\",\"publisher\":{\"@id\":\"https:\\\/\\\/figueras.com\\\/fr\\\/#organization\"},\"potentialAction\":[{\"@type\":\"SearchAction\",\"target\":{\"@type\":\"EntryPoint\",\"urlTemplate\":\"https:\\\/\\\/figueras.com\\\/fr\\\/?s={search_term_string}\"},\"query-input\":{\"@type\":\"PropertyValueSpecification\",\"valueRequired\":true,\"valueName\":\"search_term_string\"}}],\"inLanguage\":\"fr-FR\"},{\"@type\":\"Organization\",\"@id\":\"https:\\\/\\\/figueras.com\\\/fr\\\/#organization\",\"name\":\"Figueras International Seating, S.L.U.\",\"alternateName\":\"Figueras Seating\",\"url\":\"https:\\\/\\\/figueras.com\\\/fr\\\/\",\"logo\":{\"@type\":\"ImageObject\",\"inLanguage\":\"fr-FR\",\"@id\":\"https:\\\/\\\/figueras.com\\\/fr\\\/#\\\/schema\\\/logo\\\/image\\\/\",\"url\":\"https:\\\/\\\/figueras.com\\\/wp-content\\\/uploads\\\/2023\\\/04\\\/figueraslogoheader.png\",\"contentUrl\":\"https:\\\/\\\/figueras.com\\\/wp-content\\\/uploads\\\/2023\\\/04\\\/figueraslogoheader.png\",\"width\":739,\"height\":127,\"caption\":\"Figueras International Seating, S.L.U.\"},\"image\":{\"@id\":\"https:\\\/\\\/figueras.com\\\/fr\\\/#\\\/schema\\\/logo\\\/image\\\/\"},\"sameAs\":[\"https:\\\/\\\/www.linkedin.com\\\/company\\\/figuerasseating\\\/\",\"https:\\\/\\\/www.instagram.com\\\/figueras.seating\\\/\",\"https:\\\/\\\/vimeo.com\\\/figuerasseating\",\"https:\\\/\\\/es.pinterest.com\\\/figuerasint\\\/\"]}]}<\/script>\n<!-- \/ Yoast SEO plugin. -->","yoast_head_json":{"title":"Virtus 13205 - Figueras Seating","description":"Fauteuils pour auditoriums \u00e9l\u00e9gants, confortables et spacieux. Pour les centres d'arts de la sc\u00e8ne, les salles d'entreprise et les centres de conf\u00e9rence.","robots":{"index":"index","follow":"follow","max-snippet":"max-snippet:-1","max-image-preview":"max-image-preview:large","max-video-preview":"max-video-preview:-1"},"canonical":"https:\/\/figueras.com\/fr\/siege\/virtus-13205\/","og_locale":"fr_FR","og_type":"article","og_title":"Virtus 13205 - Figueras Seating","og_description":"Fauteuils pour auditoriums \u00e9l\u00e9gants, confortables et spacieux. Pour les centres d'arts de la sc\u00e8ne, les salles d'entreprise et les centres de conf\u00e9rence.","og_url":"https:\/\/figueras.com\/fr\/siege\/virtus-13205\/","og_site_name":"Figueras Seating","article_modified_time":"2025-05-23T12:00:29+00:00","og_image":[{"width":610,"height":810,"url":"https:\/\/figueras.com\/wp-content\/uploads\/2023\/11\/Virtus-13205_w00.webp","type":"image\/webp"}],"twitter_card":"summary_large_image","twitter_misc":{"Dur\u00e9e de lecture estim\u00e9e":"2 minutes"},"schema":{"@context":"https:\/\/schema.org","@graph":[{"@type":"WebPage","@id":"https:\/\/figueras.com\/fr\/siege\/virtus-13205\/","url":"https:\/\/figueras.com\/fr\/siege\/virtus-13205\/","name":"Virtus 13205 - Figueras Seating","isPartOf":{"@id":"https:\/\/figueras.com\/fr\/#website"},"primaryImageOfPage":{"@id":"https:\/\/figueras.com\/fr\/siege\/virtus-13205\/#primaryimage"},"image":{"@id":"https:\/\/figueras.com\/fr\/siege\/virtus-13205\/#primaryimage"},"thumbnailUrl":"https:\/\/figueras.com\/wp-content\/uploads\/2023\/11\/Virtus-13205_w00.webp","datePublished":"2023-11-01T09:59:51+00:00","dateModified":"2025-05-23T12:00:29+00:00","description":"Fauteuils pour auditoriums \u00e9l\u00e9gants, confortables et spacieux. Pour les centres d'arts de la sc\u00e8ne, les salles d'entreprise et les centres de conf\u00e9rence.","breadcrumb":{"@id":"https:\/\/figueras.com\/fr\/siege\/virtus-13205\/#breadcrumb"},"inLanguage":"fr-FR","potentialAction":[{"@type":"ReadAction","target":["https:\/\/figueras.com\/fr\/siege\/virtus-13205\/"]}]},{"@type":"ImageObject","inLanguage":"fr-FR","@id":"https:\/\/figueras.com\/fr\/siege\/virtus-13205\/#primaryimage","url":"https:\/\/figueras.com\/wp-content\/uploads\/2023\/11\/Virtus-13205_w00.webp","contentUrl":"https:\/\/figueras.com\/wp-content\/uploads\/2023\/11\/Virtus-13205_w00.webp","width":610,"height":810,"caption":"Virtus 13205"},{"@type":"BreadcrumbList","@id":"https:\/\/figueras.com\/fr\/siege\/virtus-13205\/#breadcrumb","itemListElement":[{"@type":"ListItem","position":1,"name":"Home","item":"https:\/\/figueras.com\/fr\/"},{"@type":"ListItem","position":2,"name":"Produits","item":"https:\/\/figueras.com\/fr\/shop\/"},{"@type":"ListItem","position":3,"name":"Virtus 13205"}]},{"@type":"WebSite","@id":"https:\/\/figueras.com\/fr\/#website","url":"https:\/\/figueras.com\/fr\/","name":"Figueras Seating","description":"","publisher":{"@id":"https:\/\/figueras.com\/fr\/#organization"},"potentialAction":[{"@type":"SearchAction","target":{"@type":"EntryPoint","urlTemplate":"https:\/\/figueras.com\/fr\/?s={search_term_string}"},"query-input":{"@type":"PropertyValueSpecification","valueRequired":true,"valueName":"search_term_string"}}],"inLanguage":"fr-FR"},{"@type":"Organization","@id":"https:\/\/figueras.com\/fr\/#organization","name":"Figueras International Seating, S.L.U.","alternateName":"Figueras Seating","url":"https:\/\/figueras.com\/fr\/","logo":{"@type":"ImageObject","inLanguage":"fr-FR","@id":"https:\/\/figueras.com\/fr\/#\/schema\/logo\/image\/","url":"https:\/\/figueras.com\/wp-content\/uploads\/2023\/04\/figueraslogoheader.png","contentUrl":"https:\/\/figueras.com\/wp-content\/uploads\/2023\/04\/figueraslogoheader.png","width":739,"height":127,"caption":"Figueras International Seating, S.L.U."},"image":{"@id":"https:\/\/figueras.com\/fr\/#\/schema\/logo\/image\/"},"sameAs":["https:\/\/www.linkedin.com\/company\/figuerasseating\/","https:\/\/www.instagram.com\/figueras.seating\/","https:\/\/vimeo.com\/figuerasseating","https:\/\/es.pinterest.com\/figuerasint\/"]}]}},"_links":{"self":[{"href":"https:\/\/figueras.com\/fr\/wp-json\/wp\/v2\/product\/23793","targetHints":{"allow":["GET"]}}],"collection":[{"href":"https:\/\/figueras.com\/fr\/wp-json\/wp\/v2\/product"}],"about":[{"href":"https:\/\/figueras.com\/fr\/wp-json\/wp\/v2\/types\/product"}],"version-history":[{"count":0,"href":"https:\/\/figueras.com\/fr\/wp-json\/wp\/v2\/product\/23793\/revisions"}],"wp:featuredmedia":[{"embeddable":true,"href":"https:\/\/figueras.com\/fr\/wp-json\/wp\/v2\/media\/44828"}],"wp:attachment":[{"href":"https:\/\/figueras.com\/fr\/wp-json\/wp\/v2\/media?parent=23793"}],"wp:term":[{"taxonomy":"designer_tag","embeddable":true,"href":"https:\/\/figueras.com\/fr\/wp-json\/wp\/v2\/designer_tag?post=23793"},{"taxonomy":"system_rel_tag","embeddable":true,"href":"https:\/\/figueras.com\/fr\/wp-json\/wp\/v2\/system_rel_tag?post=23793"},{"taxonomy":"product_brand","embeddable":true,"href":"https:\/\/figueras.com\/fr\/wp-json\/wp\/v2\/product_brand?post=23793"},{"taxonomy":"product_cat","embeddable":true,"href":"https:\/\/figueras.com\/fr\/wp-json\/wp\/v2\/product_cat?post=23793"},{"taxonomy":"product_tag","embeddable":true,"href":"https:\/\/figueras.com\/fr\/wp-json\/wp\/v2\/product_tag?post=23793"}],"curies":[{"name":"wp","href":"https:\/\/api.w.org\/{rel}","templated":true}]}}