{"id":23791,"date":"2023-11-01T11:09:57","date_gmt":"2023-11-01T10:09:57","guid":{"rendered":"http:\/\/figueras.com\/seating\/scala-148\/"},"modified":"2025-05-23T13:00:05","modified_gmt":"2025-05-23T11:00:05","slug":"scala-148","status":"publish","type":"product","link":"https:\/\/figueras.com\/fr\/siege\/scala-148\/","title":{"rendered":"Scala 148"},"content":{"rendered":"<p style=\"text-align: justify;\"><strong>Le Scala 148 est un fauteuil tr\u00e8s confortable dont le design se distingue par ses formes g\u00e9om\u00e9triques simples et bien d\u00e9finies. Ce si\u00e8ge a \u00e9t\u00e9 sp\u00e9cialement con\u00e7u pour \u00eatre utilis\u00e9 dans les auditoriums, les th\u00e9\u00e2tres et les salles de conf\u00e9rence en raison de sa r\u00e9ponse exceptionnelle en mati\u00e8re d&rsquo;absorption acoustique.<br \/>\n<\/strong><\/p>\n<p style=\"text-align: justify;\">L&rsquo;assise et le dossier sont constitu\u00e9s de contreplaqu\u00e9 moul\u00e9 et d&rsquo;un coussin tapiss\u00e9 fait de mousse de polyur\u00e9thane \u00e0 cellules ouvertes.<\/p>\n<p style=\"text-align: justify;\">Le coussin du dossier, combin\u00e9 \u00e0 d&rsquo;autres mat\u00e9riaux, permet d&rsquo;obtenir des coefficients d&rsquo;absorption acoustique facilement adaptables aux exigences de chaque projet.<\/p>\n<p style=\"text-align: justify;\">Le si\u00e8ge bascule automatiquement gr\u00e2ce \u00e0 un double syst\u00e8me lat\u00e9ral contr\u00f4l\u00e9 (CSRT) qui est extr\u00eamement silencieux et ne n\u00e9cessite aucun entretien. Ce m\u00e9canisme est fabriqu\u00e9 en polyamide \u00e0 haute r\u00e9sistance m\u00e9canique.<\/p>\n<p style=\"text-align: justify;\">Le si\u00e8ge est fix\u00e9 au sol par deux structures lat\u00e9rales en m\u00e9tal peint. Il peut \u00eatre facilement adapt\u00e9 aux diff\u00e9rentes inclinaisons de la salle gr\u00e2ce \u00e0 la base qui le fixe au sol. Il permet \u00e9galement l&rsquo;installation de rang\u00e9es courbes.<\/p>\n<p style=\"text-align: justify;\">La fin de chaque rang\u00e9e int\u00e8gre un panneau de contreplaqu\u00e9 d&rsquo;h\u00eatre fix\u00e9 au sol. Les c\u00f4t\u00e9s interm\u00e9diaires sont constitu\u00e9s d&rsquo;une structure m\u00e9tallique et d&rsquo;accoudoirs en bois de h\u00eatre. Chaque accoudoir est commun \u00e0 deux si\u00e8ges, sauf pour les derniers si\u00e8ges de la rang\u00e9e.<\/p>\n","protected":false},"excerpt":{"rendered":"<p>[wpdm_package id=&rsquo;24457&prime;]<\/p>\n<p>[wpdm_package id=&rsquo;7179&prime;]<\/p>\n<p>[wpdm_package id=&rsquo;7182&prime;]<\/p>\n","protected":false},"featured_media":44790,"template":"","meta":{"_acf_changed":false,"content-type":""},"designer_tag":[],"system_rel_tag":[],"product_brand":[],"product_cat":[190,191,178,214,180,181,182,183,184,187,188,189],"product_tag":[502,508,511],"class_list":{"0":"post-23791","1":"product","2":"type-product","3":"status-publish","4":"has-post-thumbnail","6":"product_cat-seats-for-worship-and-religious-centres-fr","7":"product_cat-theatre-fr","8":"product_cat-education-fr","9":"product_cat-scala-fr","10":"product_cat-publicum-fr","11":"product_cat-seats-for-auditorium-and-conference-rooms-fr","12":"product_cat-seats-for-congress-centres-fr","13":"product_cat-seats-for-corporate-rooms-fr","14":"product_cat-seats-for-cruise-ships-and-ferries-fr","15":"product_cat-seats-for-performing-arts-centres-fr","16":"product_cat-seats-for-theatres-fr","17":"product_cat-seats-for-universities-and-schools-fr","18":"product_tag-education-fr","19":"product_tag-theatre-fr","20":"product_tag-publicum-fr","22":"first","23":"instock","24":"downloadable","25":"virtual","26":"product-type-simple"},"acf":[],"yoast_head":"<!-- This site is optimized with the Yoast SEO plugin v27.3 - https:\/\/yoast.com\/product\/yoast-seo-wordpress\/ -->\n<title>Scala 148 | Si\u00e8ges Iconiques pour Espaces Publics<\/title>\n<meta name=\"description\" content=\"Fournisseur de si\u00e8ges modulaires \u00e9l\u00e9gants. Dimensions compactes avec caract\u00e9ristiques acoustiques parfaites pour les auditoriums ou les salles de concert.\" \/>\n<meta name=\"robots\" content=\"index, follow, max-snippet:-1, max-image-preview:large, max-video-preview:-1\" \/>\n<link rel=\"canonical\" href=\"https:\/\/figueras.com\/fr\/siege\/scala-148\/\" \/>\n<meta property=\"og:locale\" content=\"fr_FR\" \/>\n<meta property=\"og:type\" content=\"article\" \/>\n<meta property=\"og:title\" content=\"Scala 148 | Si\u00e8ges Iconiques pour Espaces Publics\" \/>\n<meta property=\"og:description\" content=\"Fournisseur de si\u00e8ges modulaires \u00e9l\u00e9gants. Dimensions compactes avec caract\u00e9ristiques acoustiques parfaites pour les auditoriums ou les salles de concert.\" \/>\n<meta property=\"og:url\" content=\"https:\/\/figueras.com\/fr\/siege\/scala-148\/\" \/>\n<meta property=\"og:site_name\" content=\"Figueras Seating\" \/>\n<meta property=\"article:modified_time\" content=\"2025-05-23T11:00:05+00:00\" \/>\n<meta property=\"og:image\" content=\"https:\/\/figueras.com\/wp-content\/uploads\/2023\/11\/Scala-148_w00.webp\" \/>\n\t<meta property=\"og:image:width\" content=\"610\" \/>\n\t<meta property=\"og:image:height\" content=\"810\" \/>\n\t<meta property=\"og:image:type\" content=\"image\/webp\" \/>\n<meta name=\"twitter:card\" content=\"summary_large_image\" \/>\n<meta name=\"twitter:label1\" content=\"Dur\u00e9e de lecture estim\u00e9e\" \/>\n\t<meta name=\"twitter:data1\" content=\"2 minutes\" \/>\n<script type=\"application\/ld+json\" class=\"yoast-schema-graph\">{\"@context\":\"https:\\\/\\\/schema.org\",\"@graph\":[{\"@type\":\"WebPage\",\"@id\":\"https:\\\/\\\/figueras.com\\\/fr\\\/siege\\\/scala-148\\\/\",\"url\":\"https:\\\/\\\/figueras.com\\\/fr\\\/siege\\\/scala-148\\\/\",\"name\":\"Scala 148 | Si\u00e8ges Iconiques pour Espaces Publics\",\"isPartOf\":{\"@id\":\"https:\\\/\\\/figueras.com\\\/fr\\\/#website\"},\"primaryImageOfPage\":{\"@id\":\"https:\\\/\\\/figueras.com\\\/fr\\\/siege\\\/scala-148\\\/#primaryimage\"},\"image\":{\"@id\":\"https:\\\/\\\/figueras.com\\\/fr\\\/siege\\\/scala-148\\\/#primaryimage\"},\"thumbnailUrl\":\"https:\\\/\\\/figueras.com\\\/wp-content\\\/uploads\\\/2023\\\/11\\\/Scala-148_w00.webp\",\"datePublished\":\"2023-11-01T10:09:57+00:00\",\"dateModified\":\"2025-05-23T11:00:05+00:00\",\"description\":\"Fournisseur de si\u00e8ges modulaires \u00e9l\u00e9gants. Dimensions compactes avec caract\u00e9ristiques acoustiques parfaites pour les auditoriums ou les salles de concert.\",\"breadcrumb\":{\"@id\":\"https:\\\/\\\/figueras.com\\\/fr\\\/siege\\\/scala-148\\\/#breadcrumb\"},\"inLanguage\":\"fr-FR\",\"potentialAction\":[{\"@type\":\"ReadAction\",\"target\":[\"https:\\\/\\\/figueras.com\\\/fr\\\/siege\\\/scala-148\\\/\"]}]},{\"@type\":\"ImageObject\",\"inLanguage\":\"fr-FR\",\"@id\":\"https:\\\/\\\/figueras.com\\\/fr\\\/siege\\\/scala-148\\\/#primaryimage\",\"url\":\"https:\\\/\\\/figueras.com\\\/wp-content\\\/uploads\\\/2023\\\/11\\\/Scala-148_w00.webp\",\"contentUrl\":\"https:\\\/\\\/figueras.com\\\/wp-content\\\/uploads\\\/2023\\\/11\\\/Scala-148_w00.webp\",\"width\":610,\"height\":810,\"caption\":\"Scala 148\"},{\"@type\":\"BreadcrumbList\",\"@id\":\"https:\\\/\\\/figueras.com\\\/fr\\\/siege\\\/scala-148\\\/#breadcrumb\",\"itemListElement\":[{\"@type\":\"ListItem\",\"position\":1,\"name\":\"Home\",\"item\":\"https:\\\/\\\/figueras.com\\\/fr\\\/\"},{\"@type\":\"ListItem\",\"position\":2,\"name\":\"Produits\",\"item\":\"https:\\\/\\\/figueras.com\\\/fr\\\/shop\\\/\"},{\"@type\":\"ListItem\",\"position\":3,\"name\":\"Scala 148\"}]},{\"@type\":\"WebSite\",\"@id\":\"https:\\\/\\\/figueras.com\\\/fr\\\/#website\",\"url\":\"https:\\\/\\\/figueras.com\\\/fr\\\/\",\"name\":\"Figueras Seating\",\"description\":\"\",\"publisher\":{\"@id\":\"https:\\\/\\\/figueras.com\\\/fr\\\/#organization\"},\"potentialAction\":[{\"@type\":\"SearchAction\",\"target\":{\"@type\":\"EntryPoint\",\"urlTemplate\":\"https:\\\/\\\/figueras.com\\\/fr\\\/?s={search_term_string}\"},\"query-input\":{\"@type\":\"PropertyValueSpecification\",\"valueRequired\":true,\"valueName\":\"search_term_string\"}}],\"inLanguage\":\"fr-FR\"},{\"@type\":\"Organization\",\"@id\":\"https:\\\/\\\/figueras.com\\\/fr\\\/#organization\",\"name\":\"Figueras International Seating, S.L.U.\",\"alternateName\":\"Figueras Seating\",\"url\":\"https:\\\/\\\/figueras.com\\\/fr\\\/\",\"logo\":{\"@type\":\"ImageObject\",\"inLanguage\":\"fr-FR\",\"@id\":\"https:\\\/\\\/figueras.com\\\/fr\\\/#\\\/schema\\\/logo\\\/image\\\/\",\"url\":\"https:\\\/\\\/figueras.com\\\/wp-content\\\/uploads\\\/2023\\\/04\\\/figueraslogoheader.png\",\"contentUrl\":\"https:\\\/\\\/figueras.com\\\/wp-content\\\/uploads\\\/2023\\\/04\\\/figueraslogoheader.png\",\"width\":739,\"height\":127,\"caption\":\"Figueras International Seating, S.L.U.\"},\"image\":{\"@id\":\"https:\\\/\\\/figueras.com\\\/fr\\\/#\\\/schema\\\/logo\\\/image\\\/\"},\"sameAs\":[\"https:\\\/\\\/www.linkedin.com\\\/company\\\/figuerasseating\\\/\",\"https:\\\/\\\/www.instagram.com\\\/figueras.seating\\\/\",\"https:\\\/\\\/vimeo.com\\\/figuerasseating\",\"https:\\\/\\\/es.pinterest.com\\\/figuerasint\\\/\"]}]}<\/script>\n<!-- \/ Yoast SEO plugin. -->","yoast_head_json":{"title":"Scala 148 | Si\u00e8ges Iconiques pour Espaces Publics","description":"Fournisseur de si\u00e8ges modulaires \u00e9l\u00e9gants. Dimensions compactes avec caract\u00e9ristiques acoustiques parfaites pour les auditoriums ou les salles de concert.","robots":{"index":"index","follow":"follow","max-snippet":"max-snippet:-1","max-image-preview":"max-image-preview:large","max-video-preview":"max-video-preview:-1"},"canonical":"https:\/\/figueras.com\/fr\/siege\/scala-148\/","og_locale":"fr_FR","og_type":"article","og_title":"Scala 148 | Si\u00e8ges Iconiques pour Espaces Publics","og_description":"Fournisseur de si\u00e8ges modulaires \u00e9l\u00e9gants. Dimensions compactes avec caract\u00e9ristiques acoustiques parfaites pour les auditoriums ou les salles de concert.","og_url":"https:\/\/figueras.com\/fr\/siege\/scala-148\/","og_site_name":"Figueras Seating","article_modified_time":"2025-05-23T11:00:05+00:00","og_image":[{"width":610,"height":810,"url":"https:\/\/figueras.com\/wp-content\/uploads\/2023\/11\/Scala-148_w00.webp","type":"image\/webp"}],"twitter_card":"summary_large_image","twitter_misc":{"Dur\u00e9e de lecture estim\u00e9e":"2 minutes"},"schema":{"@context":"https:\/\/schema.org","@graph":[{"@type":"WebPage","@id":"https:\/\/figueras.com\/fr\/siege\/scala-148\/","url":"https:\/\/figueras.com\/fr\/siege\/scala-148\/","name":"Scala 148 | Si\u00e8ges Iconiques pour Espaces Publics","isPartOf":{"@id":"https:\/\/figueras.com\/fr\/#website"},"primaryImageOfPage":{"@id":"https:\/\/figueras.com\/fr\/siege\/scala-148\/#primaryimage"},"image":{"@id":"https:\/\/figueras.com\/fr\/siege\/scala-148\/#primaryimage"},"thumbnailUrl":"https:\/\/figueras.com\/wp-content\/uploads\/2023\/11\/Scala-148_w00.webp","datePublished":"2023-11-01T10:09:57+00:00","dateModified":"2025-05-23T11:00:05+00:00","description":"Fournisseur de si\u00e8ges modulaires \u00e9l\u00e9gants. Dimensions compactes avec caract\u00e9ristiques acoustiques parfaites pour les auditoriums ou les salles de concert.","breadcrumb":{"@id":"https:\/\/figueras.com\/fr\/siege\/scala-148\/#breadcrumb"},"inLanguage":"fr-FR","potentialAction":[{"@type":"ReadAction","target":["https:\/\/figueras.com\/fr\/siege\/scala-148\/"]}]},{"@type":"ImageObject","inLanguage":"fr-FR","@id":"https:\/\/figueras.com\/fr\/siege\/scala-148\/#primaryimage","url":"https:\/\/figueras.com\/wp-content\/uploads\/2023\/11\/Scala-148_w00.webp","contentUrl":"https:\/\/figueras.com\/wp-content\/uploads\/2023\/11\/Scala-148_w00.webp","width":610,"height":810,"caption":"Scala 148"},{"@type":"BreadcrumbList","@id":"https:\/\/figueras.com\/fr\/siege\/scala-148\/#breadcrumb","itemListElement":[{"@type":"ListItem","position":1,"name":"Home","item":"https:\/\/figueras.com\/fr\/"},{"@type":"ListItem","position":2,"name":"Produits","item":"https:\/\/figueras.com\/fr\/shop\/"},{"@type":"ListItem","position":3,"name":"Scala 148"}]},{"@type":"WebSite","@id":"https:\/\/figueras.com\/fr\/#website","url":"https:\/\/figueras.com\/fr\/","name":"Figueras Seating","description":"","publisher":{"@id":"https:\/\/figueras.com\/fr\/#organization"},"potentialAction":[{"@type":"SearchAction","target":{"@type":"EntryPoint","urlTemplate":"https:\/\/figueras.com\/fr\/?s={search_term_string}"},"query-input":{"@type":"PropertyValueSpecification","valueRequired":true,"valueName":"search_term_string"}}],"inLanguage":"fr-FR"},{"@type":"Organization","@id":"https:\/\/figueras.com\/fr\/#organization","name":"Figueras International Seating, S.L.U.","alternateName":"Figueras Seating","url":"https:\/\/figueras.com\/fr\/","logo":{"@type":"ImageObject","inLanguage":"fr-FR","@id":"https:\/\/figueras.com\/fr\/#\/schema\/logo\/image\/","url":"https:\/\/figueras.com\/wp-content\/uploads\/2023\/04\/figueraslogoheader.png","contentUrl":"https:\/\/figueras.com\/wp-content\/uploads\/2023\/04\/figueraslogoheader.png","width":739,"height":127,"caption":"Figueras International Seating, S.L.U."},"image":{"@id":"https:\/\/figueras.com\/fr\/#\/schema\/logo\/image\/"},"sameAs":["https:\/\/www.linkedin.com\/company\/figuerasseating\/","https:\/\/www.instagram.com\/figueras.seating\/","https:\/\/vimeo.com\/figuerasseating","https:\/\/es.pinterest.com\/figuerasint\/"]}]}},"_links":{"self":[{"href":"https:\/\/figueras.com\/fr\/wp-json\/wp\/v2\/product\/23791","targetHints":{"allow":["GET"]}}],"collection":[{"href":"https:\/\/figueras.com\/fr\/wp-json\/wp\/v2\/product"}],"about":[{"href":"https:\/\/figueras.com\/fr\/wp-json\/wp\/v2\/types\/product"}],"version-history":[{"count":0,"href":"https:\/\/figueras.com\/fr\/wp-json\/wp\/v2\/product\/23791\/revisions"}],"wp:featuredmedia":[{"embeddable":true,"href":"https:\/\/figueras.com\/fr\/wp-json\/wp\/v2\/media\/44790"}],"wp:attachment":[{"href":"https:\/\/figueras.com\/fr\/wp-json\/wp\/v2\/media?parent=23791"}],"wp:term":[{"taxonomy":"designer_tag","embeddable":true,"href":"https:\/\/figueras.com\/fr\/wp-json\/wp\/v2\/designer_tag?post=23791"},{"taxonomy":"system_rel_tag","embeddable":true,"href":"https:\/\/figueras.com\/fr\/wp-json\/wp\/v2\/system_rel_tag?post=23791"},{"taxonomy":"product_brand","embeddable":true,"href":"https:\/\/figueras.com\/fr\/wp-json\/wp\/v2\/product_brand?post=23791"},{"taxonomy":"product_cat","embeddable":true,"href":"https:\/\/figueras.com\/fr\/wp-json\/wp\/v2\/product_cat?post=23791"},{"taxonomy":"product_tag","embeddable":true,"href":"https:\/\/figueras.com\/fr\/wp-json\/wp\/v2\/product_tag?post=23791"}],"curies":[{"name":"wp","href":"https:\/\/api.w.org\/{rel}","templated":true}]}}