{"id":23789,"date":"2023-11-01T11:19:51","date_gmt":"2023-11-01T10:19:51","guid":{"rendered":"http:\/\/figueras.com\/seating\/lyon-13108\/"},"modified":"2024-12-16T13:43:20","modified_gmt":"2024-12-16T12:43:20","slug":"lyon-13108","status":"publish","type":"product","link":"https:\/\/figueras.com\/fr\/siege\/lyon-13108\/","title":{"rendered":"Lyon 13108"},"content":{"rendered":"<p style=\"text-align: justify;\"><strong>Si\u00e8ge basculant modulaire aux lignes fines et \u00e9l\u00e9gantes et aux dimensions compactes, dot\u00e9 de caract\u00e9ristiques acoustiques sp\u00e9ciales, parfait pour les auditoriums, les salles de concert ou les centres d&rsquo;arts du spectacle.<\/strong><\/p>\n<p style=\"text-align: justify;\">Le si\u00e8ge en mousse tapiss\u00e9 est soutenu par un cadre tubulaire, au dos duquel est fix\u00e9e une coque en polyamide inject\u00e9. Cette coque est perfor\u00e9e, ce qui conf\u00e8re au si\u00e8ge des caract\u00e9ristiques acoustiques exceptionnelles.<\/p>\n<p style=\"text-align: justify;\">Le dossier est soutenu par un cadre tubulaire auquel est fix\u00e9e l&rsquo;arri\u00e8re de la coque, avec de la mousse tapiss\u00e9e \u00e0 l&rsquo;avant.<\/p>\n<p style=\"text-align: justify;\">La conception du si\u00e8ge permet de modifier la distance entre les axes de 53 \u00e0 56 cm. et de r\u00e9gler l&rsquo;angle d&rsquo;inclinaison du dossier, ce qui permet d&rsquo;obtenir un alignement parfait du dossier et un r\u00e9glage du si\u00e8ge en fonction des sp\u00e9cifications du lieu.<\/p>\n<p style=\"text-align: justify;\">L&rsquo;assise et le dossier sont compos\u00e9s de deux blocs de mousse de polyur\u00e9thane moul\u00e9e qui incorporent une structure interne de polypropyl\u00e8ne inject\u00e9. Le tissu est enti\u00e8rement int\u00e9gr\u00e9 dans la mousse gr\u00e2ce au syst\u00e8me Integral Form, sans coutures ni piq\u00fbres.<\/p>\n<p style=\"text-align: justify;\">Le si\u00e8ge se rel\u00e8ve automatiquement gr\u00e2ce \u00e0 deux ressorts situ\u00e9s \u00e0 l&rsquo;int\u00e9rieur des panneaux lat\u00e9raux. Il est extr\u00eamement silencieux et ne n\u00e9cessite aucun entretien.<\/p>\n<p style=\"text-align: justify;\">Le si\u00e8ge est soutenu par deux structures lat\u00e9rales en aluminium, chacune compos\u00e9e de trois \u00e9l\u00e9ments reli\u00e9s entre eux, la partie sup\u00e9rieure servant d&rsquo;accoudoir, formant un ensemble unique et monolithique.<\/p>\n","protected":false},"excerpt":{"rendered":"<p>[wpdm_package id=&rsquo;23378&prime;]<\/p>\n<p>[wpdm_package id=&rsquo;6995&prime;]<\/p>\n","protected":false},"featured_media":44878,"template":"","meta":{"_acf_changed":false,"content-type":""},"designer_tag":[],"system_rel_tag":[],"product_brand":[],"product_cat":[189,190,178,191,180,212,181,182,183,184,186,187,188],"product_tag":[502,508,511],"class_list":{"0":"post-23789","1":"product","2":"type-product","3":"status-publish","4":"has-post-thumbnail","6":"product_cat-seats-for-universities-and-schools-fr","7":"product_cat-seats-for-worship-and-religious-centres-fr","8":"product_cat-education-fr","9":"product_cat-theatre-fr","10":"product_cat-publicum-fr","11":"product_cat-lyon-fr","12":"product_cat-seats-for-auditorium-and-conference-rooms-fr","13":"product_cat-seats-for-congress-centres-fr","14":"product_cat-seats-for-corporate-rooms-fr","15":"product_cat-seats-for-cruise-ships-and-ferries-fr","16":"product_cat-seats-for-parliaments-fr","17":"product_cat-seats-for-performing-arts-centres-fr","18":"product_cat-seats-for-theatres-fr","19":"product_tag-education-fr","20":"product_tag-theatre-fr","21":"product_tag-publicum-fr","23":"first","24":"instock","25":"downloadable","26":"virtual","27":"product-type-simple"},"acf":[],"yoast_head":"<!-- This site is optimized with the Yoast SEO plugin v27.3 - https:\/\/yoast.com\/product\/yoast-seo-wordpress\/ -->\n<title>Lyon 13108 | Si\u00e8ges \u00c9l\u00e9gants pour Espaces Publics<\/title>\n<meta name=\"description\" content=\"Collection Sens\u00f3 : si\u00e8ges petits, pliables et silencieux. Fauteuils avec syst\u00e8me de rotation, chaises pour parlements et centres de conf\u00e9rence.\" \/>\n<meta name=\"robots\" content=\"index, follow, max-snippet:-1, max-image-preview:large, max-video-preview:-1\" \/>\n<link rel=\"canonical\" href=\"https:\/\/figueras.com\/fr\/siege\/lyon-13108\/\" \/>\n<meta property=\"og:locale\" content=\"fr_FR\" \/>\n<meta property=\"og:type\" content=\"article\" \/>\n<meta property=\"og:title\" content=\"Lyon 13108 | Si\u00e8ges \u00c9l\u00e9gants pour Espaces Publics\" \/>\n<meta property=\"og:description\" content=\"Collection Sens\u00f3 : si\u00e8ges petits, pliables et silencieux. Fauteuils avec syst\u00e8me de rotation, chaises pour parlements et centres de conf\u00e9rence.\" \/>\n<meta property=\"og:url\" content=\"https:\/\/figueras.com\/fr\/siege\/lyon-13108\/\" \/>\n<meta property=\"og:site_name\" content=\"Figueras Seating\" \/>\n<meta property=\"article:modified_time\" content=\"2024-12-16T12:43:20+00:00\" \/>\n<meta property=\"og:image\" content=\"https:\/\/figueras.com\/wp-content\/uploads\/2023\/11\/Lyon-13108_w10.webp\" \/>\n\t<meta property=\"og:image:width\" content=\"610\" \/>\n\t<meta property=\"og:image:height\" content=\"810\" \/>\n\t<meta property=\"og:image:type\" content=\"image\/webp\" \/>\n<meta name=\"twitter:card\" content=\"summary_large_image\" \/>\n<meta name=\"twitter:label1\" content=\"Dur\u00e9e de lecture estim\u00e9e\" \/>\n\t<meta name=\"twitter:data1\" content=\"2 minutes\" \/>\n<script type=\"application\/ld+json\" class=\"yoast-schema-graph\">{\"@context\":\"https:\\\/\\\/schema.org\",\"@graph\":[{\"@type\":\"WebPage\",\"@id\":\"https:\\\/\\\/figueras.com\\\/fr\\\/siege\\\/lyon-13108\\\/\",\"url\":\"https:\\\/\\\/figueras.com\\\/fr\\\/siege\\\/lyon-13108\\\/\",\"name\":\"Lyon 13108 | Si\u00e8ges \u00c9l\u00e9gants pour Espaces Publics\",\"isPartOf\":{\"@id\":\"https:\\\/\\\/figueras.com\\\/fr\\\/#website\"},\"primaryImageOfPage\":{\"@id\":\"https:\\\/\\\/figueras.com\\\/fr\\\/siege\\\/lyon-13108\\\/#primaryimage\"},\"image\":{\"@id\":\"https:\\\/\\\/figueras.com\\\/fr\\\/siege\\\/lyon-13108\\\/#primaryimage\"},\"thumbnailUrl\":\"https:\\\/\\\/figueras.com\\\/wp-content\\\/uploads\\\/2023\\\/11\\\/Lyon-13108_w10.webp\",\"datePublished\":\"2023-11-01T10:19:51+00:00\",\"dateModified\":\"2024-12-16T12:43:20+00:00\",\"description\":\"Collection Sens\u00f3 : si\u00e8ges petits, pliables et silencieux. Fauteuils avec syst\u00e8me de rotation, chaises pour parlements et centres de conf\u00e9rence.\",\"breadcrumb\":{\"@id\":\"https:\\\/\\\/figueras.com\\\/fr\\\/siege\\\/lyon-13108\\\/#breadcrumb\"},\"inLanguage\":\"fr-FR\",\"potentialAction\":[{\"@type\":\"ReadAction\",\"target\":[\"https:\\\/\\\/figueras.com\\\/fr\\\/siege\\\/lyon-13108\\\/\"]}]},{\"@type\":\"ImageObject\",\"inLanguage\":\"fr-FR\",\"@id\":\"https:\\\/\\\/figueras.com\\\/fr\\\/siege\\\/lyon-13108\\\/#primaryimage\",\"url\":\"https:\\\/\\\/figueras.com\\\/wp-content\\\/uploads\\\/2023\\\/11\\\/Lyon-13108_w10.webp\",\"contentUrl\":\"https:\\\/\\\/figueras.com\\\/wp-content\\\/uploads\\\/2023\\\/11\\\/Lyon-13108_w10.webp\",\"width\":610,\"height\":810,\"caption\":\"Lyon 13108\"},{\"@type\":\"BreadcrumbList\",\"@id\":\"https:\\\/\\\/figueras.com\\\/fr\\\/siege\\\/lyon-13108\\\/#breadcrumb\",\"itemListElement\":[{\"@type\":\"ListItem\",\"position\":1,\"name\":\"Home\",\"item\":\"https:\\\/\\\/figueras.com\\\/fr\\\/\"},{\"@type\":\"ListItem\",\"position\":2,\"name\":\"Produits\",\"item\":\"https:\\\/\\\/figueras.com\\\/fr\\\/shop\\\/\"},{\"@type\":\"ListItem\",\"position\":3,\"name\":\"Lyon 13108\"}]},{\"@type\":\"WebSite\",\"@id\":\"https:\\\/\\\/figueras.com\\\/fr\\\/#website\",\"url\":\"https:\\\/\\\/figueras.com\\\/fr\\\/\",\"name\":\"Figueras Seating\",\"description\":\"\",\"publisher\":{\"@id\":\"https:\\\/\\\/figueras.com\\\/fr\\\/#organization\"},\"potentialAction\":[{\"@type\":\"SearchAction\",\"target\":{\"@type\":\"EntryPoint\",\"urlTemplate\":\"https:\\\/\\\/figueras.com\\\/fr\\\/?s={search_term_string}\"},\"query-input\":{\"@type\":\"PropertyValueSpecification\",\"valueRequired\":true,\"valueName\":\"search_term_string\"}}],\"inLanguage\":\"fr-FR\"},{\"@type\":\"Organization\",\"@id\":\"https:\\\/\\\/figueras.com\\\/fr\\\/#organization\",\"name\":\"Figueras International Seating, S.L.U.\",\"alternateName\":\"Figueras Seating\",\"url\":\"https:\\\/\\\/figueras.com\\\/fr\\\/\",\"logo\":{\"@type\":\"ImageObject\",\"inLanguage\":\"fr-FR\",\"@id\":\"https:\\\/\\\/figueras.com\\\/fr\\\/#\\\/schema\\\/logo\\\/image\\\/\",\"url\":\"https:\\\/\\\/figueras.com\\\/wp-content\\\/uploads\\\/2023\\\/04\\\/figueraslogoheader.png\",\"contentUrl\":\"https:\\\/\\\/figueras.com\\\/wp-content\\\/uploads\\\/2023\\\/04\\\/figueraslogoheader.png\",\"width\":739,\"height\":127,\"caption\":\"Figueras International Seating, S.L.U.\"},\"image\":{\"@id\":\"https:\\\/\\\/figueras.com\\\/fr\\\/#\\\/schema\\\/logo\\\/image\\\/\"},\"sameAs\":[\"https:\\\/\\\/www.linkedin.com\\\/company\\\/figuerasseating\\\/\",\"https:\\\/\\\/www.instagram.com\\\/figueras.seating\\\/\",\"https:\\\/\\\/vimeo.com\\\/figuerasseating\",\"https:\\\/\\\/es.pinterest.com\\\/figuerasint\\\/\"]}]}<\/script>\n<!-- \/ Yoast SEO plugin. -->","yoast_head_json":{"title":"Lyon 13108 | Si\u00e8ges \u00c9l\u00e9gants pour Espaces Publics","description":"Collection Sens\u00f3 : si\u00e8ges petits, pliables et silencieux. Fauteuils avec syst\u00e8me de rotation, chaises pour parlements et centres de conf\u00e9rence.","robots":{"index":"index","follow":"follow","max-snippet":"max-snippet:-1","max-image-preview":"max-image-preview:large","max-video-preview":"max-video-preview:-1"},"canonical":"https:\/\/figueras.com\/fr\/siege\/lyon-13108\/","og_locale":"fr_FR","og_type":"article","og_title":"Lyon 13108 | Si\u00e8ges \u00c9l\u00e9gants pour Espaces Publics","og_description":"Collection Sens\u00f3 : si\u00e8ges petits, pliables et silencieux. Fauteuils avec syst\u00e8me de rotation, chaises pour parlements et centres de conf\u00e9rence.","og_url":"https:\/\/figueras.com\/fr\/siege\/lyon-13108\/","og_site_name":"Figueras Seating","article_modified_time":"2024-12-16T12:43:20+00:00","og_image":[{"width":610,"height":810,"url":"https:\/\/figueras.com\/wp-content\/uploads\/2023\/11\/Lyon-13108_w10.webp","type":"image\/webp"}],"twitter_card":"summary_large_image","twitter_misc":{"Dur\u00e9e de lecture estim\u00e9e":"2 minutes"},"schema":{"@context":"https:\/\/schema.org","@graph":[{"@type":"WebPage","@id":"https:\/\/figueras.com\/fr\/siege\/lyon-13108\/","url":"https:\/\/figueras.com\/fr\/siege\/lyon-13108\/","name":"Lyon 13108 | Si\u00e8ges \u00c9l\u00e9gants pour Espaces Publics","isPartOf":{"@id":"https:\/\/figueras.com\/fr\/#website"},"primaryImageOfPage":{"@id":"https:\/\/figueras.com\/fr\/siege\/lyon-13108\/#primaryimage"},"image":{"@id":"https:\/\/figueras.com\/fr\/siege\/lyon-13108\/#primaryimage"},"thumbnailUrl":"https:\/\/figueras.com\/wp-content\/uploads\/2023\/11\/Lyon-13108_w10.webp","datePublished":"2023-11-01T10:19:51+00:00","dateModified":"2024-12-16T12:43:20+00:00","description":"Collection Sens\u00f3 : si\u00e8ges petits, pliables et silencieux. Fauteuils avec syst\u00e8me de rotation, chaises pour parlements et centres de conf\u00e9rence.","breadcrumb":{"@id":"https:\/\/figueras.com\/fr\/siege\/lyon-13108\/#breadcrumb"},"inLanguage":"fr-FR","potentialAction":[{"@type":"ReadAction","target":["https:\/\/figueras.com\/fr\/siege\/lyon-13108\/"]}]},{"@type":"ImageObject","inLanguage":"fr-FR","@id":"https:\/\/figueras.com\/fr\/siege\/lyon-13108\/#primaryimage","url":"https:\/\/figueras.com\/wp-content\/uploads\/2023\/11\/Lyon-13108_w10.webp","contentUrl":"https:\/\/figueras.com\/wp-content\/uploads\/2023\/11\/Lyon-13108_w10.webp","width":610,"height":810,"caption":"Lyon 13108"},{"@type":"BreadcrumbList","@id":"https:\/\/figueras.com\/fr\/siege\/lyon-13108\/#breadcrumb","itemListElement":[{"@type":"ListItem","position":1,"name":"Home","item":"https:\/\/figueras.com\/fr\/"},{"@type":"ListItem","position":2,"name":"Produits","item":"https:\/\/figueras.com\/fr\/shop\/"},{"@type":"ListItem","position":3,"name":"Lyon 13108"}]},{"@type":"WebSite","@id":"https:\/\/figueras.com\/fr\/#website","url":"https:\/\/figueras.com\/fr\/","name":"Figueras Seating","description":"","publisher":{"@id":"https:\/\/figueras.com\/fr\/#organization"},"potentialAction":[{"@type":"SearchAction","target":{"@type":"EntryPoint","urlTemplate":"https:\/\/figueras.com\/fr\/?s={search_term_string}"},"query-input":{"@type":"PropertyValueSpecification","valueRequired":true,"valueName":"search_term_string"}}],"inLanguage":"fr-FR"},{"@type":"Organization","@id":"https:\/\/figueras.com\/fr\/#organization","name":"Figueras International Seating, S.L.U.","alternateName":"Figueras Seating","url":"https:\/\/figueras.com\/fr\/","logo":{"@type":"ImageObject","inLanguage":"fr-FR","@id":"https:\/\/figueras.com\/fr\/#\/schema\/logo\/image\/","url":"https:\/\/figueras.com\/wp-content\/uploads\/2023\/04\/figueraslogoheader.png","contentUrl":"https:\/\/figueras.com\/wp-content\/uploads\/2023\/04\/figueraslogoheader.png","width":739,"height":127,"caption":"Figueras International Seating, S.L.U."},"image":{"@id":"https:\/\/figueras.com\/fr\/#\/schema\/logo\/image\/"},"sameAs":["https:\/\/www.linkedin.com\/company\/figuerasseating\/","https:\/\/www.instagram.com\/figueras.seating\/","https:\/\/vimeo.com\/figuerasseating","https:\/\/es.pinterest.com\/figuerasint\/"]}]}},"_links":{"self":[{"href":"https:\/\/figueras.com\/fr\/wp-json\/wp\/v2\/product\/23789","targetHints":{"allow":["GET"]}}],"collection":[{"href":"https:\/\/figueras.com\/fr\/wp-json\/wp\/v2\/product"}],"about":[{"href":"https:\/\/figueras.com\/fr\/wp-json\/wp\/v2\/types\/product"}],"version-history":[{"count":0,"href":"https:\/\/figueras.com\/fr\/wp-json\/wp\/v2\/product\/23789\/revisions"}],"wp:featuredmedia":[{"embeddable":true,"href":"https:\/\/figueras.com\/fr\/wp-json\/wp\/v2\/media\/44878"}],"wp:attachment":[{"href":"https:\/\/figueras.com\/fr\/wp-json\/wp\/v2\/media?parent=23789"}],"wp:term":[{"taxonomy":"designer_tag","embeddable":true,"href":"https:\/\/figueras.com\/fr\/wp-json\/wp\/v2\/designer_tag?post=23789"},{"taxonomy":"system_rel_tag","embeddable":true,"href":"https:\/\/figueras.com\/fr\/wp-json\/wp\/v2\/system_rel_tag?post=23789"},{"taxonomy":"product_brand","embeddable":true,"href":"https:\/\/figueras.com\/fr\/wp-json\/wp\/v2\/product_brand?post=23789"},{"taxonomy":"product_cat","embeddable":true,"href":"https:\/\/figueras.com\/fr\/wp-json\/wp\/v2\/product_cat?post=23789"},{"taxonomy":"product_tag","embeddable":true,"href":"https:\/\/figueras.com\/fr\/wp-json\/wp\/v2\/product_tag?post=23789"}],"curies":[{"name":"wp","href":"https:\/\/api.w.org\/{rel}","templated":true}]}}