{"id":23787,"date":"2023-11-01T11:28:57","date_gmt":"2023-11-01T10:28:57","guid":{"rendered":"http:\/\/figueras.com\/seating\/senso-rt-2313\/"},"modified":"2024-07-04T21:36:32","modified_gmt":"2024-07-04T19:36:32","slug":"senso-rt-2313","status":"publish","type":"product","link":"https:\/\/figueras.com\/fr\/siege\/senso-rt-2313\/","title":{"rendered":"Sens\u00f3 RT 2313"},"content":{"rendered":"<p style=\"text-align: justify;\"><strong>Le Sens\u00f3 RT 2313 est un concept \u00e9l\u00e9gant et unique de si\u00e8ges pour les parlements, les salles d&rsquo;entreprise, les centres de conf\u00e9rence et de congr\u00e8s. Il combine le confort et la s\u00e9curit\u00e9 d&rsquo;un si\u00e8ge mont\u00e9 au sol avec une totale libert\u00e9 de mouvement qui permet \u00e0 l&rsquo;utilisateur de pivoter \u00e0 360\u00b0 et de glisser horizontalement sur 17 cm. <\/strong><\/p>\n<p style=\"text-align: justify;\">Le syst\u00e8me RT est la solution de rotation et de mouvement de Figueras qui s&rsquo;adapte parfaitement aux espaces qui n\u00e9cessitent une mobilit\u00e9 pour interagir avec les autres. Il revient automatiquement \u00e0 sa position initiale, laissant l&rsquo;endroit propre et rang\u00e9 sans aucun effort suppl\u00e9mentaire.<\/p>\n<p style=\"text-align: justify;\">Le syst\u00e8me RT se compose d&rsquo;une base en aluminium fix\u00e9e au sol, int\u00e9grant un syst\u00e8me de rotation \u00e0 360\u00b0 et un syst\u00e8me de d\u00e9placement lin\u00e9aire de 170 mm qui maximise le confort de l&rsquo;utilisateur lorsqu&rsquo;il se l\u00e8ve et s&rsquo;assied.<\/p>\n<p style=\"text-align: justify;\">L&rsquo;assise et le dossier sont en mousse de polyur\u00e9thane et sont recouverts d&rsquo;une housse tapiss\u00e9e qui peut \u00eatre facilement remplac\u00e9e gr\u00e2ce \u00e0 un syst\u00e8me de fermeture \u00e9clair<\/p>\n<p style=\"text-align: justify;\">L&rsquo;accoudoir est constitu\u00e9 d&rsquo;un bloc compact tapiss\u00e9 qui s&rsquo;\u00e9tend jusqu&rsquo;au milieu du pied du si\u00e8ge.<\/p>\n","protected":false},"excerpt":{"rendered":"<p>[wpdm_package id=&rsquo;24473&prime;]<\/p>\n<p>[wpdm_package id=&rsquo;7194&prime;]<\/p>\n","protected":false},"featured_media":46579,"template":"","meta":{"_acf_changed":false,"content-type":""},"designer_tag":[],"system_rel_tag":[],"product_cat":[178,180,181,182,183,186,189,210],"product_tag":[511,502],"class_list":{"0":"post-23787","1":"product","2":"type-product","3":"status-publish","4":"has-post-thumbnail","6":"product_cat-education-fr","7":"product_cat-publicum-fr","8":"product_cat-seats-for-auditorium-and-conference-rooms-fr","9":"product_cat-seats-for-congress-centres-fr","10":"product_cat-seats-for-corporate-rooms-fr","11":"product_cat-seats-for-parliaments-fr","12":"product_cat-seats-for-universities-and-schools-fr","13":"product_cat-senso-fr","14":"product_tag-publicum-fr","15":"product_tag-education-fr","17":"first","18":"instock","19":"downloadable","20":"virtual","21":"product-type-simple"},"acf":[],"_links":{"self":[{"href":"https:\/\/figueras.com\/fr\/wp-json\/wp\/v2\/product\/23787","targetHints":{"allow":["GET"]}}],"collection":[{"href":"https:\/\/figueras.com\/fr\/wp-json\/wp\/v2\/product"}],"about":[{"href":"https:\/\/figueras.com\/fr\/wp-json\/wp\/v2\/types\/product"}],"version-history":[{"count":0,"href":"https:\/\/figueras.com\/fr\/wp-json\/wp\/v2\/product\/23787\/revisions"}],"wp:featuredmedia":[{"embeddable":true,"href":"https:\/\/figueras.com\/fr\/wp-json\/wp\/v2\/media\/46579"}],"wp:attachment":[{"href":"https:\/\/figueras.com\/fr\/wp-json\/wp\/v2\/media?parent=23787"}],"wp:term":[{"taxonomy":"designer_tag","embeddable":true,"href":"https:\/\/figueras.com\/fr\/wp-json\/wp\/v2\/designer_tag?post=23787"},{"taxonomy":"system_rel_tag","embeddable":true,"href":"https:\/\/figueras.com\/fr\/wp-json\/wp\/v2\/system_rel_tag?post=23787"},{"taxonomy":"product_cat","embeddable":true,"href":"https:\/\/figueras.com\/fr\/wp-json\/wp\/v2\/product_cat?post=23787"},{"taxonomy":"product_tag","embeddable":true,"href":"https:\/\/figueras.com\/fr\/wp-json\/wp\/v2\/product_tag?post=23787"}],"curies":[{"name":"wp","href":"https:\/\/api.w.org\/{rel}","templated":true}]}}