{"id":23785,"date":"2023-11-01T11:29:57","date_gmt":"2023-11-01T10:29:57","guid":{"rendered":"http:\/\/figueras.com\/seating\/senso-13113\/"},"modified":"2025-05-23T13:09:46","modified_gmt":"2025-05-23T11:09:46","slug":"senso-13113","status":"publish","type":"product","link":"https:\/\/figueras.com\/fr\/siege\/senso-13113\/","title":{"rendered":"Sens\u00f3 13113"},"content":{"rendered":"<p style=\"text-align: justify;\"><strong>Le Sens\u00f3 13113 est un si\u00e8ge pliant \u00e9l\u00e9gant et compact qui offre une excellente optimisation de l&rsquo;espace gr\u00e2ce \u00e0 ses dimensions r\u00e9duites. Ce si\u00e8ge a \u00e9t\u00e9 sp\u00e9cialement con\u00e7u pour les auditoriums, les parlements, les th\u00e9\u00e2tres, les salles de conf\u00e9rence et d&rsquo;entreprise.<\/strong><\/p>\n<p style=\"text-align: justify;\">Le si\u00e8ge et le dossier sont constitu\u00e9s d&rsquo;un monobloc compact en mousse de polyur\u00e9thane moul\u00e9e \u00e0 froid qui recouvre enti\u00e8rement une structure m\u00e9tallique, tous deux \u00e9tant soutenus par deux panneaux lat\u00e9raux reli\u00e9s entre eux par un pont central en acier.<\/p>\n<p style=\"text-align: justify;\">Les c\u00f4t\u00e9s se terminent avec une base de support en t\u00f4le d&rsquo;acier et sont fix\u00e9s au sol \u00e0 l&rsquo;aide de vis m\u00e9triques ou du type d&rsquo;ancrage adapt\u00e9 \u00e0 chaque type de surface. Les c\u00f4t\u00e9s peuvent \u00eatre enti\u00e8rement tapiss\u00e9s ou en finition bois.<\/p>\n<p style=\"text-align: justify;\">Le si\u00e8ge bascule automatiquement gr\u00e2ce \u00e0 un double syst\u00e8me lat\u00e9ral contr\u00f4l\u00e9 (CSRT \u2013 Controlled Soft Rise Technology) qui est extr\u00eamement silencieux et ne n\u00e9cessite aucun entretien. Ce m\u00e9canisme est fabriqu\u00e9 en polyamide \u00e0 haute r\u00e9sistance m\u00e9canique. Une fois repli\u00e9, le si\u00e8ge n&rsquo;occupe que 47 cm.<\/p>\n","protected":false},"excerpt":{"rendered":"<p>[wpdm_package id=&rsquo;24469&prime;]<\/p>\n<p>[wpdm_package id=&rsquo;7191&prime;]<\/p>\n<p>[wpdm_package id=&rsquo;7192&prime;]<\/p>\n","protected":false},"featured_media":44719,"template":"","meta":{"_acf_changed":false,"content-type":""},"designer_tag":[486],"system_rel_tag":[],"product_cat":[190,191,178,210,180,181,182,183,186,187,188,189],"product_tag":[502,508,511],"class_list":{"0":"post-23785","1":"product","2":"type-product","3":"status-publish","4":"has-post-thumbnail","6":"designer_tag-marta-vilallonga-fr","7":"product_cat-seats-for-worship-and-religious-centres-fr","8":"product_cat-theatre-fr","9":"product_cat-education-fr","10":"product_cat-senso-fr","11":"product_cat-publicum-fr","12":"product_cat-seats-for-auditorium-and-conference-rooms-fr","13":"product_cat-seats-for-congress-centres-fr","14":"product_cat-seats-for-corporate-rooms-fr","15":"product_cat-seats-for-parliaments-fr","16":"product_cat-seats-for-performing-arts-centres-fr","17":"product_cat-seats-for-theatres-fr","18":"product_cat-seats-for-universities-and-schools-fr","19":"product_tag-education-fr","20":"product_tag-theatre-fr","21":"product_tag-publicum-fr","23":"first","24":"instock","25":"downloadable","26":"virtual","27":"product-type-simple"},"acf":[],"_links":{"self":[{"href":"https:\/\/figueras.com\/fr\/wp-json\/wp\/v2\/product\/23785","targetHints":{"allow":["GET"]}}],"collection":[{"href":"https:\/\/figueras.com\/fr\/wp-json\/wp\/v2\/product"}],"about":[{"href":"https:\/\/figueras.com\/fr\/wp-json\/wp\/v2\/types\/product"}],"version-history":[{"count":0,"href":"https:\/\/figueras.com\/fr\/wp-json\/wp\/v2\/product\/23785\/revisions"}],"wp:featuredmedia":[{"embeddable":true,"href":"https:\/\/figueras.com\/fr\/wp-json\/wp\/v2\/media\/44719"}],"wp:attachment":[{"href":"https:\/\/figueras.com\/fr\/wp-json\/wp\/v2\/media?parent=23785"}],"wp:term":[{"taxonomy":"designer_tag","embeddable":true,"href":"https:\/\/figueras.com\/fr\/wp-json\/wp\/v2\/designer_tag?post=23785"},{"taxonomy":"system_rel_tag","embeddable":true,"href":"https:\/\/figueras.com\/fr\/wp-json\/wp\/v2\/system_rel_tag?post=23785"},{"taxonomy":"product_cat","embeddable":true,"href":"https:\/\/figueras.com\/fr\/wp-json\/wp\/v2\/product_cat?post=23785"},{"taxonomy":"product_tag","embeddable":true,"href":"https:\/\/figueras.com\/fr\/wp-json\/wp\/v2\/product_tag?post=23785"}],"curies":[{"name":"wp","href":"https:\/\/api.w.org\/{rel}","templated":true}]}}