{"id":23783,"date":"2023-11-01T11:39:51","date_gmt":"2023-11-01T10:39:51","guid":{"rendered":"http:\/\/figueras.com\/seating\/flame-13107\/"},"modified":"2024-07-04T21:42:14","modified_gmt":"2024-07-04T19:42:14","slug":"flame-13107","status":"publish","type":"product","link":"https:\/\/figueras.com\/fr\/siege\/flame-13107\/","title":{"rendered":"Flame 13107"},"content":{"rendered":"<p style=\"text-align: justify;\"><strong>Le Flame 13107 est un si\u00e8ge \u00e9l\u00e9gant aux lignes simples et \u00e9pur\u00e9es exceptionnelles. Ce si\u00e8ge unique offre d&rsquo;excellentes qualit\u00e9s d&rsquo;absorption acoustique et peut \u00eatre utilis\u00e9 dans les th\u00e9\u00e2tres, les auditoriums et les centres de conf\u00e9rence.<\/strong><\/p>\n<p style=\"text-align: justify;\">Ce si\u00e8ge pliable a \u00e9t\u00e9 sp\u00e9cialement con\u00e7u avec des mat\u00e9riaux qui permettent d&rsquo;adapter facilement le produit aux exigences acoustiques d&rsquo;un large \u00e9ventail d&rsquo;espaces.<\/p>\n<p style=\"text-align: justify;\">Le dossier est fabriqu\u00e9 \u00e0 partir d&rsquo;un panneau de contreplaqu\u00e9 de h\u00eatre de 15 mm d&rsquo;\u00e9paisseur, avec une courbe dans la zone lombaire qui augmente consid\u00e9rablement le confort de l&rsquo;utilisateur. La partie sup\u00e9rieure du dossier se termine avec trois rang\u00e9es de perforations.<\/p>\n<p style=\"text-align: justify;\">Le rembourrage de l&rsquo;assise et du dossier est en polyur\u00e9thane \u00e0 cellules ouvertes mont\u00e9 sur des panneaux de contreplaqu\u00e9, ce qui le rend facile \u00e0 enlever et \u00e0 remplacer. Le tissu pr\u00e9sente \u00e9galement des qualit\u00e9s acoustiques particuli\u00e8res.<\/p>\n<p style=\"text-align: justify;\">Le si\u00e8ge bascule automatiquement gr\u00e2ce \u00e0 un syst\u00e8me de technologie de mont\u00e9e douce extr\u00eamement silencieux (CSRT\u00a0: Controlled Soft Rise Technology) qui \u00e9vite les bruits ou les coups lorsque le si\u00e8ge est liber\u00e9.<\/p>\n<p style=\"text-align: justify;\">Le si\u00e8ge est mont\u00e9 sur une structure centrale en aluminium et un support auquel est fix\u00e9 le dossier, il articule le si\u00e8ge et sert \u00e0 fixer le si\u00e8ge au sol gr\u00e2ce \u00e0 quatre points d&rsquo;ancrage.<\/p>\n<p style=\"text-align: justify;\">Le si\u00e8ge est install\u00e9 individuellement, ce qui le rend facilement adaptable \u00e0 toutes sortes de configurations lin\u00e9aires ou courbes.<\/p>\n","protected":false},"excerpt":{"rendered":"<p>[wpdm_package id=&rsquo;23318&prime;]<\/p>\n<p>[wpdm_package id=&rsquo;6968&prime;]<\/p>\n<p>[wpdm_package id=&rsquo;6969&prime;]<\/p>\n","protected":false},"featured_media":44688,"template":"","meta":{"_acf_changed":false,"content-type":""},"designer_tag":[484],"system_rel_tag":[],"product_cat":[190,191,178,208,180,181,182,183,186,187,188,189],"product_tag":[502,508,511],"class_list":{"0":"post-23783","1":"product","2":"type-product","3":"status-publish","4":"has-post-thumbnail","6":"designer_tag-filipe-oliveira-fr","7":"product_cat-seats-for-worship-and-religious-centres-fr","8":"product_cat-theatre-fr","9":"product_cat-education-fr","10":"product_cat-flame-fr","11":"product_cat-publicum-fr","12":"product_cat-seats-for-auditorium-and-conference-rooms-fr","13":"product_cat-seats-for-congress-centres-fr","14":"product_cat-seats-for-corporate-rooms-fr","15":"product_cat-seats-for-parliaments-fr","16":"product_cat-seats-for-performing-arts-centres-fr","17":"product_cat-seats-for-theatres-fr","18":"product_cat-seats-for-universities-and-schools-fr","19":"product_tag-education-fr","20":"product_tag-theatre-fr","21":"product_tag-publicum-fr","23":"first","24":"instock","25":"downloadable","26":"virtual","27":"product-type-simple"},"acf":[],"yoast_head":"<!-- This site is optimized with the Yoast SEO plugin v27.4 - https:\/\/yoast.com\/product\/yoast-seo-wordpress\/ -->\n<title>Flame 13107 - Figueras Seating<\/title>\n<meta name=\"description\" content=\"Fabricants de si\u00e8ges \u00e0 absorption acoustique, id\u00e9aux pour les th\u00e9\u00e2tres et les auditoriums. Produits de si\u00e8ges haut de gamme. Figueras Seating Solutions.\" \/>\n<meta name=\"robots\" content=\"index, follow, max-snippet:-1, max-image-preview:large, max-video-preview:-1\" \/>\n<link rel=\"canonical\" href=\"https:\/\/figueras.com\/fr\/siege\/flame-13107\/\" \/>\n<meta property=\"og:locale\" content=\"fr_FR\" \/>\n<meta property=\"og:type\" content=\"article\" \/>\n<meta property=\"og:title\" content=\"Flame 13107 - Figueras Seating\" \/>\n<meta property=\"og:description\" content=\"Fabricants de si\u00e8ges \u00e0 absorption acoustique, id\u00e9aux pour les th\u00e9\u00e2tres et les auditoriums. Produits de si\u00e8ges haut de gamme. Figueras Seating Solutions.\" \/>\n<meta property=\"og:url\" content=\"https:\/\/figueras.com\/fr\/siege\/flame-13107\/\" \/>\n<meta property=\"og:site_name\" content=\"Figueras Seating\" \/>\n<meta property=\"article:modified_time\" content=\"2024-07-04T19:42:14+00:00\" \/>\n<meta property=\"og:image\" content=\"https:\/\/figueras.com\/wp-content\/uploads\/2023\/11\/Flame-13107_w00.webp\" \/>\n\t<meta property=\"og:image:width\" content=\"610\" \/>\n\t<meta property=\"og:image:height\" content=\"810\" \/>\n\t<meta property=\"og:image:type\" content=\"image\/webp\" \/>\n<meta name=\"twitter:card\" content=\"summary_large_image\" \/>\n<meta name=\"twitter:label1\" content=\"Dur\u00e9e de lecture estim\u00e9e\" \/>\n\t<meta name=\"twitter:data1\" content=\"2 minutes\" \/>\n<script type=\"application\/ld+json\" class=\"yoast-schema-graph\">{\"@context\":\"https:\\\/\\\/schema.org\",\"@graph\":[{\"@type\":\"WebPage\",\"@id\":\"https:\\\/\\\/figueras.com\\\/fr\\\/siege\\\/flame-13107\\\/\",\"url\":\"https:\\\/\\\/figueras.com\\\/fr\\\/siege\\\/flame-13107\\\/\",\"name\":\"Flame 13107 - Figueras Seating\",\"isPartOf\":{\"@id\":\"https:\\\/\\\/figueras.com\\\/fr\\\/#website\"},\"primaryImageOfPage\":{\"@id\":\"https:\\\/\\\/figueras.com\\\/fr\\\/siege\\\/flame-13107\\\/#primaryimage\"},\"image\":{\"@id\":\"https:\\\/\\\/figueras.com\\\/fr\\\/siege\\\/flame-13107\\\/#primaryimage\"},\"thumbnailUrl\":\"https:\\\/\\\/figueras.com\\\/wp-content\\\/uploads\\\/2023\\\/11\\\/Flame-13107_w00.webp\",\"datePublished\":\"2023-11-01T10:39:51+00:00\",\"dateModified\":\"2024-07-04T19:42:14+00:00\",\"description\":\"Fabricants de si\u00e8ges \u00e0 absorption acoustique, id\u00e9aux pour les th\u00e9\u00e2tres et les auditoriums. Produits de si\u00e8ges haut de gamme. Figueras Seating Solutions.\",\"breadcrumb\":{\"@id\":\"https:\\\/\\\/figueras.com\\\/fr\\\/siege\\\/flame-13107\\\/#breadcrumb\"},\"inLanguage\":\"fr-FR\",\"potentialAction\":[{\"@type\":\"ReadAction\",\"target\":[\"https:\\\/\\\/figueras.com\\\/fr\\\/siege\\\/flame-13107\\\/\"]}]},{\"@type\":\"ImageObject\",\"inLanguage\":\"fr-FR\",\"@id\":\"https:\\\/\\\/figueras.com\\\/fr\\\/siege\\\/flame-13107\\\/#primaryimage\",\"url\":\"https:\\\/\\\/figueras.com\\\/wp-content\\\/uploads\\\/2023\\\/11\\\/Flame-13107_w00.webp\",\"contentUrl\":\"https:\\\/\\\/figueras.com\\\/wp-content\\\/uploads\\\/2023\\\/11\\\/Flame-13107_w00.webp\",\"width\":610,\"height\":810,\"caption\":\"Flame 13107\"},{\"@type\":\"BreadcrumbList\",\"@id\":\"https:\\\/\\\/figueras.com\\\/fr\\\/siege\\\/flame-13107\\\/#breadcrumb\",\"itemListElement\":[{\"@type\":\"ListItem\",\"position\":1,\"name\":\"Home\",\"item\":\"https:\\\/\\\/figueras.com\\\/fr\\\/\"},{\"@type\":\"ListItem\",\"position\":2,\"name\":\"Produits\",\"item\":\"https:\\\/\\\/figueras.com\\\/fr\\\/shop\\\/\"},{\"@type\":\"ListItem\",\"position\":3,\"name\":\"Flame 13107\"}]},{\"@type\":\"WebSite\",\"@id\":\"https:\\\/\\\/figueras.com\\\/fr\\\/#website\",\"url\":\"https:\\\/\\\/figueras.com\\\/fr\\\/\",\"name\":\"Figueras Seating\",\"description\":\"\",\"publisher\":{\"@id\":\"https:\\\/\\\/figueras.com\\\/fr\\\/#organization\"},\"potentialAction\":[{\"@type\":\"SearchAction\",\"target\":{\"@type\":\"EntryPoint\",\"urlTemplate\":\"https:\\\/\\\/figueras.com\\\/fr\\\/?s={search_term_string}\"},\"query-input\":{\"@type\":\"PropertyValueSpecification\",\"valueRequired\":true,\"valueName\":\"search_term_string\"}}],\"inLanguage\":\"fr-FR\"},{\"@type\":\"Organization\",\"@id\":\"https:\\\/\\\/figueras.com\\\/fr\\\/#organization\",\"name\":\"Figueras International Seating, S.L.U.\",\"alternateName\":\"Figueras Seating\",\"url\":\"https:\\\/\\\/figueras.com\\\/fr\\\/\",\"logo\":{\"@type\":\"ImageObject\",\"inLanguage\":\"fr-FR\",\"@id\":\"https:\\\/\\\/figueras.com\\\/fr\\\/#\\\/schema\\\/logo\\\/image\\\/\",\"url\":\"https:\\\/\\\/figueras.com\\\/wp-content\\\/uploads\\\/2023\\\/04\\\/figueraslogoheader.png\",\"contentUrl\":\"https:\\\/\\\/figueras.com\\\/wp-content\\\/uploads\\\/2023\\\/04\\\/figueraslogoheader.png\",\"width\":739,\"height\":127,\"caption\":\"Figueras International Seating, S.L.U.\"},\"image\":{\"@id\":\"https:\\\/\\\/figueras.com\\\/fr\\\/#\\\/schema\\\/logo\\\/image\\\/\"},\"sameAs\":[\"https:\\\/\\\/www.linkedin.com\\\/company\\\/figuerasseating\\\/\",\"https:\\\/\\\/www.instagram.com\\\/figueras.seating\\\/\",\"https:\\\/\\\/vimeo.com\\\/figuerasseating\",\"https:\\\/\\\/es.pinterest.com\\\/figuerasint\\\/\"]}]}<\/script>\n<!-- \/ Yoast SEO plugin. -->","yoast_head_json":{"title":"Flame 13107 - Figueras Seating","description":"Fabricants de si\u00e8ges \u00e0 absorption acoustique, id\u00e9aux pour les th\u00e9\u00e2tres et les auditoriums. Produits de si\u00e8ges haut de gamme. Figueras Seating Solutions.","robots":{"index":"index","follow":"follow","max-snippet":"max-snippet:-1","max-image-preview":"max-image-preview:large","max-video-preview":"max-video-preview:-1"},"canonical":"https:\/\/figueras.com\/fr\/siege\/flame-13107\/","og_locale":"fr_FR","og_type":"article","og_title":"Flame 13107 - Figueras Seating","og_description":"Fabricants de si\u00e8ges \u00e0 absorption acoustique, id\u00e9aux pour les th\u00e9\u00e2tres et les auditoriums. Produits de si\u00e8ges haut de gamme. Figueras Seating Solutions.","og_url":"https:\/\/figueras.com\/fr\/siege\/flame-13107\/","og_site_name":"Figueras Seating","article_modified_time":"2024-07-04T19:42:14+00:00","og_image":[{"width":610,"height":810,"url":"https:\/\/figueras.com\/wp-content\/uploads\/2023\/11\/Flame-13107_w00.webp","type":"image\/webp"}],"twitter_card":"summary_large_image","twitter_misc":{"Dur\u00e9e de lecture estim\u00e9e":"2 minutes"},"schema":{"@context":"https:\/\/schema.org","@graph":[{"@type":"WebPage","@id":"https:\/\/figueras.com\/fr\/siege\/flame-13107\/","url":"https:\/\/figueras.com\/fr\/siege\/flame-13107\/","name":"Flame 13107 - Figueras Seating","isPartOf":{"@id":"https:\/\/figueras.com\/fr\/#website"},"primaryImageOfPage":{"@id":"https:\/\/figueras.com\/fr\/siege\/flame-13107\/#primaryimage"},"image":{"@id":"https:\/\/figueras.com\/fr\/siege\/flame-13107\/#primaryimage"},"thumbnailUrl":"https:\/\/figueras.com\/wp-content\/uploads\/2023\/11\/Flame-13107_w00.webp","datePublished":"2023-11-01T10:39:51+00:00","dateModified":"2024-07-04T19:42:14+00:00","description":"Fabricants de si\u00e8ges \u00e0 absorption acoustique, id\u00e9aux pour les th\u00e9\u00e2tres et les auditoriums. Produits de si\u00e8ges haut de gamme. Figueras Seating Solutions.","breadcrumb":{"@id":"https:\/\/figueras.com\/fr\/siege\/flame-13107\/#breadcrumb"},"inLanguage":"fr-FR","potentialAction":[{"@type":"ReadAction","target":["https:\/\/figueras.com\/fr\/siege\/flame-13107\/"]}]},{"@type":"ImageObject","inLanguage":"fr-FR","@id":"https:\/\/figueras.com\/fr\/siege\/flame-13107\/#primaryimage","url":"https:\/\/figueras.com\/wp-content\/uploads\/2023\/11\/Flame-13107_w00.webp","contentUrl":"https:\/\/figueras.com\/wp-content\/uploads\/2023\/11\/Flame-13107_w00.webp","width":610,"height":810,"caption":"Flame 13107"},{"@type":"BreadcrumbList","@id":"https:\/\/figueras.com\/fr\/siege\/flame-13107\/#breadcrumb","itemListElement":[{"@type":"ListItem","position":1,"name":"Home","item":"https:\/\/figueras.com\/fr\/"},{"@type":"ListItem","position":2,"name":"Produits","item":"https:\/\/figueras.com\/fr\/shop\/"},{"@type":"ListItem","position":3,"name":"Flame 13107"}]},{"@type":"WebSite","@id":"https:\/\/figueras.com\/fr\/#website","url":"https:\/\/figueras.com\/fr\/","name":"Figueras Seating","description":"","publisher":{"@id":"https:\/\/figueras.com\/fr\/#organization"},"potentialAction":[{"@type":"SearchAction","target":{"@type":"EntryPoint","urlTemplate":"https:\/\/figueras.com\/fr\/?s={search_term_string}"},"query-input":{"@type":"PropertyValueSpecification","valueRequired":true,"valueName":"search_term_string"}}],"inLanguage":"fr-FR"},{"@type":"Organization","@id":"https:\/\/figueras.com\/fr\/#organization","name":"Figueras International Seating, S.L.U.","alternateName":"Figueras Seating","url":"https:\/\/figueras.com\/fr\/","logo":{"@type":"ImageObject","inLanguage":"fr-FR","@id":"https:\/\/figueras.com\/fr\/#\/schema\/logo\/image\/","url":"https:\/\/figueras.com\/wp-content\/uploads\/2023\/04\/figueraslogoheader.png","contentUrl":"https:\/\/figueras.com\/wp-content\/uploads\/2023\/04\/figueraslogoheader.png","width":739,"height":127,"caption":"Figueras International Seating, S.L.U."},"image":{"@id":"https:\/\/figueras.com\/fr\/#\/schema\/logo\/image\/"},"sameAs":["https:\/\/www.linkedin.com\/company\/figuerasseating\/","https:\/\/www.instagram.com\/figueras.seating\/","https:\/\/vimeo.com\/figuerasseating","https:\/\/es.pinterest.com\/figuerasint\/"]}]}},"_links":{"self":[{"href":"https:\/\/figueras.com\/fr\/wp-json\/wp\/v2\/product\/23783","targetHints":{"allow":["GET"]}}],"collection":[{"href":"https:\/\/figueras.com\/fr\/wp-json\/wp\/v2\/product"}],"about":[{"href":"https:\/\/figueras.com\/fr\/wp-json\/wp\/v2\/types\/product"}],"version-history":[{"count":0,"href":"https:\/\/figueras.com\/fr\/wp-json\/wp\/v2\/product\/23783\/revisions"}],"wp:featuredmedia":[{"embeddable":true,"href":"https:\/\/figueras.com\/fr\/wp-json\/wp\/v2\/media\/44688"}],"wp:attachment":[{"href":"https:\/\/figueras.com\/fr\/wp-json\/wp\/v2\/media?parent=23783"}],"wp:term":[{"taxonomy":"designer_tag","embeddable":true,"href":"https:\/\/figueras.com\/fr\/wp-json\/wp\/v2\/designer_tag?post=23783"},{"taxonomy":"system_rel_tag","embeddable":true,"href":"https:\/\/figueras.com\/fr\/wp-json\/wp\/v2\/system_rel_tag?post=23783"},{"taxonomy":"product_cat","embeddable":true,"href":"https:\/\/figueras.com\/fr\/wp-json\/wp\/v2\/product_cat?post=23783"},{"taxonomy":"product_tag","embeddable":true,"href":"https:\/\/figueras.com\/fr\/wp-json\/wp\/v2\/product_tag?post=23783"}],"curies":[{"name":"wp","href":"https:\/\/api.w.org\/{rel}","templated":true}]}}