{"id":23781,"date":"2023-11-01T11:49:54","date_gmt":"2023-11-01T10:49:54","guid":{"rendered":"http:\/\/figueras.com\/seating\/microflex-6061\/"},"modified":"2025-05-22T13:09:15","modified_gmt":"2025-05-22T11:09:15","slug":"microflex-6061","status":"publish","type":"product","link":"https:\/\/figueras.com\/fr\/siege\/microflex-6061\/","title":{"rendered":"Microflex 6061"},"content":{"rendered":"<p><strong>Microflex 6061 est la solution la plus compacte de la Collection Flex de Figueras. N\u2019occupant que 24\u00a0cm en position repli\u00e9e, ce si\u00e8ge permet d\u2019optimiser l\u2019espace en conjuguant haut niveau de confort et esth\u00e9tique minimaliste<\/strong><\/p>\n<p style=\"text-align: justify;\">Ce si\u00e8ge rabattable mont\u00e9 sur une poutre arbore un syst\u00e8me pliant qui consiste \u00e0 faire tourner l\u2019assise et \u00e0 d\u00e9placer le dossier vers l\u2019avant, jusqu\u2019\u00e0 ce que les deux soient \u00e0 plat l\u2019un contre l\u2019autre. La largeur de l\u2019ensemble assise rabattue-dossier est de 24\u00a0cm seulement. Ce mod\u00e8le est totalement compact une fois repli\u00e9, permettant un alignement parfait des \u00e9l\u00e9ments de l\u2019assise et du dossier sur toutes leurs facettes.<\/p>\n<p style=\"text-align: justify;\">L\u2019assise et le dossier sont synchronis\u00e9s pour basculer automatiquement en un seul mouvement. Lorsque le si\u00e8ge est lib\u00e9r\u00e9, les deux \u00e9l\u00e9ments reprennent leur position initiale. Ce mod\u00e8le est \u00e9quip\u00e9 du syst\u00e8me Controlled Soft Rise Technology (technologie de remont\u00e9e en douceur), qui garantit un rabattement totalement silencieux du si\u00e8ge, sans bruits ni claquements.\u00a0L\u2019assise et le dossier consistent en une mousse de polyur\u00e9thane moul\u00e9e \u00e0 froid qui recouvre compl\u00e8tement une structure m\u00e9tallique interne. Celle-ci se compose d\u2019un cadre tubulaire incurv\u00e9 et d\u2019un maillage de ressorts plats.<\/p>\n<p style=\"text-align: justify;\">Les blocs de mousse en polyur\u00e9thane de l\u2019assise et du dossier sont recouverts de housses \u00e0 fermeture \u00e9clair facilement amovibles. L\u2019assise et le dossier sont soutenus et reli\u00e9s par des supports lat\u00e9raux m\u00e9talliques \u00e0 finition rembourr\u00e9e qui font office d\u2019accoudoirs. Les c\u00f4t\u00e9s sont reli\u00e9s \u00e0 une structure rectangulaire en tube d\u2019acier.<\/p>\n","protected":false},"excerpt":{"rendered":"<p>[wpdm_package id=&rsquo;24316&prime;]<\/p>\n<p>[wpdm_package id=&rsquo;7018&prime;]<\/p>\n<p>[wpdm_package id=&rsquo;7019&prime;]<\/p>\n","protected":false},"featured_media":44657,"template":"","meta":{"_acf_changed":false,"content-type":""},"designer_tag":[],"system_rel_tag":[444,447,448,450],"product_brand":[],"product_cat":[190,191,178,206,180,181,182,183,185,187,188,189],"product_tag":[502,508,511],"class_list":{"0":"post-23781","1":"product","2":"type-product","3":"status-publish","4":"has-post-thumbnail","6":"system_rel_tag-mutarail-seating-system-fr","7":"system_rel_tag-retractable-seating-system-fr","8":"system_rel_tag-mutasub-seating-system-fr","9":"system_rel_tag-mutawheel-seating-system-fr","10":"product_cat-seats-for-worship-and-religious-centres-fr","11":"product_cat-theatre-fr","12":"product_cat-education-fr","13":"product_cat-microflex-fr","14":"product_cat-publicum-fr","15":"product_cat-seats-for-auditorium-and-conference-rooms-fr","16":"product_cat-seats-for-congress-centres-fr","17":"product_cat-seats-for-corporate-rooms-fr","18":"product_cat-seats-for-multi-purpose-spaces-fr","19":"product_cat-seats-for-performing-arts-centres-fr","20":"product_cat-seats-for-theatres-fr","21":"product_cat-seats-for-universities-and-schools-fr","22":"product_tag-education-fr","23":"product_tag-theatre-fr","24":"product_tag-publicum-fr","25":"pa_system-systeme-de-sieges-mutasub","26":"pa_system-systeme-de-sieges-mutawheel","27":"pa_system-systeme-de-sieges-retractables","28":"pa_system-systeme-de-sieges-mutarail","30":"first","31":"instock","32":"downloadable","33":"virtual","34":"product-type-simple"},"acf":[],"yoast_head":"<!-- This site is optimized with the Yoast SEO plugin v27.3 - https:\/\/yoast.com\/product\/yoast-seo-wordpress\/ -->\n<title>Microflex 6061 - Figueras Seating<\/title>\n<meta name=\"description\" content=\"Fournit les si\u00e8ges les plus compacts de la collection Flex de Figueras. Si\u00e8ges peu encombrants, chaises rabattables de 24 cm seulement. Confort Figueras.\" \/>\n<meta name=\"robots\" content=\"index, follow, max-snippet:-1, max-image-preview:large, max-video-preview:-1\" \/>\n<link rel=\"canonical\" href=\"https:\/\/figueras.com\/fr\/siege\/microflex-6061\/\" \/>\n<meta property=\"og:locale\" content=\"fr_FR\" \/>\n<meta property=\"og:type\" content=\"article\" \/>\n<meta property=\"og:title\" content=\"Microflex 6061 - Figueras Seating\" \/>\n<meta property=\"og:description\" content=\"Fournit les si\u00e8ges les plus compacts de la collection Flex de Figueras. Si\u00e8ges peu encombrants, chaises rabattables de 24 cm seulement. Confort Figueras.\" \/>\n<meta property=\"og:url\" content=\"https:\/\/figueras.com\/fr\/siege\/microflex-6061\/\" \/>\n<meta property=\"og:site_name\" content=\"Figueras Seating\" \/>\n<meta property=\"article:modified_time\" content=\"2025-05-22T11:09:15+00:00\" \/>\n<meta property=\"og:image\" content=\"https:\/\/figueras.com\/wp-content\/uploads\/2023\/11\/Microflex-6061_w00.webp\" \/>\n\t<meta property=\"og:image:width\" content=\"610\" \/>\n\t<meta property=\"og:image:height\" content=\"810\" \/>\n\t<meta property=\"og:image:type\" content=\"image\/webp\" \/>\n<meta name=\"twitter:card\" content=\"summary_large_image\" \/>\n<meta name=\"twitter:label1\" content=\"Dur\u00e9e de lecture estim\u00e9e\" \/>\n\t<meta name=\"twitter:data1\" content=\"2 minutes\" \/>\n<script type=\"application\/ld+json\" class=\"yoast-schema-graph\">{\"@context\":\"https:\\\/\\\/schema.org\",\"@graph\":[{\"@type\":\"WebPage\",\"@id\":\"https:\\\/\\\/figueras.com\\\/fr\\\/siege\\\/microflex-6061\\\/\",\"url\":\"https:\\\/\\\/figueras.com\\\/fr\\\/siege\\\/microflex-6061\\\/\",\"name\":\"Microflex 6061 - Figueras Seating\",\"isPartOf\":{\"@id\":\"https:\\\/\\\/figueras.com\\\/fr\\\/#website\"},\"primaryImageOfPage\":{\"@id\":\"https:\\\/\\\/figueras.com\\\/fr\\\/siege\\\/microflex-6061\\\/#primaryimage\"},\"image\":{\"@id\":\"https:\\\/\\\/figueras.com\\\/fr\\\/siege\\\/microflex-6061\\\/#primaryimage\"},\"thumbnailUrl\":\"https:\\\/\\\/figueras.com\\\/wp-content\\\/uploads\\\/2023\\\/11\\\/Microflex-6061_w00.webp\",\"datePublished\":\"2023-11-01T10:49:54+00:00\",\"dateModified\":\"2025-05-22T11:09:15+00:00\",\"description\":\"Fournit les si\u00e8ges les plus compacts de la collection Flex de Figueras. Si\u00e8ges peu encombrants, chaises rabattables de 24 cm seulement. Confort Figueras.\",\"breadcrumb\":{\"@id\":\"https:\\\/\\\/figueras.com\\\/fr\\\/siege\\\/microflex-6061\\\/#breadcrumb\"},\"inLanguage\":\"fr-FR\",\"potentialAction\":[{\"@type\":\"ReadAction\",\"target\":[\"https:\\\/\\\/figueras.com\\\/fr\\\/siege\\\/microflex-6061\\\/\"]}]},{\"@type\":\"ImageObject\",\"inLanguage\":\"fr-FR\",\"@id\":\"https:\\\/\\\/figueras.com\\\/fr\\\/siege\\\/microflex-6061\\\/#primaryimage\",\"url\":\"https:\\\/\\\/figueras.com\\\/wp-content\\\/uploads\\\/2023\\\/11\\\/Microflex-6061_w00.webp\",\"contentUrl\":\"https:\\\/\\\/figueras.com\\\/wp-content\\\/uploads\\\/2023\\\/11\\\/Microflex-6061_w00.webp\",\"width\":610,\"height\":810,\"caption\":\"Microflex 6061\"},{\"@type\":\"BreadcrumbList\",\"@id\":\"https:\\\/\\\/figueras.com\\\/fr\\\/siege\\\/microflex-6061\\\/#breadcrumb\",\"itemListElement\":[{\"@type\":\"ListItem\",\"position\":1,\"name\":\"Home\",\"item\":\"https:\\\/\\\/figueras.com\\\/fr\\\/\"},{\"@type\":\"ListItem\",\"position\":2,\"name\":\"Produits\",\"item\":\"https:\\\/\\\/figueras.com\\\/fr\\\/shop\\\/\"},{\"@type\":\"ListItem\",\"position\":3,\"name\":\"Microflex 6061\"}]},{\"@type\":\"WebSite\",\"@id\":\"https:\\\/\\\/figueras.com\\\/fr\\\/#website\",\"url\":\"https:\\\/\\\/figueras.com\\\/fr\\\/\",\"name\":\"Figueras Seating\",\"description\":\"\",\"publisher\":{\"@id\":\"https:\\\/\\\/figueras.com\\\/fr\\\/#organization\"},\"potentialAction\":[{\"@type\":\"SearchAction\",\"target\":{\"@type\":\"EntryPoint\",\"urlTemplate\":\"https:\\\/\\\/figueras.com\\\/fr\\\/?s={search_term_string}\"},\"query-input\":{\"@type\":\"PropertyValueSpecification\",\"valueRequired\":true,\"valueName\":\"search_term_string\"}}],\"inLanguage\":\"fr-FR\"},{\"@type\":\"Organization\",\"@id\":\"https:\\\/\\\/figueras.com\\\/fr\\\/#organization\",\"name\":\"Figueras International Seating, S.L.U.\",\"alternateName\":\"Figueras Seating\",\"url\":\"https:\\\/\\\/figueras.com\\\/fr\\\/\",\"logo\":{\"@type\":\"ImageObject\",\"inLanguage\":\"fr-FR\",\"@id\":\"https:\\\/\\\/figueras.com\\\/fr\\\/#\\\/schema\\\/logo\\\/image\\\/\",\"url\":\"https:\\\/\\\/figueras.com\\\/wp-content\\\/uploads\\\/2023\\\/04\\\/figueraslogoheader.png\",\"contentUrl\":\"https:\\\/\\\/figueras.com\\\/wp-content\\\/uploads\\\/2023\\\/04\\\/figueraslogoheader.png\",\"width\":739,\"height\":127,\"caption\":\"Figueras International Seating, S.L.U.\"},\"image\":{\"@id\":\"https:\\\/\\\/figueras.com\\\/fr\\\/#\\\/schema\\\/logo\\\/image\\\/\"},\"sameAs\":[\"https:\\\/\\\/www.linkedin.com\\\/company\\\/figuerasseating\\\/\",\"https:\\\/\\\/www.instagram.com\\\/figueras.seating\\\/\",\"https:\\\/\\\/vimeo.com\\\/figuerasseating\",\"https:\\\/\\\/es.pinterest.com\\\/figuerasint\\\/\"]}]}<\/script>\n<!-- \/ Yoast SEO plugin. -->","yoast_head_json":{"title":"Microflex 6061 - Figueras Seating","description":"Fournit les si\u00e8ges les plus compacts de la collection Flex de Figueras. Si\u00e8ges peu encombrants, chaises rabattables de 24 cm seulement. Confort Figueras.","robots":{"index":"index","follow":"follow","max-snippet":"max-snippet:-1","max-image-preview":"max-image-preview:large","max-video-preview":"max-video-preview:-1"},"canonical":"https:\/\/figueras.com\/fr\/siege\/microflex-6061\/","og_locale":"fr_FR","og_type":"article","og_title":"Microflex 6061 - Figueras Seating","og_description":"Fournit les si\u00e8ges les plus compacts de la collection Flex de Figueras. Si\u00e8ges peu encombrants, chaises rabattables de 24 cm seulement. Confort Figueras.","og_url":"https:\/\/figueras.com\/fr\/siege\/microflex-6061\/","og_site_name":"Figueras Seating","article_modified_time":"2025-05-22T11:09:15+00:00","og_image":[{"width":610,"height":810,"url":"https:\/\/figueras.com\/wp-content\/uploads\/2023\/11\/Microflex-6061_w00.webp","type":"image\/webp"}],"twitter_card":"summary_large_image","twitter_misc":{"Dur\u00e9e de lecture estim\u00e9e":"2 minutes"},"schema":{"@context":"https:\/\/schema.org","@graph":[{"@type":"WebPage","@id":"https:\/\/figueras.com\/fr\/siege\/microflex-6061\/","url":"https:\/\/figueras.com\/fr\/siege\/microflex-6061\/","name":"Microflex 6061 - Figueras Seating","isPartOf":{"@id":"https:\/\/figueras.com\/fr\/#website"},"primaryImageOfPage":{"@id":"https:\/\/figueras.com\/fr\/siege\/microflex-6061\/#primaryimage"},"image":{"@id":"https:\/\/figueras.com\/fr\/siege\/microflex-6061\/#primaryimage"},"thumbnailUrl":"https:\/\/figueras.com\/wp-content\/uploads\/2023\/11\/Microflex-6061_w00.webp","datePublished":"2023-11-01T10:49:54+00:00","dateModified":"2025-05-22T11:09:15+00:00","description":"Fournit les si\u00e8ges les plus compacts de la collection Flex de Figueras. Si\u00e8ges peu encombrants, chaises rabattables de 24 cm seulement. Confort Figueras.","breadcrumb":{"@id":"https:\/\/figueras.com\/fr\/siege\/microflex-6061\/#breadcrumb"},"inLanguage":"fr-FR","potentialAction":[{"@type":"ReadAction","target":["https:\/\/figueras.com\/fr\/siege\/microflex-6061\/"]}]},{"@type":"ImageObject","inLanguage":"fr-FR","@id":"https:\/\/figueras.com\/fr\/siege\/microflex-6061\/#primaryimage","url":"https:\/\/figueras.com\/wp-content\/uploads\/2023\/11\/Microflex-6061_w00.webp","contentUrl":"https:\/\/figueras.com\/wp-content\/uploads\/2023\/11\/Microflex-6061_w00.webp","width":610,"height":810,"caption":"Microflex 6061"},{"@type":"BreadcrumbList","@id":"https:\/\/figueras.com\/fr\/siege\/microflex-6061\/#breadcrumb","itemListElement":[{"@type":"ListItem","position":1,"name":"Home","item":"https:\/\/figueras.com\/fr\/"},{"@type":"ListItem","position":2,"name":"Produits","item":"https:\/\/figueras.com\/fr\/shop\/"},{"@type":"ListItem","position":3,"name":"Microflex 6061"}]},{"@type":"WebSite","@id":"https:\/\/figueras.com\/fr\/#website","url":"https:\/\/figueras.com\/fr\/","name":"Figueras Seating","description":"","publisher":{"@id":"https:\/\/figueras.com\/fr\/#organization"},"potentialAction":[{"@type":"SearchAction","target":{"@type":"EntryPoint","urlTemplate":"https:\/\/figueras.com\/fr\/?s={search_term_string}"},"query-input":{"@type":"PropertyValueSpecification","valueRequired":true,"valueName":"search_term_string"}}],"inLanguage":"fr-FR"},{"@type":"Organization","@id":"https:\/\/figueras.com\/fr\/#organization","name":"Figueras International Seating, S.L.U.","alternateName":"Figueras Seating","url":"https:\/\/figueras.com\/fr\/","logo":{"@type":"ImageObject","inLanguage":"fr-FR","@id":"https:\/\/figueras.com\/fr\/#\/schema\/logo\/image\/","url":"https:\/\/figueras.com\/wp-content\/uploads\/2023\/04\/figueraslogoheader.png","contentUrl":"https:\/\/figueras.com\/wp-content\/uploads\/2023\/04\/figueraslogoheader.png","width":739,"height":127,"caption":"Figueras International Seating, S.L.U."},"image":{"@id":"https:\/\/figueras.com\/fr\/#\/schema\/logo\/image\/"},"sameAs":["https:\/\/www.linkedin.com\/company\/figuerasseating\/","https:\/\/www.instagram.com\/figueras.seating\/","https:\/\/vimeo.com\/figuerasseating","https:\/\/es.pinterest.com\/figuerasint\/"]}]}},"_links":{"self":[{"href":"https:\/\/figueras.com\/fr\/wp-json\/wp\/v2\/product\/23781","targetHints":{"allow":["GET"]}}],"collection":[{"href":"https:\/\/figueras.com\/fr\/wp-json\/wp\/v2\/product"}],"about":[{"href":"https:\/\/figueras.com\/fr\/wp-json\/wp\/v2\/types\/product"}],"version-history":[{"count":0,"href":"https:\/\/figueras.com\/fr\/wp-json\/wp\/v2\/product\/23781\/revisions"}],"wp:featuredmedia":[{"embeddable":true,"href":"https:\/\/figueras.com\/fr\/wp-json\/wp\/v2\/media\/44657"}],"wp:attachment":[{"href":"https:\/\/figueras.com\/fr\/wp-json\/wp\/v2\/media?parent=23781"}],"wp:term":[{"taxonomy":"designer_tag","embeddable":true,"href":"https:\/\/figueras.com\/fr\/wp-json\/wp\/v2\/designer_tag?post=23781"},{"taxonomy":"system_rel_tag","embeddable":true,"href":"https:\/\/figueras.com\/fr\/wp-json\/wp\/v2\/system_rel_tag?post=23781"},{"taxonomy":"product_brand","embeddable":true,"href":"https:\/\/figueras.com\/fr\/wp-json\/wp\/v2\/product_brand?post=23781"},{"taxonomy":"product_cat","embeddable":true,"href":"https:\/\/figueras.com\/fr\/wp-json\/wp\/v2\/product_cat?post=23781"},{"taxonomy":"product_tag","embeddable":true,"href":"https:\/\/figueras.com\/fr\/wp-json\/wp\/v2\/product_tag?post=23781"}],"curies":[{"name":"wp","href":"https:\/\/api.w.org\/{rel}","templated":true}]}}